{"id":1021,"date":"2018-06-19T11:59:47","date_gmt":"2018-06-19T11:59:47","guid":{"rendered":"http:\/\/mytrejka.nazwa.pl\/mobilbox\/?page_id=1021"},"modified":"2025-08-01T12:35:42","modified_gmt":"2025-08-01T10:35:42","slug":"tuerdichtung","status":"publish","type":"page","link":"https:\/\/mobilbox.pl\/de\/container-ersatzteile\/tuerdichtung\/","title":{"rendered":"tuerdichtung"},"content":{"rendered":"<!--themify_builder_content-->\n<div id=\"themify_builder_content-1021\" data-postid=\"1021\" class=\"themify_builder_content themify_builder_content-1021 themify_builder tf_clear\">\n                    <div  data-lazy=\"1\" class=\"module_row themify_builder_row tb_nygd991 tb_first tf_w\">\n                        <div class=\"row_inner col_align_top tb_col_count_1 tf_box tf_rel\">\n                        <div  data-lazy=\"1\" class=\"module_column tb-column col-full tb_jpm5993 first\">\n                    <!-- module text -->\n<div  class=\"module module-text tb_p27e88   \" data-lazy=\"1\">\n        <div  class=\"tb_text_wrap\">\n        <h1 style=\"text-align: center;\">T\u00fcrdichtung f\u00fcr Transport- und Lagercontainer<\/h1>    <\/div>\n<\/div>\n<!-- \/module text -->        <\/div>\n                        <\/div>\n        <\/div>\n                        <div  data-lazy=\"1\" class=\"module_row themify_builder_row tb_5p0s750 tf_w\">\n                        <div class=\"row_inner col_align_middle tb_col_count_2 tf_box tf_rel\">\n                        <div  data-lazy=\"1\" class=\"module_column tb-column col4-2 tb_88ow607 first\">\n                    <!-- module text -->\n<div  class=\"module module-text tb_zrvv088   \" data-lazy=\"1\">\n        <div  class=\"tb_text_wrap\">\n        <h2><b><span style=\"color: #ff0000;\">Containert\u00fcrdichtung<\/span><br><\/b><\/h2>\n<p><b><span>ISO-Standard-Containert\u00fcrdichtung .\u00a0<\/span><\/b><b><span>ISO-Standard 8&#8217;6&#8243;<\/span><\/b><span>\u00a0Containert\u00fcrdichtung\u00a0. Testergebnis entspricht\u00a0<\/span><b><span>GB\/T15846-2006<\/span><\/b><span>\u00a0. Weitere Informationen zur Containerproduktion finden Sie im Abschnitt\u00a0<\/span><a href=\"https:\/\/mobilbox.pl\/produkcja-kontenerow\/\"><b><span>Containerproduktion<\/span><\/b><\/a><span>\u00a0. Wir laden Sie auch ein, den Abschnitt\u00a0<\/span><a href=\"https:\/\/mobilbox.pl\/kontenery\/\"><span>Container<\/span><\/a><span>\u00a0zu besuchen , um mehr \u00fcber die von uns angebotenen Container zu erfahren.<\/span><\/p>    <\/div>\n<\/div>\n<!-- \/module text -->        <\/div>\n                    <div  data-lazy=\"1\" class=\"module_column tb-column col4-2 tb_7tjx060 last\">\n                    <!-- module image -->\n<div  class=\"module module-image tb_89n4358 image-top   tf_mw\" data-lazy=\"1\">\n        <div class=\"image-wrap tf_rel tf_mw\">\n            <img loading=\"lazy\" decoding=\"async\" src=\"http:\/\/mobilbox.pl\/de\/wp-content\/uploads\/2018\/06\/kontenery-uszczelka-do-drzwi.jpg\" width=\"482\" height=\"362\" title=\"tuerdichtung\" alt=\"tuerdichtung\">    \n        <\/div>\n    <!-- \/image-wrap -->\n    \n        <\/div>\n<!-- \/module image -->        <\/div>\n                        <\/div>\n        <\/div>\n                        <div  data-lazy=\"1\" class=\"module_row themify_builder_row tb_ezqh364 tf_w\">\n                        <div class=\"row_inner col_align_top tb_col_count_1 tf_box tf_rel\">\n                        <div  data-lazy=\"1\" class=\"module_column tb-column col-full tb_i1f0364 first\">\n                    <!-- module image -->\n<div  class=\"module module-image tb_2lqs595 image-top bordered  tf_mw\" data-lazy=\"1\">\n        <div class=\"image-wrap tf_rel tf_mw\">\n            <img loading=\"lazy\" decoding=\"async\" src=\"http:\/\/mobilbox.pl\/de\/wp-content\/uploads\/2025\/08\/tuerdichtung.jpg\" width=\"1081\" height=\"461\" title=\"tuerdichtung\" alt=\"tuerdichtung\">    \n        <\/div>\n    <!-- \/image-wrap -->\n    \n        <\/div>\n<!-- \/module image -->        <\/div>\n                        <\/div>\n        <\/div>\n        <\/div>\n<!--\/themify_builder_content-->","protected":false},"excerpt":{"rendered":"<p>T\u00fcrdichtung f\u00fcr Transport- und Lagercontainer Containert\u00fcrdichtung ISO-Standard-Containert\u00fcrdichtung .\u00a0ISO-Standard 8&#8217;6&#8243;\u00a0Containert\u00fcrdichtung\u00a0. Testergebnis entspricht\u00a0GB\/T15846-2006\u00a0. Weitere Informationen zur Containerproduktion finden Sie im Abschnitt\u00a0Containerproduktion\u00a0. Wir laden Sie auch ein, den Abschnitt\u00a0Container\u00a0zu besuchen , um mehr \u00fcber die von uns angebotenen Container zu erfahren.<\/p>\n","protected":false},"author":3,"featured_media":0,"parent":22,"menu_order":0,"comment_status":"closed","ping_status":"closed","template":"","meta":{"footnotes":""},"class_list":["post-1021","page","type-page","status-publish","hentry","has-post-title","has-post-date","has-post-category","has-post-tag","has-post-comment","has-post-author",""],"_links":{"self":[{"href":"https:\/\/mobilbox.pl\/de\/wp-json\/wp\/v2\/pages\/1021","targetHints":{"allow":["GET"]}}],"collection":[{"href":"https:\/\/mobilbox.pl\/de\/wp-json\/wp\/v2\/pages"}],"about":[{"href":"https:\/\/mobilbox.pl\/de\/wp-json\/wp\/v2\/types\/page"}],"author":[{"embeddable":true,"href":"https:\/\/mobilbox.pl\/de\/wp-json\/wp\/v2\/users\/3"}],"replies":[{"embeddable":true,"href":"https:\/\/mobilbox.pl\/de\/wp-json\/wp\/v2\/comments?post=1021"}],"version-history":[{"count":0,"href":"https:\/\/mobilbox.pl\/de\/wp-json\/wp\/v2\/pages\/1021\/revisions"}],"up":[{"embeddable":true,"href":"https:\/\/mobilbox.pl\/de\/wp-json\/wp\/v2\/pages\/22"}],"wp:attachment":[{"href":"https:\/\/mobilbox.pl\/de\/wp-json\/wp\/v2\/media?parent=1021"}],"curies":[{"name":"wp","href":"https:\/\/api.w.org\/{rel}","templated":true}]}}