{"id":1501,"date":"2018-06-25T09:09:12","date_gmt":"2018-06-25T09:09:12","guid":{"rendered":"http:\/\/mytrejka.nazwa.pl\/mobilbox\/?page_id=1501"},"modified":"2019-11-12T13:55:23","modified_gmt":"2019-11-12T13:55:23","slug":"klimaanlage","status":"publish","type":"page","link":"https:\/\/mobilbox.pl\/de\/ausstattung\/klimaanlage\/","title":{"rendered":"Klimaanlage"},"content":{"rendered":"<!--themify_builder_content-->\n<div id=\"themify_builder_content-1501\" data-postid=\"1501\" class=\"themify_builder_content themify_builder_content-1501 themify_builder tf_clear\">\n                    <div  data-lazy=\"1\" class=\"module_row themify_builder_row tb_vp0z004 tb_first tf_w\">\n                        <div class=\"row_inner col_align_top tb_col_count_2 tf_box tf_rel\">\n                        <div  data-lazy=\"1\" class=\"module_column tb-column col4-2 tb_55hf587 first\">\n                    <!-- module text -->\n<div  class=\"module module-text tb_j7g8187  repeat \" data-lazy=\"1\">\n        <div  class=\"tb_text_wrap\">\n        <p>Nach Bedarf stellen wir f\u00fcr die Vermietung und den Verkauf 2 kW Fensterklimager\u00e4te oder optional auch professionell eingebaute Split-Varianten zur Verf\u00fcgung. Lassen Sie sich beraten.<\/p>    <\/div>\n<\/div>\n<!-- \/module text -->        <\/div>\n                    <div  data-lazy=\"1\" class=\"module_column tb-column col4-2 tb_g9jv905 last\">\n                    <!-- module image -->\n<div  class=\"module module-image tb_u7nt888 image-top   tf_mw\" data-lazy=\"1\">\n        <div class=\"image-wrap tf_rel tf_mw\">\n            <img loading=\"lazy\" decoding=\"async\" src=\"http:\/\/mobilbox.pl\/de\/wp-content\/uploads\/2018\/08\/klimatyzator-do-kontenera-11.jpg\" width=\"800\" height=\"600\" title=\"Klimaanlage\" alt=\"Klimaanlage\">    \n        <\/div>\n    <!-- \/image-wrap -->\n    \n        <\/div>\n<!-- \/module image -->        <\/div>\n                        <\/div>\n        <\/div>\n                        <div  data-lazy=\"1\" class=\"module_row themify_builder_row tb_cni7006 tf_w\">\n                        <div class=\"row_inner col_align_top tb_col_count_1 tf_box tf_rel\">\n                        <div  data-lazy=\"1\" class=\"module_column tb-column col-full tb_coo4703 first\">\n                    <!-- module gallery -->\n<div  class=\"module gallery module-gallery tb_6sh9787 layout-grid bordered \" data-lazy=\"1\">\n    <h3 class=\"module-title\">Beispielbilder<\/h3><div class=\"module-gallery-grid\" style=\"--gald:4;--galt:4;--galm:4\">\n            <dl class=\"gallery-item\">\n            <dt class=\"gallery-icon\">\n            <a data-title=\"\" title=\"\" href=\"https:\/\/mobilbox.pl\/de\/wp-content\/uploads\/2018\/08\/grzejnik-elektryczny-do-kontenera-3.jpg\" data-rel=\"tb_6sh9787\" class=\"themify_lightbox\"><img loading=\"lazy\" decoding=\"async\" src=\"https:\/\/mobilbox.pl\/de\/wp-content\/uploads\/2018\/08\/grzejnik-elektryczny-do-kontenera-3-300x200.jpg\" width=\"300\" height=\"200\" class=\"wp-post-image wp-image-2214\" title=\"grzejnik-elektryczny-do-kontenera-3\" alt=\"Wyposa\u017cenie kontener\u00f3w\"><\/a>            <\/dt>\n                    <\/dl>\n            <dl class=\"gallery-item\">\n            <dt class=\"gallery-icon\">\n            <a data-title=\"\" title=\"\" href=\"https:\/\/mobilbox.pl\/de\/wp-content\/uploads\/2018\/08\/grzejnik-elektryczny-do-kontenera-4.jpg\" data-rel=\"tb_6sh9787\" class=\"themify_lightbox\"><img loading=\"lazy\" decoding=\"async\" src=\"https:\/\/mobilbox.pl\/de\/wp-content\/uploads\/2018\/08\/grzejnik-elektryczny-do-kontenera-4-300x200.jpg\" width=\"300\" height=\"200\" class=\"wp-post-image wp-image-2215\" title=\"grzejnik-elektryczny-do-kontenera-4\" alt=\"Wyposa\u017cenie kontener\u00f3w\"><\/a>            <\/dt>\n                    <\/dl>\n            <dl class=\"gallery-item\">\n            <dt class=\"gallery-icon\">\n            <a data-title=\"\" title=\"\" href=\"https:\/\/mobilbox.pl\/de\/wp-content\/uploads\/2018\/08\/grzejnik-elektryczny-do-kontenera-2.jpg\" data-rel=\"tb_6sh9787\" class=\"themify_lightbox\"><img loading=\"lazy\" decoding=\"async\" src=\"https:\/\/mobilbox.pl\/de\/wp-content\/uploads\/2018\/08\/grzejnik-elektryczny-do-kontenera-2-300x200.jpg\" width=\"300\" height=\"200\" class=\"wp-post-image wp-image-2213\" title=\"grzejnik-elektryczny-do-kontenera-2\" alt=\"Wyposa\u017cenie kontener\u00f3w\"><\/a>            <\/dt>\n                    <\/dl>\n            <dl class=\"gallery-item\">\n            <dt class=\"gallery-icon\">\n            <a data-title=\"\" title=\"\" href=\"https:\/\/mobilbox.pl\/de\/wp-content\/uploads\/2018\/08\/klimatyzator-do-kontenera-11.jpg\" data-rel=\"tb_6sh9787\" class=\"themify_lightbox\"><img loading=\"lazy\" decoding=\"async\" src=\"https:\/\/mobilbox.pl\/de\/wp-content\/uploads\/2018\/08\/klimatyzator-do-kontenera-11-300x200.jpg\" width=\"300\" height=\"200\" class=\"wp-post-image wp-image-2211\" title=\"klimatyzator-do-kontenera-11\" alt=\"Klimatyzator do kontener\u00f3w\"><\/a>            <\/dt>\n                    <\/dl>\n            <dl class=\"gallery-item\">\n            <dt class=\"gallery-icon\">\n            <a data-title=\"\" title=\"\" href=\"https:\/\/mobilbox.pl\/de\/wp-content\/uploads\/2018\/08\/klimatyzator-do-kontenera-12.jpg\" data-rel=\"tb_6sh9787\" class=\"themify_lightbox\"><img loading=\"lazy\" decoding=\"async\" src=\"https:\/\/mobilbox.pl\/de\/wp-content\/uploads\/2018\/08\/klimatyzator-do-kontenera-12-300x200.jpg\" width=\"300\" height=\"200\" class=\"wp-post-image wp-image-2224\" title=\"klimatyzator-do-kontenera-12\" alt=\"Klimatyzator do kontener\u00f3w\"><\/a>            <\/dt>\n                    <\/dl>\n            <dl class=\"gallery-item\">\n            <dt class=\"gallery-icon\">\n            <a data-title=\"\" title=\"\" href=\"https:\/\/mobilbox.pl\/de\/wp-content\/uploads\/2018\/06\/klimatyzator-do-kontenera-3.jpg\" data-rel=\"tb_6sh9787\" class=\"themify_lightbox\"><img loading=\"lazy\" decoding=\"async\" src=\"https:\/\/mobilbox.pl\/de\/wp-content\/uploads\/2018\/06\/klimatyzator-do-kontenera-3-300x200.jpg\" width=\"300\" height=\"200\" class=\"wp-post-image wp-image-1594\" title=\"klimatyzator-do-kontenera-3\" alt=\"klimatyzator-do-kontenera-3\" srcset=\"https:\/\/mobilbox.pl\/de\/wp-content\/uploads\/2018\/06\/klimatyzator-do-kontenera-3-300x200.jpg 300w, https:\/\/mobilbox.pl\/de\/wp-content\/uploads\/2018\/06\/klimatyzator-do-kontenera-3.jpg 482w\" sizes=\"auto, (max-width: 300px) 100vw, 300px\" \/><\/a>            <\/dt>\n                    <\/dl>\n            <dl class=\"gallery-item\">\n            <dt class=\"gallery-icon\">\n            <a data-title=\"\" title=\"\" href=\"https:\/\/mobilbox.pl\/de\/wp-content\/uploads\/2018\/06\/klimatyzator-do-kontenera.jpg\" data-rel=\"tb_6sh9787\" class=\"themify_lightbox\"><img loading=\"lazy\" decoding=\"async\" src=\"https:\/\/mobilbox.pl\/de\/wp-content\/uploads\/2018\/06\/klimatyzator-do-kontenera-300x200.jpg\" width=\"300\" height=\"200\" class=\"wp-post-image wp-image-1486\" title=\"klimatyzator-do-kontenera\" alt=\"klimatyzator-do-kontenera\"><\/a>            <\/dt>\n                    <\/dl>\n    <\/div>\n<\/div>\n<!-- \/module gallery -->        <\/div>\n                        <\/div>\n        <\/div>\n        <\/div>\n<!--\/themify_builder_content-->","protected":false},"excerpt":{"rendered":"<p>Nach Bedarf stellen wir f\u00fcr die Vermietung und den Verkauf 2 kW Fensterklimager\u00e4te oder optional auch professionell eingebaute Split-Varianten zur Verf\u00fcgung. Lassen Sie sich beraten. Beispielbilder<\/p>\n","protected":false},"author":3,"featured_media":0,"parent":18,"menu_order":0,"comment_status":"closed","ping_status":"closed","template":"","meta":{"footnotes":""},"class_list":["post-1501","page","type-page","status-publish","hentry","has-post-title","has-post-date","has-post-category","has-post-tag","has-post-comment","has-post-author",""],"_links":{"self":[{"href":"https:\/\/mobilbox.pl\/de\/wp-json\/wp\/v2\/pages\/1501","targetHints":{"allow":["GET"]}}],"collection":[{"href":"https:\/\/mobilbox.pl\/de\/wp-json\/wp\/v2\/pages"}],"about":[{"href":"https:\/\/mobilbox.pl\/de\/wp-json\/wp\/v2\/types\/page"}],"author":[{"embeddable":true,"href":"https:\/\/mobilbox.pl\/de\/wp-json\/wp\/v2\/users\/3"}],"replies":[{"embeddable":true,"href":"https:\/\/mobilbox.pl\/de\/wp-json\/wp\/v2\/comments?post=1501"}],"version-history":[{"count":0,"href":"https:\/\/mobilbox.pl\/de\/wp-json\/wp\/v2\/pages\/1501\/revisions"}],"up":[{"embeddable":true,"href":"https:\/\/mobilbox.pl\/de\/wp-json\/wp\/v2\/pages\/18"}],"wp:attachment":[{"href":"https:\/\/mobilbox.pl\/de\/wp-json\/wp\/v2\/media?parent=1501"}],"curies":[{"name":"wp","href":"https:\/\/api.w.org\/{rel}","templated":true}]}}