{"id":1505,"date":"2018-06-25T09:10:09","date_gmt":"2018-06-25T09:10:09","guid":{"rendered":"http:\/\/mytrejka.nazwa.pl\/mobilbox\/?page_id=1505"},"modified":"2019-11-12T13:55:24","modified_gmt":"2019-11-12T13:55:24","slug":"panoramafenster-fixverglasungen","status":"publish","type":"page","link":"https:\/\/mobilbox.pl\/de\/ausstattung\/panoramafenster-fixverglasungen\/","title":{"rendered":"Panoramafenster \/ Fixverglasungen"},"content":{"rendered":"<!--themify_builder_content-->\n<div id=\"themify_builder_content-1505\" data-postid=\"1505\" class=\"themify_builder_content themify_builder_content-1505 themify_builder tf_clear\">\n                    <div  data-lazy=\"1\" class=\"module_row themify_builder_row tb_suqv580 tb_first tf_w\">\n                        <div class=\"row_inner col_align_top tb_col_count_2 tf_box tf_rel\">\n                        <div  data-lazy=\"1\" class=\"module_column tb-column col4-2 tb_e4no709 first\">\n                    <!-- module text -->\n<div  class=\"module module-text tb_rxza490  repeat \" data-lazy=\"1\">\n        <div  class=\"tb_text_wrap\">\n        <p>M\u00f6chten Sie einen B\u00fcrocontainer mit einem Panoramafenster mieten oder kaufen ? Panoramafenster gew\u00e4hrleisten eine ansprechende\u00a0 Optik, angenehme Lichtverh\u00e4ltnisse im Innenraum und einen Panoramablick.<\/p>\n<p>Unser Angebot beinhaltet:<\/p>\n<ul>\n<li>T\u00fcrverglasungen<\/li>\n<li>Fensterverglasung<\/li>\n<li>Innentrennwandverglasungen<\/li>\n<\/ul>\n<div class=\"oSioSc\">\n<div id=\"tw-target\">\n<div id=\"tw-target-text-container\" class=\"gsrt tw-ta-container tw-nfl\">\n<pre id=\"tw-target-text\" class=\"tw-data-text tw-ta tw-text-small\" dir=\"ltr\" data-fulltext=\"\" data-placeholder=\"\u00dcbersetzung\">\u00a0<\/pre>\n<\/div>\n<\/div>\n<\/div>    <\/div>\n<\/div>\n<!-- \/module text -->        <\/div>\n                    <div  data-lazy=\"1\" class=\"module_column tb-column col4-2 tb_hehv289 last\">\n                    <div  class=\"module themify_builder_slider_wrap tf_clearfix module-slider tb_q1dy943  slider-overlay  \" data-lazy=\"1\">\n        <div class=\"themify_builder_slider tf_carousel tf_swiper-container tf_rel tf_overflow\" data-lazy=\"1\"        data-visible=\"1\"\n        data-tab-visible=\"\"\n        data-mob-visible=\"0\"\n        data-scroll=\"1\"\n                            data-auto=\"2000\"\n            data-controller=\"0\"\n            data-pause_hover=\"1\"\n                data-speed=\"normal\"\n        data-wrapvar=\"1\"\n        data-slider_nav=\"0\"\n        data-pager=\"1\"\n        data-effect=\"scroll\" \n        data-height=\"variable\"\n        data-css_url=\"https:\/\/mobilbox.pl\/de\/wp-content\/themes\/themify-ultra\/themify\/themify-builder\/css\/modules\/sliders\/carousel,https:\/\/mobilbox.pl\/de\/wp-content\/themes\/themify-ultra\/themify\/themify-builder\/css\/modules\/sliders\/slider\"\n                    >\n        <div class=\"tf_swiper-wrapper tf_lazy tf_rel tf_w tf_h tf_textc\">\n                         <div class=\"tf_swiper-slide\">            <div class=\"slide-inner-wrap\">\n                                    <div class=\"tf_rel tf_lazy slide-image\">\n                                                                            <img decoding=\"async\" src=\"http:\/\/mobilbox.pl\/de\/wp-content\/uploads\/2018\/06\/okna-panoramiczne-do-kontenera-1.jpg\" width=\"482\" height=\"362\" title=\"Panoramafenster \/ Fixverglasungen\" alt=\"Panoramafenster \/ Fixverglasungen\">                                            <\/div>\n                \n                            <\/div>\n        <\/div>                     <div class=\"tf_swiper-slide\" style=\"content-visibility:hidden\">            <div class=\"slide-inner-wrap\">\n                                    <div class=\"tf_rel tf_lazy slide-image\">\n                                                                            <img decoding=\"async\" src=\"http:\/\/mobilbox.pl\/de\/wp-content\/uploads\/2018\/06\/okna-panoramiczne-do-kontenera-2.jpg\" width=\"482\" height=\"362\" title=\"Panoramafenster \/ Fixverglasungen\" alt=\"Panoramafenster \/ Fixverglasungen\">                                            <\/div>\n                \n                            <\/div>\n        <\/div>                     <div class=\"tf_swiper-slide\" style=\"content-visibility:hidden\">            <div class=\"slide-inner-wrap\">\n                                    <div class=\"tf_rel tf_lazy slide-image\">\n                                                                            <img decoding=\"async\" src=\"http:\/\/mobilbox.pl\/de\/wp-content\/uploads\/2018\/09\/przeszklenia-do-kontenra-4.jpg\" width=\"800\" height=\"600\" title=\"Panoramafenster \/ Fixverglasungen\" alt=\"Panoramafenster \/ Fixverglasungen\">                                            <\/div>\n                \n                            <\/div>\n        <\/div>                     <div class=\"tf_swiper-slide\" style=\"content-visibility:hidden\">            <div class=\"slide-inner-wrap\">\n                                    <div class=\"tf_rel tf_lazy slide-image\">\n                                                                            <img decoding=\"async\" src=\"http:\/\/mobilbox.pl\/de\/wp-content\/uploads\/2018\/09\/przeszklenia-do-kontenera-3.jpg\" width=\"800\" height=\"600\" title=\"Panoramafenster \/ Fixverglasungen\" alt=\"Panoramafenster \/ Fixverglasungen\">                                            <\/div>\n                \n                            <\/div>\n        <\/div>                     <div class=\"tf_swiper-slide\" style=\"content-visibility:hidden\">            <div class=\"slide-inner-wrap\">\n                                    <div class=\"tf_rel tf_lazy slide-image\">\n                                                                            <img decoding=\"async\" src=\"http:\/\/mobilbox.pl\/de\/wp-content\/uploads\/2018\/09\/przeszklenie-do-kontenera.jpg\" width=\"800\" height=\"600\" title=\"Panoramafenster \/ Fixverglasungen\" alt=\"Panoramafenster \/ Fixverglasungen\">                                            <\/div>\n                \n                            <\/div>\n        <\/div>                     <div class=\"tf_swiper-slide\" style=\"content-visibility:hidden\">            <div class=\"slide-inner-wrap\">\n                                    <div class=\"tf_rel tf_lazy slide-image\">\n                                                                            <img decoding=\"async\" src=\"http:\/\/mobilbox.pl\/de\/wp-content\/uploads\/2018\/09\/przeszklenia-do-kontenra-2.jpg\" width=\"800\" height=\"600\" title=\"Panoramafenster \/ Fixverglasungen\" alt=\"Panoramafenster \/ Fixverglasungen\">                                            <\/div>\n                \n                            <\/div>\n        <\/div>            <\/div>\n    <\/div>\n<\/div>\n        <\/div>\n                        <\/div>\n        <\/div>\n        <\/div>\n<!--\/themify_builder_content-->\n<p>&nbsp;<\/p>","protected":false},"excerpt":{"rendered":"<p>M\u00f6chten Sie einen B\u00fcrocontainer mit einem Panoramafenster mieten oder kaufen ? Panoramafenster gew\u00e4hrleisten eine ansprechende\u00a0 Optik, angenehme Lichtverh\u00e4ltnisse im Innenraum und einen Panoramablick. Unser Angebot beinhaltet: T\u00fcrverglasungen Fensterverglasung Innentrennwandverglasungen \u00a0 &nbsp;<\/p>\n","protected":false},"author":3,"featured_media":0,"parent":18,"menu_order":0,"comment_status":"closed","ping_status":"closed","template":"","meta":{"footnotes":""},"class_list":["post-1505","page","type-page","status-publish","hentry","has-post-title","has-post-date","has-post-category","has-post-tag","has-post-comment","has-post-author",""],"_links":{"self":[{"href":"https:\/\/mobilbox.pl\/de\/wp-json\/wp\/v2\/pages\/1505","targetHints":{"allow":["GET"]}}],"collection":[{"href":"https:\/\/mobilbox.pl\/de\/wp-json\/wp\/v2\/pages"}],"about":[{"href":"https:\/\/mobilbox.pl\/de\/wp-json\/wp\/v2\/types\/page"}],"author":[{"embeddable":true,"href":"https:\/\/mobilbox.pl\/de\/wp-json\/wp\/v2\/users\/3"}],"replies":[{"embeddable":true,"href":"https:\/\/mobilbox.pl\/de\/wp-json\/wp\/v2\/comments?post=1505"}],"version-history":[{"count":0,"href":"https:\/\/mobilbox.pl\/de\/wp-json\/wp\/v2\/pages\/1505\/revisions"}],"up":[{"embeddable":true,"href":"https:\/\/mobilbox.pl\/de\/wp-json\/wp\/v2\/pages\/18"}],"wp:attachment":[{"href":"https:\/\/mobilbox.pl\/de\/wp-json\/wp\/v2\/media?parent=1505"}],"curies":[{"name":"wp","href":"https:\/\/api.w.org\/{rel}","templated":true}]}}