{"id":1509,"date":"2018-06-25T09:11:09","date_gmt":"2018-06-25T09:11:09","guid":{"rendered":"http:\/\/mytrejka.nazwa.pl\/mobilbox\/?page_id=1509"},"modified":"2019-11-12T13:55:26","modified_gmt":"2019-11-12T13:55:26","slug":"treppen-und-podeste","status":"publish","type":"page","link":"https:\/\/mobilbox.pl\/de\/ausstattung\/treppen-und-podeste\/","title":{"rendered":"Treppen und Podeste"},"content":{"rendered":"<!--themify_builder_content-->\n<div id=\"themify_builder_content-1509\" data-postid=\"1509\" class=\"themify_builder_content themify_builder_content-1509 themify_builder tf_clear\">\n                    <div  data-lazy=\"1\" class=\"module_row themify_builder_row tb_abms700 tb_first tf_w\">\n                        <div class=\"row_inner col_align_top tb_col_count_2 tf_box tf_rel\">\n                        <div  data-lazy=\"1\" class=\"module_column tb-column col4-2 tb_pnhi779 first\">\n                    <!-- module text -->\n<div  class=\"module module-text tb_wcv9940  repeat \" data-lazy=\"1\">\n        <div  class=\"tb_text_wrap\">\n        <div class=\"tw-swapa\">Vor allem f\u00fcr mehrst\u00f6ckige Containeranlagen sind unsere Treppen und Podeste eine elegante und sichere M\u00f6glichkeit um Container miteinander zu verbinden.<\/div>\n<div class=\"oSioSc\">\n<div id=\"tw-target\">\n<div id=\"tw-target-text-container\" class=\"gsrt tw-ta-container tw-nfl\">\n<pre id=\"tw-target-text\" class=\"tw-data-text tw-ta tw-text-small\" dir=\"ltr\" data-fulltext=\"\" data-placeholder=\"\u00dcbersetzung\">\u00a0<\/pre>\n<\/div>\n<\/div>\n<\/div>    <\/div>\n<\/div>\n<!-- \/module text -->        <\/div>\n                    <div  data-lazy=\"1\" class=\"module_column tb-column col4-2 tb_efex077 last\">\n                    <div  class=\"module themify_builder_slider_wrap tf_clearfix module-slider tb_o4pz790  slider-overlay  \" data-lazy=\"1\">\n        <div class=\"themify_builder_slider tf_carousel tf_swiper-container tf_rel tf_overflow\" data-lazy=\"1\"        data-visible=\"1\"\n        data-tab-visible=\"\"\n        data-mob-visible=\"0\"\n        data-scroll=\"1\"\n                            data-auto=\"2000\"\n            data-controller=\"0\"\n            data-pause_hover=\"1\"\n                data-speed=\"normal\"\n        data-wrapvar=\"1\"\n        data-slider_nav=\"1\"\n        data-pager=\"1\"\n        data-effect=\"scroll\" \n        data-height=\"variable\"\n        data-css_url=\"https:\/\/mobilbox.pl\/de\/wp-content\/themes\/themify-ultra\/themify\/themify-builder\/css\/modules\/sliders\/carousel,https:\/\/mobilbox.pl\/de\/wp-content\/themes\/themify-ultra\/themify\/themify-builder\/css\/modules\/sliders\/slider\"\n                    >\n        <div class=\"tf_swiper-wrapper tf_lazy tf_rel tf_w tf_h tf_textc\">\n                         <div class=\"tf_swiper-slide\">            <div class=\"slide-inner-wrap\">\n                                    <div class=\"tf_rel tf_lazy slide-image\">\n                                                                            <img decoding=\"async\" src=\"http:\/\/mobilbox.pl\/de\/wp-content\/uploads\/2018\/06\/schody-do-kontenera-1.jpg\" width=\"482\" height=\"362\" title=\"Treppen und Podeste\" alt=\"Treppen und Podeste\">                                            <\/div>\n                \n                            <\/div>\n        <\/div>                     <div class=\"tf_swiper-slide\" style=\"content-visibility:hidden\">            <div class=\"slide-inner-wrap\">\n                                    <div class=\"tf_rel tf_lazy slide-image\">\n                                                                            <img decoding=\"async\" src=\"http:\/\/mobilbox.pl\/de\/wp-content\/uploads\/2018\/06\/schody-kontenerowe-6.jpg\" width=\"482\" height=\"362\" title=\"Treppen und Podeste\" alt=\"Treppen und Podeste\">                                            <\/div>\n                \n                            <\/div>\n        <\/div>                     <div class=\"tf_swiper-slide\" style=\"content-visibility:hidden\">            <div class=\"slide-inner-wrap\">\n                                    <div class=\"tf_rel tf_lazy slide-image\">\n                                                                            <img decoding=\"async\" src=\"http:\/\/mobilbox.pl\/de\/wp-content\/uploads\/2018\/09\/schody-do-kontenerow.jpg\" width=\"800\" height=\"600\" title=\"Treppen und Podeste\" alt=\"Treppen und Podeste\">                                            <\/div>\n                \n                            <\/div>\n        <\/div>                     <div class=\"tf_swiper-slide\" style=\"content-visibility:hidden\">            <div class=\"slide-inner-wrap\">\n                                    <div class=\"tf_rel tf_lazy slide-image\">\n                                                                            <img decoding=\"async\" src=\"http:\/\/mobilbox.pl\/de\/wp-content\/uploads\/2018\/06\/schody-kontenerowe-4.jpg\" width=\"482\" height=\"362\" title=\"Treppen und Podeste\" alt=\"Treppen und Podeste\">                                            <\/div>\n                \n                            <\/div>\n        <\/div>                     <div class=\"tf_swiper-slide\" style=\"content-visibility:hidden\">            <div class=\"slide-inner-wrap\">\n                                    <div class=\"tf_rel tf_lazy slide-image\">\n                                                                            <img decoding=\"async\" src=\"http:\/\/mobilbox.pl\/de\/wp-content\/uploads\/2018\/06\/schody-kontenerowe-2.jpg\" width=\"482\" height=\"362\" title=\"Treppen und Podeste\" alt=\"Treppen und Podeste\">                                            <\/div>\n                \n                            <\/div>\n        <\/div>                     <div class=\"tf_swiper-slide\" style=\"content-visibility:hidden\">            <div class=\"slide-inner-wrap\">\n                                    <div class=\"tf_rel tf_lazy slide-image\">\n                                                                            <img decoding=\"async\" src=\"http:\/\/mobilbox.pl\/de\/wp-content\/uploads\/2018\/06\/schody-kontenerowe-3.jpg\" width=\"482\" height=\"362\" title=\"Treppen und Podeste\" alt=\"Treppen und Podeste\">                                            <\/div>\n                \n                            <\/div>\n        <\/div>            <\/div>\n    <\/div>\n<\/div>\n        <\/div>\n                        <\/div>\n        <\/div>\n        <\/div>\n<!--\/themify_builder_content-->","protected":false},"excerpt":{"rendered":"<p>Vor allem f\u00fcr mehrst\u00f6ckige Containeranlagen sind unsere Treppen und Podeste eine elegante und sichere M\u00f6glichkeit um Container miteinander zu verbinden. \u00a0<\/p>\n","protected":false},"author":3,"featured_media":0,"parent":18,"menu_order":0,"comment_status":"closed","ping_status":"closed","template":"","meta":{"footnotes":""},"class_list":["post-1509","page","type-page","status-publish","hentry","has-post-title","has-post-date","has-post-category","has-post-tag","has-post-comment","has-post-author",""],"_links":{"self":[{"href":"https:\/\/mobilbox.pl\/de\/wp-json\/wp\/v2\/pages\/1509","targetHints":{"allow":["GET"]}}],"collection":[{"href":"https:\/\/mobilbox.pl\/de\/wp-json\/wp\/v2\/pages"}],"about":[{"href":"https:\/\/mobilbox.pl\/de\/wp-json\/wp\/v2\/types\/page"}],"author":[{"embeddable":true,"href":"https:\/\/mobilbox.pl\/de\/wp-json\/wp\/v2\/users\/3"}],"replies":[{"embeddable":true,"href":"https:\/\/mobilbox.pl\/de\/wp-json\/wp\/v2\/comments?post=1509"}],"version-history":[{"count":0,"href":"https:\/\/mobilbox.pl\/de\/wp-json\/wp\/v2\/pages\/1509\/revisions"}],"up":[{"embeddable":true,"href":"https:\/\/mobilbox.pl\/de\/wp-json\/wp\/v2\/pages\/18"}],"wp:attachment":[{"href":"https:\/\/mobilbox.pl\/de\/wp-json\/wp\/v2\/media?parent=1509"}],"curies":[{"name":"wp","href":"https:\/\/api.w.org\/{rel}","templated":true}]}}