{"id":1641,"date":"2018-06-27T10:19:33","date_gmt":"2018-06-27T10:19:33","guid":{"rendered":"http:\/\/mytrejka.nazwa.pl\/mobilbox\/?page_id=1641"},"modified":"2025-08-01T12:40:38","modified_gmt":"2025-08-01T10:40:38","slug":"eckbeschlag","status":"publish","type":"page","link":"https:\/\/mobilbox.pl\/de\/container-ersatzteile\/eckbeschlag\/","title":{"rendered":"Container Eckbeschlag"},"content":{"rendered":"<!--themify_builder_content-->\n<div id=\"themify_builder_content-1641\" data-postid=\"1641\" class=\"themify_builder_content themify_builder_content-1641 themify_builder tf_clear\">\n                    <div  data-lazy=\"1\" class=\"module_row themify_builder_row tb_dwhb45 tb_first tf_w\">\n                        <div class=\"row_inner col_align_top tb_col_count_1 tf_box tf_rel\">\n                        <div  data-lazy=\"1\" class=\"module_column tb-column col-full tb_2pxw45 first\">\n                    <!-- module text -->\n<div  class=\"module module-text tb_ulzp78   \" data-lazy=\"1\">\n        <div  class=\"tb_text_wrap\">\n        <h1 style=\"text-align: center;\">ISO Container Eckbeschlag \u2013 Normteile f\u00fcr Containerecken<\/h1>    <\/div>\n<\/div>\n<!-- \/module text -->        <\/div>\n                        <\/div>\n        <\/div>\n                        <div  data-lazy=\"1\" class=\"module_row themify_builder_row tb_5me8447 tf_w\">\n                        <div class=\"row_inner col_align_top tb_col_count_2 tf_box tf_rel\">\n                        <div  data-lazy=\"1\" class=\"module_column tb-column col4-2 tb_qg8c489 first\">\n                    <!-- module text -->\n<div  class=\"module module-text tb_1r8f000   \" data-lazy=\"1\">\n        <div  class=\"tb_text_wrap\">\n        <p data-start=\"1745\" data-end=\"1896\">Unsere ISO Container Eckbeschl\u00e4ge entsprechen der internationalen Norm ISO 1161 und sind geeignet f\u00fcr Seecontainer, Lagercontainer und B\u00fcrocontainer.<\/p>\n<p data-start=\"1903\" data-end=\"2030\">Die Eckbeschl\u00e4ge bestehen aus hochwertigem Stahlguss und erm\u00f6glichen das sichere Stapeln, Heben und Verankern von Containern.<\/p>\n<p data-start=\"2037\" data-end=\"2161\">Ob als Ersatzteil f\u00fcr besch\u00e4digte Ecken oder f\u00fcr den Eigenbau \u2013 unsere Eckteile sind robust, langlebig und sofort lieferbar.<\/p>    <\/div>\n<\/div>\n<!-- \/module text -->        <\/div>\n                    <div  data-lazy=\"1\" class=\"module_column tb-column col4-2 tb_y497414 last\">\n                    <div  class=\"module themify_builder_slider_wrap tf_clearfix module-slider tb_lb4r081  slider-default  \" data-lazy=\"1\">\n        <div class=\"themify_builder_slider tf_carousel tf_swiper-container tf_rel tf_overflow\" data-lazy=\"1\"        data-visible=\"1\"\n        data-tab-visible=\"\"\n        data-mob-visible=\"\"\n        data-scroll=\"1\"\n                            data-auto=\"2000\"\n            data-controller=\"0\"\n            data-pause_hover=\"1\"\n                data-speed=\"normal\"\n        data-wrapvar=\"1\"\n        data-slider_nav=\"1\"\n        data-pager=\"1\"\n        data-effect=\"scroll\" \n        data-height=\"variable\"\n        data-css_url=\"https:\/\/mobilbox.pl\/de\/wp-content\/themes\/themify-ultra\/themify\/themify-builder\/css\/modules\/sliders\/carousel,https:\/\/mobilbox.pl\/de\/wp-content\/themes\/themify-ultra\/themify\/themify-builder\/css\/modules\/sliders\/slider\"\n                    >\n        <div class=\"tf_swiper-wrapper tf_lazy tf_rel tf_w tf_h tf_textc\">\n                         <div class=\"tf_swiper-slide\">            <div class=\"slide-inner-wrap\">\n                                    <div class=\"tf_rel tf_lazy slide-image\">\n                                                                            <img decoding=\"async\" src=\"http:\/\/mobilbox.pl\/de\/wp-content\/uploads\/2018\/06\/naroze-kontenera-iso-1.jpg\" width=\"480\" height=\"362\" title=\"Container Eckbeschlag\" alt=\"Container Eckbeschlag\">                                            <\/div>\n                \n                            <\/div>\n        <\/div>                     <div class=\"tf_swiper-slide\" style=\"content-visibility:hidden\">            <div class=\"slide-inner-wrap\">\n                                    <div class=\"tf_rel tf_lazy slide-image\">\n                                                                            <img decoding=\"async\" src=\"http:\/\/mobilbox.pl\/de\/wp-content\/uploads\/2018\/06\/naroze-kontenera-iso-2.jpg\" width=\"482\" height=\"333\" title=\"Container Eckbeschlag\" alt=\"Container Eckbeschlag\">                                            <\/div>\n                \n                            <\/div>\n        <\/div>            <\/div>\n    <\/div>\n<\/div>\n        <\/div>\n                        <\/div>\n        <\/div>\n        <\/div>\n<!--\/themify_builder_content-->","protected":false},"excerpt":{"rendered":"<p>ISO Container Eckbeschlag \u2013 Normteile f\u00fcr Containerecken Unsere ISO Container Eckbeschl\u00e4ge entsprechen der internationalen Norm ISO 1161 und sind geeignet f\u00fcr Seecontainer, Lagercontainer und B\u00fcrocontainer. Die Eckbeschl\u00e4ge bestehen aus hochwertigem Stahlguss und erm\u00f6glichen das sichere Stapeln, Heben und Verankern von Containern. Ob als Ersatzteil f\u00fcr besch\u00e4digte Ecken oder f\u00fcr den Eigenbau \u2013 unsere Eckteile sind [&hellip;]<\/p>\n","protected":false},"author":3,"featured_media":0,"parent":22,"menu_order":0,"comment_status":"closed","ping_status":"closed","template":"","meta":{"footnotes":""},"class_list":["post-1641","page","type-page","status-publish","hentry","has-post-title","has-post-date","has-post-category","has-post-tag","has-post-comment","has-post-author",""],"_links":{"self":[{"href":"https:\/\/mobilbox.pl\/de\/wp-json\/wp\/v2\/pages\/1641","targetHints":{"allow":["GET"]}}],"collection":[{"href":"https:\/\/mobilbox.pl\/de\/wp-json\/wp\/v2\/pages"}],"about":[{"href":"https:\/\/mobilbox.pl\/de\/wp-json\/wp\/v2\/types\/page"}],"author":[{"embeddable":true,"href":"https:\/\/mobilbox.pl\/de\/wp-json\/wp\/v2\/users\/3"}],"replies":[{"embeddable":true,"href":"https:\/\/mobilbox.pl\/de\/wp-json\/wp\/v2\/comments?post=1641"}],"version-history":[{"count":0,"href":"https:\/\/mobilbox.pl\/de\/wp-json\/wp\/v2\/pages\/1641\/revisions"}],"up":[{"embeddable":true,"href":"https:\/\/mobilbox.pl\/de\/wp-json\/wp\/v2\/pages\/22"}],"wp:attachment":[{"href":"https:\/\/mobilbox.pl\/de\/wp-json\/wp\/v2\/media?parent=1641"}],"curies":[{"name":"wp","href":"https:\/\/api.w.org\/{rel}","templated":true}]}}