{"id":1650,"date":"2018-06-27T10:28:46","date_gmt":"2018-06-27T10:28:46","guid":{"rendered":"http:\/\/mytrejka.nazwa.pl\/mobilbox\/?page_id=1650"},"modified":"2025-12-03T08:37:34","modified_gmt":"2025-12-03T07:37:34","slug":"verriegelung","status":"publish","type":"page","link":"https:\/\/mobilbox.pl\/de\/container-ersatzteile\/verriegelung\/","title":{"rendered":"Container Verriegelung"},"content":{"rendered":"<!--themify_builder_content-->\n<div id=\"themify_builder_content-1650\" data-postid=\"1650\" class=\"themify_builder_content themify_builder_content-1650 themify_builder tf_clear\">\n                    <div  data-lazy=\"1\" class=\"module_row themify_builder_row tb_f4fj050 tb_first tf_w\">\n                        <div class=\"row_inner col_align_top tb_col_count_1 tf_box tf_rel\">\n                        <div  data-lazy=\"1\" class=\"module_column tb-column col-full tb_8ubw000 first\">\n                    <!-- module text -->\n<div  class=\"module module-text tb_al42620   \" data-lazy=\"1\">\n        <div  class=\"tb_text_wrap\">\n        <h1 style=\"text-align: center;\">ISO-Container Riegelset<\/h1>    <\/div>\n<\/div>\n<!-- \/module text -->        <\/div>\n                        <\/div>\n        <\/div>\n                        <div  data-lazy=\"1\" class=\"module_row themify_builder_row tb_v0r5454 tf_w\">\n                        <div class=\"row_inner col_align_middle tb_col_count_2 tf_box tf_rel\">\n                        <div  data-lazy=\"1\" class=\"module_column tb-column col4-2 tb_dcj8454 first\">\n                    <!-- module text -->\n<div  class=\"module module-text tb_4fzm454   \" data-lazy=\"1\">\n        <div  class=\"tb_text_wrap\">\n        <p data-start=\"1931\" data-end=\"2109\">Die Container Verriegelung ist ein zentrales Bauteil f\u00fcr die sichere T\u00fcrschlie\u00dfung. Unsere robusten Riegelstangen und Verschlussstangen passen zu allen g\u00e4ngigen ISO-Containern.<\/p>\n<p data-start=\"2116\" data-end=\"2228\">Die Bauteile bestehen aus verzinktem oder lackiertem Stahl, sind witterungsbest\u00e4ndig und einfach zu montieren.<\/p>\n<p data-start=\"2235\" data-end=\"2376\">Ob als Ersatzteil f\u00fcr besch\u00e4digte Verriegelungen oder f\u00fcr neue Container \u2013 hier finden Sie zuverl\u00e4ssige T\u00fcrverschl\u00fcsse direkt vom Hersteller.<\/p>    <\/div>\n<\/div>\n<!-- \/module text -->        <\/div>\n                    <div  data-lazy=\"1\" class=\"module_column tb-column col4-2 tb_pcr0454 last\">\n                    <!-- module image -->\n<div  class=\"module module-image tb_7kyb775 image-top   tf_mw\" data-lazy=\"1\">\n        <div class=\"image-wrap tf_rel tf_mw\">\n            <img loading=\"lazy\" decoding=\"async\" src=\"http:\/\/mobilbox.pl\/de\/wp-content\/uploads\/2018\/06\/rygle-kontenera-iso-1.jpg\" width=\"272\" height=\"362\" title=\"Container Verriegelung\" alt=\"Container Verriegelung\">    \n        <\/div>\n    <!-- \/image-wrap -->\n    \n        <\/div>\n<!-- \/module image -->        <\/div>\n                        <\/div>\n        <\/div>\n                        <div  data-lazy=\"1\" class=\"module_row themify_builder_row tb_ac76284 tf_w\">\n                        <div class=\"row_inner col_align_middle tb_col_count_2 tf_box tf_rel\">\n                        <div  data-lazy=\"1\" class=\"module_column tb-column col4-2 tb_n3on285 first\">\n                    <!-- module text -->\n<div  class=\"module module-text tb_hftg912   \" data-lazy=\"1\">\n        <div  class=\"tb_text_wrap\">\n        <p>A Bolzenbuchse 2 Stk<br>B Klemmlager 3 Stk.<br>C Bolzen 2 Stk.<br>D Klemme 2 Stk.<br>E Ring 4 Stk.<br>F Klemme 1 Stk.<br>G Hebelverbinder 1 Stk.<br>H Hebel 1 Stk.<br>I Niete 1 Stk.<br>J Sicherheitsriegel 1 Stk.<br>K Hebelschloss 1 Stk.<\/p>    <\/div>\n<\/div>\n<!-- \/module text -->        <\/div>\n                    <div  data-lazy=\"1\" class=\"module_column tb-column col4-2 tb_yg2m268 last\">\n                    <!-- module image -->\n<div  class=\"module module-image tb_4hai638 image-top rounded bordered  tf_mw\" data-lazy=\"1\">\n        <div class=\"image-wrap tf_rel tf_mw\">\n            <img loading=\"lazy\" decoding=\"async\" src=\"http:\/\/mobilbox.pl\/de\/wp-content\/uploads\/2018\/06\/rygle-kontenera-iso-2.jpg\" width=\"235\" height=\"362\" title=\"Container Verriegelung\" alt=\"Container Verriegelung\">    \n        <\/div>\n    <!-- \/image-wrap -->\n    \n        <\/div>\n<!-- \/module image -->        <\/div>\n                        <\/div>\n        <\/div>\n        <\/div>\n<!--\/themify_builder_content-->","protected":false},"excerpt":{"rendered":"<p>ISO-Container Riegelset Die Container Verriegelung ist ein zentrales Bauteil f\u00fcr die sichere T\u00fcrschlie\u00dfung. Unsere robusten Riegelstangen und Verschlussstangen passen zu allen g\u00e4ngigen ISO-Containern. Die Bauteile bestehen aus verzinktem oder lackiertem Stahl, sind witterungsbest\u00e4ndig und einfach zu montieren. Ob als Ersatzteil f\u00fcr besch\u00e4digte Verriegelungen oder f\u00fcr neue Container \u2013 hier finden Sie zuverl\u00e4ssige T\u00fcrverschl\u00fcsse direkt vom [&hellip;]<\/p>\n","protected":false},"author":3,"featured_media":0,"parent":22,"menu_order":0,"comment_status":"closed","ping_status":"closed","template":"","meta":{"footnotes":""},"class_list":["post-1650","page","type-page","status-publish","hentry","has-post-title","has-post-date","has-post-category","has-post-tag","has-post-comment","has-post-author",""],"_links":{"self":[{"href":"https:\/\/mobilbox.pl\/de\/wp-json\/wp\/v2\/pages\/1650","targetHints":{"allow":["GET"]}}],"collection":[{"href":"https:\/\/mobilbox.pl\/de\/wp-json\/wp\/v2\/pages"}],"about":[{"href":"https:\/\/mobilbox.pl\/de\/wp-json\/wp\/v2\/types\/page"}],"author":[{"embeddable":true,"href":"https:\/\/mobilbox.pl\/de\/wp-json\/wp\/v2\/users\/3"}],"replies":[{"embeddable":true,"href":"https:\/\/mobilbox.pl\/de\/wp-json\/wp\/v2\/comments?post=1650"}],"version-history":[{"count":0,"href":"https:\/\/mobilbox.pl\/de\/wp-json\/wp\/v2\/pages\/1650\/revisions"}],"up":[{"embeddable":true,"href":"https:\/\/mobilbox.pl\/de\/wp-json\/wp\/v2\/pages\/22"}],"wp:attachment":[{"href":"https:\/\/mobilbox.pl\/de\/wp-json\/wp\/v2\/media?parent=1650"}],"curies":[{"name":"wp","href":"https:\/\/api.w.org\/{rel}","templated":true}]}}