{"id":1690,"date":"2018-06-27T11:34:28","date_gmt":"2018-06-27T11:34:28","guid":{"rendered":"http:\/\/mytrejka.nazwa.pl\/mobilbox\/?page_id=1690"},"modified":"2019-11-12T13:56:06","modified_gmt":"2019-11-12T13:56:06","slug":"klemmdichtungen","status":"publish","type":"page","link":"https:\/\/mobilbox.pl\/de\/plomben\/kunststoffplomben\/klemmdichtungen\/","title":{"rendered":"Klemmdichtungen"},"content":{"rendered":"<!--themify_builder_content-->\n<div id=\"themify_builder_content-1690\" data-postid=\"1690\" class=\"themify_builder_content themify_builder_content-1690 themify_builder tf_clear\">\n                    <div  data-lazy=\"1\" class=\"module_row themify_builder_row tb_bg8q000 tb_first tf_w\">\n                        <div class=\"row_inner col_align_top tb_col_count_2 tf_box tf_rel\">\n                        <div  data-lazy=\"1\" class=\"module_column tb-column col4-2 tb_9rgy770 first\">\n                    <!-- module text -->\n<div  class=\"module module-text tb_7rur080  repeat \" data-lazy=\"1\">\n        <div  class=\"tb_text_wrap\">\n        <div class=\"left_box_title\"><strong>Beschreibung:<\/strong><\/div>\n<div>\u00a0<\/div>\n<ul>\n<li id=\"tw-target-text\" class=\"tw-data-text tw-ta tw-text-small\" dir=\"ltr\" data-placeholder=\"\u00dcbersetzung\">Bestehend aus zwei exakt aufeinander abgestimmten TeilenNach der Montage k\u00f6nnen nummerierte Siegel angebracht werden um maximale Sicherheit zu gew\u00e4hrleisten<\/li>\n<\/ul>\n<div class=\"left_box_title\"><strong>Auswahl:<\/strong><\/div>\n<ul class=\"left_box_desc\">\n<li>gro\u00dfe Anzahl an verschiedenen Farben<\/li>\n<li>verschiedene Gr\u00f6\u00dfen<br \/>\n<ul>\n<li>Art. 311 : L:26mm R1\u00a0:\u00a0 16mm, R2\u00a0: 22 mm\u00a0 DN20 ( \u00be\u201d)<\/li>\n<li>ART 312 : L:30mm R1 : 16mm, R2 : 24,5 mm DN20 ( \u00be\u201d)<\/li>\n<li>ART 313 : L:28mm R1 : 19mm, R2 : 27 mm DN25 ( 1\u201d)<\/li>\n<li>ART 314 : L:38mm R1 : 29mm, R2 : 39 mm DN40\u00a0 (11\/2\u201d)<\/li>\n<\/ul>\n<\/li>\n<\/ul>\n<div class=\"left_box_title\"><strong>Materia\u0142:<\/strong><\/div>\n<ul class=\"left_box_desc\">\n<li>transparentes Polycarbonat, so kann jederzeit festgestellt werden ob die Elemente dicht sind.<\/li>\n<\/ul>\n<div class=\"left_box_title\"><strong>Verpackung<\/strong><\/div>\n<ul class=\"left_box_desc\">\n<li>ART 311:500 St. \/ Karton\n<ul>\n<li>Kartonabmessung: 40x60x35 cm<\/li>\n<li>Kartongewicht: 13kg<\/li>\n<\/ul>\n<\/li>\n<\/ul>\n<ul class=\"left_box_desc\">\n<li>ART 312:500 St \/ Karton\n<ul>\n<li>Kartonabmessung: 40x60x35 cm<\/li>\n<li>Kartongewicht: 13kg<\/li>\n<\/ul>\n<\/li>\n<\/ul>\n<ul class=\"left_box_desc\">\n<li>ART 313:500 St \/ Karton\n<ul>\n<li>Kartonabmessung: 40x60x35 cm<\/li>\n<li>Kartongewicht: 13kg<\/li>\n<\/ul>\n<\/li>\n<\/ul>\n<ul class=\"left_box_desc\">\n<li>ART 314:250 St \/ Karton\n<ul>\n<li>Kartonabmessung: 40x60x35 cm<\/li>\n<li>Kartongewicht: 9 kg<\/li>\n<\/ul>\n<\/li>\n<\/ul>    <\/div>\n<\/div>\n<!-- \/module text -->        <\/div>\n                    <div  data-lazy=\"1\" class=\"module_column tb-column col4-2 tb_oaqy056 last\">\n                    <div  class=\"module themify_builder_slider_wrap tf_clearfix module-slider tb_8a2s087  slider-default  \" data-lazy=\"1\">\n        <div class=\"themify_builder_slider tf_carousel tf_swiper-container tf_rel tf_overflow\" data-lazy=\"1\"        data-visible=\"1\"\n        data-tab-visible=\"\"\n        data-mob-visible=\"\"\n        data-scroll=\"1\"\n                            data-auto=\"2000\"\n            data-controller=\"0\"\n            data-pause_hover=\"1\"\n                data-speed=\"normal\"\n        data-wrapvar=\"1\"\n        data-slider_nav=\"0\"\n        data-pager=\"1\"\n        data-effect=\"scroll\" \n        data-height=\"auto\"\n        data-css_url=\"https:\/\/mobilbox.pl\/de\/wp-content\/themes\/themify-ultra\/themify\/themify-builder\/css\/modules\/sliders\/carousel,https:\/\/mobilbox.pl\/de\/wp-content\/themes\/themify-ultra\/themify\/themify-builder\/css\/modules\/sliders\/slider\"\n                    >\n        <div class=\"tf_swiper-wrapper tf_lazy tf_rel tf_w tf_h tf_textc\">\n                         <div class=\"tf_swiper-slide\">            <div class=\"slide-inner-wrap\">\n                                    <div class=\"tf_rel tf_lazy slide-image\">\n                                                                            <img decoding=\"async\" src=\"http:\/\/mobilbox.pl\/de\/wp-content\/uploads\/2018\/06\/plomby-klamrowe.jpg\" width=\"482\" height=\"349\" title=\"Klemmdichtungen\" alt=\"Klemmdichtungen\">                                            <\/div>\n                \n                            <\/div>\n        <\/div>                     <div class=\"tf_swiper-slide\" style=\"content-visibility:hidden\">            <div class=\"slide-inner-wrap\">\n                                    <div class=\"tf_rel tf_lazy slide-image\">\n                                                                            <img decoding=\"async\" src=\"http:\/\/mobilbox.pl\/de\/wp-content\/uploads\/2018\/06\/plomby-klamrowe-1.jpg\" width=\"482\" height=\"129\" title=\"Klemmdichtungen\" alt=\"Klemmdichtungen\">                                            <\/div>\n                \n                            <\/div>\n        <\/div>                     <div class=\"tf_swiper-slide\" style=\"content-visibility:hidden\">            <div class=\"slide-inner-wrap\">\n                                    <div class=\"tf_rel tf_lazy slide-image\">\n                                                                            <img decoding=\"async\" src=\"http:\/\/mobilbox.pl\/de\/wp-content\/uploads\/2018\/06\/plomby-klamrowe-zastosowanie.jpg\" width=\"341\" height=\"362\" title=\"Klemmdichtungen\" alt=\"Klemmdichtungen\">                                            <\/div>\n                \n                            <\/div>\n        <\/div>            <\/div>\n    <\/div>\n<\/div>\n        <\/div>\n                        <\/div>\n        <\/div>\n        <\/div>\n<!--\/themify_builder_content-->","protected":false},"excerpt":{"rendered":"<p>Beschreibung: \u00a0 Bestehend aus zwei exakt aufeinander abgestimmten TeilenNach der Montage k\u00f6nnen nummerierte Siegel angebracht werden um maximale Sicherheit zu gew\u00e4hrleisten Auswahl: gro\u00dfe Anzahl an verschiedenen Farben verschiedene Gr\u00f6\u00dfen Art. 311 : L:26mm R1\u00a0:\u00a0 16mm, R2\u00a0: 22 mm\u00a0 DN20 ( \u00be\u201d) ART 312 : L:30mm R1 : 16mm, R2 : 24,5 mm DN20 ( \u00be\u201d) [&hellip;]<\/p>\n","protected":false},"author":3,"featured_media":0,"parent":1661,"menu_order":0,"comment_status":"closed","ping_status":"closed","template":"","meta":{"footnotes":""},"class_list":["post-1690","page","type-page","status-publish","hentry","has-post-title","has-post-date","has-post-category","has-post-tag","has-post-comment","has-post-author",""],"_links":{"self":[{"href":"https:\/\/mobilbox.pl\/de\/wp-json\/wp\/v2\/pages\/1690","targetHints":{"allow":["GET"]}}],"collection":[{"href":"https:\/\/mobilbox.pl\/de\/wp-json\/wp\/v2\/pages"}],"about":[{"href":"https:\/\/mobilbox.pl\/de\/wp-json\/wp\/v2\/types\/page"}],"author":[{"embeddable":true,"href":"https:\/\/mobilbox.pl\/de\/wp-json\/wp\/v2\/users\/3"}],"replies":[{"embeddable":true,"href":"https:\/\/mobilbox.pl\/de\/wp-json\/wp\/v2\/comments?post=1690"}],"version-history":[{"count":0,"href":"https:\/\/mobilbox.pl\/de\/wp-json\/wp\/v2\/pages\/1690\/revisions"}],"up":[{"embeddable":true,"href":"https:\/\/mobilbox.pl\/de\/wp-json\/wp\/v2\/pages\/1661"}],"wp:attachment":[{"href":"https:\/\/mobilbox.pl\/de\/wp-json\/wp\/v2\/media?parent=1690"}],"curies":[{"name":"wp","href":"https:\/\/api.w.org\/{rel}","templated":true}]}}