{"id":1717,"date":"2018-06-27T12:01:45","date_gmt":"2018-06-27T12:01:45","guid":{"rendered":"http:\/\/mytrejka.nazwa.pl\/mobilbox\/?page_id=1717"},"modified":"2019-11-12T13:56:09","modified_gmt":"2019-11-12T13:56:09","slug":"kabelplomben","status":"publish","type":"page","link":"https:\/\/mobilbox.pl\/de\/plomben\/metallplomben\/kabelplomben\/","title":{"rendered":"Kabelplomben"},"content":{"rendered":"<!--themify_builder_content-->\n<div id=\"themify_builder_content-1717\" data-postid=\"1717\" class=\"themify_builder_content themify_builder_content-1717 themify_builder tf_clear\">\n                    <div  data-lazy=\"1\" class=\"module_row themify_builder_row tb_9l3o000 tb_first tf_w\">\n                        <div class=\"row_inner col_align_top tb_col_count_2 tf_box tf_rel\">\n                        <div  data-lazy=\"1\" class=\"module_column tb-column col4-2 tb_elga207 first\">\n                    <!-- module text -->\n<div  class=\"module module-text tb_95t4001  repeat \" data-lazy=\"1\">\n        <div  class=\"tb_text_wrap\">\n        <p><strong><span class=\"left_box_title\">Opis:<\/span><\/strong><\/p>\n<p><strong><span class=\"left_box_title\">Beschreibung:<\/span><\/strong><\/p>\n<ul>\n<li>Der Draht wird durch versiegelte Oberfl\u00e4che gezogen. Um maximalen Schutz zu gew\u00e4hrleisten, wird empfohlen das Kabel m\u00f6glichst ganz durch zu ziehen<\/li>\n<\/ul>\n<ul class=\"left_box_desc\">\n<li>mit einem Schneidewerkzeug entfernbar\u00a0 \u00a0 \u00a0 \u00a0 \u00a0 \u00a0 \u00a0 \u00a0 \u00a0\u00a0<\/li>\n<\/ul>\n<p><strong><span class=\"left_box_title\">Auswahlm\u00f6glichkeiten:<\/span><\/strong><\/p>\n<ul class=\"left_box_desc\">\n<li>gro\u00dfe Anzahl an Farben<\/li>\n<li>Verschiedene Gr\u00f6\u00dfen\n<ul>\n<li>5&#215;250 mm<\/li>\n<li>3,5&#215;200 mm<\/li>\n<li>3&#215;200 mm<\/li>\n<li>2,5&#215;180 mm<\/li>\n<li>1,5&#215;180 mm<\/li>\n<li>1&#215;180 mm<\/li>\n<\/ul>\n<\/li>\n<\/ul>\n<p><span class=\"left_box_title\"><br \/><strong>Nummerierung:<\/strong><\/span><\/p>\n<ul class=\"left_box_desc\">\n<li>M\u00f6glichkeit der fortlaufenden Nummerierung bis 15<\/li>\n<li>mit Barcode markierbar<\/li>\n<li>bis zu 20 Zeichen markierbar<\/li>\n<li>individuelle Logos<\/li>\n<li>Laserdruck<\/li>\n<\/ul>\n<p><span class=\"left_box_title\"><br \/><strong>Parameter<\/strong><\/span><\/p>\n<ul class=\"left_box_desc\">\n<li>Verriegelmechanismus: lackiertes Aluminium<\/li>\n<li>Kabel: Stahldraht mit verschiedenen Durchmessern<\/li>\n<li>Zertifikat: ISO\/PAS 17712 f\u00fcr Durchmesser von 3,5 bis 5 mm<\/li>\n<\/ul>    <\/div>\n<\/div>\n<!-- \/module text -->        <\/div>\n                    <div  data-lazy=\"1\" class=\"module_column tb-column col4-2 tb_oj3d520 last\">\n                    <div  class=\"module themify_builder_slider_wrap tf_clearfix module-slider tb_zs4s200  slider-default  \" data-lazy=\"1\">\n        <div class=\"themify_builder_slider tf_carousel tf_swiper-container tf_rel tf_overflow\" data-lazy=\"1\"        data-visible=\"1\"\n        data-tab-visible=\"\"\n        data-mob-visible=\"\"\n        data-scroll=\"1\"\n                            data-auto=\"2000\"\n            data-controller=\"0\"\n            data-pause_hover=\"1\"\n                data-speed=\"normal\"\n        data-wrapvar=\"1\"\n        data-slider_nav=\"1\"\n        data-pager=\"1\"\n        data-effect=\"scroll\" \n        data-height=\"variable\"\n        data-css_url=\"https:\/\/mobilbox.pl\/de\/wp-content\/themes\/themify-ultra\/themify\/themify-builder\/css\/modules\/sliders\/carousel,https:\/\/mobilbox.pl\/de\/wp-content\/themes\/themify-ultra\/themify\/themify-builder\/css\/modules\/sliders\/slider\"\n                    >\n        <div class=\"tf_swiper-wrapper tf_lazy tf_rel tf_w tf_h tf_textc\">\n                         <div class=\"tf_swiper-slide\">            <div class=\"slide-inner-wrap\">\n                                    <div class=\"tf_rel tf_lazy slide-image\">\n                                                                            <img decoding=\"async\" src=\"http:\/\/mobilbox.pl\/de\/wp-content\/uploads\/2018\/06\/plomba-metalowa-do-kontenera-3.jpg\" width=\"482\" height=\"336\" title=\"Kabelplomben\" alt=\"Kabelplomben\">                                            <\/div>\n                \n                            <\/div>\n        <\/div>                     <div class=\"tf_swiper-slide\" style=\"content-visibility:hidden\">            <div class=\"slide-inner-wrap\">\n                                    <div class=\"tf_rel tf_lazy slide-image\">\n                                                                            <img decoding=\"async\" src=\"http:\/\/mobilbox.pl\/de\/wp-content\/uploads\/2018\/06\/plomba-metalowa-linkowa-do-kontener\u00f3w.jpg\" width=\"272\" height=\"362\" title=\"Kabelplomben\" alt=\"Kabelplomben\">                                            <\/div>\n                \n                            <\/div>\n        <\/div>            <\/div>\n    <\/div>\n<\/div>\n        <\/div>\n                        <\/div>\n        <\/div>\n                        <div  data-lazy=\"1\" class=\"module_row themify_builder_row tb_5guh000 tf_w\">\n                        <div class=\"row_inner col_align_top tb_col_count_1 tf_box tf_rel\">\n                        <div  data-lazy=\"1\" class=\"module_column tb-column col-full tb_asqq305 first\">\n                    <!-- module image -->\n<div  class=\"module module-image tb_8738350 image-top   tf_mw\" data-lazy=\"1\">\n        <div class=\"image-wrap tf_rel tf_mw\">\n            <img decoding=\"async\" src=\"http:\/\/mobilbox.pl\/de\/wp-content\/uploads\/2018\/06\/plomby-metalowe-wymiary.jpg\" width=\"1293\" height=\"433\" title=\"Kabelplomben\" alt=\"Kabelplomben\">    \n        <\/div>\n    <!-- \/image-wrap -->\n    \n        <\/div>\n<!-- \/module image -->        <\/div>\n                        <\/div>\n        <\/div>\n        <\/div>\n<!--\/themify_builder_content-->","protected":false},"excerpt":{"rendered":"<p>Opis: Beschreibung: Der Draht wird durch versiegelte Oberfl\u00e4che gezogen. Um maximalen Schutz zu gew\u00e4hrleisten, wird empfohlen das Kabel m\u00f6glichst ganz durch zu ziehen mit einem Schneidewerkzeug entfernbar\u00a0 \u00a0 \u00a0 \u00a0 \u00a0 \u00a0 \u00a0 \u00a0 \u00a0\u00a0 Auswahlm\u00f6glichkeiten: gro\u00dfe Anzahl an Farben Verschiedene Gr\u00f6\u00dfen 5&#215;250 mm 3,5&#215;200 mm 3&#215;200 mm 2,5&#215;180 mm 1,5&#215;180 mm 1&#215;180 mm Nummerierung: [&hellip;]<\/p>\n","protected":false},"author":3,"featured_media":0,"parent":1660,"menu_order":0,"comment_status":"closed","ping_status":"closed","template":"","meta":{"footnotes":""},"class_list":["post-1717","page","type-page","status-publish","hentry","has-post-title","has-post-date","has-post-category","has-post-tag","has-post-comment","has-post-author",""],"_links":{"self":[{"href":"https:\/\/mobilbox.pl\/de\/wp-json\/wp\/v2\/pages\/1717","targetHints":{"allow":["GET"]}}],"collection":[{"href":"https:\/\/mobilbox.pl\/de\/wp-json\/wp\/v2\/pages"}],"about":[{"href":"https:\/\/mobilbox.pl\/de\/wp-json\/wp\/v2\/types\/page"}],"author":[{"embeddable":true,"href":"https:\/\/mobilbox.pl\/de\/wp-json\/wp\/v2\/users\/3"}],"replies":[{"embeddable":true,"href":"https:\/\/mobilbox.pl\/de\/wp-json\/wp\/v2\/comments?post=1717"}],"version-history":[{"count":0,"href":"https:\/\/mobilbox.pl\/de\/wp-json\/wp\/v2\/pages\/1717\/revisions"}],"up":[{"embeddable":true,"href":"https:\/\/mobilbox.pl\/de\/wp-json\/wp\/v2\/pages\/1660"}],"wp:attachment":[{"href":"https:\/\/mobilbox.pl\/de\/wp-json\/wp\/v2\/media?parent=1717"}],"curies":[{"name":"wp","href":"https:\/\/api.w.org\/{rel}","templated":true}]}}