{"id":1749,"date":"2018-06-28T07:11:16","date_gmt":"2018-06-28T07:11:16","guid":{"rendered":"http:\/\/mytrejka.nazwa.pl\/mobilbox\/?page_id=1749"},"modified":"2020-02-02T05:27:23","modified_gmt":"2020-02-02T05:27:23","slug":"sicherheitsklebeband","status":"publish","type":"page","link":"https:\/\/mobilbox.pl\/de\/plomben\/imo-aufkleber-sicherheitsklebeband\/sicherheitsklebeband\/","title":{"rendered":"Sicherheitsklebeband"},"content":{"rendered":"<!--themify_builder_content-->\n<div id=\"themify_builder_content-1749\" data-postid=\"1749\" class=\"themify_builder_content themify_builder_content-1749 themify_builder tf_clear\">\n                    <div  data-lazy=\"1\" class=\"module_row themify_builder_row tb_7ivi000 tb_first tf_w\">\n                        <div class=\"row_inner col_align_top tb_col_count_2 tf_box tf_rel\">\n                        <div  data-lazy=\"1\" class=\"module_column tb-column col4-2 tb_c9cb339 first\">\n                    <!-- module text -->\n<div  class=\"module module-text tb_rzvh206  repeat \" data-lazy=\"1\">\n        <div  class=\"tb_text_wrap\">\n        <p><strong><span class=\"left_box_title\">Beschreibung:<\/span><\/strong><\/p>\n<p>Das Sicherheitsklebeband wird genauso wie ein gew\u00f6hnliches Klebeband angebracht. Der Schutz vor Abriss und unsachgem\u00e4\u00dfes \u00f6ffnen ist aber deutlich erh\u00f6ht.<\/p>\n<p><strong><span class=\"left_box_title\">Produktion:<\/span><\/strong><\/p>\n<ul>\n<li>Das Band kann mit Logos oder anderen Beschriftungen bedruckt werden.<\/li>\n<li>Mindestbestellmenge: 1.600 Rollen<\/li>\n<\/ul>\n<p><strong><span class=\"left_box_title\">Abmessung:<\/span>\u00a0<\/strong><\/p>\n<ul>\n<li>Breite: 50 mm<\/li>\n<li>L\u00e4nge: 50 m<\/li>\n<\/ul>\n<p><strong><span class=\"left_box_title\">Materia\u0142:\u00a0<\/span><\/strong><br \/>Polyester (PE)<\/p>    <\/div>\n<\/div>\n<!-- \/module text -->        <\/div>\n                    <div  data-lazy=\"1\" class=\"module_column tb-column col4-2 tb_catb002 last\">\n                    <div  class=\"module themify_builder_slider_wrap tf_clearfix module-slider tb_e666039  slider-default  \" data-lazy=\"1\">\n        <div class=\"themify_builder_slider tf_carousel tf_swiper-container tf_rel tf_overflow\" data-lazy=\"1\"        data-visible=\"1\"\n        data-tab-visible=\"\"\n        data-mob-visible=\"\"\n        data-scroll=\"1\"\n                            data-auto=\"2000\"\n            data-controller=\"0\"\n            data-pause_hover=\"1\"\n                data-speed=\"normal\"\n        data-wrapvar=\"1\"\n        data-slider_nav=\"1\"\n        data-pager=\"1\"\n        data-effect=\"scroll\" \n        data-height=\"auto\"\n        data-css_url=\"https:\/\/mobilbox.pl\/de\/wp-content\/themes\/themify-ultra\/themify\/themify-builder\/css\/modules\/sliders\/carousel,https:\/\/mobilbox.pl\/de\/wp-content\/themes\/themify-ultra\/themify\/themify-builder\/css\/modules\/sliders\/slider\"\n                    >\n        <div class=\"tf_swiper-wrapper tf_lazy tf_rel tf_w tf_h tf_textc\">\n                         <div class=\"tf_swiper-slide\">            <div class=\"slide-inner-wrap\">\n                                    <div class=\"tf_rel tf_lazy slide-image\">\n                                                                            <img decoding=\"async\" src=\"http:\/\/mobilbox.pl\/de\/wp-content\/uploads\/2018\/06\/tasma-zabezpieczaj\u0105ce-1.jpg\" width=\"482\" height=\"261\" title=\"Sicherheitsklebeband\" alt=\"Sicherheitsklebeband\">                                            <\/div>\n                \n                            <\/div>\n        <\/div>                     <div class=\"tf_swiper-slide\" style=\"content-visibility:hidden\">            <div class=\"slide-inner-wrap\">\n                                    <div class=\"tf_rel tf_lazy slide-image\">\n                                                                            <img decoding=\"async\" src=\"http:\/\/mobilbox.pl\/de\/wp-content\/uploads\/2018\/06\/tasma-zabezpieczajaca-3.jpg\" width=\"480\" height=\"362\" title=\"Sicherheitsklebeband\" alt=\"Sicherheitsklebeband\">                                            <\/div>\n                \n                            <\/div>\n        <\/div>                     <div class=\"tf_swiper-slide\" style=\"content-visibility:hidden\">            <div class=\"slide-inner-wrap\">\n                                    <div class=\"tf_rel tf_lazy slide-image\">\n                                                                            <img decoding=\"async\" src=\"http:\/\/mobilbox.pl\/de\/wp-content\/uploads\/2018\/06\/tasma-zabezpieczaj\u0105ca2.jpg\" width=\"482\" height=\"362\" title=\"Sicherheitsklebeband\" alt=\"Sicherheitsklebeband\">                                            <\/div>\n                \n                            <\/div>\n        <\/div>            <\/div>\n    <\/div>\n<\/div>\n        <\/div>\n                        <\/div>\n        <\/div>\n        <\/div>\n<!--\/themify_builder_content-->","protected":false},"excerpt":{"rendered":"<p>Beschreibung: Das Sicherheitsklebeband wird genauso wie ein gew\u00f6hnliches Klebeband angebracht. Der Schutz vor Abriss und unsachgem\u00e4\u00dfes \u00f6ffnen ist aber deutlich erh\u00f6ht. Produktion: Das Band kann mit Logos oder anderen Beschriftungen bedruckt werden. Mindestbestellmenge: 1.600 Rollen Abmessung:\u00a0 Breite: 50 mm L\u00e4nge: 50 m Materia\u0142:\u00a0Polyester (PE)<\/p>\n","protected":false},"author":3,"featured_media":0,"parent":1666,"menu_order":0,"comment_status":"closed","ping_status":"closed","template":"","meta":{"footnotes":""},"class_list":["post-1749","page","type-page","status-publish","hentry","has-post-title","has-post-date","has-post-category","has-post-tag","has-post-comment","has-post-author",""],"_links":{"self":[{"href":"https:\/\/mobilbox.pl\/de\/wp-json\/wp\/v2\/pages\/1749","targetHints":{"allow":["GET"]}}],"collection":[{"href":"https:\/\/mobilbox.pl\/de\/wp-json\/wp\/v2\/pages"}],"about":[{"href":"https:\/\/mobilbox.pl\/de\/wp-json\/wp\/v2\/types\/page"}],"author":[{"embeddable":true,"href":"https:\/\/mobilbox.pl\/de\/wp-json\/wp\/v2\/users\/3"}],"replies":[{"embeddable":true,"href":"https:\/\/mobilbox.pl\/de\/wp-json\/wp\/v2\/comments?post=1749"}],"version-history":[{"count":0,"href":"https:\/\/mobilbox.pl\/de\/wp-json\/wp\/v2\/pages\/1749\/revisions"}],"up":[{"embeddable":true,"href":"https:\/\/mobilbox.pl\/de\/wp-json\/wp\/v2\/pages\/1666"}],"wp:attachment":[{"href":"https:\/\/mobilbox.pl\/de\/wp-json\/wp\/v2\/media?parent=1749"}],"curies":[{"name":"wp","href":"https:\/\/api.w.org\/{rel}","templated":true}]}}