{"id":18,"date":"2018-03-14T08:10:28","date_gmt":"2018-03-14T08:10:28","guid":{"rendered":"http:\/\/mytrejka.nazwa.pl\/mobilbox\/?page_id=18"},"modified":"2025-09-24T10:43:15","modified_gmt":"2025-09-24T08:43:15","slug":"ausstattung","status":"publish","type":"page","link":"https:\/\/mobilbox.pl\/de\/ausstattung\/","title":{"rendered":"Ausstattung"},"content":{"rendered":"<!--themify_builder_content-->\n<div id=\"themify_builder_content-18\" data-postid=\"18\" class=\"themify_builder_content themify_builder_content-18 themify_builder tf_clear\">\n                    <div  data-lazy=\"1\" class=\"module_row themify_builder_row tb_dm0h830 tb_first tf_w\">\n                        <div class=\"row_inner col_align_top tb_col_count_1 tf_box tf_rel\">\n                        <div  data-lazy=\"1\" class=\"module_column tb-column col-full tb_dk66830 first\">\n                    <!-- module plain text -->\n<div  class=\"module module-plain-text tb_305h830 \" data-lazy=\"1\">\n        <div class=\"tb_text_wrap\">\n    <link rel=\"alternate\" href=\"https:\/\/mobilbox.pl\/wyposazenie-kontenerow\/\" hreflang=\"pl\" \/>\n<link rel=\"alternate\" href=\"https:\/\/mobilbox.pl\/en\/accessories\/\" hreflang=\"en\" \/>\n<link rel=\"alternate\" href=\"http:\/\/mobilbox.pl\/de\/ausstattung\/\" hreflang=\"de\" \/>\n<link rel=\"alternate\" href=\"https:\/\/mobilbox.pl\/wyposazenie-kontenerow\/\" hreflang=\"x-default\" \/>    <\/div>\n<\/div>\n<!-- \/module plain text --><!-- module fancy heading -->\n<div  class=\"module module-fancy-heading tb_da3h830 \" data-lazy=\"1\">\n        <h1 class=\"fancy-heading tf_textc\">\n    <span class=\"main-head tf_block\">\n                    M\u00d6BEL UND AUSR\u00dcSTUNG F\u00dcR CONTAINER            <\/span>\n\n    \n    <span class=\"sub-head tf_block tf_rel\">\n                    VERMIETUNG und VERKAUF VON M\u00d6BELN UND AUSR\u00dcSTUNG F\u00dcR CONTAINER            <\/span>\n    <\/h1>\n<\/div>\n<!-- \/module fancy heading -->\n        <\/div>\n                        <\/div>\n        <\/div>\n                        <div  data-lazy=\"1\" class=\"module_row themify_builder_row tb_57g6704 tf_w\">\n                        <div class=\"row_inner col_align_top tb_col_count_1 tf_box tf_rel\">\n                        <div  data-lazy=\"1\" class=\"module_column tb-column col-full tb_n36t704 first\">\n                    <!-- module text -->\n<div  class=\"module module-text tb_jvmf704   \" data-lazy=\"1\">\n        <div  class=\"tb_text_wrap\">\n        <p>W\u00e4hlen Sie aus einer Vielzahl von M\u00f6beln und Zubeh\u00f6r aus:<\/p>    <\/div>\n<\/div>\n<!-- \/module text -->        <\/div>\n                        <\/div>\n        <\/div>\n                        <div  data-css_id=\"d2fd242\" data-lazy=\"1\" class=\"module_row themify_builder_row fullwidth_row_container tb_d2fd242 tf_w\">\n                        <div class=\"row_inner col_align_top gutter-narrow tb_col_count_4 tf_box tf_rel\">\n                        <div  data-lazy=\"1\" class=\"module_column tb-column col4-1 tb_f9fd4de first\">\n                    <!-- module image -->\n<div  class=\"module module-image tb_272576f image-center   tf_mw\" data-lazy=\"1\">\n        <div class=\"image-wrap tf_rel tf_mw\">\n            <a href=\"http:\/\/mobilbox.pl\/de\/ausstattung\/mobel-und-austattung\/\">\n                   <img loading=\"lazy\" decoding=\"async\" src=\"http:\/\/mobilbox.pl\/de\/wp-content\/uploads\/2018\/08\/kontenery-biurowe-1.jpg\" width=\"800\" height=\"600\" title=\"M\u00f6bel \" alt=\"M\u00f6bel \">        <\/a>\n    \n        <\/div>\n    <!-- \/image-wrap -->\n    \n        <div class=\"image-content\">\n                    <h3 class=\"image-title\">\n                                    <a href=\"http:\/\/mobilbox.pl\/de\/ausstattung\/mobel-und-austattung\/\">\n                        M\u00f6bel                     <\/a>\n                            <\/h3>\n                    <\/div>\n    <!-- \/image-content -->\n        <\/div>\n<!-- \/module image --><!-- module buttons -->\n<div  class=\"module module-buttons tb_gsp2621 buttons-vertical solid   rounded\" data-lazy=\"1\">\n        <div class=\"module-buttons-item tf_in_flx\">\n                        <a href=\"http:\/\/mobilbox.pl\/de\/ausstattung\/mobel-und-austattung\/\" class=\"ui builder_button tf_in_flx red\" >\n                                                Suchen                                        <\/a>\n                <\/div>\n            <\/div>\n<!-- \/module buttons -->\n        <\/div>\n                    <div  data-lazy=\"1\" class=\"module_column tb-column col4-1 tb_708c6b5\">\n                    <!-- module image -->\n<div  class=\"module module-image tb_6b592c7 image-center   tf_mw\" data-lazy=\"1\">\n        <div class=\"image-wrap tf_rel tf_mw\">\n            <a href=\"http:\/\/mobilbox.pl\/de\/ausstattung\/elektrischer-heizkorper\/\">\n                   <img loading=\"lazy\" decoding=\"async\" src=\"http:\/\/mobilbox.pl\/de\/wp-content\/uploads\/2018\/08\/grzejnik-elektryczny-do-kontenera-6.jpg\" width=\"800\" height=\"600\" title=\"Elektrischer Heizk\u00f6rper\" alt=\"Elektrischer Heizk\u00f6rper\">        <\/a>\n    \n        <\/div>\n    <!-- \/image-wrap -->\n    \n        <div class=\"image-content\">\n                    <h3 class=\"image-title\">\n                                    <a href=\"http:\/\/mobilbox.pl\/de\/ausstattung\/elektrischer-heizkorper\/\">\n                        Elektrischer Heizk\u00f6rper                    <\/a>\n                            <\/h3>\n                    <\/div>\n    <!-- \/image-content -->\n        <\/div>\n<!-- \/module image --><!-- module buttons -->\n<div  class=\"module module-buttons tb_4kf8299 buttons-vertical solid   rounded\" data-lazy=\"1\">\n        <div class=\"module-buttons-item tf_in_flx\">\n                        <a href=\"http:\/\/mobilbox.pl\/de\/ausstattung\/elektrischer-heizkorper\/\" class=\"ui builder_button tf_in_flx red\" >\n                                                Suchen                                        <\/a>\n                <\/div>\n            <\/div>\n<!-- \/module buttons -->\n        <\/div>\n                    <div  data-lazy=\"1\" class=\"module_column tb-column col4-1 tb_220c339\">\n                    <!-- module image -->\n<div  class=\"module module-image tb_sc3c339 image-center   tf_mw\" data-lazy=\"1\">\n        <div class=\"image-wrap tf_rel tf_mw\">\n            <a href=\"http:\/\/mobilbox.pl\/de\/ausstattung\/klimaanlage\/\">\n                   <img loading=\"lazy\" decoding=\"async\" src=\"http:\/\/mobilbox.pl\/de\/wp-content\/uploads\/2018\/08\/klimatyzator-do-kontenera-11.jpg\" width=\"800\" height=\"600\" title=\"Klimaanlage\" alt=\"Klimaanlage\">        <\/a>\n    \n        <\/div>\n    <!-- \/image-wrap -->\n    \n        <div class=\"image-content\">\n                    <h3 class=\"image-title\">\n                                    <a href=\"http:\/\/mobilbox.pl\/de\/ausstattung\/klimaanlage\/\">\n                        Klimaanlage                    <\/a>\n                            <\/h3>\n                    <\/div>\n    <!-- \/image-content -->\n        <\/div>\n<!-- \/module image --><!-- module buttons -->\n<div  class=\"module module-buttons tb_gpjk339 buttons-vertical solid   rounded\" data-lazy=\"1\">\n        <div class=\"module-buttons-item tf_in_flx\">\n                        <a href=\"http:\/\/mobilbox.pl\/de\/ausstattung\/klimaanlage\/\" class=\"ui builder_button tf_in_flx red\" >\n                                                Suchen                                        <\/a>\n                <\/div>\n            <\/div>\n<!-- \/module buttons -->\n        <\/div>\n                    <div  data-lazy=\"1\" class=\"module_column tb-column col4-1 tb_n32x115 last\">\n                    <!-- module image -->\n<div  class=\"module module-image tb_zpk5115 image-center   tf_mw\" data-lazy=\"1\">\n        <div class=\"image-wrap tf_rel tf_mw\">\n            <a href=\"http:\/\/mobilbox.pl\/de\/ausstattung\/panoramafenster-fixverglasungen\/\">\n                   <img loading=\"lazy\" decoding=\"async\" src=\"http:\/\/mobilbox.pl\/de\/wp-content\/uploads\/2018\/06\/okna-panoramiczne-do-kontenera.jpg\" width=\"482\" height=\"362\" title=\"Panoramafenster\" alt=\"Panoramafenster\">        <\/a>\n    \n        <\/div>\n    <!-- \/image-wrap -->\n    \n        <div class=\"image-content\">\n                    <h3 class=\"image-title\">\n                                    <a href=\"http:\/\/mobilbox.pl\/de\/ausstattung\/panoramafenster-fixverglasungen\/\">\n                        Panoramafenster                    <\/a>\n                            <\/h3>\n                    <\/div>\n    <!-- \/image-content -->\n        <\/div>\n<!-- \/module image --><!-- module buttons -->\n<div  class=\"module module-buttons tb_4bfp115 buttons-vertical solid   rounded\" data-lazy=\"1\">\n        <div class=\"module-buttons-item tf_in_flx\">\n                        <a href=\"http:\/\/mobilbox.pl\/de\/ausstattung\/panoramafenster-fixverglasungen\/\" class=\"ui builder_button tf_in_flx red\" >\n                                                Suchen                                        <\/a>\n                <\/div>\n            <\/div>\n<!-- \/module buttons -->\n        <\/div>\n                        <\/div>\n        <\/div>\n                        <div  data-css_id=\"d295cfe\" data-lazy=\"1\" class=\"module_row themify_builder_row fullwidth_row_container tb_d295cfe tf_w\">\n                        <div class=\"row_inner col_align_top gutter-narrow tb_col_count_4 tf_box tf_rel\">\n                        <div  data-lazy=\"1\" class=\"module_column tb-column col4-1 tb_58sb941 first\">\n                    <!-- module image -->\n<div  class=\"module module-image tb_j2z8941 image-center   tf_mw\" data-lazy=\"1\">\n        <div class=\"image-wrap tf_rel tf_mw\">\n            <a href=\"http:\/\/mobilbox.pl\/de\/ausstattung\/treppen-und-podeste\/\">\n                   <img loading=\"lazy\" decoding=\"async\" src=\"http:\/\/mobilbox.pl\/de\/wp-content\/uploads\/2018\/09\/schody-do-kontenerow.jpg\" width=\"800\" height=\"600\" title=\"Treppe und Podest\" alt=\"Treppe und Podest\">        <\/a>\n    \n        <\/div>\n    <!-- \/image-wrap -->\n    \n        <div class=\"image-content\">\n                    <h3 class=\"image-title\">\n                                    <a href=\"http:\/\/mobilbox.pl\/de\/ausstattung\/treppen-und-podeste\/\">\n                        Treppe und Podest                    <\/a>\n                            <\/h3>\n                    <\/div>\n    <!-- \/image-content -->\n        <\/div>\n<!-- \/module image --><!-- module buttons -->\n<div  class=\"module module-buttons tb_slwv941 buttons-vertical solid   rounded\" data-lazy=\"1\">\n        <div class=\"module-buttons-item tf_in_flx\">\n                        <a href=\"http:\/\/mobilbox.pl\/de\/ausstattung\/treppen-und-podeste\/\" class=\"ui builder_button tf_in_flx red\" >\n                                                Suchen                                        <\/a>\n                <\/div>\n            <\/div>\n<!-- \/module buttons -->\n        <\/div>\n                    <div  data-lazy=\"1\" class=\"module_column tb-column col4-1 tb_e24p332\">\n                    <!-- module image -->\n<div  class=\"module module-image tb_gifh980 image-center   tf_mw\" data-lazy=\"1\">\n        <div class=\"image-wrap tf_rel tf_mw\">\n            <a href=\"http:\/\/mobilbox.pl\/de\/containerverkauf\/reifencontainer-zu-verkaufen\/\">\n                   <img loading=\"lazy\" decoding=\"async\" src=\"http:\/\/mobilbox.pl\/de\/wp-content\/uploads\/2025\/09\/Reifenlager-zu-verkaufen.jpg\" width=\"1000\" height=\"750\" title=\"Reifencontainer\" alt=\"Reifencontainer\">        <\/a>\n    \n        <\/div>\n    <!-- \/image-wrap -->\n    \n        <div class=\"image-content\">\n                    <h3 class=\"image-title\">\n                                    <a href=\"http:\/\/mobilbox.pl\/de\/containerverkauf\/reifencontainer-zu-verkaufen\/\">\n                        Reifencontainer                    <\/a>\n                            <\/h3>\n                    <\/div>\n    <!-- \/image-content -->\n        <\/div>\n<!-- \/module image --><!-- module buttons -->\n<div  class=\"module module-buttons tb_mdav841 buttons-vertical solid   rounded\" data-lazy=\"1\">\n        <div class=\"module-buttons-item tf_in_flx\">\n                        <a href=\"http:\/\/mobilbox.pl\/de\/containerverkauf\/reifencontainer-zu-verkaufen\/\" class=\"ui builder_button tf_in_flx red\" >\n                                                Suchen                                        <\/a>\n                <\/div>\n            <\/div>\n<!-- \/module buttons -->\n        <\/div>\n                    <div  data-lazy=\"1\" class=\"module_column tb-column col4-1 tb_5oug701\">\n                    <!-- module image -->\n<div  class=\"module module-image tb_mrnk701 image-center   tf_mw\" data-lazy=\"1\">\n        <div class=\"image-wrap tf_rel tf_mw\">\n            <a href=\"http:\/\/mobilbox.pl\/de\/ausstattung\/vordach\/\">\n                   <img loading=\"lazy\" decoding=\"async\" src=\"http:\/\/mobilbox.pl\/de\/wp-content\/uploads\/2018\/06\/zadaszenie-do-kontenerow.jpg\" width=\"482\" height=\"362\" title=\"Vordach\" alt=\"Vordach\">        <\/a>\n    \n        <\/div>\n    <!-- \/image-wrap -->\n    \n        <div class=\"image-content\">\n                    <h3 class=\"image-title\">\n                                    <a href=\"http:\/\/mobilbox.pl\/de\/ausstattung\/vordach\/\">\n                        Vordach                    <\/a>\n                            <\/h3>\n                    <\/div>\n    <!-- \/image-content -->\n        <\/div>\n<!-- \/module image --><!-- module buttons -->\n<div  class=\"module module-buttons tb_tasy701 buttons-vertical solid   rounded\" data-lazy=\"1\">\n        <div class=\"module-buttons-item tf_in_flx\">\n                        <a href=\"http:\/\/mobilbox.pl\/de\/ausstattung\/vordach\/\" class=\"ui builder_button tf_in_flx red\" >\n                                                Suchen                                        <\/a>\n                <\/div>\n            <\/div>\n<!-- \/module buttons -->\n        <\/div>\n                    <div  data-lazy=\"1\" class=\"module_column tb-column col4-1 tb_43o0396 last\">\n                    <!-- module image -->\n<div  class=\"module module-image tb_ds1f396 image-center   tf_mw\" data-lazy=\"1\">\n        <div class=\"image-wrap tf_rel tf_mw\">\n            <a href=\"http:\/\/mobilbox.pl\/de\/ausstattung\/fassaden-rollladen-insektenschutzgitter\/\">\n                   <img loading=\"lazy\" decoding=\"async\" src=\"http:\/\/mobilbox.pl\/de\/wp-content\/uploads\/2018\/06\/zaluzje-i-okladziny-do-kontenerow.jpg\" width=\"482\" height=\"362\" title=\"Sonnenschutz und Au\u00dfenverkleidungen\" alt=\"Sonnenschutz und Au\u00dfenverkleidungen\">        <\/a>\n    \n        <\/div>\n    <!-- \/image-wrap -->\n    \n        <div class=\"image-content\">\n                    <h3 class=\"image-title\">\n                                    <a href=\"http:\/\/mobilbox.pl\/de\/ausstattung\/fassaden-rollladen-insektenschutzgitter\/\">\n                        Sonnenschutz und Au\u00dfenverkleidungen                    <\/a>\n                            <\/h3>\n                    <\/div>\n    <!-- \/image-content -->\n        <\/div>\n<!-- \/module image --><!-- module buttons -->\n<div  class=\"module module-buttons tb_brn3396 buttons-vertical solid   rounded\" data-lazy=\"1\">\n        <div class=\"module-buttons-item tf_in_flx\">\n                        <a href=\"http:\/\/mobilbox.pl\/de\/ausstattung\/fassaden-rollladen-insektenschutzgitter\/\" class=\"ui builder_button tf_in_flx red\" >\n                                                Suchen                                        <\/a>\n                <\/div>\n            <\/div>\n<!-- \/module buttons -->\n        <\/div>\n                        <\/div>\n        <\/div>\n                        <div  data-css_id=\"cbqa099\" data-lazy=\"1\" class=\"module_row themify_builder_row fullwidth_row_container tb_cbqa099 tf_w\">\n                        <div class=\"row_inner col_align_top gutter-narrow tb_col_count_4 tf_box tf_rel\">\n                        <div  data-lazy=\"1\" class=\"module_column tb-column col4-1 tb_ftgz699 first\">\n                    <!-- module image -->\n<div  class=\"module module-image tb_zn2m699 image-center   tf_mw\" data-lazy=\"1\">\n        <div class=\"image-wrap tf_rel tf_mw\">\n            <a href=\"http:\/\/mobilbox.pl\/de\/ausstattung\/terrasse\/\">\n                   <img loading=\"lazy\" decoding=\"async\" src=\"http:\/\/mobilbox.pl\/de\/wp-content\/uploads\/2018\/08\/taras-do-kontenerow-mobilbox-3.jpg\" width=\"800\" height=\"600\" title=\"Terrasse\" alt=\"Terrasse\">        <\/a>\n    \n        <\/div>\n    <!-- \/image-wrap -->\n    \n        <div class=\"image-content\">\n                    <h3 class=\"image-title\">\n                                    <a href=\"http:\/\/mobilbox.pl\/de\/ausstattung\/terrasse\/\">\n                        Terrasse                    <\/a>\n                            <\/h3>\n                    <\/div>\n    <!-- \/image-content -->\n        <\/div>\n<!-- \/module image --><!-- module buttons -->\n<div  class=\"module module-buttons tb_mevu699 buttons-vertical solid   rounded\" data-lazy=\"1\">\n        <div class=\"module-buttons-item tf_in_flx\">\n                        <a href=\"http:\/\/mobilbox.pl\/de\/ausstattung\/terrasse\/\" class=\"ui builder_button tf_in_flx red\" >\n                                                Suchen                                        <\/a>\n                <\/div>\n            <\/div>\n<!-- \/module buttons -->\n        <\/div>\n                    <div  data-lazy=\"1\" class=\"module_column tb-column col4-1 tb_utl9980\">\n                    <!-- module image -->\n<div  class=\"module module-image tb_o4o6560 image-center   tf_mw\" data-lazy=\"1\">\n        <div class=\"image-wrap tf_rel tf_mw\">\n            <a href=\"http:\/\/mobilbox.pl\/de\/ausstattung\/behalterregale%20\/\">\n                   <img loading=\"lazy\" decoding=\"async\" src=\"http:\/\/mobilbox.pl\/de\/wp-content\/uploads\/2019\/03\/regal-482.jpg\" width=\"482\" height=\"362\" title=\"Containerregale\" alt=\"Containerregale\">        <\/a>\n    \n        <\/div>\n    <!-- \/image-wrap -->\n    \n        <div class=\"image-content\">\n                    <h3 class=\"image-title\">\n                                    <a href=\"http:\/\/mobilbox.pl\/de\/ausstattung\/behalterregale%20\/\">\n                        Containerregale                    <\/a>\n                            <\/h3>\n                    <\/div>\n    <!-- \/image-content -->\n        <\/div>\n<!-- \/module image --><!-- module buttons -->\n<div  class=\"module module-buttons tb_56tq980 buttons-vertical solid   rounded\" data-lazy=\"1\">\n        <div class=\"module-buttons-item tf_in_flx\">\n                        <a href=\"http:\/\/mobilbox.pl\/de\/ausstattung\/behalterregale%20\/\" class=\"ui builder_button tf_in_flx red\" >\n                                                Suchen                                        <\/a>\n                <\/div>\n            <\/div>\n<!-- \/module buttons -->\n        <\/div>\n                    <div  data-lazy=\"1\" class=\"module_column tb-column col4-1 tb_drnb529\">\n                            <\/div>\n                    <div  data-lazy=\"1\" class=\"module_column tb-column col4-1 tb_re3o080 last\">\n                            <\/div>\n                        <\/div>\n        <\/div>\n        <\/div>\n<!--\/themify_builder_content-->","protected":false},"excerpt":{"rendered":"<p>M\u00d6BEL UND AUSR\u00dcSTUNG F\u00dcR CONTAINERVERMIETUNG und VERKAUF VON M\u00d6BELN UND AUSR\u00dcSTUNG F\u00dcR CONTAINER W\u00e4hlen Sie aus einer Vielzahl von M\u00f6beln und Zubeh\u00f6r aus: M\u00f6bel Suchen Elektrischer Heizk\u00f6rper Suchen Klimaanlage Suchen Panoramafenster Suchen Treppe und Podest Suchen Reifencontainer Suchen Vordach Suchen Sonnenschutz und Au\u00dfenverkleidungen Suchen Terrasse Suchen Containerregale Suchen<\/p>\n","protected":false},"author":1,"featured_media":0,"parent":0,"menu_order":0,"comment_status":"closed","ping_status":"closed","template":"","meta":{"footnotes":""},"class_list":["post-18","page","type-page","status-publish","hentry","has-post-title","has-post-date","has-post-category","has-post-tag","has-post-comment","has-post-author",""],"_links":{"self":[{"href":"https:\/\/mobilbox.pl\/de\/wp-json\/wp\/v2\/pages\/18","targetHints":{"allow":["GET"]}}],"collection":[{"href":"https:\/\/mobilbox.pl\/de\/wp-json\/wp\/v2\/pages"}],"about":[{"href":"https:\/\/mobilbox.pl\/de\/wp-json\/wp\/v2\/types\/page"}],"author":[{"embeddable":true,"href":"https:\/\/mobilbox.pl\/de\/wp-json\/wp\/v2\/users\/1"}],"replies":[{"embeddable":true,"href":"https:\/\/mobilbox.pl\/de\/wp-json\/wp\/v2\/comments?post=18"}],"version-history":[{"count":0,"href":"https:\/\/mobilbox.pl\/de\/wp-json\/wp\/v2\/pages\/18\/revisions"}],"wp:attachment":[{"href":"https:\/\/mobilbox.pl\/de\/wp-json\/wp\/v2\/media?parent=18"}],"curies":[{"name":"wp","href":"https:\/\/api.w.org\/{rel}","templated":true}]}}