{"id":2551,"date":"2018-09-25T07:42:38","date_gmt":"2018-09-25T07:42:38","guid":{"rendered":"https:\/\/mobilbox.pl\/de\/?page_id=2551"},"modified":"2025-10-14T13:02:29","modified_gmt":"2025-10-14T11:02:29","slug":"uber-uns","status":"publish","type":"page","link":"https:\/\/mobilbox.pl\/de\/uber-uns\/","title":{"rendered":"\u00dcBER UNS"},"content":{"rendered":"<!--themify_builder_content-->\n<div id=\"themify_builder_content-2551\" data-postid=\"2551\" class=\"themify_builder_content themify_builder_content-2551 themify_builder tf_clear\">\n                    <div  data-lazy=\"1\" class=\"module_row themify_builder_row tb_t50n324 tb_first tf_w\">\n                        <div class=\"row_inner col_align_top tb_col_count_1 tf_box tf_rel\">\n                        <div  data-lazy=\"1\" class=\"module_column tb-column col-full tb_0pfb325 first\">\n                    <!-- module fancy heading -->\n<div  class=\"module module-fancy-heading tb_ccb1325 \" data-lazy=\"1\">\n        <h1 class=\"fancy-heading tf_textc\">\n    <span class=\"main-head tf_block\">\n                    CONTAINER MOBILBOX POLEN            <\/span>\n\n    \n    <span class=\"sub-head tf_block tf_rel\">\n                    B\u00dcROCONTAINER, SANIT\u00c4RCONTAINER, CONTAINERHAUS, WOHNCONTAINER, SEECONTAINER            <\/span>\n    <\/h1>\n<\/div>\n<!-- \/module fancy heading -->\n<!-- module text -->\n<div  class=\"module module-text tb_menv326   \" data-lazy=\"1\">\n        <div  class=\"tb_text_wrap\">\n            <\/div>\n<\/div>\n<!-- \/module text -->        <\/div>\n                        <\/div>\n        <\/div>\n                        <div  data-lazy=\"1\" class=\"module_row themify_builder_row tb_kg7h606 tf_w\">\n                        <div class=\"row_inner col_align_top tb_col_count_1 tf_box tf_rel\">\n                        <div  data-lazy=\"1\" class=\"module_column tb-column col-full tb_u3rn606 first\">\n                    <!-- module text -->\n<div  class=\"module module-text tb_6vzq606   \" data-lazy=\"1\">\n        <div  class=\"tb_text_wrap\">\n        <p><strong>Contianer Mobilbox<\/strong> ist eine weltweit agierende Gruppe spezialisierter Unternehmen, die Dienstleistungen im Bereich <strong>des Verleihs, des Verkaufs<\/strong>, des Service sowie des <strong>Modular<\/strong> \/ <strong>Containerbaus anbieten<\/strong>. Wir sind eins der gr\u00f6\u00dften Unternehmen in der Containerbranche, die KMUs, Privatabnehmer, Unternehmen, Gro\u00dfunternehmen, Korporationen, staatliche Einrichtungen, lokale Regierungseinheiten, Herstellungsbetriebe sowie Privatkunden direkt aus Abteilungen in <strong>Polen<\/strong> beliefert.<\/p>\n<p>Wir befassen uns mit der Entwicklung und<strong> Errichtung<\/strong> <strong>von Modulbauten<\/strong> auf Grundlage der <strong>Containertechnologie<\/strong>, z. B.: <strong>B\u00fcroh\u00e4user<\/strong>, <strong>Baustellen-Einrichtungen<\/strong>, <strong>Wohncontainer<\/strong>, <strong>Sozialhilfest\u00e4tten<\/strong>, <strong>Mitarbeiter-Kleiderr\u00e4ume<\/strong>, <strong>Sanit\u00e4ranlagen<\/strong>, <strong>technische Container<\/strong> sowie <strong>Lagerr\u00e4ume<\/strong>. Auf Grundlage der von uns angebotenen L\u00f6sungen <strong>erstellen wir Schulungs- und Konferenzr\u00e4ume<\/strong>, <strong>Anlagen f\u00fcr Zugangskontrolle, Prototyp-Entwicklungsanlagen, Schulungszentren<\/strong>, <strong>vor\u00fcbergehende B\u00fcros<\/strong>, <strong>Lagereinrichtungen, Stellen f\u00fcr Raucher, Modularschulen und -Vorschulen, Fahrrad-Abstellr\u00e4ume, gastronomische Anlagen, Einrichtungen f\u00fcr Sportst\u00e4tten sowie kleine Werkst\u00e4tten.<\/strong> Wir bauen <strong>modulare Verkaufsstellen<\/strong> <strong>aus Containern<\/strong> <strong>mit einem Modul oder mit mehreren Modulen, f\u00fcr Erbauer und Bauunternehmen, die Wohnungen und Gewerbest\u00e4tten, f\u00fcr Autosalons oder f\u00fcr alle sonstigen Arten des Gewerbes.<\/strong><br><strong>Unser Angebot umfasst: B\u00fcrocontainer, Wohncontainer, Sanit\u00e4rcontainer, Lagercontainer, \u00dcberseecontainer, Sozialcontainer, medizinische Container, zusammen faltende Container, Baucontainer, Isolations-Container, Pf\u00f6rtnercontainer, Wachh\u00e4user, Wachen, Meister-Container, technische Container.<\/strong><\/p>\n<p>Wir sichern <strong>Transport und Montage der Container, Garantie- und Nachgarantieservice, R\u00fcckkauf der Container<\/strong>, wir f\u00fchren ebenfalls <strong>Adaptationen der Container<\/strong> nach <strong>individuellen Auftr\u00e4gen durch<\/strong>. In den <strong>Containern<\/strong> installieren wir <strong>Panoramafenster<\/strong>, <strong>Klimaanlagen,<\/strong> <strong>Elektroheizk\u00f6rper,<\/strong> <strong>Schutzgitter, externe Jalousien, dekorative Fassaden aus Holz, \u00dcberdachungen \u00fcber Eing\u00e4nge oder \u00dcberdachungen \u00fcber Fenster,<\/strong> sowie eine Reihe sonstiger M\u00f6glichkeiten. Bei den meisten modularen St\u00e4tten werden <strong>Containertreppen<\/strong>, <strong>Podeste,<\/strong> <strong>Gel\u00e4nder<\/strong>, <strong>Terrassen<\/strong> sowie <strong>externe und interne Treppenh\u00e4user<\/strong> und <strong>dekorative Attikas<\/strong> installiert. Wir installieren in den Containern alle <strong>erforderlichen Ausstattungsteile f\u00fcr Behinderte<\/strong>. <strong>Sanit\u00e4rcontainer<\/strong> werden mit besonderen <strong>Stahlbeh\u00e4ltern f\u00fcr F\u00e4kalien<\/strong> ausgestattet (<strong>Abwasser<\/strong>-\/<strong> Faulbeh\u00e4lter<\/strong>), <strong>die unter dem Container installiert werden<\/strong>, sowie mit <strong>Beh\u00e4ltern f\u00fcr sauberes Wasser<\/strong>.<\/p>\n<p><strong>Die Installation von EDV-Systemen und -Infrastruktur<\/strong> stellt ebenfalls kein Problem f\u00fcr uns dar. Wir bem\u00fchen uns ebenfalls darum, alle Projekte vollumf\u00e4nglich abzuwickeln, vollst\u00e4ndige Ausstattung der Container sichernd. Seit Jahren befassen wir uns mit Projekten im Bereich des <strong>Verleihs und Verkaufs von M\u00f6beln<\/strong> \u2013 <strong>darunter B\u00fcrom\u00f6beln, K\u00fcchenausstattung<\/strong>, <strong>Dokumentenregale<\/strong>, <strong>Arbeitssicherheitsschr\u00e4nke<\/strong>, <strong>Mitarbeiterschr\u00e4nke<\/strong>, Lagerhausregale, sowie mit dem Verleih von <strong>Radios<\/strong>, <strong>Fernseher<\/strong> und <strong>Hausausstattung<\/strong> \u2013 <strong>K\u00fchlschr\u00e4nke<\/strong>, <strong>Mikrowellen<\/strong> und <strong>Klimaanlagen<\/strong>.<\/p>\n<p>Wir beliefern <strong>Produktionsbetriebe<\/strong> <strong>sowie<\/strong> <strong>Unternehmen<\/strong>, <strong>die sich mit der Metallbearbeitung f\u00fcr Container <\/strong>befassen, wessen Teile bei <strong>Containersanierungen<\/strong>, &#8211; <strong>Anpassungen<\/strong> oder bei der <strong>Produktion<\/strong> <strong>von technischen<\/strong> <strong>Containern<\/strong> auf Grundlage von <strong>\u00dcberseecontainern<\/strong> oder <strong>Paneelcontainern<\/strong> verwendet werden.<\/p>\n<p><strong>Die modifizierten Containermodule<\/strong> werden folgenderma\u00dfen genutzt: <strong>Serverr\u00e4ume<\/strong>, <strong>Elektroausstattung<\/strong>, <strong>Energieerzeugung<\/strong>, <strong>Stromaggregate<\/strong>, <strong>Container<\/strong>, die f\u00fcr die <strong>Montage von Elektro- sowie MSR-Ausstattung<\/strong> v<strong>orgesehen sind, Navigations-Infrastrukturcontainer<\/strong>, <strong>Shelter Container<\/strong>, <strong>DVOR<\/strong> &#8211; <strong>Container<\/strong>, <strong>Schulungseinheiten<\/strong> <strong>f\u00fcr die Armee<\/strong> <strong>oder Feuerwehr<\/strong>, <strong>Container &#8211; Kesselh\u00e4user<\/strong>, <strong>Milit\u00e4rcontainer<\/strong>, <strong>sogar Schwimmb\u00e4der<\/strong> und <strong>Containerh\u00e4user<\/strong>.<\/p>\n<p>In unserem Angebot finden Sie auch eine breite <strong>Auswahl an Containerteile<\/strong>, wie: <strong>Ecken, T\u00fcrriegel f\u00fcr \u00dcbersee- und Lagercontainer, T\u00fcrabdichtungen, Streben f\u00fcr die Verbindung von Paneelcontainern, Ventilationsgitter sowie T\u00fcrscharniere f\u00fcr \u00dcbersee- und Lagerhauscontainer, Fu\u00dfbodensperrholz sowie externe und interne Dekorationsteile f\u00fcr die \u00e4sthetische Gestaltung der Modularbauten<\/strong>.<\/p>\n<p>Wir unterst\u00fctzen unsere Kunden bei komplizierten und technisch anspruchsvollen Investitionen in den sich am dynamischsten entwickelten Sektoren, wie: <strong>Bauwesen, Stra\u00dfenbau, Eisenbahn, Logistik, Produktion, Energieproduktion, Bergbau und Industrie<\/strong>.<\/p>\n<p>Die Gruppe ist durch die Ungarische Gesellschaft Mobilbox Kontener Kereskedelmi Kft. geleitet, die aus 12 Unternehmen besteht.<\/p>    <\/div>\n<\/div>\n<!-- \/module text -->        <\/div>\n                        <\/div>\n        <\/div>\n                        <div  data-css_id=\"0pa5149\" data-lazy=\"1\" class=\"module_row themify_builder_row fullwidth_row_container tb_0pa5149 tf_w\">\n                        <div class=\"row_inner col_align_top tb_col_count_3 tf_box tf_rel\">\n                        <div  data-lazy=\"1\" class=\"module_column tb-column col3-1 tb_fgyw149 first\">\n                    <!-- module text -->\n<div  class=\"module module-text tb_ngrm150   \" data-lazy=\"1\">\n        <div  class=\"tb_text_wrap\">\n        <p><strong>Mobilbox Poland<\/strong><\/p>\n<hr style=\"background: #cccccc;\">\n<div>Mobilbox Polska SP. Z O. O.<\/div>\n<div>Al. Krakowska 1,\u00a0 Wola Mrokowska<br>05-552 W\u00f3lka Kosowska<br>Polska<\/div>\n<div>website: <span style=\"color: #ff0000;\">www.mobilbox.pl<\/span><\/div>\n<div>e-mail: <span style=\"color: #ff0000;\">info@mobilboxcontainer.pl<\/span><\/div>    <\/div>\n<\/div>\n<!-- \/module text --><!-- module text -->\n<div  class=\"module module-text tb_6lxj874   \" data-lazy=\"1\">\n        <div  class=\"tb_text_wrap\">\n        <p><strong>Mobilbox Czechy <\/strong><\/p>\n<hr style=\"background: #cccccc;\">\n<div>Mobilbox CZ s.r.o<\/div>\n<div>Korunni 2569\/108g, Vinohrady, 101 00 Praha 10 Provozovna\/Postovni adresa: U Vozovny 1, 108 00 Praha 10, 108 00 Czech Republic<\/div>\n<div>website: <span style=\"color: #ff0000;\">www.mobilboxcontainer.cz<\/span><\/div>\n<div>e-mail: <span style=\"color: #ff0000;\">info@mobilboxcontainer.cz<\/span><\/div>    <\/div>\n<\/div>\n<!-- \/module text --><!-- module text -->\n<div  class=\"module module-text tb_z8zu150   \" data-lazy=\"1\">\n        <div  class=\"tb_text_wrap\">\n        <p><strong>Mobilbox Germany <\/strong><\/p>\n<hr>\n<div>Mobilbox GmbH<\/div>\n<div>Heidornweg 11<\/div>\n<div>27419 Sittensen<\/div>\n<div>Germany<\/div>\n<div> website: <span style=\"color: #ff0000;\">www.mobilboxcontainer.de<\/span><\/div>\n<div>e-mail: <span style=\"color: #ff0000;\">info@mobilboxcontainer.de<\/span><\/div>\n    <\/div>\n<\/div>\n<!-- \/module text --><!-- module text -->\n<div  class=\"module module-text tb_83kx151   \" data-lazy=\"1\">\n        <div  class=\"tb_text_wrap\">\n        <p><strong>Mobilbox Slovakia<\/strong><\/p>\n<hr>\n<p>Mobilbox SK s.r.o<br>Vojnarska 140<br>831 04 Bratislava<br>Slovakia<br>website: <span style=\"color: #ff0000;\">www.mobilbox.sk<\/span><br>e-mail: <span style=\"color: #ff0000;\">info@mobilbox.sk<\/span><\/p>    <\/div>\n<\/div>\n<!-- \/module text -->        <\/div>\n                    <div  data-lazy=\"1\" class=\"module_column tb-column col3-1 tb_gwwm152\">\n                    <!-- module text -->\n<div  class=\"module module-text tb_o574152   \" data-lazy=\"1\">\n        <div  class=\"tb_text_wrap\">\n        <p><strong>Mobilbox Hungary<br \/>\n<\/strong><\/p>\n<hr>\n<div>\nMobilbox Kontener Kereskedelmi Kft.<br \/>\nH-1037 Budapest, Montevideo utca 4.\n<\/div>\n<div>Hungary<\/div>\n<div>website: <span style=\"color: #ff0000;\">www.mobilbox.hu<\/span><\/div>\n<div>e-mail:<span style=\"color: #ff0000;\"> info@mobilbox.hu<\/span><\/div>\n    <\/div>\n<\/div>\n<!-- \/module text --><!-- module text -->\n<div  class=\"module module-text tb_nppe154   \" data-lazy=\"1\">\n        <div  class=\"tb_text_wrap\">\n        <p><strong>Mobilbox Romania <\/strong><\/p>\n<hr>\n<div>Mobilbox Romania SRL<\/div>\n<div>Bucuresti, Sector 5<\/div>\n<div>Sos.Alexandriei, no.203F<\/div>\n<div>Romania<\/div>\n<div>website: <span style=\"color: #ff0000;\">www.mobilbox.ro<\/span><\/div>\n<div>e-mail: <span style=\"color: #ff0000;\">office@mobilbox.ro<\/span><\/div>    <\/div>\n<\/div>\n<!-- \/module text --><!-- module text -->\n<div  class=\"module module-text tb_ptzt154   \" data-lazy=\"1\">\n        <div  class=\"tb_text_wrap\">\n        <p><strong>Mobilbox New Zealand <\/strong><\/p>\n<hr>\n<div>Mobilbox Limited<\/div>\n<div>17 Anvil Road,<\/div>\n<div>Silverdale, Auckland<\/div>\n<div>New Zealand<\/div>\n<div>website: <span style=\"color: #ff0000;\">www.mobilbox.co.nz<\/span><\/div>\n<div>e-mail: <span style=\"color: #ff0000;\">info@mobilbox.co.nz<\/span><\/div>    <\/div>\n<\/div>\n<!-- \/module text --><!-- module text -->\n<div  class=\"module module-text tb_dhpe154   \" data-lazy=\"1\">\n        <div  class=\"tb_text_wrap\">\n        <p><strong>Mobilbox <\/strong><strong>Serbia<br \/>\n<\/strong><\/p>\n<hr>\n<div>\nMobilbox Container D.O.O.\n<\/div>\n<div>RS-11070 Beograd Novi Beograd<\/div>\n<div>Vladimira Popovi\u0107a 38-40 (GTC Avenija br. 19)<br \/>\nSerbia<\/div>\n<div>website: <span style=\"color: #ff0000;\">www.mobilbox.rs<\/span><\/div>\n<div>mail: <span style=\"color: #ff0000;\">info@mobilbox.rs<\/span><\/div>\n    <\/div>\n<\/div>\n<!-- \/module text --><!-- module text -->\n<div  class=\"module module-text tb_7t6y151   \" data-lazy=\"1\">\n        <div  class=\"tb_text_wrap\">\n        <p><strong>Mobilbox Slovenia<br \/>\n<\/strong><\/p>\n<hr>\n<div>\nMobilbox d.o.o.\n<\/div>\n<div>Dunajska cesta 136<\/div>\n<div>1000 Ljubljana<\/div>\n<div>Slovenia<\/div>\n<div>website: <span style=\"color: #ff0000;\">www.mobilbox.si<\/span><\/div>\n<div>e-mail: <span style=\"color: #ff0000;\">info@mobilbox.si<\/span><\/div>\n    <\/div>\n<\/div>\n<!-- \/module text -->        <\/div>\n                    <div  data-lazy=\"1\" class=\"module_column tb-column col3-1 tb_2kr5155 last\">\n                    <!-- module text -->\n<div  class=\"module module-text tb_bwes155   \" data-lazy=\"1\">\n        <div  class=\"tb_text_wrap\">\n        <p><strong>Mobilbox Bulgaria <\/strong><\/p>\n<hr style=\"background: #cccccc;\">\n<div>Mobilbox Bulgaria EOOD<\/div>\n<div>Sofia 1113<\/div>\n<div>2 Benio Tsonev St, entrance B, office 4<\/div>\n<div>Bulgaria<\/div>\n<div>website: <span style=\"color: #ff0000;\">www.mobilbox.bg<\/span><\/div>\n<div>e-mail: <span style=\"color: #ff0000;\">info@mobilbox.bg<\/span><\/div>\n    <\/div>\n<\/div>\n<!-- \/module text --><!-- module text -->\n<div  class=\"module module-text tb_1rpa155   \" data-lazy=\"1\">\n        <div  class=\"tb_text_wrap\">\n        <p><strong>Mobilbox Argentina<\/strong><\/p>\n<hr>\n<div>\nMobilbox S.A.\n<\/div>\n<div>Alicia Moreau de Justo 1150 OF: 302 B,<br \/>\nArgentina<\/div>\n<div>website: <span style=\"color: #ff0000;\">www.mobilbox.com.ar<\/span><\/div>\n<div>e-mail: <span style=\"color: #ff0000;\">info@mobilbox.com.ar<\/span><\/div>\n    <\/div>\n<\/div>\n<!-- \/module text --><!-- module text -->\n<div  class=\"module module-text tb_dwp0155   \" data-lazy=\"1\">\n        <div  class=\"tb_text_wrap\">\n        <p><strong>Mobilbox Austria <\/strong><\/p>\n<hr style=\"background: #cccccc;\">\n<div>Mobilbox Austria GmbH<\/div>\n<div>Ernest-Gily Gasse 1,<\/div>\n<div>AT-2482 Miinchendorf<\/div>\n<div>Austria<\/div>\n<div>website: <span style=\"color: #ff0000;\">www.mobilbox.at<\/span><\/div>\n<div>e-mail: <span style=\"color: #ff0000;\">info@mobilbox.at<\/span><\/div>    <\/div>\n<\/div>\n<!-- \/module text --><!-- module text -->\n<div  class=\"module module-text tb_arof156   \" data-lazy=\"1\">\n        <div  class=\"tb_text_wrap\">\n        <p><strong>Mobilbox Croatia<br \/>\n<\/strong><\/p>\n<hr style=\"background: #cccccc;\">\n<div>\nMobilbox Container d.o.o.\n<\/div>\n<div>Kaptol 13<\/div>\n<div>HR-10000 Zagreb<\/div>\n<div>Croatia<\/div>\n<div>website: <span style=\"color: #ff0000;\">www.mobilbox.hr<\/span><\/div>\n<div>e-mail: <span style=\"color: #ff0000;\">info@mobilbox.hr<\/span><\/div>\n    <\/div>\n<\/div>\n<!-- \/module text -->        <\/div>\n                        <\/div>\n        <\/div>\n                        <div  data-lazy=\"1\" class=\"module_row themify_builder_row tb_d7f4dea tf_w\">\n                        <div class=\"row_inner col_align_middle tb_col_count_2 tf_box tf_rel\">\n                        <div  data-lazy=\"1\" class=\"module_column tb-column col4-2 tb_823d78e first\">\n                    <!-- module image -->\n<div  class=\"module module-image tb_9715a4b image-full-overlay   tf_mw\" data-lazy=\"1\">\n        <div class=\"image-wrap tf_rel tf_mw\">\n            <img loading=\"lazy\" decoding=\"async\" src=\"http:\/\/mobilbox.pl\/de\/wp-content\/uploads\/2018\/12\/mobilbox.jpg\" width=\"1200\" height=\"795\" title=\"\u00dcBER UNS\" alt=\"\u00dcBER UNS\">    \n        <\/div>\n    <!-- \/image-wrap -->\n    \n        <\/div>\n<!-- \/module image -->        <\/div>\n                    <div  data-lazy=\"1\" class=\"module_column tb-column col4-2 tb_e195eee last\">\n                    <!-- module text -->\n<div  class=\"module module-text tb_259187c   \" data-lazy=\"1\">\n        <div  class=\"tb_text_wrap\">\n        <p>Die Unternehmensphilosophie hat sich sich seit der Gr\u00fcndung des Unternehmens nicht ver\u00e4ndert. Wir arbeiten gem\u00e4\u00df den Anforderungen des Qualit\u00e4tssicherungssystems ISO 9001, sowie einer von der Wirtschaftspr\u00fcfungsgesellschaft Det Norske Veritas anerkannten Qualit\u00e4tspolitik.\u00a0<\/p>\n<p>Unsere Dienstleistungen beinhalten die Planung, Lieferung, Vermietung und den Verkauf von <b>B\u00fcrocontainer<\/b>, <b>Lagercontainer<\/b>, <b>Sanit\u00e4rcontainer<\/b>, <b>Spezialcontainern<\/b> sowie geeignetes Zubeh\u00f6r.\u00a0<\/p>\n<p>Mobilbox bietet seinen Kunden professionelle Containermontagen, <b>Containerreparaturen<\/b>, Transporte sowie zahlreiche andere Serviceleistungen rund um<b> Container<\/b> und mobile <b>Raumsysteme<\/b>.\u00a0<\/p>    <\/div>\n<\/div>\n<!-- \/module text -->        <\/div>\n                        <\/div>\n        <\/div>\n                        <div  data-lazy=\"1\" class=\"module_row themify_builder_row tb_a174f5a tf_w\">\n                        <div class=\"row_inner col_align_top tb_col_count_1 tf_box tf_rel\">\n                        <div  data-lazy=\"1\" class=\"module_column tb-column col-full tb_d0ce16c first\">\n                    <!-- module text -->\n<div  class=\"module module-text tb_9e4575c   \" data-lazy=\"1\">\n        <div  class=\"tb_text_wrap\">\n        <p>Dar\u00fcber hinaus bieten Ihnen die Mobilbox-Gruppe die Vermietung und den Verkauf von M\u00f6beln und Zubeh\u00f6r, Klimager\u00e4ten, Abwassertanks sowie Treppen und Podeste.<\/p>\n<p>Aufgrund einer auf langfristigen Wachstum ausgelegten Gesch\u00e4ftsstrategie, die auf hohem Qualit\u00e4tsbewusstsein bei den Produkten und den damit verbundenen Dienstleistungen basiert stellt die Mobilbox-Gruppe heute eine leistungsf\u00e4hige und bekannte Marke dar.<\/p>\n<p>Lassen auch Sie sich von unseren Produkten und unserer Dienstleistung \u00fcberzeugen und kontaktieren Sie uns !\u00a0<\/p>    <\/div>\n<\/div>\n<!-- \/module text -->        <\/div>\n                        <\/div>\n        <\/div>\n                        <div  data-parallax-bg=\"desktop\" data-css_id=\"54739d1\" data-lazy=\"1\" class=\"module_row themify_builder_row fullwidth_row_container tb_54739d1 tf_w\">\n            <span  class=\"builder_row_cover tf_abs\" data-lazy=\"1\"><\/span>            <div class=\"row_inner col_align_top tb_col_count_1 tf_box tf_rel\">\n                        <div  data-lazy=\"1\" class=\"module_column tb-column col-full tb_a0348f8 first\">\n                            <div  data-lazy=\"1\" class=\"module_subrow themify_builder_sub_row tf_w col_align_top tb_col_count_3 tb_0329922\">\n                <div  data-lazy=\"1\" class=\"module_column sub_column col4-1 tb_6b87c7d first\">\n                            <\/div>\n                    <div  data-lazy=\"1\" class=\"module_column sub_column col4-2 tb_dc1d875\">\n                    <!-- module fancy heading -->\n<div  class=\"module module-fancy-heading tb_fd7ebf5 \" data-lazy=\"1\">\n        <h2 class=\"fancy-heading tf_textc\">\n    <span class=\"main-head tf_block\">\n                    <strong>SCHREIBEN SIE UNS<\/strong>            <\/span>\n\n    \n    <span class=\"sub-head tf_block tf_rel\">\n                                <\/span>\n    <\/h2>\n<\/div>\n<!-- \/module fancy heading -->\n<!-- module text -->\n<div  class=\"module module-text tb_1ff305f   \" data-lazy=\"1\">\n        <div  class=\"tb_text_wrap\">\n        <div class=\"s2\" style=\"text-align: center;\">\n<div class=\"s2\">F\u00fcr ein individuelles Angebot f\u00fcllen sie bitte unser Kontaktformular aus.<\/div>\n<\/div>\n<div>\u00a0<\/div>\n<p style=\"text-align: center;\"><div class=\"wpforms-container wpforms-container-full\" id=\"wpforms-218\"><form id=\"wpforms-form-218\" class=\"wpforms-validate wpforms-form\" data-formid=\"218\" method=\"post\" enctype=\"multipart\/form-data\" action=\"\/de\/wp-json\/wp\/v2\/pages\/2551\" data-token=\"f643de21ffc15b690882870816ee227d\" data-token-time=\"1775842103\"><noscript class=\"wpforms-error-noscript\">Bitte aktiviere JavaScript in deinem Browser, um dieses Formular fertigzustellen.<\/noscript><div class=\"wpforms-field-container\"><div id=\"wpforms-218-field_5-container\" class=\"wpforms-field wpforms-field-hidden\" data-field-id=\"5\"><input type=\"hidden\" id=\"wpforms-218-field_5\" name=\"wpforms[fields][5]\" value=\"https:\/\/mobilbox.pl\/de\/wp-json\/wp\/v2\/pages\/2551\"><\/div><div id=\"wpforms-218-field_2-container\" class=\"wpforms-field wpforms-field-text newsletter2\" data-field-id=\"2\"><label class=\"wpforms-field-label wpforms-label-hide\" for=\"wpforms-218-field_2\">Name \/ Firma\/ Kontaktperson<\/label><input type=\"text\" id=\"wpforms-218-field_2\" class=\"wpforms-field-large\" name=\"wpforms[fields][2]\" placeholder=\"Name \/ Firma\/ Kontaktperson\" ><\/div><div id=\"wpforms-218-field_1-container\" class=\"wpforms-field wpforms-field-email wpforms-one-half\" data-field-id=\"1\"><label class=\"wpforms-field-label wpforms-label-hide\" for=\"wpforms-218-field_1\">Email <span class=\"wpforms-required-label\">*<\/span><\/label><input type=\"email\" id=\"wpforms-218-field_1\" class=\"wpforms-field-large wpforms-field-required\" name=\"wpforms[fields][1]\" placeholder=\"Email\" spellcheck=\"false\" required><\/div><div id=\"wpforms-218-field_4-container\" class=\"wpforms-field wpforms-field-text wpforms-one-half\" data-field-id=\"4\"><label class=\"wpforms-field-label wpforms-label-hide\" for=\"wpforms-218-field_4\">Telefonnummer <span class=\"wpforms-required-label\">*<\/span><\/label><input type=\"text\" id=\"wpforms-218-field_4\" class=\"wpforms-field-large wpforms-field-required\" name=\"wpforms[fields][4]\" placeholder=\"Telefonnummer\" required><\/div><div id=\"wpforms-218-field_3-container\" class=\"wpforms-field wpforms-field-textarea\" data-field-id=\"3\"><label class=\"wpforms-field-label wpforms-label-hide\" for=\"wpforms-218-field_3\">Nachricht<\/label><textarea id=\"wpforms-218-field_3\" class=\"wpforms-field-small\" name=\"wpforms[fields][3]\" placeholder=\"Nachricht\" ><\/textarea><\/div><div id=\"wpforms-218-field_13-container\" class=\"wpforms-field wpforms-field-checkbox\" data-field-id=\"13\"><label class=\"wpforms-field-label\">Ich akzeptiere die Datenschutzerkl\u00e4rung <span class=\"wpforms-required-label\">*<\/span><\/label><ul id=\"wpforms-218-field_13\" class=\"wpforms-field-required\"><li class=\"choice-1 depth-1\"><input type=\"checkbox\" id=\"wpforms-218-field_13_1\" name=\"wpforms[fields][13][]\" value=\"Ich stimme der Verarbeitung personenbezogener Daten zu Marketing- und kommerziellen Zwecken zu und stimme der Verwendung der Endger\u00e4te f\u00fcr Direktmarketing zu.\" required ><label class=\"wpforms-field-label-inline\" for=\"wpforms-218-field_13_1\">Ich stimme der Verarbeitung personenbezogener Daten zu Marketing- und kommerziellen Zwecken zu und stimme der Verwendung der Endger\u00e4te f\u00fcr Direktmarketing zu.<\/label><\/li><\/ul><\/div><\/div><!-- .wpforms-field-container --><div class=\"wpforms-field wpforms-field-hp\"><label for=\"wpforms-218-field-hp\" class=\"wpforms-field-label\">Message<\/label><input type=\"text\" name=\"wpforms[hp]\" id=\"wpforms-218-field-hp\" class=\"wpforms-field-medium\"><\/div><div class=\"wpforms-submit-container\" ><input type=\"hidden\" name=\"wpforms[id]\" value=\"218\"><input type=\"hidden\" name=\"page_title\" value=\"\"><input type=\"hidden\" name=\"page_url\" value=\"https:\/\/mobilbox.pl\/de\/wp-json\/wp\/v2\/pages\/2551\"><input type=\"hidden\" name=\"url_referer\" value=\"\"><button type=\"submit\" name=\"wpforms[submit]\" id=\"wpforms-submit-218\" class=\"wpforms-submit\" data-alt-text=\"Senden\" data-submit-text=\"Senden\" aria-live=\"assertive\" value=\"wpforms-submit\">Senden<\/button><\/div><\/form><\/div>  <!-- .wpforms-container --><\/p>    <\/div>\n<\/div>\n<!-- \/module text -->        <\/div>\n                    <div  data-lazy=\"1\" class=\"module_column sub_column col4-1 tb_194edf8 last\">\n                            <\/div>\n                    <\/div>\n                <\/div>\n                        <\/div>\n        <\/div>\n        <\/div>\n<!--\/themify_builder_content-->","protected":false},"excerpt":{"rendered":"<p>CONTAINER MOBILBOX POLENB\u00dcROCONTAINER, SANIT\u00c4RCONTAINER, CONTAINERHAUS, WOHNCONTAINER, SEECONTAINER Contianer Mobilbox ist eine weltweit agierende Gruppe spezialisierter Unternehmen, die Dienstleistungen im Bereich des Verleihs, des Verkaufs, des Service sowie des Modular \/ Containerbaus anbieten. Wir sind eins der gr\u00f6\u00dften Unternehmen in der Containerbranche, die KMUs, Privatabnehmer, Unternehmen, Gro\u00dfunternehmen, Korporationen, staatliche Einrichtungen, lokale Regierungseinheiten, Herstellungsbetriebe sowie Privatkunden direkt [&hellip;]<\/p>\n","protected":false},"author":3,"featured_media":0,"parent":0,"menu_order":0,"comment_status":"closed","ping_status":"closed","template":"","meta":{"footnotes":""},"class_list":["post-2551","page","type-page","status-publish","hentry","has-post-title","has-post-date","has-post-category","has-post-tag","has-post-comment","has-post-author",""],"_links":{"self":[{"href":"https:\/\/mobilbox.pl\/de\/wp-json\/wp\/v2\/pages\/2551","targetHints":{"allow":["GET"]}}],"collection":[{"href":"https:\/\/mobilbox.pl\/de\/wp-json\/wp\/v2\/pages"}],"about":[{"href":"https:\/\/mobilbox.pl\/de\/wp-json\/wp\/v2\/types\/page"}],"author":[{"embeddable":true,"href":"https:\/\/mobilbox.pl\/de\/wp-json\/wp\/v2\/users\/3"}],"replies":[{"embeddable":true,"href":"https:\/\/mobilbox.pl\/de\/wp-json\/wp\/v2\/comments?post=2551"}],"version-history":[{"count":0,"href":"https:\/\/mobilbox.pl\/de\/wp-json\/wp\/v2\/pages\/2551\/revisions"}],"wp:attachment":[{"href":"https:\/\/mobilbox.pl\/de\/wp-json\/wp\/v2\/media?parent=2551"}],"curies":[{"name":"wp","href":"https:\/\/api.w.org\/{rel}","templated":true}]}}