{"id":26,"date":"2018-03-14T08:11:57","date_gmt":"2018-03-14T08:11:57","guid":{"rendered":"http:\/\/mytrejka.nazwa.pl\/mobilbox\/?page_id=26"},"modified":"2024-09-03T12:42:47","modified_gmt":"2024-09-03T10:42:47","slug":"vertretungen","status":"publish","type":"page","link":"https:\/\/mobilbox.pl\/de\/vertretungen\/","title":{"rendered":"MOBILBOX DEUTSCHLAND"},"content":{"rendered":"<!--themify_builder_content-->\n<div id=\"themify_builder_content-26\" data-postid=\"26\" class=\"themify_builder_content themify_builder_content-26 themify_builder tf_clear\">\n                    <div  data-desktop-padding=\",6px\" data-css_id=\"7c30207\" data-lazy=\"1\" class=\"module_row themify_builder_row fullwidth_row_container tb_7c30207 tb_first tf_w\">\n                        <div class=\"row_inner col_align_top tb_col_count_3 tf_box tf_rel\">\n                        <div  data-lazy=\"1\" class=\"module_column tb-column col3-1 tb_6l7x207 first\">\n                    <!-- module text -->\n<div  class=\"module module-text tb_8bjk207   \" data-lazy=\"1\">\n        <div  class=\"tb_text_wrap\">\n        <p>\u00a0Sind Sie an <span style=\"font-weight: bold;\">Containern<\/span> interessiert?<br><br>Ben\u00f6tigen Sie <span style=\"font-weight: bold;\">milit\u00e4rische Container<\/span>?<br><br>Planen Sie, einen <span style=\"font-weight: bold;\">Campus f\u00fcr Milit\u00e4reinheiten<\/span> zu bauen?<br><br>Planen Sie, M\u00f6bel zu mieten?<br><br>Ben\u00f6tigen Sie Platz in einer Produktionshalle?<br><br>Suchen Sie nach <span style=\"font-weight: bold;\">Sanit\u00e4ranlagen<\/span>?<\/p>    <\/div>\n<\/div>\n<!-- \/module text -->        <\/div>\n                    <div  data-lazy=\"1\" class=\"module_column tb-column col3-1 tb_5kgs207\">\n                    <!-- module fancy heading -->\n<div  class=\"module module-fancy-heading tb_ostc207  tb_hide_divider\" data-lazy=\"1\">\n        <h1 class=\"fancy-heading tf_textc\">\n    <span class=\"main-head tf_block\">\n                    KUNDENKONTAKT            <\/span>\n\n    \n    <span class=\"sub-head tf_block tf_rel\">\n                                <\/span>\n    <\/h1>\n<\/div>\n<!-- \/module fancy heading -->\n<!-- module text -->\n<div  class=\"module module-text tb_z27q83   \" data-lazy=\"1\">\n        <div  class=\"tb_text_wrap\">\n        <p style=\"text-align: center;\"><strong><span style=\"color: #ff0000;\">Dominik Weber<\/span><\/strong><\/p>\n<p style=\"text-align: center;\">Verkauf von Containern und Modulgeb\u00e4uden<br><strong>Deutsch<\/strong><\/p>\n<p style=\"text-align: center;\"><strong><span style=\"color: #ff0000;\">tel:<\/span><\/strong> <a href=\"tel:+48885850053\">+48 885 850 053<\/a>\u00a0 \u00a0<strong><a href=\"https:\/\/wa.me\/+48885850053\"><img loading=\"lazy\" decoding=\"async\" class=\"alignnone wp-image-14564\" src=\"https:\/\/mobilbox.pl\/wp-content\/uploads\/2024\/01\/whatsapp-logo.png\" alt=\"\" width=\"96\" height=\"19\"><\/a><\/strong><\/p>\n<p style=\"text-align: center;\"><strong><span style=\"color: #ff0000;\">e-mail: <\/span><\/strong><a href=\"mailto:d.weber@mobilbox.pl\">d.weber@mobilbox.pl<\/a><\/p>    <\/div>\n<\/div>\n<!-- \/module text -->        <\/div>\n                    <div  data-lazy=\"1\" class=\"module_column tb-column col3-1 tb_2wf4207 last\">\n                    <!-- module fancy heading -->\n<div  class=\"module module-fancy-heading tb_ya53207  tb_hide_divider\" data-lazy=\"1\">\n        <h1 class=\"fancy-heading tf_textc\">\n    <span class=\"main-head tf_block\">\n                    MOBILBOX POLEN            <\/span>\n\n    \n    <span class=\"sub-head tf_block tf_rel\">\n                                <\/span>\n    <\/h1>\n<\/div>\n<!-- \/module fancy heading -->\n<!-- module text -->\n<div  class=\"module module-text tb_g30d208   \" data-lazy=\"1\">\n        <div  class=\"tb_text_wrap\">\n        <p style=\"text-align: center;\"><strong><span style=\"color: #ff0000;\">WARSAW CENTRAL OFFICE<\/span> <br><\/strong><\/p>\n<div style=\"text-align: center;\">al. Krakowska 1, Wola Mrokowska<\/div>\n<div style=\"text-align: center;\">\u00a005-552 W\u00f3lka Kosowska<\/div>\n<div style=\"text-align: center;\"><a href=\"mailto:starzyk@mobilboxcontainer.pl\">e-mail:<\/a> <span style=\"color: #ed1c24;\"><strong>\u00a0 <\/strong><\/span><a href=\"mailto:info@mobilbox.pl\">info@mobilbox.pl<\/a><\/div>\n<div style=\"text-align: center;\">\n<p><span style=\"font-weight: bold;\">Web:\u00a0<\/span> \u00a0 <a href=\"http:\/\/mobilbox.pl\/de\">www.mobilbox.pl\/de<\/a><\/p>\n<\/div>\n<p><span style=\"font-weight: bold;\">KRS <\/span>0000453488 , <span style=\"font-weight: bold;\">NIP<\/span> 1231276004, REGON\u00a0 146561805 BDO:000173266,<\/p>\n<p><span style=\"font-weight: bold;\">Kapita\u0142 zak\u0142adowy<\/span> 100 000,00 PLN<br><strong>Bank Pekao<\/strong> 15 1240 6351 1111 0010 4995 7942<\/p>    <\/div>\n<\/div>\n<!-- \/module text -->        <\/div>\n                        <\/div>\n        <\/div>\n                        <div  data-css_id=\"ie7h560\" data-lazy=\"1\" class=\"module_row themify_builder_row fullwidth tb_ie7h560 tf_w\">\n                        <div class=\"row_inner col_align_top tb_col_count_1 tf_box tf_rel\">\n                        <div  data-lazy=\"1\" class=\"module_column tb-column col-full tb_lkju560 first\">\n                    <!-- module text -->\n<div  class=\"module module-text tb_sq6f560   \" data-lazy=\"1\">\n        <div  class=\"tb_text_wrap\">\n        <p><iframe loading=\"lazy\" src=\"https:\/\/www.google.com\/maps\/d\/u\/0\/embed?mid=1GtxwgkI2VthTjFeHWh-FQCnnNDW6GZTN\" width=\"1920\" height=\"500\"><\/iframe><\/p>\n    <\/div>\n<\/div>\n<!-- \/module text -->        <\/div>\n                        <\/div>\n        <\/div>\n                        <div  data-parallax-bg=\"desktop\" data-css_id=\"8a51a3f\" data-lazy=\"1\" class=\"module_row themify_builder_row fullwidth_row_container tb_8a51a3f tf_w\">\n            <span  class=\"builder_row_cover tf_abs\" data-lazy=\"1\"><\/span>            <div class=\"row_inner col_align_top tb_col_count_1 tf_box tf_rel\">\n                        <div  data-lazy=\"1\" class=\"module_column tb-column col-full tb_21f0df6 first\">\n                            <div  data-lazy=\"1\" class=\"module_subrow themify_builder_sub_row tf_w col_align_top tb_col_count_3 tb_d337239\">\n                <div  data-lazy=\"1\" class=\"module_column sub_column col4-1 tb_6b62f1f first\">\n                            <\/div>\n                    <div  data-lazy=\"1\" class=\"module_column sub_column col4-2 tb_b25bd5d\">\n                    <!-- module fancy heading -->\n<div  class=\"module module-fancy-heading tb_483b766 \" data-lazy=\"1\">\n        <h2 class=\"fancy-heading tf_textc\">\n    <span class=\"main-head tf_block\">\n                    <strong>SCHREIBEN SIE UNS<\/strong>            <\/span>\n\n    \n    <span class=\"sub-head tf_block tf_rel\">\n                                <\/span>\n    <\/h2>\n<\/div>\n<!-- \/module fancy heading -->\n<!-- module text -->\n<div  class=\"module module-text tb_1f3f985   \" data-lazy=\"1\">\n        <div  class=\"tb_text_wrap\">\n        <div class=\"s2\" style=\"text-align: center;\">\n<div class=\"s2\">F\u00fcr ein individuelles Angebot f\u00fcllen sie bitte unser Kontaktformular aus.<\/div>\n<\/div>\n<div>\u00a0<\/div>\n<p style=\"text-align: center;\"><div class=\"wpforms-container wpforms-container-full\" id=\"wpforms-218\"><form id=\"wpforms-form-218\" class=\"wpforms-validate wpforms-form\" data-formid=\"218\" method=\"post\" enctype=\"multipart\/form-data\" action=\"\/de\/wp-json\/wp\/v2\/pages\/26\" data-token=\"f643de21ffc15b690882870816ee227d\" data-token-time=\"1775860687\"><noscript class=\"wpforms-error-noscript\">Bitte aktiviere JavaScript in deinem Browser, um dieses Formular fertigzustellen.<\/noscript><div class=\"wpforms-field-container\"><div id=\"wpforms-218-field_5-container\" class=\"wpforms-field wpforms-field-hidden\" data-field-id=\"5\"><input type=\"hidden\" id=\"wpforms-218-field_5\" name=\"wpforms[fields][5]\" value=\"https:\/\/mobilbox.pl\/de\/wp-json\/wp\/v2\/pages\/26\"><\/div><div id=\"wpforms-218-field_2-container\" class=\"wpforms-field wpforms-field-text newsletter2\" data-field-id=\"2\"><label class=\"wpforms-field-label wpforms-label-hide\" for=\"wpforms-218-field_2\">Name \/ Firma\/ Kontaktperson<\/label><input type=\"text\" id=\"wpforms-218-field_2\" class=\"wpforms-field-large\" name=\"wpforms[fields][2]\" placeholder=\"Name \/ Firma\/ Kontaktperson\" ><\/div><div id=\"wpforms-218-field_1-container\" class=\"wpforms-field wpforms-field-email wpforms-one-half\" data-field-id=\"1\"><label class=\"wpforms-field-label wpforms-label-hide\" for=\"wpforms-218-field_1\">Email <span class=\"wpforms-required-label\">*<\/span><\/label><input type=\"email\" id=\"wpforms-218-field_1\" class=\"wpforms-field-large wpforms-field-required\" name=\"wpforms[fields][1]\" placeholder=\"Email\" spellcheck=\"false\" required><\/div><div id=\"wpforms-218-field_4-container\" class=\"wpforms-field wpforms-field-text wpforms-one-half\" data-field-id=\"4\"><label class=\"wpforms-field-label wpforms-label-hide\" for=\"wpforms-218-field_4\">Telefonnummer <span class=\"wpforms-required-label\">*<\/span><\/label><input type=\"text\" id=\"wpforms-218-field_4\" class=\"wpforms-field-large wpforms-field-required\" name=\"wpforms[fields][4]\" placeholder=\"Telefonnummer\" required><\/div><div id=\"wpforms-218-field_3-container\" class=\"wpforms-field wpforms-field-textarea\" data-field-id=\"3\"><label class=\"wpforms-field-label wpforms-label-hide\" for=\"wpforms-218-field_3\">Nachricht<\/label><textarea id=\"wpforms-218-field_3\" class=\"wpforms-field-small\" name=\"wpforms[fields][3]\" placeholder=\"Nachricht\" ><\/textarea><\/div><div id=\"wpforms-218-field_13-container\" class=\"wpforms-field wpforms-field-checkbox\" data-field-id=\"13\"><label class=\"wpforms-field-label\">Ich akzeptiere die Datenschutzerkl\u00e4rung <span class=\"wpforms-required-label\">*<\/span><\/label><ul id=\"wpforms-218-field_13\" class=\"wpforms-field-required\"><li class=\"choice-1 depth-1\"><input type=\"checkbox\" id=\"wpforms-218-field_13_1\" name=\"wpforms[fields][13][]\" value=\"Ich stimme der Verarbeitung personenbezogener Daten zu Marketing- und kommerziellen Zwecken zu und stimme der Verwendung der Endger\u00e4te f\u00fcr Direktmarketing zu.\" required ><label class=\"wpforms-field-label-inline\" for=\"wpforms-218-field_13_1\">Ich stimme der Verarbeitung personenbezogener Daten zu Marketing- und kommerziellen Zwecken zu und stimme der Verwendung der Endger\u00e4te f\u00fcr Direktmarketing zu.<\/label><\/li><\/ul><\/div><\/div><!-- .wpforms-field-container --><div class=\"wpforms-field wpforms-field-hp\"><label for=\"wpforms-218-field-hp\" class=\"wpforms-field-label\">Email<\/label><input type=\"text\" name=\"wpforms[hp]\" id=\"wpforms-218-field-hp\" class=\"wpforms-field-medium\"><\/div><div class=\"wpforms-submit-container\" ><input type=\"hidden\" name=\"wpforms[id]\" value=\"218\"><input type=\"hidden\" name=\"page_title\" value=\"\"><input type=\"hidden\" name=\"page_url\" value=\"https:\/\/mobilbox.pl\/de\/wp-json\/wp\/v2\/pages\/26\"><input type=\"hidden\" name=\"url_referer\" value=\"\"><button type=\"submit\" name=\"wpforms[submit]\" id=\"wpforms-submit-218\" class=\"wpforms-submit\" data-alt-text=\"Senden\" data-submit-text=\"Senden\" aria-live=\"assertive\" value=\"wpforms-submit\">Senden<\/button><\/div><\/form><\/div>  <!-- .wpforms-container --><\/p>    <\/div>\n<\/div>\n<!-- \/module text -->        <\/div>\n                    <div  data-lazy=\"1\" class=\"module_column sub_column col4-1 tb_e6945d9 last\">\n                            <\/div>\n                    <\/div>\n                <\/div>\n                        <\/div>\n        <\/div>\n        <\/div>\n<!--\/themify_builder_content-->","protected":false},"excerpt":{"rendered":"<p>\u00a0Sind Sie an Containern interessiert?Ben\u00f6tigen Sie milit\u00e4rische Container?Planen Sie, einen Campus f\u00fcr Milit\u00e4reinheiten zu bauen?Planen Sie, M\u00f6bel zu mieten?Ben\u00f6tigen Sie Platz in einer Produktionshalle?Suchen Sie nach Sanit\u00e4ranlagen?<\/p>\n","protected":false},"author":1,"featured_media":0,"parent":0,"menu_order":0,"comment_status":"closed","ping_status":"closed","template":"","meta":{"footnotes":""},"class_list":["post-26","page","type-page","status-publish","hentry","has-post-title","has-post-date","has-post-category","has-post-tag","has-post-comment","has-post-author",""],"_links":{"self":[{"href":"https:\/\/mobilbox.pl\/de\/wp-json\/wp\/v2\/pages\/26","targetHints":{"allow":["GET"]}}],"collection":[{"href":"https:\/\/mobilbox.pl\/de\/wp-json\/wp\/v2\/pages"}],"about":[{"href":"https:\/\/mobilbox.pl\/de\/wp-json\/wp\/v2\/types\/page"}],"author":[{"embeddable":true,"href":"https:\/\/mobilbox.pl\/de\/wp-json\/wp\/v2\/users\/1"}],"replies":[{"embeddable":true,"href":"https:\/\/mobilbox.pl\/de\/wp-json\/wp\/v2\/comments?post=26"}],"version-history":[{"count":0,"href":"https:\/\/mobilbox.pl\/de\/wp-json\/wp\/v2\/pages\/26\/revisions"}],"wp:attachment":[{"href":"https:\/\/mobilbox.pl\/de\/wp-json\/wp\/v2\/media?parent=26"}],"curies":[{"name":"wp","href":"https:\/\/api.w.org\/{rel}","templated":true}]}}