{"id":4237,"date":"2019-03-15T13:32:03","date_gmt":"2019-03-15T13:32:03","guid":{"rendered":"https:\/\/mobilbox.pl\/de\/?page_id=4237"},"modified":"2025-09-24T09:11:48","modified_gmt":"2025-09-24T07:11:48","slug":"behalterregale","status":"publish","type":"page","link":"https:\/\/mobilbox.pl\/de\/ausstattung\/behalterregale\/","title":{"rendered":"Containerregale"},"content":{"rendered":"<!--themify_builder_content-->\n<div id=\"themify_builder_content-4237\" data-postid=\"4237\" class=\"themify_builder_content themify_builder_content-4237 themify_builder tf_clear\">\n                    <div  data-lazy=\"1\" class=\"module_row themify_builder_row tb_c6b4192 tb_first tf_w\">\n                        <div class=\"row_inner col_align_top tb_col_count_1 tf_box tf_rel\">\n                        <div  data-lazy=\"1\" class=\"module_column tb-column col-full tb_b065b04 first\">\n                    <!-- module text -->\n<div  class=\"module module-text tb_z8xx695   \" data-lazy=\"1\">\n        <div  class=\"tb_text_wrap\">\n        <h1 style=\"text-align: center;\">Containerregale<\/h1>    <\/div>\n<\/div>\n<!-- \/module text -->        <\/div>\n                        <\/div>\n        <\/div>\n                        <div  data-lazy=\"1\" class=\"module_row themify_builder_row tb_04ug160 tf_w\">\n                        <div class=\"row_inner col_align_top tb_col_count_2 tf_box tf_rel\">\n                        <div  data-lazy=\"1\" class=\"module_column tb-column col4-2 tb_ssmq160 first\">\n                    <!-- module text -->\n<div  class=\"module module-text tb_mz1s160   \" data-lazy=\"1\">\n        <div  class=\"tb_text_wrap\">\n        <p>Regalsystem empfohlen f\u00fcr Lagerbeh\u00e4lter. Eine innovative L\u00f6sung aufgrund der Vielseitigkeit der Verwendung, der Ergonomie und der M\u00f6glichkeit, verschiedene Medien zu lagern.<\/p>\n<p><strong>Vorteile:<\/strong><\/p>\n<p>[su_list icon=&#8220;icon: check-square-o&#8220; icon_color=&#8220;#ed1c24&#8243;]<\/p>\n<ul>\n<li>solide und funktionelle Ausf\u00fchrung<\/li>\n<li>M\u00f6glichkeit der Anwendung bei vielen Arten von gelagerten G\u00fctern, sowohl in Bezug auf Gewicht als auch Gr\u00f6\u00dfe<\/li>\n<li>schnelle \u00c4nderung der erforderlichen Konfiguration<\/li>\n<li>schnelle und einfache Montage &#8211; 15 Minuten<\/li>\n<li>pr\u00e4zise Ausf\u00fchrung<\/li>\n<li>Befestigung angepasst an den Bau eines Seecontainers<\/li>\n<li>hohe Tragf\u00e4higkeit<\/li>\n<\/ul>\n<p>[\/su_list]<\/p>    <\/div>\n<\/div>\n<!-- \/module text -->        <\/div>\n                    <div  data-lazy=\"1\" class=\"module_column tb-column col4-2 tb_p1s5160 last\">\n                    <!-- module image -->\n<div  class=\"module module-image tb_wujs160 image-top   tf_mw\" data-lazy=\"1\">\n        <div class=\"image-wrap tf_rel tf_mw\">\n            <img loading=\"lazy\" decoding=\"async\" src=\"http:\/\/mobilbox.pl\/de\/wp-content\/uploads\/2019\/03\/regal-do-kontenera.jpg\" width=\"650\" height=\"381\" title=\"Containerregale\" alt=\"Containerregale\">    \n        <\/div>\n    <!-- \/image-wrap -->\n    \n        <\/div>\n<!-- \/module image -->        <\/div>\n                        <\/div>\n        <\/div>\n                        <div  data-lazy=\"1\" class=\"module_row themify_builder_row tb_a3i7083 tf_w\">\n                        <div class=\"row_inner col_align_top tb_col_count_1 tf_box tf_rel\">\n                        <div  data-lazy=\"1\" class=\"module_column tb-column col-full tb_b22m800 first\">\n                    <!-- module text -->\n<div  class=\"module module-text tb_xnt1844   \" data-lazy=\"1\">\n        <div  class=\"tb_text_wrap\">\n        <p>Bei dem von uns angebotenen Produkt handelt es sich um Fachregale mit hoher Haltbarkeit, die eine betr\u00e4chtliche Ladung von G\u00fctern, aber auch alle Arten von Werkzeugen, Teilen, Farbdosen, Lacken, Schl\u00e4uchen, Kabeln, Rohren und allen anderen Artikeln erfolgreich aufnehmen k\u00f6nnen. Jedes von uns angebotene Fachregal aus Metall hat eine sehr hohe Nutzlast pro Regalfach, die im Bereich von 60 kg bis 800 kg liegt.<br \/>Der Aufbau der Regale erm\u00f6glicht deren Reihenverbindung. Dies schafft die M\u00f6glichkeit einer nahezu unbegrenzten Nutzung der Regale als Lagerplatz f\u00fcr eine Vielzahl von Materialien.<\/p>    <\/div>\n<\/div>\n<!-- \/module text -->        <\/div>\n                        <\/div>\n        <\/div>\n                        <div  data-css_id=\"3ee1640\" data-lazy=\"1\" class=\"module_row themify_builder_row fullwidth_row_container tb_3ee1640 tf_w\">\n                        <div class=\"row_inner col_align_top tb_col_count_1 tf_box tf_rel\">\n                        <div  data-lazy=\"1\" class=\"module_column tb-column col-full tb_932f181 first\">\n                    <!-- module gallery -->\n<div  class=\"module gallery module-gallery tb_fafaa6e layout-grid bordered \" data-lazy=\"1\">\n    <h3 class=\"module-title\">Beispielbilder<\/h3><div class=\"module-gallery-grid\" style=\"--gald:4;--galt:4;--galm:4\">\n            <dl class=\"gallery-item\">\n            <dt class=\"gallery-icon\">\n            <a data-title=\"\" title=\"\" href=\"https:\/\/mobilbox.pl\/de\/wp-content\/uploads\/2019\/03\/Container-shelves-12.jpg\" data-rel=\"tb_fafaa6e\" class=\"themify_lightbox\"><img loading=\"lazy\" decoding=\"async\" src=\"https:\/\/mobilbox.pl\/de\/wp-content\/uploads\/2019\/03\/Container-shelves-12-768x1024-300x200.jpg\" width=\"300\" height=\"200\" class=\"wp-post-image wp-image-4254\" title=\"Container-shelves-12\" alt=\"Container-shelves-12\"><\/a>            <\/dt>\n                    <\/dl>\n            <dl class=\"gallery-item\">\n            <dt class=\"gallery-icon\">\n            <a data-title=\"\" title=\"\" href=\"https:\/\/mobilbox.pl\/de\/wp-content\/uploads\/2019\/03\/Container-shelves-11.jpg\" data-rel=\"tb_fafaa6e\" class=\"themify_lightbox\"><img loading=\"lazy\" decoding=\"async\" src=\"https:\/\/mobilbox.pl\/de\/wp-content\/uploads\/2019\/03\/Container-shelves-11-768x1024-300x200.jpg\" width=\"300\" height=\"200\" class=\"wp-post-image wp-image-4253\" title=\"Container-shelves-11\" alt=\"Container-shelves-11\"><\/a>            <\/dt>\n                    <\/dl>\n            <dl class=\"gallery-item\">\n            <dt class=\"gallery-icon\">\n            <a data-title=\"\" title=\"\" href=\"https:\/\/mobilbox.pl\/de\/wp-content\/uploads\/2019\/03\/Container-shelves-10.jpg\" data-rel=\"tb_fafaa6e\" class=\"themify_lightbox\"><img loading=\"lazy\" decoding=\"async\" src=\"https:\/\/mobilbox.pl\/de\/wp-content\/uploads\/2019\/03\/Container-shelves-10-768x1024-300x200.jpg\" width=\"300\" height=\"200\" class=\"wp-post-image wp-image-4252\" title=\"Container-shelves-10\" alt=\"Container-shelves-10\"><\/a>            <\/dt>\n                    <\/dl>\n            <dl class=\"gallery-item\">\n            <dt class=\"gallery-icon\">\n            <a data-title=\"\" title=\"\" href=\"https:\/\/mobilbox.pl\/de\/wp-content\/uploads\/2019\/03\/Container-shelves-9.jpg\" data-rel=\"tb_fafaa6e\" class=\"themify_lightbox\"><img loading=\"lazy\" decoding=\"async\" src=\"https:\/\/mobilbox.pl\/de\/wp-content\/uploads\/2019\/03\/Container-shelves-9-768x1024-300x200.jpg\" width=\"300\" height=\"200\" class=\"wp-post-image wp-image-4251\" title=\"Container-shelves-9\" alt=\"Container-shelves-9\"><\/a>            <\/dt>\n                    <\/dl>\n            <dl class=\"gallery-item\">\n            <dt class=\"gallery-icon\">\n            <a data-title=\"\" title=\"\" href=\"https:\/\/mobilbox.pl\/de\/wp-content\/uploads\/2019\/03\/Container-shelves-8.jpg\" data-rel=\"tb_fafaa6e\" class=\"themify_lightbox\"><img loading=\"lazy\" decoding=\"async\" src=\"https:\/\/mobilbox.pl\/de\/wp-content\/uploads\/2019\/03\/Container-shelves-8-768x1024-300x200.jpg\" width=\"300\" height=\"200\" class=\"wp-post-image wp-image-4250\" title=\"Container-shelves-8\" alt=\"Container-shelves-8\"><\/a>            <\/dt>\n                    <\/dl>\n            <dl class=\"gallery-item\">\n            <dt class=\"gallery-icon\">\n            <a data-title=\"\" title=\"\" href=\"https:\/\/mobilbox.pl\/de\/wp-content\/uploads\/2019\/03\/Container-shelves-7.jpg\" data-rel=\"tb_fafaa6e\" class=\"themify_lightbox\"><img loading=\"lazy\" decoding=\"async\" src=\"https:\/\/mobilbox.pl\/de\/wp-content\/uploads\/2019\/03\/Container-shelves-7-768x1024-300x200.jpg\" width=\"300\" height=\"200\" class=\"wp-post-image wp-image-4249\" title=\"Container-shelves-7\" alt=\"Container-shelves-7\"><\/a>            <\/dt>\n                    <\/dl>\n            <dl class=\"gallery-item\">\n            <dt class=\"gallery-icon\">\n            <a data-title=\"\" title=\"\" href=\"https:\/\/mobilbox.pl\/de\/wp-content\/uploads\/2019\/03\/Container-shelves-6.jpg\" data-rel=\"tb_fafaa6e\" class=\"themify_lightbox\"><img loading=\"lazy\" decoding=\"async\" src=\"https:\/\/mobilbox.pl\/de\/wp-content\/uploads\/2019\/03\/Container-shelves-6-768x1024-300x200.jpg\" width=\"300\" height=\"200\" class=\"wp-post-image wp-image-4248\" title=\"Container-shelves-6\" alt=\"Container-shelves-6\"><\/a>            <\/dt>\n                    <\/dl>\n            <dl class=\"gallery-item\">\n            <dt class=\"gallery-icon\">\n            <a data-title=\"\" title=\"\" href=\"https:\/\/mobilbox.pl\/de\/wp-content\/uploads\/2019\/03\/Container-shelves-5.jpg\" data-rel=\"tb_fafaa6e\" class=\"themify_lightbox\"><img loading=\"lazy\" decoding=\"async\" src=\"https:\/\/mobilbox.pl\/de\/wp-content\/uploads\/2019\/03\/Container-shelves-5-768x1024-300x200.jpg\" width=\"300\" height=\"200\" class=\"wp-post-image wp-image-4247\" title=\"Container-shelves-5\" alt=\"Container-shelves-5\"><\/a>            <\/dt>\n                    <\/dl>\n            <dl class=\"gallery-item\">\n            <dt class=\"gallery-icon\">\n            <a data-title=\"\" title=\"\" href=\"https:\/\/mobilbox.pl\/de\/wp-content\/uploads\/2019\/03\/Container-shelves-4.jpg\" data-rel=\"tb_fafaa6e\" class=\"themify_lightbox\"><img loading=\"lazy\" decoding=\"async\" src=\"https:\/\/mobilbox.pl\/de\/wp-content\/uploads\/2019\/03\/Container-shelves-4-768x1024-300x200.jpg\" width=\"300\" height=\"200\" class=\"wp-post-image wp-image-4246\" title=\"Container-shelves-4\" alt=\"Container-shelves-4\"><\/a>            <\/dt>\n                    <\/dl>\n            <dl class=\"gallery-item\">\n            <dt class=\"gallery-icon\">\n            <a data-title=\"\" title=\"\" href=\"https:\/\/mobilbox.pl\/de\/wp-content\/uploads\/2019\/03\/Container-shelves-3.jpg\" data-rel=\"tb_fafaa6e\" class=\"themify_lightbox\"><img loading=\"lazy\" decoding=\"async\" src=\"https:\/\/mobilbox.pl\/de\/wp-content\/uploads\/2019\/03\/Container-shelves-3-768x1024-300x200.jpg\" width=\"300\" height=\"200\" class=\"wp-post-image wp-image-4245\" title=\"Container-shelves-3\" alt=\"Container-shelves-3\"><\/a>            <\/dt>\n                    <\/dl>\n            <dl class=\"gallery-item\">\n            <dt class=\"gallery-icon\">\n            <a data-title=\"\" title=\"\" href=\"https:\/\/mobilbox.pl\/de\/wp-content\/uploads\/2019\/03\/Container-shelves-2.jpg\" data-rel=\"tb_fafaa6e\" class=\"themify_lightbox\"><img loading=\"lazy\" decoding=\"async\" src=\"https:\/\/mobilbox.pl\/de\/wp-content\/uploads\/2019\/03\/Container-shelves-2-768x1024-300x200.jpg\" width=\"300\" height=\"200\" class=\"wp-post-image wp-image-4244\" title=\"Container-shelves-2\" alt=\"Container-shelves-2\"><\/a>            <\/dt>\n                    <\/dl>\n            <dl class=\"gallery-item\">\n            <dt class=\"gallery-icon\">\n            <a data-title=\"\" title=\"\" href=\"https:\/\/mobilbox.pl\/de\/wp-content\/uploads\/2019\/03\/Container-shelves-1.jpg\" data-rel=\"tb_fafaa6e\" class=\"themify_lightbox\"><img loading=\"lazy\" decoding=\"async\" src=\"https:\/\/mobilbox.pl\/de\/wp-content\/uploads\/2019\/03\/Container-shelves-1-768x1024-300x200.jpg\" width=\"300\" height=\"200\" class=\"wp-post-image wp-image-4243\" title=\"Container-shelves-1\" alt=\"Container-shelves-1\"><\/a>            <\/dt>\n                    <\/dl>\n    <\/div>\n<\/div>\n<!-- \/module gallery -->        <\/div>\n                        <\/div>\n        <\/div>\n        <\/div>\n<!--\/themify_builder_content-->\n<p>&nbsp;<\/p>","protected":false},"excerpt":{"rendered":"<p>Containerregale Regalsystem empfohlen f\u00fcr Lagerbeh\u00e4lter. Eine innovative L\u00f6sung aufgrund der Vielseitigkeit der Verwendung, der Ergonomie und der M\u00f6glichkeit, verschiedene Medien zu lagern. Vorteile: [su_list icon=&#8220;icon: check-square-o&#8220; icon_color=&#8220;#ed1c24&#8243;] solide und funktionelle Ausf\u00fchrung M\u00f6glichkeit der Anwendung bei vielen Arten von gelagerten G\u00fctern, sowohl in Bezug auf Gewicht als auch Gr\u00f6\u00dfe schnelle \u00c4nderung der erforderlichen Konfiguration schnelle und [&hellip;]<\/p>\n","protected":false},"author":3,"featured_media":0,"parent":18,"menu_order":0,"comment_status":"closed","ping_status":"closed","template":"","meta":{"footnotes":""},"class_list":["post-4237","page","type-page","status-publish","hentry","has-post-title","has-post-date","has-post-category","has-post-tag","has-post-comment","has-post-author",""],"_links":{"self":[{"href":"https:\/\/mobilbox.pl\/de\/wp-json\/wp\/v2\/pages\/4237","targetHints":{"allow":["GET"]}}],"collection":[{"href":"https:\/\/mobilbox.pl\/de\/wp-json\/wp\/v2\/pages"}],"about":[{"href":"https:\/\/mobilbox.pl\/de\/wp-json\/wp\/v2\/types\/page"}],"author":[{"embeddable":true,"href":"https:\/\/mobilbox.pl\/de\/wp-json\/wp\/v2\/users\/3"}],"replies":[{"embeddable":true,"href":"https:\/\/mobilbox.pl\/de\/wp-json\/wp\/v2\/comments?post=4237"}],"version-history":[{"count":0,"href":"https:\/\/mobilbox.pl\/de\/wp-json\/wp\/v2\/pages\/4237\/revisions"}],"up":[{"embeddable":true,"href":"https:\/\/mobilbox.pl\/de\/wp-json\/wp\/v2\/pages\/18"}],"wp:attachment":[{"href":"https:\/\/mobilbox.pl\/de\/wp-json\/wp\/v2\/media?parent=4237"}],"curies":[{"name":"wp","href":"https:\/\/api.w.org\/{rel}","templated":true}]}}