{"id":4343,"date":"2021-12-14T14:50:17","date_gmt":"2021-12-14T13:50:17","guid":{"rendered":"https:\/\/mobilbox.pl\/de\/?page_id=4343"},"modified":"2025-09-05T13:55:40","modified_gmt":"2025-09-05T11:55:40","slug":"hersteller-von-containern","status":"publish","type":"page","link":"https:\/\/mobilbox.pl\/de\/hersteller-von-containern\/","title":{"rendered":"Hersteller von Containern"},"content":{"rendered":"<!--themify_builder_content-->\n<div id=\"themify_builder_content-4343\" data-postid=\"4343\" class=\"themify_builder_content themify_builder_content-4343 themify_builder tf_clear\">\n                    <div  data-lazy=\"1\" class=\"module_row themify_builder_row tb_cdje221 tb_first tf_w\">\n                        <div class=\"row_inner col_align_top tb_col_count_1 tf_box tf_rel\">\n                        <div  data-lazy=\"1\" class=\"module_column tb-column col-full tb_lxk4222 first\">\n                    <!-- module fancy heading -->\n<div  class=\"module module-fancy-heading tb_d5yo223 \" data-lazy=\"1\">\n        <h1 class=\"fancy-heading tf_textc\">\n    <span class=\"main-head tf_block\">\n                    Die Herstellung von B\u00fcro-, Bau - und Sanit\u00e4rcontainern Polen             <\/span>\n\n    \n    <span class=\"sub-head tf_block tf_rel\">\n                    B\u00fcrocontainer, Wohncontainer, Baucontainer, Sanit\u00e4rcontainer, Sozialcontainern            <\/span>\n    <\/h1>\n<\/div>\n<!-- \/module fancy heading -->\n<!-- module text -->\n<div  class=\"module module-text tb_ghew901   \" data-lazy=\"1\">\n        <div  class=\"tb_text_wrap\">\n        <h2>\u00a0<\/h2>    <\/div>\n<\/div>\n<!-- \/module text -->        <\/div>\n                        <\/div>\n        <\/div>\n                        <div  data-lazy=\"1\" class=\"module_row themify_builder_row tb_9y1i899 tf_w\">\n                        <div class=\"row_inner col_align_middle tb_col_count_2 tf_box tf_rel\">\n                        <div  data-lazy=\"1\" class=\"module_column tb-column col4-2 tb_kdg9900 first\">\n                    <!-- module text -->\n<div  class=\"module module-text tb_fmuc902   \" data-lazy=\"1\">\n        <div  class=\"tb_text_wrap\">\n        <h2>Container Hersteller<\/h2>\n<p>Mobilbox ist eine Firma, die auf vielen ausl\u00e4ndischen M\u00e4rkten t\u00e4tig ist; sie hat in ihrem Portfolio nicht nur die Ausf\u00fchrung von standardm\u00e4\u00dfigen Containerobjekten, sondern auch zahlreiche spezifische Containerobjekte, wie z.B.: <span style=\"font-weight: bold;\">Containerschulen, -kinderg\u00e4rten, -b\u00fcroh\u00e4user, Modulhotels, Unterk\u00fcnfte und Hotels f\u00fcr Mitarbeiter, Dienstleistungen, Einkaufspavillons und sogar Modul- oder Containerobjekte f\u00fcr Fl\u00fcchtlinge.<\/span><\/p>\n<p>Die Herstellung von <span style=\"font-weight: bold;\">B\u00fcro-, Wohn-, Bau-, Sanit\u00e4r-, Lager-, Sozialcontainern, Pf\u00f6rtnerh\u00e4usern, W\u00e4chterh\u00e4usern, Meisterh\u00e4usern, Medizin- und Garderobencontainern<\/span>, die f\u00fcr den Verkauf und die Vermietung sowie f\u00fcr den Bau von Modulgeb\u00e4uden bestimmt sind, wird auf modernen technologischen Linien mit Verwendung von speziellen Metallbearbeitungsmaschinen ausgef\u00fchrt und mit modernen, hochqualitativen Komponenten ausgestattet ist.<\/p>\n<p>Aus unseren Containern kann man <span style=\"font-weight: bold;\">moderne Nebeneinrichtungen und Sozialobjekte sowie B\u00fcros f\u00fcr leitendes Personal fertigstellen<\/span>, wobei Bauvorhaben, <span style=\"font-weight: bold;\">Containerhotels, Ferienh\u00e4user oder Containersommerhaus ausgef\u00fchrt werden.<\/span><\/p>    <\/div>\n<\/div>\n<!-- \/module text -->        <\/div>\n                    <div  data-lazy=\"1\" class=\"module_column tb-column col4-2 tb_mx6h902 last\">\n                    <!-- module image -->\n<div  class=\"module module-image tb_udsk902 image-center rounded  tf_mw\" data-lazy=\"1\">\n        <div class=\"image-wrap tf_rel tf_mw\">\n            <img loading=\"lazy\" decoding=\"async\" src=\"http:\/\/mobilbox.pl\/de\/wp-content\/uploads\/2021\/12\/Hersteller-von-Containern.jpg\" width=\"682\" height=\"480\" title=\"Hersteller von Containern\" alt=\"Hersteller von Containern\">    \n        <\/div>\n    <!-- \/image-wrap -->\n    \n        <\/div>\n<!-- \/module image -->        <\/div>\n                        <\/div>\n        <\/div>\n                        <div  data-lazy=\"1\" class=\"module_row themify_builder_row tb_upwp283 tf_w\">\n                        <div class=\"row_inner col_align_middle tb_col_count_2 tf_box tf_rel\">\n                        <div  data-lazy=\"1\" class=\"module_column tb-column col4-2 tb_dty4284 first\">\n                    <!-- module text -->\n<div  class=\"module module-text tb_vzbn285   \" data-lazy=\"1\">\n        <div  class=\"tb_text_wrap\">\n        <h2><span style=\"color: #ed1c24;\">Etappen der Herstellung von Containern Polen <br><\/span><\/h2>    <\/div>\n<\/div>\n<!-- \/module text --><!-- module text -->\n<div  class=\"module module-text tb_mtm7286   \" data-lazy=\"1\">\n        <div  class=\"tb_text_wrap\">\n        <ol>\n<li>\u00a0<span style=\"font-weight: bold;\">Entfettung von Stahlkonstruktionen<\/span><\/li>\n<li><span style=\"font-weight: bold;\">Kugelstrahlen<\/span><\/li>\n<li><span style=\"font-weight: bold;\">Schwei\u00dfen von Containerrahmen \u2013 der Stahlrahmen vom Container ist in der MIG\/MAG\u00dfTechnologie geschwei\u00dft.<\/span><\/li>\n<li><span style=\"font-weight: bold;\">Anstrich \u2013 der Korrosionsschutz<\/span><\/li>\n<li><span style=\"font-weight: bold;\">Zusammenstellen von Containern<\/span><\/li>\n<li><span style=\"font-weight: bold;\">F\u00fcllung der Decke und des Fu\u00dfbodens mit Isoliermaterialien<\/span><\/li>\n<li><span style=\"font-weight: bold;\">Vorbereitung einer Elektroanlage<\/span><\/li>\n<li><span style=\"font-weight: bold;\">Fertigstellung der Au\u00dfenw\u00e4nde vom Container \u2013 Montage eines Paneels oder einer Schichtplatte<\/span><\/li>\n<li>Fertigstellung von Au\u00dfenwandungen und Vorbereitung der <span style=\"font-weight: bold;\">sanit\u00e4r-technischen<\/span> Anlage \u2013 dies betrifft bestimmte bestimmte Typen von <span style=\"font-weight: bold;\">Containern<\/span>, wie z.B.: <b>sanit\u00e4re Container<\/b>, <b>Wohncontainer<\/b>, <b>Sozialcontainer<\/b>, <b>Sozial\u2013B\u00fcrocontainer<\/b>.\u00a0<\/li>\n<\/ol>    <\/div>\n<\/div>\n<!-- \/module text -->        <\/div>\n                    <div  data-lazy=\"1\" class=\"module_column tb-column col4-2 tb_vmtm286 last\">\n                    <!-- module image -->\n<div  class=\"module module-image tb_btgj286 image-center rounded  tf_mw\" data-lazy=\"1\">\n        <div class=\"image-wrap tf_rel tf_mw\">\n            <img loading=\"lazy\" decoding=\"async\" src=\"https:\/\/mobilbox.pl\/wp-content\/uploads\/2021\/10\/Producent-produkcja-kontenerow-fabryka-Mobilbox.jpg\" width=\"800\" height=\"533\" title=\"Hersteller von Containern\" alt=\"Hersteller von Containern\">    \n        <\/div>\n    <!-- \/image-wrap -->\n    \n        <\/div>\n<!-- \/module image -->        <\/div>\n                        <\/div>\n        <\/div>\n                        <div  data-lazy=\"1\" class=\"module_row themify_builder_row tb_8jti365 tf_w\">\n                        <div class=\"row_inner col_align_top tb_col_count_1 tf_box tf_rel\">\n                        <div  data-lazy=\"1\" class=\"module_column tb-column col-full tb_wuaa366 first\">\n                    <!-- module text -->\n<div  class=\"module module-text tb_w56w534   \" data-lazy=\"1\">\n        <div  class=\"tb_text_wrap\">\n        <p>Die dargestellten Etappen der Herstellung von Containern sind vom Typ und Spezifikum des Containers abh\u00e4ngig.<\/p>\n<p>Die Zusammenarbeit der H\u00e4ndler mit dem\u00a0<b>Containerproduktionsbetrieb<\/b>\u00a0sowie mit den Lieferanten der Einrichtung, den Servicetechnikern und Montagebetrieben garantiert die Aufrechterhaltung von hohen Qualit\u00e4tsstandards auf allen Etappen der Herstellung von\u00a0<b>Containern<\/b>\u00a0oder von einem h\u00f6heren\u00a0<b>Containergeb\u00e4ude<\/b>.<\/p>    <\/div>\n<\/div>\n<!-- \/module text --><!-- module text -->\n<div  class=\"module module-text tb_zamz367   \" data-lazy=\"1\">\n        <div  class=\"tb_text_wrap\">\n        <p>Die Ausf\u00fchrung von komplizierten <b>Containerprojekten<\/b> ist ein Prozess, der sich mit der Planung und Vereinbarung mit dem Kunden jeglicher Details und Planungsgrunds\u00e4tze beginnt. Die Planung von <b>Containern<\/b> besteht u.a. in der Wahl von Lieferanten, Bestandteilen und technischen M\u00f6glichkeiten, damit der <b>Plan des Containers <\/b>oder der <b>Plan des Containerobjektes<\/b> das vorher angenommene Ziel, und die Richtlinien wiedergibt und die Nutzer zufriedenstellt.<\/p>    <\/div>\n<\/div>\n<!-- \/module text -->        <\/div>\n                        <\/div>\n        <\/div>\n                        <div  data-lazy=\"1\" class=\"module_row themify_builder_row tb_nqsu386 tf_w\">\n                        <div class=\"row_inner col_align_top tb_col_count_1 tf_box tf_rel\">\n                        <div  data-lazy=\"1\" class=\"module_column tb-column col-full tb_1z4x387 first\">\n                    <!-- module text -->\n<div  class=\"module module-text tb_9tlz387   \" data-lazy=\"1\">\n        <div  class=\"tb_text_wrap\">\n        <h2><span style=\"color: #ed1c24;\">Die Herstellung von B\u00fcrocontainern Polen<br><\/span><\/h2>    <\/div>\n<\/div>\n<!-- \/module text --><!-- module text -->\n<div  class=\"module module-text tb_noly388   \" data-lazy=\"1\">\n        <div  class=\"tb_text_wrap\">\n        <p><span style=\"font-size: 1em;\">Der Plan von einem <\/span><span style=\"font-size: 1em; font-weight: bold;\">B\u00fcrocontainer<\/span><span style=\"font-size: 1em;\"> oder <\/span><span style=\"font-size: 1em; font-weight: bold;\">Modulgeb\u00e4ude<\/span><span style=\"font-size: 1em;\"> wird von erfahrenen Mitarbeitern in Zusammenarbeit mit dem Produktionsbetrieb vorbereitet, um alle notwendigen Standards w\u00e4hrend nachfolgender Nutzung zu gew\u00e4hrleisten.<\/span><\/p>\n<p>Die in den Niederlassungen unserer Firma Mobilbox in ganz Europa besch\u00e4ftigten Fachleute sorgen daf\u00fcr, dass wir \u00fcber eine Darstellung von Standards, verwendeten Materialien und effizienten technischen L\u00f6sungen verf\u00fcgen und insbesondere \u00fcber Gutachten und Vorz\u00fcge von sehr vielen Kunden, die verschiedene Kulturen und geographische Bedingungen pr\u00e4sentieren. Wir sind stolz auf dieses Wissen und wir teilen es mit unseren Kunden.<br>Das ist ein wertvolles praktisches Wissen, das auf allen <span style=\"font-weight: bold;\">Planungs<\/span>-, <span style=\"font-weight: bold;\">Produktions<\/span>&#8211; und <span style=\"font-weight: bold;\">Montageetappen<\/span> notwendig ist. Der Ausf\u00fchrung des Plans vom Container geht immer die Durchf\u00fchrung einer Umfrage mit dem Kunden voraus sowie die Erkennung seiner Erwartungen voraus, wonach Richtlinien f\u00fcr das Projekt entstehen.<br>Eine hohe Qualit\u00e4t von hergestellten <b>Containern<\/b> ist von einer gro\u00dfen Bedeutung bei deren sp\u00e4teren Nutzung, Aufrechterhaltung der Sicherheit und des Arbeitskomforts von Personen, die sich drinnen aufhalten. Die Qualit\u00e4t der <span style=\"font-weight: bold;\">Ausf\u00fchrung vom Container<\/span> hat auch eine gro\u00dfe Bedeutung bei sp\u00e4teren Logistik, wenn die <b>Container<\/b> von Ort zu Ort bef\u00f6rdert sowie mehrfach montiert oder demontiert werden.<br>Die Mehrheit der <b>Bauteile vom Container<\/b> \u2013 mit Ausnahme der Inneneinrichtung \u2013 entsteht w\u00e4hrend des Produktionsprozesses im <b>Produktionsbetrieb<\/b>. Es wird von uns verlangt, dass Ethik- und Umweltanforderungen auf der Etappe der Herstellung erf\u00fcllt werden.<\/p>\n<h2><span style=\"color: #ed1c24;\">Der Hersteller von Containern Polen<\/span><\/h2>\n<div>\u00a0<\/div>\n<p>Die h\u00f6chste Qualit\u00e4t der angebotenen <span style=\"font-weight: bold;\">Produkten<\/span> best\u00e4tigt der Hersteller durch die von ihn verf\u00fcgten Zertifikate und unsere Kooperationspartner und Lieferanten durch z.B. \u2013 Qualit\u00e4tsmanagementsystem ISO 9001:2015, AQAP 2110:2016, ETA-18\/1068, Konzession B-022_2019. Eine positive Beurteilung der Konformit\u00e4t von hergestellten Konstruktionen nach Richtlinien der Norm EN-1090 erm\u00f6glicht die Kennzeichnung der Erzeugnisse mit dem CE-Zeichen.<br>Spezialisten, die zum Kreis der Zusammenmitarbeitern und Kooperationspartnern der Firma Mobilbox geh\u00f6ren, garantieren hochqualitative Standards der Arbeit sowie die Beratung und den Service bei der Nutzung von <span style=\"font-weight: bold;\">Containern<\/span>.<\/p>    <\/div>\n<\/div>\n<!-- \/module text -->        <\/div>\n                        <\/div>\n        <\/div>\n        <\/div>\n<!--\/themify_builder_content-->\r\n\r\n<p>&nbsp;<\/p>","protected":false},"excerpt":{"rendered":"<p>&nbsp;<\/p>\n","protected":false},"author":7,"featured_media":0,"parent":0,"menu_order":0,"comment_status":"closed","ping_status":"closed","template":"","meta":{"footnotes":""},"class_list":["post-4343","page","type-page","status-publish","hentry","has-post-title","has-post-date","has-post-category","has-post-tag","has-post-comment","has-post-author",""],"_links":{"self":[{"href":"https:\/\/mobilbox.pl\/de\/wp-json\/wp\/v2\/pages\/4343","targetHints":{"allow":["GET"]}}],"collection":[{"href":"https:\/\/mobilbox.pl\/de\/wp-json\/wp\/v2\/pages"}],"about":[{"href":"https:\/\/mobilbox.pl\/de\/wp-json\/wp\/v2\/types\/page"}],"author":[{"embeddable":true,"href":"https:\/\/mobilbox.pl\/de\/wp-json\/wp\/v2\/users\/7"}],"replies":[{"embeddable":true,"href":"https:\/\/mobilbox.pl\/de\/wp-json\/wp\/v2\/comments?post=4343"}],"version-history":[{"count":0,"href":"https:\/\/mobilbox.pl\/de\/wp-json\/wp\/v2\/pages\/4343\/revisions"}],"wp:attachment":[{"href":"https:\/\/mobilbox.pl\/de\/wp-json\/wp\/v2\/media?parent=4343"}],"curies":[{"name":"wp","href":"https:\/\/api.w.org\/{rel}","templated":true}]}}