{"id":4570,"date":"2024-01-10T10:38:23","date_gmt":"2024-01-10T09:38:23","guid":{"rendered":"https:\/\/mobilbox.pl\/de\/transport-und-logistik-copy\/"},"modified":"2025-09-05T13:40:30","modified_gmt":"2025-09-05T11:40:30","slug":"modularer-aufbau","status":"publish","type":"page","link":"https:\/\/mobilbox.pl\/de\/modularer-aufbau\/","title":{"rendered":"MODULARER AUFBAU"},"content":{"rendered":"<!--themify_builder_content-->\n<div id=\"themify_builder_content-4570\" data-postid=\"4570\" class=\"themify_builder_content themify_builder_content-4570 themify_builder tf_clear\">\n                    <div  data-lazy=\"1\" class=\"module_row themify_builder_row tb_beug529 tb_first tf_w\">\n                        <div class=\"row_inner col_align_top tb_col_count_1 tf_box tf_rel\">\n                        <div  data-lazy=\"1\" class=\"module_column tb-column col-full tb_loow529 first\">\n                    <!-- module fancy heading -->\n<div  class=\"module module-fancy-heading tb_ihmg529 \" data-lazy=\"1\">\n        <h1 class=\"fancy-heading tf_textc\">\n    <span class=\"main-head tf_block\">\n                    MODULARER AUFBAU            <\/span>\n\n    \n    <span class=\"sub-head tf_block tf_rel\">\n                    CONTAINERBAU \/ BAUANLAGEN \/ CONTAINER-BAUSATZ \/ MULTIMODUL-CONTAINER            <\/span>\n    <\/h1>\n<\/div>\n<!-- \/module fancy heading -->\n        <\/div>\n                        <\/div>\n        <\/div>\n                        <div  data-lazy=\"1\" class=\"module_row themify_builder_row tb_b8ls637 tf_w\">\n                        <div class=\"row_inner col_align_top tb_col_count_1 tf_box tf_rel\">\n                        <div  data-lazy=\"1\" class=\"module_column tb-column col-full tb_pqxk637 first\">\n                    <!-- module text -->\n<div  class=\"module module-text tb_thh8588   \" data-lazy=\"1\">\n        <div  class=\"tb_text_wrap\">\n        <h2><span style=\"color: #ed1c24;\">Container modularer Objekte<\/span><\/h2>\n<p>Der modulare Aufbau ist eine L\u00f6sung, die auf der Idee basiert, Containermodule auf Basis von Stahlrahmen mit gleichen, wiederholbaren Abmessungen zu kombinieren und zu verbinden. Die Module werden auf einem entsprechend vorbereiteten Untergrund platziert, mit Containerbindern zusammengeschraubt und anschlie\u00dfend mit Blecheinfassungen \u00e4sthetisch abgerundet.<\/p>\n<h2><span style=\"color: #ed1c24;\">Modulare Technologie<\/span><\/h2>\n<p>Die modulare Technologie bietet vielf\u00e4ltige M\u00f6glichkeiten, Objekte f\u00fcr verschiedene Zwecke zu erstellen. Rahmen ausgestattet mit speziellen Containerecken \/ Containerknochen mit speziellen L\u00f6chern, vorbereitet f\u00fcr die Anbringung von Schlingen zum Heben und Transportieren des Containers mit einem Kran und anschlie\u00dfend f\u00fcr die sichere Verbindung der Module untereinander.<\/p>\n<h2><span style=\"color: #ed1c24;\">Container \u2013 Zeit und Geld sparen<\/span><\/h2>\n<p>Schnelle Verbindung einzelner Module, einfache Raumkonfiguration, Auf- und Abbau von W\u00e4nden \u2013 all das erm\u00f6glicht Ihnen eine schnelle Anpassung einer modularen Anlage an Ihre individuellen Bed\u00fcrfnisse.<\/p>\n<h2><span style=\"color: #ed1c24;\">Modularer Aufbau \u2013 Anwendung<\/span><\/h2>\n<p>Eine breite Palette technischer M\u00f6glichkeiten, eine Vielzahl von Veredelungsmaterialien und Einfallsreichtum erm\u00f6glichen es, aus einem einzigen Beh\u00e4lter und insbesondere aus einem gro\u00dfen Beh\u00e4ltersatz ein nicht standardm\u00e4\u00dfiges, originelles, funktionales und \u00e4sthetisches Objekt zu schaffen. Modulare Anlagen werden am h\u00e4ufigsten als Arbeitspl\u00e4tze f\u00fcr Baupersonal, als Au\u00dfendienststelle eines Unternehmens oder als Serviceeinrichtung genutzt.<\/p>\n<h2><span style=\"color: #ed1c24;\">Modulare B\u00fcros<\/span><\/h2>\n<p>Containerb\u00fcros sind \u00e4sthetische Arbeitspl\u00e4tze f\u00fcr Verwaltungs- und F\u00fchrungskr\u00e4fte, aber auch Ruhe- und Umkleider\u00e4ume f\u00fcr Handwerker (z. B. Bauarbeiter). Ein Beispiel f\u00fcr diese Art von L\u00f6sungen k\u00f6nnen Anlagen sein, die f\u00fcr Bauunternehmen errichtet werden, die komplexe Bauinvestitionen durchf\u00fchren. Der Innenraum der Anlage besteht aus verschiedenen Containern. Am h\u00e4ufigsten handelt es sich dabei um B\u00fcro- und Sanit\u00e4rcontainer.<\/p>\n<h2><span style=\"color: #ed1c24;\">Modulare zwei- und dreist\u00f6ckige Geb\u00e4ude<\/span><\/h2>\n<p>Container k\u00f6nnen miteinander kombiniert werden, um zwei- und dreist\u00f6ckige Anlagen nahezu beliebiger L\u00e4nge und Konfiguration zu schaffen.<br>Um eine sichere und effiziente Kommunikation des in der Anlage t\u00e4tigen Personals zu gew\u00e4hrleisten, ist diese mit professionellen Treppen, Au\u00dfencontainertreppen mit Podesten und Flurcontainern ausgestattet.<\/p>\n<h2><span style=\"color: #ed1c24;\">Anordnung eines modularen Geb\u00e4udes<\/span><\/h2>\n<p>B\u00fcromodule erm\u00f6glichen jede Inneneinrichtung durch den Einsatz moderner Materialien, die den neuesten Trends in der Innenarchitektur entsprechen. Je nach Bedarf und Zweck k\u00f6nnen modulare Anlagen als tempor\u00e4re oder permanente Anlagen errichtet werden.<\/p>\n<h2><span style=\"color: #ed1c24;\">Verglasung in einem Container und einem Modulgeb\u00e4ude<\/span><\/h2>\n<p>F\u00fcr eine bessere Ausleuchtung der Innenr\u00e4ume, R\u00e4ume und B\u00fcros sorgen spezielle Panoramavitrinen und Verglasungen, die auf der l\u00e4ngeren oder k\u00fcrzeren Seite im Containerrahmen montiert werden.<\/p>\n<h2><span style=\"color: #ed1c24;\">Terrasse und Balkon in einem Container- und Modulgeb\u00e4ude<\/span><\/h2>\n<p>Um den G\u00e4sten in der modularen Anlage einen besseren Komfort zu bieten, sind Balkont\u00fcren und ein Stahlbalkon eingebaut, die fest mit dem Containerrahmen verbunden sind. Containerterrassen haben eine um ein Vielfaches gr\u00f6\u00dfere Fl\u00e4che als ein Balkon und k\u00f6nnen daher auf dem Boden oder auf dem Dach des Containers montiert werden.<\/p>\n<h2><span style=\"color: #ed1c24;\">Containerh\u00f6he<\/span><\/h2>\n<p>Die F\u00fclle an Fassadenmaterialien, Lacken und Dekorationsmaterialien in Kombination mit modernem Design erm\u00f6glicht es Ihnen, eine originelle Form zu schaffen und das Objekt in der Umgebung hervorzuheben.<\/p>\n<p>Gerne planen unsere Spezialisten gemeinsam mit Ihnen jede modulare Anlage, bereiten deren Anordnung vor und nehmen die Produktion in Auftrag.<\/p>    <\/div>\n<\/div>\n<!-- \/module text -->        <\/div>\n                        <\/div>\n        <\/div>\n                        <div  data-css_id=\"odgx124\" data-lazy=\"1\" class=\"module_row themify_builder_row fullwidth_row_container tb_odgx124 tf_w\">\n                        <div class=\"row_inner col_align_middle tb_col_count_2 tf_box tf_rel\">\n                        <div  data-lazy=\"1\" class=\"module_column tb-column col4-2 tb_higj124 first\">\n                    <!-- module text -->\n<div  class=\"module module-text tb_id3c124   \" data-lazy=\"1\">\n        <div  class=\"tb_text_wrap\">\n        <p style=\"text-align: center;\">Ben\u00f6tigen Sie mehr Raum ?<\/p>    <\/div>\n<\/div>\n<!-- \/module text -->        <\/div>\n                    <div  data-lazy=\"1\" class=\"module_column tb-column col4-2 tb_3uys124 last\">\n                    <!-- module icon -->\n<div  class=\"module module-icon tb_c68e784    icon_horizontal \" data-lazy=\"1\">\n\t\t\t<div class=\"module-icon-item\">\n\t\t\t\t\t\t\t<a href=\"tel:+48%20885%20850%20053\">\n\t\t\t\t\t\t\t\t\t\t\t\t\t\t\t\t\t<em class=\"tf_box\"\n\t\t\t\t\t\t\t\t\t\t\t\t\t\t\t\t\t><svg  class=\"tf_fa tf-fas-mobile-screen\" xmlns:xlink=\"http:\/\/www.w3.org\/1999\/xlink\" aria-hidden=\"true\"><use href=\"#tf-fas-mobile-screen\" xlink:href=\"#tf-fas-mobile-screen\"><\/use><\/svg><\/em>\n\t\t\t\t\t\t\t\t\t\t\t\t\t\t\t\t\t\t\t<span>Kontakt: <strong> +48 885 850 053<\/strong><\/span>\n\t\t\t\t\t\t\t\t\t\t\t\t\t\t\t\t\t<\/a>\n\t\t\t\t\t<\/div>\n\t<\/div>\n<!-- \/module icon -->\n        <\/div>\n                        <\/div>\n        <\/div>\n                        <div  data-parallax-bg=\"desktop\" data-css_id=\"2iac125\" data-lazy=\"1\" class=\"module_row themify_builder_row fullwidth_row_container tb_2iac125 tf_w\">\n            <span  class=\"builder_row_cover tf_abs\" data-lazy=\"1\"><\/span>            <div class=\"row_inner col_align_top tb_col_count_1 tf_box tf_rel\">\n                        <div  data-lazy=\"1\" class=\"module_column tb-column col-full tb_8gyv125 first\">\n                            <div  data-lazy=\"1\" class=\"module_subrow themify_builder_sub_row tf_w col_align_top tb_col_count_3 tb_j3de125\">\n                <div  data-lazy=\"1\" class=\"module_column sub_column col4-1 tb_bkbn125 first\">\n                            <\/div>\n                    <div  data-lazy=\"1\" class=\"module_column sub_column col4-2 tb_fr30126\">\n                    <!-- module fancy heading -->\n<div  class=\"module module-fancy-heading tb_dhf0126 \" data-lazy=\"1\">\n        <h2 class=\"fancy-heading tf_textc\">\n    <span class=\"main-head tf_block\">\n                    <strong>Schreiben Sie uns<\/strong>            <\/span>\n\n    \n    <span class=\"sub-head tf_block tf_rel\">\n                                <\/span>\n    <\/h2>\n<\/div>\n<!-- \/module fancy heading -->\n<!-- module text -->\n<div  class=\"module module-text tb_yi9n126   \" data-lazy=\"1\">\n        <div  class=\"tb_text_wrap\">\n        <p style=\"text-align: center;\">F\u00fcr Angebote f\u00fcllen Sie bitte unser Kontaktformular aus !<\/p>\n<p style=\"text-align: left;\"><div class=\"wpforms-container wpforms-container-full\" id=\"wpforms-218\"><form id=\"wpforms-form-218\" class=\"wpforms-validate wpforms-form\" data-formid=\"218\" method=\"post\" enctype=\"multipart\/form-data\" action=\"\/de\/wp-json\/wp\/v2\/pages\/4570\" data-token=\"94996f867b6ce4d5140c0034c352afc4\" data-token-time=\"1775921952\"><noscript class=\"wpforms-error-noscript\">Bitte aktiviere JavaScript in deinem Browser, um dieses Formular fertigzustellen.<\/noscript><div class=\"wpforms-field-container\"><div id=\"wpforms-218-field_5-container\" class=\"wpforms-field wpforms-field-hidden\" data-field-id=\"5\"><input type=\"hidden\" id=\"wpforms-218-field_5\" name=\"wpforms[fields][5]\" value=\"https:\/\/mobilbox.pl\/de\/wp-json\/wp\/v2\/pages\/4570\"><\/div><div id=\"wpforms-218-field_2-container\" class=\"wpforms-field wpforms-field-text newsletter2\" data-field-id=\"2\"><label class=\"wpforms-field-label wpforms-label-hide\" for=\"wpforms-218-field_2\">Name \/ Firma\/ Kontaktperson<\/label><input type=\"text\" id=\"wpforms-218-field_2\" class=\"wpforms-field-large\" name=\"wpforms[fields][2]\" placeholder=\"Name \/ Firma\/ Kontaktperson\" ><\/div><div id=\"wpforms-218-field_1-container\" class=\"wpforms-field wpforms-field-email wpforms-one-half\" data-field-id=\"1\"><label class=\"wpforms-field-label wpforms-label-hide\" for=\"wpforms-218-field_1\">Email <span class=\"wpforms-required-label\">*<\/span><\/label><input type=\"email\" id=\"wpforms-218-field_1\" class=\"wpforms-field-large wpforms-field-required\" name=\"wpforms[fields][1]\" placeholder=\"Email\" spellcheck=\"false\" required><\/div><div id=\"wpforms-218-field_4-container\" class=\"wpforms-field wpforms-field-text wpforms-one-half\" data-field-id=\"4\"><label class=\"wpforms-field-label wpforms-label-hide\" for=\"wpforms-218-field_4\">Telefonnummer <span class=\"wpforms-required-label\">*<\/span><\/label><input type=\"text\" id=\"wpforms-218-field_4\" class=\"wpforms-field-large wpforms-field-required\" name=\"wpforms[fields][4]\" placeholder=\"Telefonnummer\" required><\/div><div id=\"wpforms-218-field_3-container\" class=\"wpforms-field wpforms-field-textarea\" data-field-id=\"3\"><label class=\"wpforms-field-label wpforms-label-hide\" for=\"wpforms-218-field_3\">Nachricht<\/label><textarea id=\"wpforms-218-field_3\" class=\"wpforms-field-small\" name=\"wpforms[fields][3]\" placeholder=\"Nachricht\" ><\/textarea><\/div><div id=\"wpforms-218-field_13-container\" class=\"wpforms-field wpforms-field-checkbox\" data-field-id=\"13\"><label class=\"wpforms-field-label\">Ich akzeptiere die Datenschutzerkl\u00e4rung <span class=\"wpforms-required-label\">*<\/span><\/label><ul id=\"wpforms-218-field_13\" class=\"wpforms-field-required\"><li class=\"choice-1 depth-1\"><input type=\"checkbox\" id=\"wpforms-218-field_13_1\" name=\"wpforms[fields][13][]\" value=\"Ich stimme der Verarbeitung personenbezogener Daten zu Marketing- und kommerziellen Zwecken zu und stimme der Verwendung der Endger\u00e4te f\u00fcr Direktmarketing zu.\" required ><label class=\"wpforms-field-label-inline\" for=\"wpforms-218-field_13_1\">Ich stimme der Verarbeitung personenbezogener Daten zu Marketing- und kommerziellen Zwecken zu und stimme der Verwendung der Endger\u00e4te f\u00fcr Direktmarketing zu.<\/label><\/li><\/ul><\/div><\/div><!-- .wpforms-field-container --><div class=\"wpforms-field wpforms-field-hp\"><label for=\"wpforms-218-field-hp\" class=\"wpforms-field-label\">Comment<\/label><input type=\"text\" name=\"wpforms[hp]\" id=\"wpforms-218-field-hp\" class=\"wpforms-field-medium\"><\/div><div class=\"wpforms-submit-container\" ><input type=\"hidden\" name=\"wpforms[id]\" value=\"218\"><input type=\"hidden\" name=\"page_title\" value=\"\"><input type=\"hidden\" name=\"page_url\" value=\"https:\/\/mobilbox.pl\/de\/wp-json\/wp\/v2\/pages\/4570\"><input type=\"hidden\" name=\"url_referer\" value=\"\"><button type=\"submit\" name=\"wpforms[submit]\" id=\"wpforms-submit-218\" class=\"wpforms-submit\" data-alt-text=\"Senden\" data-submit-text=\"Senden\" aria-live=\"assertive\" value=\"wpforms-submit\">Senden<\/button><\/div><\/form><\/div>  <!-- .wpforms-container --><\/p>    <\/div>\n<\/div>\n<!-- \/module text -->        <\/div>\n                    <div  data-lazy=\"1\" class=\"module_column sub_column col4-1 tb_pp3z126 last\">\n                            <\/div>\n                    <\/div>\n                <\/div>\n                        <\/div>\n        <\/div>\n        <\/div>\n<!--\/themify_builder_content-->","protected":false},"excerpt":{"rendered":"<p>Container modularer Objekte Der modulare Aufbau ist eine L\u00f6sung, die auf der Idee basiert, Containermodule auf Basis von Stahlrahmen mit gleichen, wiederholbaren Abmessungen zu kombinieren und zu verbinden. Die Module werden auf einem entsprechend vorbereiteten Untergrund platziert, mit Containerbindern zusammengeschraubt und anschlie\u00dfend mit Blecheinfassungen \u00e4sthetisch abgerundet. Modulare Technologie Die modulare Technologie bietet vielf\u00e4ltige M\u00f6glichkeiten, Objekte [&hellip;]<\/p>\n","protected":false},"author":3,"featured_media":0,"parent":0,"menu_order":0,"comment_status":"closed","ping_status":"closed","template":"","meta":{"footnotes":""},"class_list":["post-4570","page","type-page","status-publish","hentry","has-post-title","has-post-date","has-post-category","has-post-tag","has-post-comment","has-post-author",""],"_links":{"self":[{"href":"https:\/\/mobilbox.pl\/de\/wp-json\/wp\/v2\/pages\/4570","targetHints":{"allow":["GET"]}}],"collection":[{"href":"https:\/\/mobilbox.pl\/de\/wp-json\/wp\/v2\/pages"}],"about":[{"href":"https:\/\/mobilbox.pl\/de\/wp-json\/wp\/v2\/types\/page"}],"author":[{"embeddable":true,"href":"https:\/\/mobilbox.pl\/de\/wp-json\/wp\/v2\/users\/3"}],"replies":[{"embeddable":true,"href":"https:\/\/mobilbox.pl\/de\/wp-json\/wp\/v2\/comments?post=4570"}],"version-history":[{"count":0,"href":"https:\/\/mobilbox.pl\/de\/wp-json\/wp\/v2\/pages\/4570\/revisions"}],"wp:attachment":[{"href":"https:\/\/mobilbox.pl\/de\/wp-json\/wp\/v2\/media?parent=4570"}],"curies":[{"name":"wp","href":"https:\/\/api.w.org\/{rel}","templated":true}]}}