{"id":5112,"date":"2024-09-04T12:24:07","date_gmt":"2024-09-04T10:24:07","guid":{"rendered":"https:\/\/mobilbox.pl\/de\/containervermietung\/tankstellencontainer-zu-mieten-copy\/"},"modified":"2024-09-04T13:03:16","modified_gmt":"2024-09-04T11:03:16","slug":"baucontainer","status":"publish","type":"page","link":"https:\/\/mobilbox.pl\/de\/containervermietung\/baucontainer\/","title":{"rendered":"BAUCONTAINER ZUM VERMIETEN"},"content":{"rendered":"<!--themify_builder_content-->\n<div id=\"themify_builder_content-5112\" data-postid=\"5112\" class=\"themify_builder_content themify_builder_content-5112 themify_builder tf_clear\">\n                    <div  data-lazy=\"1\" class=\"module_row themify_builder_row tb_4obc609 tb_first tf_w\">\n                        <div class=\"row_inner col_align_top tb_col_count_1 tf_box tf_rel\">\n                        <div  data-lazy=\"1\" class=\"module_column tb-column col-full tb_zi3p709 first\">\n                    <!-- module fancy heading -->\n<div  class=\"module module-fancy-heading tb_ax55797 \" data-lazy=\"1\">\n        <h1 class=\"fancy-heading tf_textc\">\n    <span class=\"main-head tf_block\">\n                    BAUCONTAINER ZUM VERMIETEN            <\/span>\n\n    \n    <span class=\"sub-head tf_block tf_rel\">\n                                <\/span>\n    <\/h1>\n<\/div>\n<!-- \/module fancy heading -->\n        <\/div>\n                        <\/div>\n        <\/div>\n                        <div  data-css_id=\"1dql610\" data-lazy=\"1\" class=\"module_row themify_builder_row fullwidth_row_container tb_1dql610 tf_w\">\n                        <div class=\"row_inner col_align_middle tb_col_count_2 tf_box tf_rel\">\n                        <div  data-lazy=\"1\" class=\"module_column tb-column col4-2 tb_2jt8610 first\">\n                    <!-- module text -->\n<div  class=\"module module-text tb_e37n610   \" data-lazy=\"1\">\n        <div  class=\"tb_text_wrap\">\n        <h2><span style=\"color: #ff0000;\">Baucontainer zu vermieten<\/span><\/h2>\n<p><br><strong>Die Vermietung von Baucontainern<\/strong> und Modulgeb\u00e4uden f\u00fcr Baustellen wird von Unternehmen bevorzugt, die <strong>Bauprojekte und Investitionsprojekte durchf\u00fchren<\/strong>. Container zur Vermietung \u2013 R\u00e4umlichkeiten mit separaten B\u00fcros, einem Besprechungsraum, einem Sanit\u00e4rraum f\u00fcr den Bauleiter, Sanit\u00e4rr\u00e4umen, einem Sozialraum Zimmer, eine K\u00fcche, Umkleider\u00e4ume f\u00fcr Arbeiter und praktische Lager- und Garderobenr\u00e4ume.<\/p>    <\/div>\n<\/div>\n<!-- \/module text --><!-- module text -->\n<div  class=\"module module-text tb_k3k8610   \" data-lazy=\"1\">\n        <div  class=\"tb_text_wrap\">\n        <p>Baucontainer zur Miete sind einzelne Containermodule, die in unmittelbarer N\u00e4he zur Baustelle stehen oder zu einem modularen Geb\u00e4ude zusammengef\u00fcgt werden. Die Mitarbeiter von Mobilbox entwerfen jede ihrer mehrmoduligen Anlagen und beraten und stimmen alle Details mit dem Kunden ab. Aufgrund ihres Verwendungszwecks k\u00f6nnen Baucontainer in unmittelbarer N\u00e4he der auszuf\u00fchrenden Arbeiten aufgestellt werden. Wir bieten Baucontainern und modularen Anlagen zur Vermietung an Bauunternehmen in verschiedenen Konfigurationen auf der Grundlage eines Mietvertrags an und bieten Service und Montage von Baucontainern an.<\/p>    <\/div>\n<\/div>\n<!-- \/module text -->        <\/div>\n                    <div  data-lazy=\"1\" class=\"module_column tb-column col4-2 tb_e0j6610 last\">\n                    <!-- module image -->\n<div  class=\"module module-image tb_aqtb610 image-top   tf_mw\" data-lazy=\"1\">\n        <div class=\"image-wrap tf_rel tf_mw\">\n            <img loading=\"lazy\" decoding=\"async\" src=\"http:\/\/mobilbox.pl\/de\/wp-content\/uploads\/2024\/09\/BAUCONTAINER-ZUM-VERMIETEN.jpg\" width=\"1200\" height=\"900\" title=\"BAUCONTAINER ZUM VERMIETEN\" alt=\"BAUCONTAINER ZUM VERMIETEN\">    \n        <\/div>\n    <!-- \/image-wrap -->\n    \n        <\/div>\n<!-- \/module image -->        <\/div>\n                        <\/div>\n        <\/div>\n                        <div  data-css_id=\"marq545\" data-lazy=\"1\" class=\"module_row themify_builder_row fullwidth_row_container tb_marq545 tf_w\">\n                        <div class=\"row_inner col_align_top tb_col_count_1 tf_box tf_rel\">\n                        <div  data-lazy=\"1\" class=\"module_column tb-column col-full tb_p22i545 first\">\n                    <!-- module text -->\n<div  class=\"module module-text tb_9nfo545   \" data-lazy=\"1\">\n        <div  class=\"tb_text_wrap\">\n        <h2><span style=\"color: #ff0000;\">Vermietung von Bauger\u00e4ten \u2013 Baucontainern zu einem attraktiven Preis<\/span><\/h2>\n<p><br><strong>Mietbaucontainer sind eine moderne, effiziente und schnelle M\u00f6glichkeit, den Mitarbeitern auf der Baustelle einen komfortablen Arbeitsplatz und Unterschlupf zu bieten, aufgeteilt in den f\u00fcr die Mitarbeiter notwendigen Raum, wie zum Beispiel: Esszimmer, K\u00fcche, Garderobe, B\u00fcros, B\u00fcro, Archiv f\u00fcr Unterlagen , Lagerraum f\u00fcr alle auf der Baustelle t\u00e4tigen Mitarbeiter.<\/strong><\/p>\n<p>Unsere Erfahrung in der Montage und Errichtung von Objekten aus Baucontainern erleichtert uns die Umsetzung komplexer Projekte in ganz Polen. Wir sind bestrebt, eine optimale, individuelle Containerl\u00f6sung anzubieten, abgestimmt auf die Besch\u00e4ftigungsgr\u00f6\u00dfe, die Anzahl der F\u00fchrungsmitarbeiter und die Anzahl der auf der Baustelle t\u00e4tigen Fachkr\u00e4fte. Wir statten die gemietete Baustelle aus mit: B\u00fcrom\u00f6beln, gemieteten Elektro- und Haushaltsger\u00e4ten, Treppen und Podesten f\u00fcr Container, Panoramafenstern und -verglasungen, K\u00fcchenm\u00f6beln und Pulverfeuerl\u00f6schern!<\/p>\n<p>Die verschiedenen Konfigurationen der angebotenen Baucontainer mit B\u00fcroausstattung sorgen f\u00fcr einen angenehmen Arbeitsraum. Austauschbare Wandpaneele und stabile Containerrahmen sind f\u00fcr die Aufnahme von Containern mit einer H\u00f6he von bis zu drei Stockwerken ausgelegt. Auf diese Weise gew\u00e4hrleisten wir die M\u00f6glichkeit, auf kleinem Raum eine Anlage f\u00fcr einen gr\u00f6\u00dferen Personenkreis zu errichten und auf einer der Etagen Abteilungen anzuordnen.<\/p>\n<p>Weitere Informationen zu m\u00f6glichen Containerkonfigurationen finden Sie auf den Websites f\u00fcr Containerdesign und Containerproduktion.<\/p>    <\/div>\n<\/div>\n<!-- \/module text -->        <\/div>\n                        <\/div>\n        <\/div>\n                        <div  data-css_id=\"5kam23\" data-lazy=\"1\" class=\"module_row themify_builder_row fullwidth_row_container tb_5kam23 tf_w\">\n                        <div class=\"row_inner col_align_top tb_col_count_1 tf_box tf_rel\">\n                        <div  data-lazy=\"1\" class=\"module_column tb-column col-full tb_kmc323 first\">\n                    <!-- module text -->\n<div  class=\"module module-text tb_yx6p23   \" data-lazy=\"1\">\n        <div  class=\"tb_text_wrap\">\n        <h2><span style=\"color: #ff0000;\">Hersteller von Baucontainern zur Miete<\/span><\/h2>\n<p><br><strong>Baucontainer<\/strong> werden in einem Betrieb hergestellt, der auf die Realisierung von Containeranlagen f\u00fcr verschiedene Zwecke spezialisiert ist und spezialisierte Konstrukteure, Schwei\u00dfer, Technologen und Monteure modularer Anlagen besch\u00e4ftigt.<\/p>    <\/div>\n<\/div>\n<!-- \/module text -->        <\/div>\n                        <\/div>\n        <\/div>\n                        <div  data-css_id=\"07o2365\" data-lazy=\"1\" class=\"module_row themify_builder_row fullwidth_row_container tb_07o2365 tf_w\">\n                        <div class=\"row_inner col_align_top tb_col_count_1 tf_box tf_rel\">\n                        <div  data-lazy=\"1\" class=\"module_column tb-column col-full tb_ebmy365 first\">\n                    <!-- module text -->\n<div  class=\"module module-text tb_sf78365   \" data-lazy=\"1\">\n        <div  class=\"tb_text_wrap\">\n        <h2><span style=\"color: #ff0000;\">Baucontainer zur Miete \u2013 abgeschlossene Projekte<\/span><\/h2>    <\/div>\n<\/div>\n<!-- \/module text --><!-- module gallery -->\n<div  class=\"module gallery module-gallery tb_zffs365 layout-grid  \" data-lazy=\"1\">\n    <div class=\"module-gallery-grid\" style=\"--gald:4;--galt:4;--galm:4\">\n            <dl class=\"gallery-item\">\n            <dt class=\"gallery-icon\">\n            <a data-title=\"no\" title=\"\" href=\"https:\/\/mobilbox.pl\/de\/wp-content\/uploads\/2024\/09\/Baucontainer-zur-Miete-2.jpg\" data-rel=\"tb_zffs365\" class=\"themify_lightbox\"><img loading=\"lazy\" decoding=\"async\" src=\"https:\/\/mobilbox.pl\/de\/wp-content\/uploads\/2024\/09\/Baucontainer-zur-Miete-2-1024x683-300x200.jpg\" width=\"300\" height=\"200\" class=\"wp-post-image wp-image-5119\" title=\"Baucontainer-zur-Miete-2\" alt=\"Baucontainer-zur-Miete-2\" srcset=\"https:\/\/mobilbox.pl\/de\/wp-content\/uploads\/2024\/09\/Baucontainer-zur-Miete-2-1024x683-300x200.jpg 300w, https:\/\/mobilbox.pl\/de\/wp-content\/uploads\/2024\/09\/Baucontainer-zur-Miete-2-1024x683.jpg 1024w, https:\/\/mobilbox.pl\/de\/wp-content\/uploads\/2024\/09\/Baucontainer-zur-Miete-2-768x512.jpg 768w, https:\/\/mobilbox.pl\/de\/wp-content\/uploads\/2024\/09\/Baucontainer-zur-Miete-2.jpg 1200w\" sizes=\"auto, (max-width: 300px) 100vw, 300px\" \/><\/a>            <\/dt>\n                    <\/dl>\n            <dl class=\"gallery-item\">\n            <dt class=\"gallery-icon\">\n            <a data-title=\"no\" title=\"\" href=\"https:\/\/mobilbox.pl\/de\/wp-content\/uploads\/2024\/09\/Baucontainer-zur-Miete-3.jpg\" data-rel=\"tb_zffs365\" class=\"themify_lightbox\"><img loading=\"lazy\" decoding=\"async\" src=\"https:\/\/mobilbox.pl\/de\/wp-content\/uploads\/2024\/09\/Baucontainer-zur-Miete-3-1024x683-300x200.jpg\" width=\"300\" height=\"200\" class=\"wp-post-image wp-image-5120\" title=\"Baucontainer-zur-Miete-3\" alt=\"Baucontainer-zur-Miete-3\" srcset=\"https:\/\/mobilbox.pl\/de\/wp-content\/uploads\/2024\/09\/Baucontainer-zur-Miete-3-1024x683-300x200.jpg 300w, https:\/\/mobilbox.pl\/de\/wp-content\/uploads\/2024\/09\/Baucontainer-zur-Miete-3-1024x683.jpg 1024w, https:\/\/mobilbox.pl\/de\/wp-content\/uploads\/2024\/09\/Baucontainer-zur-Miete-3-768x512.jpg 768w, https:\/\/mobilbox.pl\/de\/wp-content\/uploads\/2024\/09\/Baucontainer-zur-Miete-3.jpg 1200w\" sizes=\"auto, (max-width: 300px) 100vw, 300px\" \/><\/a>            <\/dt>\n                    <\/dl>\n            <dl class=\"gallery-item\">\n            <dt class=\"gallery-icon\">\n            <a data-title=\"no\" title=\"\" href=\"https:\/\/mobilbox.pl\/de\/wp-content\/uploads\/2024\/09\/Baucontainer-zur-Miete-6.jpg\" data-rel=\"tb_zffs365\" class=\"themify_lightbox\"><img loading=\"lazy\" decoding=\"async\" src=\"https:\/\/mobilbox.pl\/de\/wp-content\/uploads\/2024\/09\/Baucontainer-zur-Miete-6-1024x683-300x200.jpg\" width=\"300\" height=\"200\" class=\"wp-post-image wp-image-5121\" title=\"Baucontainer-zur-Miete-6\" alt=\"Baucontainer-zur-Miete-6\" srcset=\"https:\/\/mobilbox.pl\/de\/wp-content\/uploads\/2024\/09\/Baucontainer-zur-Miete-6-1024x683-300x200.jpg 300w, https:\/\/mobilbox.pl\/de\/wp-content\/uploads\/2024\/09\/Baucontainer-zur-Miete-6-1024x683.jpg 1024w, https:\/\/mobilbox.pl\/de\/wp-content\/uploads\/2024\/09\/Baucontainer-zur-Miete-6-768x512.jpg 768w, https:\/\/mobilbox.pl\/de\/wp-content\/uploads\/2024\/09\/Baucontainer-zur-Miete-6.jpg 1200w\" sizes=\"auto, (max-width: 300px) 100vw, 300px\" \/><\/a>            <\/dt>\n                    <\/dl>\n            <dl class=\"gallery-item\">\n            <dt class=\"gallery-icon\">\n            <a data-title=\"no\" title=\"\" href=\"https:\/\/mobilbox.pl\/de\/wp-content\/uploads\/2024\/09\/Baucontainer-zur-Miete-9.jpg\" data-rel=\"tb_zffs365\" class=\"themify_lightbox\"><img loading=\"lazy\" decoding=\"async\" src=\"https:\/\/mobilbox.pl\/de\/wp-content\/uploads\/2024\/09\/Baucontainer-zur-Miete-9-1024x683-300x200.jpg\" width=\"300\" height=\"200\" class=\"wp-post-image wp-image-5124\" title=\"Baucontainer-zur-Miete-9\" alt=\"Baucontainer-zur-Miete-9\" srcset=\"https:\/\/mobilbox.pl\/de\/wp-content\/uploads\/2024\/09\/Baucontainer-zur-Miete-9-1024x683-300x200.jpg 300w, https:\/\/mobilbox.pl\/de\/wp-content\/uploads\/2024\/09\/Baucontainer-zur-Miete-9-1024x683.jpg 1024w, https:\/\/mobilbox.pl\/de\/wp-content\/uploads\/2024\/09\/Baucontainer-zur-Miete-9-768x512.jpg 768w, https:\/\/mobilbox.pl\/de\/wp-content\/uploads\/2024\/09\/Baucontainer-zur-Miete-9.jpg 1200w\" sizes=\"auto, (max-width: 300px) 100vw, 300px\" \/><\/a>            <\/dt>\n                    <\/dl>\n            <dl class=\"gallery-item\">\n            <dt class=\"gallery-icon\">\n            <a data-title=\"no\" title=\"\" href=\"https:\/\/mobilbox.pl\/de\/wp-content\/uploads\/2024\/09\/Baucontainer-zur-Miete-1.jpg\" data-rel=\"tb_zffs365\" class=\"themify_lightbox\"><img loading=\"lazy\" decoding=\"async\" src=\"https:\/\/mobilbox.pl\/de\/wp-content\/uploads\/2024\/09\/Baucontainer-zur-Miete-1-300x200.jpg\" width=\"300\" height=\"200\" class=\"wp-post-image wp-image-5118\" title=\"Baucontainer-zur-Miete-1\" alt=\"Baucontainer-zur-Miete-1\"><\/a>            <\/dt>\n                    <\/dl>\n            <dl class=\"gallery-item\">\n            <dt class=\"gallery-icon\">\n            <a data-title=\"no\" title=\"\" href=\"https:\/\/mobilbox.pl\/de\/wp-content\/uploads\/2024\/09\/Baucontainer-zur-Miete-7.jpg\" data-rel=\"tb_zffs365\" class=\"themify_lightbox\"><img loading=\"lazy\" decoding=\"async\" src=\"https:\/\/mobilbox.pl\/de\/wp-content\/uploads\/2024\/09\/Baucontainer-zur-Miete-7-300x200.jpg\" width=\"300\" height=\"200\" class=\"wp-post-image wp-image-5122\" title=\"Baucontainer-zur-Miete-7\" alt=\"Baucontainer-zur-Miete-7\"><\/a>            <\/dt>\n                    <\/dl>\n            <dl class=\"gallery-item\">\n            <dt class=\"gallery-icon\">\n            <a data-title=\"no\" title=\"\" href=\"https:\/\/mobilbox.pl\/de\/wp-content\/uploads\/2024\/09\/Baucontainer-zur-Miete-8.jpg\" data-rel=\"tb_zffs365\" class=\"themify_lightbox\"><img loading=\"lazy\" decoding=\"async\" src=\"https:\/\/mobilbox.pl\/de\/wp-content\/uploads\/2024\/09\/Baucontainer-zur-Miete-8-1024x768-300x200.jpg\" width=\"300\" height=\"200\" class=\"wp-post-image wp-image-5123\" title=\"Baucontainer-zur-Miete-8\" alt=\"Baucontainer-zur-Miete-8\"><\/a>            <\/dt>\n                    <\/dl>\n    <\/div>\n<\/div>\n<!-- \/module gallery -->        <\/div>\n                        <\/div>\n        <\/div>\n                        <div  data-parallax-bg=\"desktop\" data-css_id=\"skdq008\" data-lazy=\"1\" class=\"module_row themify_builder_row fullwidth_row_container tb_skdq008 tf_w\">\n            <span  class=\"builder_row_cover tf_abs\" data-lazy=\"1\"><\/span>            <div class=\"row_inner col_align_top tb_col_count_1 tf_box tf_rel\">\n                        <div  data-lazy=\"1\" class=\"module_column tb-column col-full tb_p4qk981 first\">\n                            <div  data-lazy=\"1\" class=\"module_subrow themify_builder_sub_row tf_w col_align_top tb_col_count_3 tb_zjrf483\">\n                <div  data-lazy=\"1\" class=\"module_column sub_column col4-1 tb_7htd019 first\">\n                            <\/div>\n                    <div  data-lazy=\"1\" class=\"module_column sub_column col4-2 tb_gq2t909\">\n                    <!-- module fancy heading -->\n<div  class=\"module module-fancy-heading tb_5y4a843 \" data-lazy=\"1\">\n        <h2 class=\"fancy-heading tf_textc\">\n    <span class=\"main-head tf_block\">\n                    <strong>SCHREIBEN SIE UNS<\/strong>            <\/span>\n\n    \n    <span class=\"sub-head tf_block tf_rel\">\n                                <\/span>\n    <\/h2>\n<\/div>\n<!-- \/module fancy heading -->\n<!-- module text -->\n<div  class=\"module module-text tb_qwcj842   \" data-lazy=\"1\">\n        <div  class=\"tb_text_wrap\">\n        <div class=\"s2\" style=\"text-align: center;\">\n<div class=\"s2\">F\u00fcr ein individuelles Angebot f\u00fcllen sie bitte unser Kontaktformular aus.<\/div>\n<\/div>\n<div>\u00a0<\/div>\n<p style=\"text-align: center;\"><div class=\"wpforms-container wpforms-container-full\" id=\"wpforms-218\"><form id=\"wpforms-form-218\" class=\"wpforms-validate wpforms-form\" data-formid=\"218\" method=\"post\" enctype=\"multipart\/form-data\" action=\"\/de\/wp-json\/wp\/v2\/pages\/5112\" data-token=\"f643de21ffc15b690882870816ee227d\" data-token-time=\"1775858991\"><noscript class=\"wpforms-error-noscript\">Bitte aktiviere JavaScript in deinem Browser, um dieses Formular fertigzustellen.<\/noscript><div class=\"wpforms-field-container\"><div id=\"wpforms-218-field_5-container\" class=\"wpforms-field wpforms-field-hidden\" data-field-id=\"5\"><input type=\"hidden\" id=\"wpforms-218-field_5\" name=\"wpforms[fields][5]\" value=\"https:\/\/mobilbox.pl\/de\/wp-json\/wp\/v2\/pages\/5112\"><\/div><div id=\"wpforms-218-field_2-container\" class=\"wpforms-field wpforms-field-text newsletter2\" data-field-id=\"2\"><label class=\"wpforms-field-label wpforms-label-hide\" for=\"wpforms-218-field_2\">Name \/ Firma\/ Kontaktperson<\/label><input type=\"text\" id=\"wpforms-218-field_2\" class=\"wpforms-field-large\" name=\"wpforms[fields][2]\" placeholder=\"Name \/ Firma\/ Kontaktperson\" ><\/div><div id=\"wpforms-218-field_1-container\" class=\"wpforms-field wpforms-field-email wpforms-one-half\" data-field-id=\"1\"><label class=\"wpforms-field-label wpforms-label-hide\" for=\"wpforms-218-field_1\">Email <span class=\"wpforms-required-label\">*<\/span><\/label><input type=\"email\" id=\"wpforms-218-field_1\" class=\"wpforms-field-large wpforms-field-required\" name=\"wpforms[fields][1]\" placeholder=\"Email\" spellcheck=\"false\" required><\/div><div id=\"wpforms-218-field_4-container\" class=\"wpforms-field wpforms-field-text wpforms-one-half\" data-field-id=\"4\"><label class=\"wpforms-field-label wpforms-label-hide\" for=\"wpforms-218-field_4\">Telefonnummer <span class=\"wpforms-required-label\">*<\/span><\/label><input type=\"text\" id=\"wpforms-218-field_4\" class=\"wpforms-field-large wpforms-field-required\" name=\"wpforms[fields][4]\" placeholder=\"Telefonnummer\" required><\/div><div id=\"wpforms-218-field_3-container\" class=\"wpforms-field wpforms-field-textarea\" data-field-id=\"3\"><label class=\"wpforms-field-label wpforms-label-hide\" for=\"wpforms-218-field_3\">Nachricht<\/label><textarea id=\"wpforms-218-field_3\" class=\"wpforms-field-small\" name=\"wpforms[fields][3]\" placeholder=\"Nachricht\" ><\/textarea><\/div><div id=\"wpforms-218-field_13-container\" class=\"wpforms-field wpforms-field-checkbox\" data-field-id=\"13\"><label class=\"wpforms-field-label\">Ich akzeptiere die Datenschutzerkl\u00e4rung <span class=\"wpforms-required-label\">*<\/span><\/label><ul id=\"wpforms-218-field_13\" class=\"wpforms-field-required\"><li class=\"choice-1 depth-1\"><input type=\"checkbox\" id=\"wpforms-218-field_13_1\" name=\"wpforms[fields][13][]\" value=\"Ich stimme der Verarbeitung personenbezogener Daten zu Marketing- und kommerziellen Zwecken zu und stimme der Verwendung der Endger\u00e4te f\u00fcr Direktmarketing zu.\" required ><label class=\"wpforms-field-label-inline\" for=\"wpforms-218-field_13_1\">Ich stimme der Verarbeitung personenbezogener Daten zu Marketing- und kommerziellen Zwecken zu und stimme der Verwendung der Endger\u00e4te f\u00fcr Direktmarketing zu.<\/label><\/li><\/ul><\/div><\/div><!-- .wpforms-field-container --><div class=\"wpforms-field wpforms-field-hp\"><label for=\"wpforms-218-field-hp\" class=\"wpforms-field-label\">Name<\/label><input type=\"text\" name=\"wpforms[hp]\" id=\"wpforms-218-field-hp\" class=\"wpforms-field-medium\"><\/div><div class=\"wpforms-submit-container\" ><input type=\"hidden\" name=\"wpforms[id]\" value=\"218\"><input type=\"hidden\" name=\"page_title\" value=\"\"><input type=\"hidden\" name=\"page_url\" value=\"https:\/\/mobilbox.pl\/de\/wp-json\/wp\/v2\/pages\/5112\"><input type=\"hidden\" name=\"url_referer\" value=\"\"><button type=\"submit\" name=\"wpforms[submit]\" id=\"wpforms-submit-218\" class=\"wpforms-submit\" data-alt-text=\"Senden\" data-submit-text=\"Senden\" aria-live=\"assertive\" value=\"wpforms-submit\">Senden<\/button><\/div><\/form><\/div>  <!-- .wpforms-container --><\/p>    <\/div>\n<\/div>\n<!-- \/module text -->        <\/div>\n                    <div  data-lazy=\"1\" class=\"module_column sub_column col4-1 tb_am9k993 last\">\n                            <\/div>\n                    <\/div>\n                <\/div>\n                        <\/div>\n        <\/div>\n                        <div  data-css_id=\"ui4w098\" data-lazy=\"1\" class=\"module_row themify_builder_row fullwidth_row_container tb_ui4w098 tf_w\">\n                        <div class=\"row_inner col_align_top tb_col_count_2 tf_box tf_rel\">\n                        <div  data-lazy=\"1\" class=\"module_column tb-column col4-2 tb_rfv0204 first\">\n                    <!-- module text -->\n<div  class=\"module module-text tb_p9ei090   \" data-lazy=\"1\">\n    <h3 class=\"module-title\">Unsere Dienstleistungen<\/h3>    <div  class=\"tb_text_wrap\">\n        <p>[su_list icon=&#8220;icon: check-square-o&#8220; icon_color=&#8220;#ed1c24&#8243;]<\/p>\n<ul>\n<li>Containervermietung<\/li>\n<li>Containerverkauf<\/li>\n<li>Containerleasing<\/li>\n<li>Beratung<\/li>\n<li>Containerplanung<\/li>\n<li>Containerherstellung<\/li>\n<li>Containerlieferung (Verkranung, Montage)<\/li>\n<li>Containertransport<\/li>\n<li>Containerwartung, Reparatur<\/li>\n<li>Bedienung von individuellen Anspr\u00fcchen<\/li>\n<li>Verkauf von Containerzubeh\u00f6r<\/li>\n<li>Verkauf von Plomben<\/li>\n<\/ul>\n<p>[\/su_list]<\/p>    <\/div>\n<\/div>\n<!-- \/module text -->        <\/div>\n                    <div  data-lazy=\"1\" class=\"module_column tb-column col4-2 tb_ozne409 last\">\n                    <!-- module text -->\n<div  class=\"module module-text tb_j4kw433   \" data-lazy=\"1\">\n    <h3 class=\"module-title\">Verwendung von B\u00fcrocontainern<\/h3>    <div  class=\"tb_text_wrap\">\n        <p>[su_list icon=&#8220;icon: check-square-o&#8220; icon_color=&#8220;#ed1c24&#8243;]<\/p>\n<ul>\n<li>Projektb\u00fcro<\/li>\n<li>Bauleiterb\u00fcro<\/li>\n<li>Umkleideraum<\/li>\n<li>Mannschaftsraum<\/li>\n<li>Unterkunft<\/li>\n<li>Aufenthaltsraum<\/li>\n<li>Werkst\u00e4tte<\/li>\n<li>Portierdienst<\/li>\n<li>Verkaufsfl\u00e4che, Verkaufsraum<\/li>\n<\/ul>\n<p>[\/su_list]<\/p>    <\/div>\n<\/div>\n<!-- \/module text -->        <\/div>\n                        <\/div>\n        <\/div>\n        <\/div>\n<!--\/themify_builder_content-->","protected":false},"excerpt":{"rendered":"<p>BAUCONTAINER ZUM VERMIETEN Baucontainer zu vermieten Die Vermietung von Baucontainern und Modulgeb\u00e4uden f\u00fcr Baustellen wird von Unternehmen bevorzugt, die Bauprojekte und Investitionsprojekte durchf\u00fchren. Container zur Vermietung \u2013 R\u00e4umlichkeiten mit separaten B\u00fcros, einem Besprechungsraum, einem Sanit\u00e4rraum f\u00fcr den Bauleiter, Sanit\u00e4rr\u00e4umen, einem Sozialraum Zimmer, eine K\u00fcche, Umkleider\u00e4ume f\u00fcr Arbeiter und praktische Lager- und Garderobenr\u00e4ume. Baucontainer zur Miete [&hellip;]<\/p>\n","protected":false},"author":3,"featured_media":0,"parent":12,"menu_order":0,"comment_status":"closed","ping_status":"closed","template":"","meta":{"footnotes":""},"class_list":["post-5112","page","type-page","status-publish","hentry","has-post-title","has-post-date","has-post-category","has-post-tag","has-post-comment","has-post-author",""],"_links":{"self":[{"href":"https:\/\/mobilbox.pl\/de\/wp-json\/wp\/v2\/pages\/5112","targetHints":{"allow":["GET"]}}],"collection":[{"href":"https:\/\/mobilbox.pl\/de\/wp-json\/wp\/v2\/pages"}],"about":[{"href":"https:\/\/mobilbox.pl\/de\/wp-json\/wp\/v2\/types\/page"}],"author":[{"embeddable":true,"href":"https:\/\/mobilbox.pl\/de\/wp-json\/wp\/v2\/users\/3"}],"replies":[{"embeddable":true,"href":"https:\/\/mobilbox.pl\/de\/wp-json\/wp\/v2\/comments?post=5112"}],"version-history":[{"count":0,"href":"https:\/\/mobilbox.pl\/de\/wp-json\/wp\/v2\/pages\/5112\/revisions"}],"up":[{"embeddable":true,"href":"https:\/\/mobilbox.pl\/de\/wp-json\/wp\/v2\/pages\/12"}],"wp:attachment":[{"href":"https:\/\/mobilbox.pl\/de\/wp-json\/wp\/v2\/media?parent=5112"}],"curies":[{"name":"wp","href":"https:\/\/api.w.org\/{rel}","templated":true}]}}