{"id":5241,"date":"2024-09-05T13:10:56","date_gmt":"2024-09-05T11:10:56","guid":{"rendered":"https:\/\/mobilbox.pl\/de\/containervermietung\/handelspavillon-zu-mieten-copy\/"},"modified":"2024-12-18T09:03:07","modified_gmt":"2024-12-18T08:03:07","slug":"werkstattcontainer","status":"publish","type":"page","link":"https:\/\/mobilbox.pl\/de\/containervermietung\/werkstattcontainer\/","title":{"rendered":"Werkstattcontainer"},"content":{"rendered":"<!--themify_builder_content-->\n<div id=\"themify_builder_content-5241\" data-postid=\"5241\" class=\"themify_builder_content themify_builder_content-5241 themify_builder tf_clear\">\n                    <div  data-lazy=\"1\" class=\"module_row themify_builder_row tb_zt1i351 tb_first tf_w\">\n                        <div class=\"row_inner col_align_top tb_col_count_1 tf_box tf_rel\">\n                        <div  data-lazy=\"1\" class=\"module_column tb-column col-full tb_kct5515 first\">\n                    <!-- module fancy heading -->\n<div  class=\"module module-fancy-heading tb_3wcy008 \" data-lazy=\"1\">\n        <h1 class=\"fancy-heading tf_textc\">\n    <span class=\"main-head tf_block\">\n                    VERMIETUNG VON WERKZEUG-\/WERKSTATTCONTAINERN            <\/span>\n\n    \n    <span class=\"sub-head tf_block tf_rel\">\n                    MIETE F\u00dcR EINE MOBILE WERKSTATT ODER WERKZEUGWERKSTATT            <\/span>\n    <\/h1>\n<\/div>\n<!-- \/module fancy heading -->\n        <\/div>\n                        <\/div>\n        <\/div>\n                        <div  data-lazy=\"1\" class=\"module_row themify_builder_row tb_at1e418 tf_w\">\n                        <div class=\"row_inner col_align_middle tb_col_count_2 tf_box tf_rel\">\n                        <div  data-lazy=\"1\" class=\"module_column tb-column col4-2 tb_3hwc419 first\">\n                    <!-- module text -->\n<div  class=\"module module-text tb_1htu522   \" data-lazy=\"1\">\n        <div  class=\"tb_text_wrap\">\n        <h2><span style=\"color: #ff0000;\">Vorteile unseres Werkzeugcontainers:<\/span><\/h2>\n<ul>\n<li>Platz f\u00fcr Werkzeug und Arbeit<\/li>\n<li>mobiler Werkzeugraum im Unternehmen<\/li>\n<li>innen ein Stahlregal mit Holzb\u00f6den<\/li>\n<li>Die Elektroinstallation erm\u00f6glicht den Einsatz von Elektrowerkzeugen<\/li>\n<li>energiesparende LED-Beleuchtung<\/li>\n<li>Sie k\u00f6nnen es platzieren, wo immer Sie wollen \u2013 kleine Beh\u00e4lterma\u00dfe<\/li>\n<li>gro\u00dfe Doppelt\u00fcren<\/li>\n<li>solide Konstruktion<\/li>\n<li>einfache Montage auf Betonbl\u00f6cken<\/li>\n<li>bevorzugt bei h\u00e4ufigem Standortwechsel<\/li>\n<\/ul>\n    <\/div>\n<\/div>\n<!-- \/module text -->        <\/div>\n                    <div  data-lazy=\"1\" class=\"module_column tb-column col4-2 tb_7w8g336 last\">\n                    <!-- module image -->\n<div  class=\"module module-image tb_i8xk943 image-top   tf_mw\" data-lazy=\"1\">\n        <div class=\"image-wrap tf_rel tf_mw\">\n            <img loading=\"lazy\" decoding=\"async\" src=\"http:\/\/mobilbox.pl\/de\/wp-content\/uploads\/2024\/09\/Werkstattcontainer-1.jpg\" width=\"600\" height=\"402\" title=\"Werkstattcontainer\" alt=\"Werkstattcontainer\">    \n        <\/div>\n    <!-- \/image-wrap -->\n    \n        <\/div>\n<!-- \/module image -->        <\/div>\n                        <\/div>\n        <\/div>\n                        <div  data-css_id=\"va8w200\" data-lazy=\"1\" class=\"module_row themify_builder_row fullwidth_row_container tb_va8w200 tf_w\">\n                        <div class=\"row_inner col_align_top tb_col_count_1 tf_box tf_rel\">\n                        <div  data-lazy=\"1\" class=\"module_column tb-column col-full tb_cdh0551 first\">\n                    <!-- module text -->\n<div  class=\"module module-text tb_tciq055   \" data-lazy=\"1\">\n        <div  class=\"tb_text_wrap\">\n        <h2><span style=\"color: #ff0000;\">WERKZEUGCONTAINER zu vermieten<\/span><\/h2>\n<p><br>Wir bieten die Vermietung eines modernen, mobilen Werkzeug- und Werkstattcontainers an, der sich hervorragend als transportabler Raum f\u00fcr Werkzeuge, Bauger\u00e4te, Installationsmaterialien und andere wertvolle Gegenst\u00e4nde eignet, die auf Baustellen und in Fabriken verwendet werden. Unser Container stellt den notwendigen Werkstattraum zur Verf\u00fcgung, der f\u00fcr den tempor\u00e4ren Einsatz, z. B. auf Baustellen, oder f\u00fcr einen l\u00e4ngeren Zeitraum, z. B. in einer Fabrik oder innerhalb einer Produktions- oder Lagerhalle, unersetzlich ist.<\/p>\n<p><strong>Ein gemieteter Werkzeugcontainer<\/strong> kann auch als Raum zum Schutz von Ausr\u00fcstung und Ger\u00e4ten bei besonderen Kultur- oder Sportveranstaltungen dienen. Hergestellt auf der Basis eines Vorratsbeh\u00e4lters, der Haltbarkeit und Anwendungssicherheit gew\u00e4hrleistet. Ausgestattet mit den notwendigen Elementen, die eine einfache Werkstattarbeit und die Aufbewahrung von Werkzeugen in den Regalen erm\u00f6glichen. Es verf\u00fcgt \u00fcber eine Elektro- und Beleuchtungsanlage, die jederzeit eine sichere und effektive Nutzung des Containers erm\u00f6glicht.<br>Durch die Anmietung unseres Werkzeug- und Werkstattcontainers erhalten Sie einen praktischen und funktionalen Aufbewahrungsort f\u00fcr wertvolle Werkzeuge und ein angenehmes Arbeitsumfeld.<\/p>    <\/div>\n<\/div>\n<!-- \/module text -->        <\/div>\n                        <\/div>\n        <\/div>\n                        <div  data-css_id=\"ep0s472\" data-lazy=\"1\" class=\"module_row themify_builder_row fullwidth_row_container tb_ep0s472 tf_w\">\n                        <div class=\"row_inner col_align_top tb_col_count_1 tf_box tf_rel\">\n                        <div  data-lazy=\"1\" class=\"module_column tb-column col-full tb_yov1472 first\">\n                    <!-- module text -->\n<div  class=\"module module-text tb_5b3j473   \" data-lazy=\"1\">\n        <div  class=\"tb_text_wrap\">\n        <h2><span style=\"color: #ff0000;\">Tool-Container &#8211; Implementierung<\/span><\/h2>    <\/div>\n<\/div>\n<!-- \/module text --><!-- module gallery -->\n<div  class=\"module gallery module-gallery tb_zec3473 layout-grid bordered  hide-tablet hide-tablet_landscape hide-mobile\" data-lazy=\"1\">\n    <div class=\"module-gallery-grid\" style=\"--gald:3;--galt:2;--galm:1\">\n            <dl class=\"gallery-item\">\n            <dt class=\"gallery-icon\">\n            <a data-title=\"no\" title=\"\" href=\"https:\/\/mobilbox.pl\/de\/wp-content\/uploads\/2024\/09\/Werkstattcontainer-1.jpg\" data-rel=\"tb_zec3473\" class=\"themify_lightbox\"><img loading=\"lazy\" decoding=\"async\" src=\"https:\/\/mobilbox.pl\/de\/wp-content\/uploads\/2024\/09\/Werkstattcontainer-1-400x200.jpg\" width=\"400\" height=\"200\" class=\"wp-post-image wp-image-5250\" title=\"Werkstattcontainer-1\" alt=\"Werkstattcontainer-1\"><\/a>            <\/dt>\n                    <\/dl>\n            <dl class=\"gallery-item\">\n            <dt class=\"gallery-icon\">\n            <a data-title=\"no\" title=\"\" href=\"https:\/\/mobilbox.pl\/de\/wp-content\/uploads\/2024\/09\/Werkstattcontainer-3.jpg\" data-rel=\"tb_zec3473\" class=\"themify_lightbox\"><img loading=\"lazy\" decoding=\"async\" src=\"https:\/\/mobilbox.pl\/de\/wp-content\/uploads\/2024\/09\/Werkstattcontainer-3-400x200.jpg\" width=\"400\" height=\"200\" class=\"wp-post-image wp-image-5252\" title=\"Werkstattcontainer-3\" alt=\"Werkstattcontainer-3\"><\/a>            <\/dt>\n                    <\/dl>\n            <dl class=\"gallery-item\">\n            <dt class=\"gallery-icon\">\n            <a data-title=\"no\" title=\"\" href=\"https:\/\/mobilbox.pl\/de\/wp-content\/uploads\/2024\/09\/Werkstattcontainer-2.jpg\" data-rel=\"tb_zec3473\" class=\"themify_lightbox\"><img loading=\"lazy\" decoding=\"async\" src=\"https:\/\/mobilbox.pl\/de\/wp-content\/uploads\/2024\/09\/Werkstattcontainer-2-1024x873-400x200.jpg\" width=\"400\" height=\"200\" class=\"wp-post-image wp-image-5251\" title=\"Werkstattcontainer-2\" alt=\"Werkstattcontainer-2\"><\/a>            <\/dt>\n                    <\/dl>\n    <\/div>\n<\/div>\n<!-- \/module gallery -->        <\/div>\n                        <\/div>\n        <\/div>\n                        <div  data-css_id=\"3zne433\" data-lazy=\"1\" class=\"module_row themify_builder_row fullwidth_row_container tb_3zne433 tf_w\">\n                        <div class=\"row_inner col_align_top tb_col_count_1 tf_box tf_rel\">\n                        <div  data-lazy=\"1\" class=\"module_column tb-column col-full tb_qm8q433 first\">\n                    <!-- module icon -->\n<div  class=\"module module-icon tb_cdgo433   none icon_horizontal \" data-lazy=\"1\">\n\t\t\t<div class=\"module-icon-item\">\n\t\t\t\t\t\t\t<a href=\"https:\/\/wa.me\/+48885850053\">\n\t\t\t\t\t\t\t\t\t\t\t\t\t\t\t\t\t<img loading=\"lazy\" decoding=\"async\" src=\"http:\/\/mobilbox.pl\/de\/wp-content\/uploads\/2024\/09\/whatsapp.png\" width=\"60\" height=\"100\" class=\"tf_box\" title=\"Fragen Sie mich nach einem Werkstattcontainer +48 885 850 053 Dominik Weber\" alt=\"Fragen Sie mich nach einem Werkstattcontainer +48 885 850 053 Dominik Weber\">\t\t\t\t\t\t\t\t\t\t\t\t\t\t\t\t\t\t\t<span>Fragen Sie mich nach einem Werkstattcontainer +48 885 850 053 Dominik Weber<\/span>\n\t\t\t\t\t\t\t\t\t\t\t\t\t\t\t\t\t<\/a>\n\t\t\t\t\t<\/div>\n\t<\/div>\n<!-- \/module icon -->\n        <\/div>\n                        <\/div>\n        <\/div>\n                        <div  data-css_id=\"tfpl638\" data-lazy=\"1\" class=\"module_row themify_builder_row fullwidth_row_container tb_tfpl638 tf_w\">\n                        <div class=\"row_inner col_align_top tb_col_count_1 tf_box tf_rel\">\n                        <div  data-lazy=\"1\" class=\"module_column tb-column col-full tb_osxg638 first\">\n                    <!-- module text -->\n<div  class=\"module module-text tb_rtlr638   \" data-lazy=\"1\">\n        <div  class=\"tb_text_wrap\">\n        <h2><span style=\"color: #ed1c24;\">Vorteile der Anmietung eines Werkzeug-\/Werkstattcontainers<\/span><\/h2>    <\/div>\n<\/div>\n<!-- \/module text --><!-- module text -->\n<div  class=\"module module-text tb_mtx3638   \" data-lazy=\"1\">\n        <div  class=\"tb_text_wrap\">\n        <p>Dank der mit einem Riegelschloss ausgestatteten Doppelt\u00fcren sorgt der Mietwerkzeugcontainer f\u00fcr die Sicherheit der darin gelassenen Gegenst\u00e4nde. Dadurch, dass die Fl\u00fcgelt\u00fcren den Raum einer der W\u00e4nde ausf\u00fcllen, haben wir beim \u00d6ffnen freien Zugang sowohl zum Regal als auch zum Schlossertisch und sorgen f\u00fcr komfortables Arbeiten wie im Freien. An der Seitenwand ist ein Stahlregal mit Holzregalen angebracht, das eine effektive Raumverwaltung und eine ordnungsgem\u00e4\u00dfe Lagerung zur\u00fcckgelassener Gegenst\u00e4nde erm\u00f6glicht. Eine solide Werkbank aus Stahl mit ger\u00e4umiger Arbeitsplatte und einem \u00fcber dem Tisch montierten elektrischen Armaturenbrett mit Steckdosen erm\u00f6glichen die Durchf\u00fchrung verschiedener Werkstattt\u00e4tigkeiten. Die Elektroinstallation des Containers umfasst 5x32A-Steckdosen und vier 230V-Steckdosen, die den Anschluss von Elektrowerkzeugen erm\u00f6glichen. Die Beleuchtungsanlage ist mit zwei energiesparenden 18-W-LED-Leuchtstofflampen ausgestattet und sorgt so f\u00fcr eine optimale Beleuchtung des Containerinnenraums.<\/p>\n<p>Der zur Miete angebotene kompakte Werkzeugcontainer kann im Rahmen eines Mietvertrages g\u00fcnstig in der n\u00e4chstgelegenen Mobilbox-Filiale gemietet werden, wo unsere Spezialisten Ihnen gerne alle Fragen beantworten. Das Mieten eines Werkzeugcontainers funktioniert in jedem Unternehmen und sorgt f\u00fcr eine reibungslose und effektive Verwaltung ausgew\u00e4hlter Prozesse. Durch seine geringen Abmessungen l\u00e4sst er sich nahezu \u00fcberall platzieren und passt sich so den individuellen Anforderungen an. Ein optimal ausgestatteter Container erleichtert die Anordnung in einer Werkstatt oder einem Werkzeugraum. Dar\u00fcber hinaus werden unsere Werkzeugbeh\u00e4lter in standardisierten Abmessungen produziert, was eine Kombination und Kombination mit anderen Beh\u00e4ltern erm\u00f6glicht.<\/p>\n<p><strong>Ein gemieteter Werkzeugcontainer ist ideal f\u00fcr Unternehmen, da:<\/strong><\/p>\n<ul>\n<li>zus\u00e4tzlicher Raum au\u00dferhalb der Produktions- oder Lagerhalle<\/li>\n<li>Werkzeugbasis auf der Baustelle<\/li>\n<li>Werkzeugraum in der Produktionshalle<\/li>\n<li>technische Unterst\u00fctzung f\u00fcr die Veranstaltung<\/li>\n<li>Technikraum f\u00fcr den Wartungstechniker im Zentrum<\/li>\n<li>Erholungsgebiet<\/li>\n<\/ul>\n<p><strong>Das Mieten unseres Werkzeugcontainers<\/strong> ist eine praktische und bequeme L\u00f6sung, mit der Sie f\u00fcr Ordnung sorgen und die Sicherheit Ihrer Werkzeuge und Wertgegenst\u00e4nde gew\u00e4hrleisten k\u00f6nnen. Profitieren Sie jetzt von unserem Angebot!<\/p>    <\/div>\n<\/div>\n<!-- \/module text -->        <\/div>\n                        <\/div>\n        <\/div>\n                        <div  data-css_id=\"b5tm960\" data-lazy=\"1\" class=\"module_row themify_builder_row fullwidth tb_b5tm960 tf_w\">\n                        <div class=\"row_inner col_align_top tb_col_count_1 tf_box tf_rel\">\n                        <div  data-lazy=\"1\" class=\"module_column tb-column col-full tb_lpej960 first\">\n                    <!-- module template_part -->\n<div  class=\"module module-layout-part tb_xfji153 \">\n    <div class=\"tb_layout_part_wrap tf_w\"><!--themify_builder_content-->\n    <div  class=\"themify_builder_content themify_builder_content-4978 themify_builder not_editable_builder in_the_loop\" data-postid=\"4978\">\n                        <div  data-parallax-bg=\"desktop\" data-css_id=\"mmu4350\" data-lazy=\"1\" class=\"module_row themify_builder_row fullwidth_row_container tb_mmu4350 tf_w\">\n            <span  class=\"builder_row_cover tf_abs\" data-lazy=\"1\"><\/span>            <div class=\"row_inner col_align_top tb_col_count_1 tf_box tf_rel\">\n                        <div  data-lazy=\"1\" class=\"module_column tb-column col-full tb_hhn4350 first\">\n                            <div  data-lazy=\"1\" class=\"module_subrow themify_builder_sub_row tf_w col_align_top tb_col_count_3 tb_4wcl350\">\n                <div  data-lazy=\"1\" class=\"module_column sub_column col4-1 tb_ypgc350 first\">\n                            <\/div>\n                    <div  data-lazy=\"1\" class=\"module_column sub_column col4-2 tb_5bz6350\">\n                    <!-- module fancy heading -->\n<div  class=\"module module-fancy-heading tb_xrpc350 \" data-lazy=\"1\">\n        <h2 class=\"fancy-heading tf_textc\">\n    <span class=\"main-head tf_block\">\n                    <strong>SCHREIBEN SIE UNS<\/strong>            <\/span>\n\n    \n    <span class=\"sub-head tf_block tf_rel\">\n                                <\/span>\n    <\/h2>\n<\/div>\n<!-- \/module fancy heading -->\n<!-- module text -->\n<div  class=\"module module-text tb_0h4n350   \" data-lazy=\"1\">\n        <div  class=\"tb_text_wrap\">\n        <p style=\"text-align: center;\">F\u00fcr ein individuelles Angebot f\u00fcllen sie bitte unser Kontaktformular aus<br \/><div class=\"wpforms-container wpforms-container-full\" id=\"wpforms-218\"><form id=\"wpforms-form-218\" class=\"wpforms-validate wpforms-form\" data-formid=\"218\" method=\"post\" enctype=\"multipart\/form-data\" action=\"\/de\/wp-json\/wp\/v2\/pages\/5241\" data-token=\"f643de21ffc15b690882870816ee227d\" data-token-time=\"1775836160\"><noscript class=\"wpforms-error-noscript\">Bitte aktiviere JavaScript in deinem Browser, um dieses Formular fertigzustellen.<\/noscript><div class=\"wpforms-field-container\"><div id=\"wpforms-218-field_5-container\" class=\"wpforms-field wpforms-field-hidden\" data-field-id=\"5\"><input type=\"hidden\" id=\"wpforms-218-field_5\" name=\"wpforms[fields][5]\" value=\"https:\/\/mobilbox.pl\/de\/wp-json\/wp\/v2\/pages\/5241\"><\/div><div id=\"wpforms-218-field_2-container\" class=\"wpforms-field wpforms-field-text newsletter2\" data-field-id=\"2\"><label class=\"wpforms-field-label wpforms-label-hide\" for=\"wpforms-218-field_2\">Name \/ Firma\/ Kontaktperson<\/label><input type=\"text\" id=\"wpforms-218-field_2\" class=\"wpforms-field-large\" name=\"wpforms[fields][2]\" placeholder=\"Name \/ Firma\/ Kontaktperson\" ><\/div><div id=\"wpforms-218-field_1-container\" class=\"wpforms-field wpforms-field-email wpforms-one-half\" data-field-id=\"1\"><label class=\"wpforms-field-label wpforms-label-hide\" for=\"wpforms-218-field_1\">Email <span class=\"wpforms-required-label\">*<\/span><\/label><input type=\"email\" id=\"wpforms-218-field_1\" class=\"wpforms-field-large wpforms-field-required\" name=\"wpforms[fields][1]\" placeholder=\"Email\" spellcheck=\"false\" required><\/div><div id=\"wpforms-218-field_4-container\" class=\"wpforms-field wpforms-field-text wpforms-one-half\" data-field-id=\"4\"><label class=\"wpforms-field-label wpforms-label-hide\" for=\"wpforms-218-field_4\">Telefonnummer <span class=\"wpforms-required-label\">*<\/span><\/label><input type=\"text\" id=\"wpforms-218-field_4\" class=\"wpforms-field-large wpforms-field-required\" name=\"wpforms[fields][4]\" placeholder=\"Telefonnummer\" required><\/div><div id=\"wpforms-218-field_3-container\" class=\"wpforms-field wpforms-field-textarea\" data-field-id=\"3\"><label class=\"wpforms-field-label wpforms-label-hide\" for=\"wpforms-218-field_3\">Nachricht<\/label><textarea id=\"wpforms-218-field_3\" class=\"wpforms-field-small\" name=\"wpforms[fields][3]\" placeholder=\"Nachricht\" ><\/textarea><\/div><div id=\"wpforms-218-field_13-container\" class=\"wpforms-field wpforms-field-checkbox\" data-field-id=\"13\"><label class=\"wpforms-field-label\">Ich akzeptiere die Datenschutzerkl\u00e4rung <span class=\"wpforms-required-label\">*<\/span><\/label><ul id=\"wpforms-218-field_13\" class=\"wpforms-field-required\"><li class=\"choice-1 depth-1\"><input type=\"checkbox\" id=\"wpforms-218-field_13_1\" name=\"wpforms[fields][13][]\" value=\"Ich stimme der Verarbeitung personenbezogener Daten zu Marketing- und kommerziellen Zwecken zu und stimme der Verwendung der Endger\u00e4te f\u00fcr Direktmarketing zu.\" required ><label class=\"wpforms-field-label-inline\" for=\"wpforms-218-field_13_1\">Ich stimme der Verarbeitung personenbezogener Daten zu Marketing- und kommerziellen Zwecken zu und stimme der Verwendung der Endger\u00e4te f\u00fcr Direktmarketing zu.<\/label><\/li><\/ul><\/div><\/div><!-- .wpforms-field-container --><div class=\"wpforms-field wpforms-field-hp\"><label for=\"wpforms-218-field-hp\" class=\"wpforms-field-label\">Phone<\/label><input type=\"text\" name=\"wpforms[hp]\" id=\"wpforms-218-field-hp\" class=\"wpforms-field-medium\"><\/div><div class=\"wpforms-submit-container\" ><input type=\"hidden\" name=\"wpforms[id]\" value=\"218\"><input type=\"hidden\" name=\"page_title\" value=\"\"><input type=\"hidden\" name=\"page_url\" value=\"https:\/\/mobilbox.pl\/de\/wp-json\/wp\/v2\/pages\/5241\"><input type=\"hidden\" name=\"url_referer\" value=\"\"><button type=\"submit\" name=\"wpforms[submit]\" id=\"wpforms-submit-218\" class=\"wpforms-submit\" data-alt-text=\"Senden\" data-submit-text=\"Senden\" aria-live=\"assertive\" value=\"wpforms-submit\">Senden<\/button><\/div><\/form><\/div>  <!-- .wpforms-container --><\/p>    <\/div>\n<\/div>\n<!-- \/module text -->        <\/div>\n                    <div  data-lazy=\"1\" class=\"module_column sub_column col4-1 tb_a9v3350 last\">\n                            <\/div>\n                    <\/div>\n                <\/div>\n                        <\/div>\n        <\/div>\n            <\/div>\n<!--\/themify_builder_content--><\/div>\n<\/div>\n<!-- \/module template_part -->        <\/div>\n                        <\/div>\n        <\/div>\n        <\/div>\n<!--\/themify_builder_content-->","protected":false},"excerpt":{"rendered":"<p>VERMIETUNG VON WERKZEUG-\/WERKSTATTCONTAINERNMIETE F\u00dcR EINE MOBILE WERKSTATT ODER WERKZEUGWERKSTATT Vorteile unseres Werkzeugcontainers: Platz f\u00fcr Werkzeug und Arbeit mobiler Werkzeugraum im Unternehmen innen ein Stahlregal mit Holzb\u00f6den Die Elektroinstallation erm\u00f6glicht den Einsatz von Elektrowerkzeugen energiesparende LED-Beleuchtung Sie k\u00f6nnen es platzieren, wo immer Sie wollen \u2013 kleine Beh\u00e4lterma\u00dfe gro\u00dfe Doppelt\u00fcren solide Konstruktion einfache Montage auf Betonbl\u00f6cken bevorzugt [&hellip;]<\/p>\n","protected":false},"author":3,"featured_media":0,"parent":12,"menu_order":0,"comment_status":"closed","ping_status":"closed","template":"","meta":{"footnotes":""},"class_list":["post-5241","page","type-page","status-publish","hentry","has-post-title","has-post-date","has-post-category","has-post-tag","has-post-comment","has-post-author",""],"_links":{"self":[{"href":"https:\/\/mobilbox.pl\/de\/wp-json\/wp\/v2\/pages\/5241","targetHints":{"allow":["GET"]}}],"collection":[{"href":"https:\/\/mobilbox.pl\/de\/wp-json\/wp\/v2\/pages"}],"about":[{"href":"https:\/\/mobilbox.pl\/de\/wp-json\/wp\/v2\/types\/page"}],"author":[{"embeddable":true,"href":"https:\/\/mobilbox.pl\/de\/wp-json\/wp\/v2\/users\/3"}],"replies":[{"embeddable":true,"href":"https:\/\/mobilbox.pl\/de\/wp-json\/wp\/v2\/comments?post=5241"}],"version-history":[{"count":0,"href":"https:\/\/mobilbox.pl\/de\/wp-json\/wp\/v2\/pages\/5241\/revisions"}],"up":[{"embeddable":true,"href":"https:\/\/mobilbox.pl\/de\/wp-json\/wp\/v2\/pages\/12"}],"wp:attachment":[{"href":"https:\/\/mobilbox.pl\/de\/wp-json\/wp\/v2\/media?parent=5241"}],"curies":[{"name":"wp","href":"https:\/\/api.w.org\/{rel}","templated":true}]}}