{"id":6049,"date":"2024-12-18T13:31:49","date_gmt":"2024-12-18T12:31:49","guid":{"rendered":"https:\/\/mobilbox.pl\/de\/containervermietung\/transportcontainern-vermietung-copy\/"},"modified":"2024-12-19T10:36:33","modified_gmt":"2024-12-19T09:36:33","slug":"eventcontainer","status":"publish","type":"page","link":"https:\/\/mobilbox.pl\/de\/containervermietung\/eventcontainer\/","title":{"rendered":"Eventcontainer zu vermieten"},"content":{"rendered":"<!--themify_builder_content-->\n<div id=\"themify_builder_content-6049\" data-postid=\"6049\" class=\"themify_builder_content themify_builder_content-6049 themify_builder tf_clear\">\n                    <div  data-lazy=\"1\" class=\"module_row themify_builder_row tb_kq7a128 tb_first tf_w\">\n                        <div class=\"row_inner col_align_top tb_col_count_1 tf_box tf_rel\">\n                        <div  data-lazy=\"1\" class=\"module_column tb-column col-full tb_qykd128 first\">\n                    <!-- module fancy heading -->\n<div  class=\"module module-fancy-heading tb_6enl128 \" data-lazy=\"1\">\n        <h1 class=\"fancy-heading tf_textc\">\n    <span class=\"main-head tf_block\">\n                    VERMIETUNG VON EVENTCONTAINERN            <\/span>\n\n    \n    <span class=\"sub-head tf_block tf_rel\">\n                    \u00a0            <\/span>\n    <\/h1>\n<\/div>\n<!-- \/module fancy heading -->\n        <\/div>\n                        <\/div>\n        <\/div>\n                        <div  data-css_id=\"o3ot661\" data-lazy=\"1\" class=\"module_row themify_builder_row fullwidth_row_container tb_o3ot661 tf_w\">\n                        <div class=\"row_inner col_align_middle tb_col_count_2 tf_box tf_rel\">\n                        <div  data-lazy=\"1\" class=\"module_column tb-column col4-2 tb_4vwp661 first\">\n                    <!-- module text -->\n<div  class=\"module module-text tb_77ri661   \" data-lazy=\"1\">\n        <div  class=\"tb_text_wrap\">\n        <h2><span style=\"color: #ff0000;\">Eventcontainer zu vermieten<\/span><\/h2>\n<p><strong>Eventcontainer zum Mieten<\/strong> sind ein Angebot, das sich an Organisatoren aller <strong>Massenveranstaltungen, Kulturveranstalter, Eventfirmen, Festivalveranstalter, Freizeitzentren und Kommunalverwaltungen richtet<\/strong>. Hierbei handelt es sich um einen umfassenden Service zur Sicherung der notwendigen, tempor\u00e4ren Geb\u00e4ude f\u00fcr die Dauer der Vorbereitung und Dauer der Veranstaltung, wie zum Beispiel: <strong>Kassen, Concierge-Schalter mit Stativen, B\u00fcro des Veranstalters, R\u00e4ume f\u00fcr K\u00fcnstler, Ger\u00e4telager, R\u00e4ume f\u00fcr Sicherheitspersonal und Sanit\u00e4ranlagen f\u00fcr G\u00e4ste sowie Toiletten f\u00fcr Zuschauer.<\/strong><\/p>\n<p>Jede Massenveranstaltung, beispielsweise ein <strong>Musikfestival<\/strong>, erfordert die Anwesenheit einer Reihe von Diensten, die die gesamte Veranstaltung effizient verwalten und \u00fcberwachen. Dazu geh\u00f6ren die Veranstalter selbst, Sicherheitsdienste, medizinische Dienste, Freiwillige und Catering-Personal. Bei Veranstaltungen im Freien m\u00fcssen wechselnde Wetterbedingungen ber\u00fccksichtigt, Sicherheit und eine ordnungsgem\u00e4\u00dfe Kommunikation gew\u00e4hrleistet werden. <strong>Event-Container<\/strong> k\u00f6nnen in solchen Situationen sehr hilfreich sein, da sie viele Funktionen erf\u00fcllen und von bestimmten Diensten oder Personen genutzt werden k\u00f6nnen.<\/p>    <\/div>\n<\/div>\n<!-- \/module text -->        <\/div>\n                    <div  data-lazy=\"1\" class=\"module_column tb-column col4-2 tb_e74q661 last\">\n                    <!-- module image -->\n<div  class=\"module module-image tb_17o7661 image-top   tf_mw\" data-lazy=\"1\">\n        <div class=\"image-wrap tf_rel tf_mw\">\n            <img loading=\"lazy\" decoding=\"async\" src=\"http:\/\/mobilbox.pl\/de\/wp-content\/uploads\/2024\/12\/eventcontainer-1.jpg\" width=\"919\" height=\"690\" title=\"Eventcontainer zu vermieten\" alt=\"Eventcontainer zu vermieten\">    \n        <\/div>\n    <!-- \/image-wrap -->\n    \n        <\/div>\n<!-- \/module image -->        <\/div>\n                        <\/div>\n        <\/div>\n                        <div  data-css_id=\"nu2p714\" data-lazy=\"1\" class=\"module_row themify_builder_row fullwidth_row_container tb_nu2p714 tf_w\">\n                        <div class=\"row_inner col_align_top tb_col_count_1 tf_box tf_rel\">\n                        <div  data-lazy=\"1\" class=\"module_column tb-column col-full tb_viml714 first\">\n                    <!-- module text -->\n<div  class=\"module module-text tb_gnyf714   \" data-lazy=\"1\">\n        <div  class=\"tb_text_wrap\">\n        <p>Der modulare Aufbau des Containers auf Basis eines Stahlrahmens ist eine L\u00f6sung, die einen effizienten Transport und eine schnelle Montage der Container sowie anschlie\u00dfend eine starre Verbindung mittels Zugstangen erm\u00f6glicht, die die Stabilit\u00e4t und Steifigkeit des Objekts gew\u00e4hrleistet. Die Container sind sowohl horizontal als auch vertikal angeordnet, die Kommunikation zwischen den Ebenen erfolgt \u00fcber Containertreppen. Container k\u00f6nnen nach individuellen Bed\u00fcrfnissen zusammengestellt oder arrangiert werden. Sie k\u00f6nnen eine Garderobe, eine Umkleidekabine, ein Caf\u00e9, einen Catering-Punkt, eine saisonale Bar oder einen Raum f\u00fcr besondere VIP-G\u00e4ste einrichten, der mit Verglasung und einer Terrasse ausgestattet ist.<\/p>\n<p>Die Anlagen k\u00f6nnen f\u00fcr eine Saison gemietet, nach der Saison abgebaut und im darauffolgenden Jahr wiederverwendet werden. Dies ist wichtig bei j\u00e4hrlichen Festivals oder Picknicks. Tats\u00e4chlich k\u00f6nnen Container Veranstalter von der Vorbereitung der Infrastruktur \u00fcber die Dauer der Veranstaltung bis hin zur Demontage aller Ger\u00e4te und der Reinigung des Gel\u00e4ndes begleiten. Sie werden komfortable Baur\u00e4ume f\u00fcr die B\u00fchnenaufbauteams, Tontechniker und ein B\u00fcro f\u00fcr das Organisationsteam bereitstellen. Vor der Veranstaltung gew\u00e4hrleisten die Container einen kontrollierten Personenzutritt zum Veranstaltungsbereich sowie sanit\u00e4re Einrichtungen f\u00fcr alle Teilnehmer w\u00e4hrend der Veranstaltung. Dar\u00fcber hinaus k\u00f6nnen Container verwendet werden, um die urspr\u00fcngliche Umgebung des Veranstaltungs- oder Empfangsbereichs zu gestalten.<\/p>\n<p>Unsere L\u00f6sungen haben sich in vielen Branchen und unter anspruchsvollen Bedingungen bew\u00e4hrt. Serviceteams helfen beim Aufbau der Anlage und geben Wissen \u00fcber den ordnungsgem\u00e4\u00dfen Betrieb weiter. Die Pr\u00e4senz unserer Niederlassungen in den gr\u00f6\u00dften polnischen St\u00e4dten in der N\u00e4he touristischer Gebiete erm\u00f6glicht eine schnelle und effiziente Organisation, was einen gro\u00dfen organisatorischen Komfort darstellt und sich auf die Wettbewerbsf\u00e4higkeit des Preises f\u00fcr die Containermiete auswirken kann, insbesondere auf niedrigere Transportkosten. Gerne erstellen wir f\u00fcr Sie ein Projekt und stellen die gew\u00fcnschten Containermodule f\u00fcr Ihre Veranstaltung bereit.<\/p>    <\/div>\n<\/div>\n<!-- \/module text -->        <\/div>\n                        <\/div>\n        <\/div>\n                        <div  data-lazy=\"1\" class=\"module_row themify_builder_row tb_7mif358 tf_w\">\n                        <div class=\"row_inner col_align_top tb_col_count_1 tf_box tf_rel\">\n                        <div  data-lazy=\"1\" class=\"module_column tb-column col-full tb_rnhu358 first\">\n                    <!-- module gallery -->\n<div  class=\"module gallery module-gallery tb_tcop358 layout-grid  \" data-lazy=\"1\">\n    <div class=\"module-gallery-grid\" style=\"--gald:4;--galt:4;--galm:1\">\n            <dl class=\"gallery-item\">\n            <dt class=\"gallery-icon\">\n            <a data-title=\"no\" title=\"\" href=\"https:\/\/mobilbox.pl\/de\/wp-content\/uploads\/2024\/12\/eventcontainer-4.jpg\" data-rel=\"tb_tcop358\" class=\"themify_lightbox\"><img loading=\"lazy\" decoding=\"async\" src=\"https:\/\/mobilbox.pl\/de\/wp-content\/uploads\/2024\/12\/eventcontainer-4-300x200.jpg\" width=\"300\" height=\"200\" class=\"wp-post-image wp-image-6065\" title=\"eventcontainer-4\" alt=\"eventcontainer-4\"><\/a>            <\/dt>\n                    <\/dl>\n            <dl class=\"gallery-item\">\n            <dt class=\"gallery-icon\">\n            <a data-title=\"no\" title=\"\" href=\"https:\/\/mobilbox.pl\/de\/wp-content\/uploads\/2024\/12\/eventcontainer-3.jpg\" data-rel=\"tb_tcop358\" class=\"themify_lightbox\"><img loading=\"lazy\" decoding=\"async\" src=\"https:\/\/mobilbox.pl\/de\/wp-content\/uploads\/2024\/12\/eventcontainer-3-1024x441-300x200.jpg\" width=\"300\" height=\"200\" class=\"wp-post-image wp-image-6064\" title=\"eventcontainer-3\" alt=\"eventcontainer-3\"><\/a>            <\/dt>\n                    <\/dl>\n            <dl class=\"gallery-item\">\n            <dt class=\"gallery-icon\">\n            <a data-title=\"no\" title=\"\" href=\"https:\/\/mobilbox.pl\/de\/wp-content\/uploads\/2024\/12\/eventcontainer-2.jpg\" data-rel=\"tb_tcop358\" class=\"themify_lightbox\"><img loading=\"lazy\" decoding=\"async\" src=\"https:\/\/mobilbox.pl\/de\/wp-content\/uploads\/2024\/12\/eventcontainer-2-300x200.jpg\" width=\"300\" height=\"200\" class=\"wp-post-image wp-image-6063\" title=\"eventcontainer-2\" alt=\"eventcontainer-2\"><\/a>            <\/dt>\n                    <\/dl>\n            <dl class=\"gallery-item\">\n            <dt class=\"gallery-icon\">\n            <a data-title=\"no\" title=\"\" href=\"https:\/\/mobilbox.pl\/de\/wp-content\/uploads\/2024\/12\/eventcontainer-1.jpg\" data-rel=\"tb_tcop358\" class=\"themify_lightbox\"><img loading=\"lazy\" decoding=\"async\" src=\"https:\/\/mobilbox.pl\/de\/wp-content\/uploads\/2024\/12\/eventcontainer-1-300x200.jpg\" width=\"300\" height=\"200\" class=\"wp-post-image wp-image-6062\" title=\"eventcontainer-1\" alt=\"eventcontainer\"><\/a>            <\/dt>\n                    <\/dl>\n    <\/div>\n<\/div>\n<!-- \/module gallery -->        <\/div>\n                        <\/div>\n        <\/div>\n                        <div  data-css_id=\"zr9i274\" data-lazy=\"1\" class=\"module_row themify_builder_row fullwidth_row_container tb_zr9i274 tf_w\">\n                        <div class=\"row_inner col_align_top tb_col_count_1 tf_box tf_rel\">\n                        <div  data-lazy=\"1\" class=\"module_column tb-column col-full tb_rq80274 first\">\n                    <!-- module text -->\n<div  class=\"module module-text tb_vbzm274   \" data-lazy=\"1\">\n        <div  class=\"tb_text_wrap\">\n        <h2><span style=\"color: #ed1c24;\">Event-Container-Ausstattung<\/span><\/h2>    <\/div>\n<\/div>\n<!-- \/module text -->        <\/div>\n                        <\/div>\n        <\/div>\n                        <div  data-css_id=\"jrf6588\" data-lazy=\"1\" class=\"module_row themify_builder_row fullwidth_row_container tb_jrf6588 tf_w\">\n                        <div class=\"row_inner col_align_top tb_col_count_1 tf_box tf_rel\">\n                        <div  data-lazy=\"1\" class=\"module_column tb-column col-full tb_n2kz588 first\">\n                    <!-- module text -->\n<div  class=\"module module-text tb_lahp588   \" data-lazy=\"1\">\n        <div  class=\"tb_text_wrap\">\n        <p>Ein wichtiger Bestandteil eines Eventcontainers ist seine Ausstattung. Im Rahmen der Veranstaltungsraummiete k\u00f6nnen Sie Folgendes mieten: M\u00f6bel, eine Bar, Barst\u00fchle, Hocker, eine Kaffeemaschine, einen Fernseher, eine K\u00fcchenzeile, einen K\u00fchlschrank und eine Klimaanlage.<\/p>\n<h3><span style=\"color: #ff0000;\">Kennzeichnung von Veranstaltungscontainern<\/span><\/h3>\n<p><b>Mit Lack beschichtetes Metall erm\u00f6glicht das Anbringen von Grafiken auf Magneten oder als Aufkleber. Dar\u00fcber hinaus k\u00f6nnen Sie nach R\u00fccksprache mit dem Filialleiter und Einholung der Zustimmung Werbung oder eine beleuchtete Deckenleuchte anbringen.<\/b><\/p>    <\/div>\n<\/div>\n<!-- \/module text -->        <\/div>\n                        <\/div>\n        <\/div>\n                        <div  data-css_id=\"1j2b883\" data-lazy=\"1\" class=\"module_row themify_builder_row fullwidth_row_container tb_1j2b883 tf_w\">\n                        <div class=\"row_inner col_align_top tb_col_count_2 tf_box tf_rel\">\n                        <div  data-lazy=\"1\" class=\"module_column tb-column col4-2 tb_0uxc883 first\">\n                    <!-- module text -->\n<div  class=\"module module-text tb_o3pj883   \" data-lazy=\"1\">\n        <div  class=\"tb_text_wrap\">\n        <h3><span style=\"color: #ff0000;\">Zus\u00e4tzliche M\u00f6glichkeiten zur Nachr\u00fcstung des Eventcontainers<\/span><\/h3>\n<ul>\n<li>Klimaanlage<\/li>\n<li>F\u00e4kalientank<\/li>\n<li>Frischwassertank<\/li>\n<li>zus\u00e4tzlicher K\u00fchler<\/li>\n<li>Containertreppen<\/li>\n<li>Terrasse auf einem Container<\/li>\n<li>Dach \u00fcber dem Eingang<\/li>\n<li>Verglasung<\/li>\n<li>B\u00fcrom\u00f6bel<\/li>\n<li>K\u00fcchenm\u00f6bel<\/li>\n<\/ul>    <\/div>\n<\/div>\n<!-- \/module text -->        <\/div>\n                    <div  data-lazy=\"1\" class=\"module_column tb-column col4-2 tb_koal883 last\">\n                    <!-- module text -->\n<div  class=\"module module-text tb_2umv883   \" data-lazy=\"1\">\n        <div  class=\"tb_text_wrap\">\n        <h3><span style=\"color: #ff0000;\">Im Rahmen der Vermietung von Eventcontainern bieten wir:<\/span><\/h3>\n<ul>\n<li>Beh\u00e4ltermontage<\/li>\n<li>Installation einer Klimaanlage<\/li>\n<li>Einbau von Treppen<\/li>\n<li>Abbau der Anlage<\/li>\n<\/ul>\n<h2><span style=\"color: #ff0000;\">Vorteile der Anmietung eines Eventcontainers bei Mobilbox<\/span><\/h2>\n<ul>\n<li>N\u00e4he zu Filialen, die Container vermieten<\/li>\n<li>Hochwertige Beh\u00e4lter<\/li>\n<li>Fachgerechte Montage und Demontage<\/li>\n<li>Vermietungserfahrung f\u00fcr mehrere Branchen<\/li>\n<\/ul>    <\/div>\n<\/div>\n<!-- \/module text -->        <\/div>\n                        <\/div>\n        <\/div>\n                        <div  data-lazy=\"1\" class=\"module_row themify_builder_row tb_cowc004 tf_w\">\n                        <div class=\"row_inner col_align_top tb_col_count_1 tf_box tf_rel\">\n                        <div  data-lazy=\"1\" class=\"module_column tb-column col-full tb_0f66098 first\">\n                    <!-- module template_part -->\n<div  class=\"module module-layout-part tb_9r0o239 \">\n    <div class=\"tb_layout_part_wrap tf_w\"><!--themify_builder_content-->\n    <div  class=\"themify_builder_content themify_builder_content-4978 themify_builder not_editable_builder in_the_loop\" data-postid=\"4978\">\n                        <div  data-parallax-bg=\"desktop\" data-css_id=\"mmu4350\" data-lazy=\"1\" class=\"module_row themify_builder_row fullwidth_row_container tb_mmu4350 tf_w\">\n            <span  class=\"builder_row_cover tf_abs\" data-lazy=\"1\"><\/span>            <div class=\"row_inner col_align_top tb_col_count_1 tf_box tf_rel\">\n                        <div  data-lazy=\"1\" class=\"module_column tb-column col-full tb_hhn4350 first\">\n                            <div  data-lazy=\"1\" class=\"module_subrow themify_builder_sub_row tf_w col_align_top tb_col_count_3 tb_4wcl350\">\n                <div  data-lazy=\"1\" class=\"module_column sub_column col4-1 tb_ypgc350 first\">\n                            <\/div>\n                    <div  data-lazy=\"1\" class=\"module_column sub_column col4-2 tb_5bz6350\">\n                    <!-- module fancy heading -->\n<div  class=\"module module-fancy-heading tb_xrpc350 \" data-lazy=\"1\">\n        <h2 class=\"fancy-heading tf_textc\">\n    <span class=\"main-head tf_block\">\n                    <strong>SCHREIBEN SIE UNS<\/strong>            <\/span>\n\n    \n    <span class=\"sub-head tf_block tf_rel\">\n                                <\/span>\n    <\/h2>\n<\/div>\n<!-- \/module fancy heading -->\n<!-- module text -->\n<div  class=\"module module-text tb_0h4n350   \" data-lazy=\"1\">\n        <div  class=\"tb_text_wrap\">\n        <p style=\"text-align: center;\">F\u00fcr ein individuelles Angebot f\u00fcllen sie bitte unser Kontaktformular aus<br \/><div class=\"wpforms-container wpforms-container-full\" id=\"wpforms-218\"><form id=\"wpforms-form-218\" class=\"wpforms-validate wpforms-form\" data-formid=\"218\" method=\"post\" enctype=\"multipart\/form-data\" action=\"\/de\/wp-json\/wp\/v2\/pages\/6049\" data-token=\"f643de21ffc15b690882870816ee227d\" data-token-time=\"1775854845\"><noscript class=\"wpforms-error-noscript\">Bitte aktiviere JavaScript in deinem Browser, um dieses Formular fertigzustellen.<\/noscript><div class=\"wpforms-field-container\"><div id=\"wpforms-218-field_5-container\" class=\"wpforms-field wpforms-field-hidden\" data-field-id=\"5\"><input type=\"hidden\" id=\"wpforms-218-field_5\" name=\"wpforms[fields][5]\" value=\"https:\/\/mobilbox.pl\/de\/wp-json\/wp\/v2\/pages\/6049\"><\/div><div id=\"wpforms-218-field_2-container\" class=\"wpforms-field wpforms-field-text newsletter2\" data-field-id=\"2\"><label class=\"wpforms-field-label wpforms-label-hide\" for=\"wpforms-218-field_2\">Name \/ Firma\/ Kontaktperson<\/label><input type=\"text\" id=\"wpforms-218-field_2\" class=\"wpforms-field-large\" name=\"wpforms[fields][2]\" placeholder=\"Name \/ Firma\/ Kontaktperson\" ><\/div><div id=\"wpforms-218-field_1-container\" class=\"wpforms-field wpforms-field-email wpforms-one-half\" data-field-id=\"1\"><label class=\"wpforms-field-label wpforms-label-hide\" for=\"wpforms-218-field_1\">Email <span class=\"wpforms-required-label\">*<\/span><\/label><input type=\"email\" id=\"wpforms-218-field_1\" class=\"wpforms-field-large wpforms-field-required\" name=\"wpforms[fields][1]\" placeholder=\"Email\" spellcheck=\"false\" required><\/div><div id=\"wpforms-218-field_4-container\" class=\"wpforms-field wpforms-field-text wpforms-one-half\" data-field-id=\"4\"><label class=\"wpforms-field-label wpforms-label-hide\" for=\"wpforms-218-field_4\">Telefonnummer <span class=\"wpforms-required-label\">*<\/span><\/label><input type=\"text\" id=\"wpforms-218-field_4\" class=\"wpforms-field-large wpforms-field-required\" name=\"wpforms[fields][4]\" placeholder=\"Telefonnummer\" required><\/div><div id=\"wpforms-218-field_3-container\" class=\"wpforms-field wpforms-field-textarea\" data-field-id=\"3\"><label class=\"wpforms-field-label wpforms-label-hide\" for=\"wpforms-218-field_3\">Nachricht<\/label><textarea id=\"wpforms-218-field_3\" class=\"wpforms-field-small\" name=\"wpforms[fields][3]\" placeholder=\"Nachricht\" ><\/textarea><\/div><div id=\"wpforms-218-field_13-container\" class=\"wpforms-field wpforms-field-checkbox\" data-field-id=\"13\"><label class=\"wpforms-field-label\">Ich akzeptiere die Datenschutzerkl\u00e4rung <span class=\"wpforms-required-label\">*<\/span><\/label><ul id=\"wpforms-218-field_13\" class=\"wpforms-field-required\"><li class=\"choice-1 depth-1\"><input type=\"checkbox\" id=\"wpforms-218-field_13_1\" name=\"wpforms[fields][13][]\" value=\"Ich stimme der Verarbeitung personenbezogener Daten zu Marketing- und kommerziellen Zwecken zu und stimme der Verwendung der Endger\u00e4te f\u00fcr Direktmarketing zu.\" required ><label class=\"wpforms-field-label-inline\" for=\"wpforms-218-field_13_1\">Ich stimme der Verarbeitung personenbezogener Daten zu Marketing- und kommerziellen Zwecken zu und stimme der Verwendung der Endger\u00e4te f\u00fcr Direktmarketing zu.<\/label><\/li><\/ul><\/div><\/div><!-- .wpforms-field-container --><div class=\"wpforms-field wpforms-field-hp\"><label for=\"wpforms-218-field-hp\" class=\"wpforms-field-label\">Email<\/label><input type=\"text\" name=\"wpforms[hp]\" id=\"wpforms-218-field-hp\" class=\"wpforms-field-medium\"><\/div><div class=\"wpforms-submit-container\" ><input type=\"hidden\" name=\"wpforms[id]\" value=\"218\"><input type=\"hidden\" name=\"page_title\" value=\"\"><input type=\"hidden\" name=\"page_url\" value=\"https:\/\/mobilbox.pl\/de\/wp-json\/wp\/v2\/pages\/6049\"><input type=\"hidden\" name=\"url_referer\" value=\"\"><button type=\"submit\" name=\"wpforms[submit]\" id=\"wpforms-submit-218\" class=\"wpforms-submit\" data-alt-text=\"Senden\" data-submit-text=\"Senden\" aria-live=\"assertive\" value=\"wpforms-submit\">Senden<\/button><\/div><\/form><\/div>  <!-- .wpforms-container --><\/p>    <\/div>\n<\/div>\n<!-- \/module text -->        <\/div>\n                    <div  data-lazy=\"1\" class=\"module_column sub_column col4-1 tb_a9v3350 last\">\n                            <\/div>\n                    <\/div>\n                <\/div>\n                        <\/div>\n        <\/div>\n            <\/div>\n<!--\/themify_builder_content--><\/div>\n<\/div>\n<!-- \/module template_part -->        <\/div>\n                        <\/div>\n        <\/div>\n                        <div  data-css_id=\"3i7z880\" data-lazy=\"1\" class=\"module_row themify_builder_row fullwidth_row_container tb_3i7z880 tf_w\">\n                        <div class=\"row_inner col_align_top tb_col_count_2 tf_box tf_rel\">\n                        <div  data-lazy=\"1\" class=\"module_column tb-column col4-2 tb_higt440 first\">\n                    <!-- module text -->\n<div  class=\"module module-text tb_9hln039   \" data-lazy=\"1\">\n    <h3 class=\"module-title\">Unsere Dienstleistungen<\/h3>    <div  class=\"tb_text_wrap\">\n        <p>[su_list icon=&#8220;icon: check-square-o&#8220; icon_color=&#8220;#ed1c24&#8243;]<\/p>\n<ul>\n<li>Containervermietung<\/li>\n<li>Containerverkauf<\/li>\n<li>Containerleasing<\/li>\n<li>Beratung<\/li>\n<li>Containerplanung<\/li>\n<li>Containerherstellung<\/li>\n<li>Containerlieferung (Verkranung, Montage)<\/li>\n<li>Containertransport<\/li>\n<li>Containerwartung, Reparatur<\/li>\n<li>Bedienung von individuellen Anspr\u00fcchen<\/li>\n<li>Verkauf von Containerzubeh\u00f6r<\/li>\n<li>Verkauf von Plomben<\/li>\n<\/ul>\n<p>[\/su_list]<\/p>    <\/div>\n<\/div>\n<!-- \/module text -->        <\/div>\n                    <div  data-lazy=\"1\" class=\"module_column tb-column col4-2 tb_nrka030 last\">\n                    <!-- module text -->\n<div  class=\"module module-text tb_42p7003   \" data-lazy=\"1\">\n    <h3 class=\"module-title\">Verwendung von B\u00fcrocontainern<\/h3>    <div  class=\"tb_text_wrap\">\n        <p>[su_list icon=&#8220;icon: check-square-o&#8220; icon_color=&#8220;#ed1c24&#8243;]<\/p>\n<ul>\n<li>Projektb\u00fcro<\/li>\n<li>Bauleiterb\u00fcro<\/li>\n<li>Umkleideraum<\/li>\n<li>Mannschaftsraum<\/li>\n<li>Unterkunft<\/li>\n<li>Aufenthaltsraum<\/li>\n<li>Werkst\u00e4tte<\/li>\n<li>Portierdienst<\/li>\n<li>Verkaufsfl\u00e4che, Verkaufsraum<\/li>\n<\/ul>\n<p>[\/su_list]<\/p>    <\/div>\n<\/div>\n<!-- \/module text -->        <\/div>\n                        <\/div>\n        <\/div>\n        <\/div>\n<!--\/themify_builder_content-->","protected":false},"excerpt":{"rendered":"<p>Eventcontainer zu vermieten Eventcontainer zum Mieten sind ein Angebot, das sich an Organisatoren aller Massenveranstaltungen, Kulturveranstalter, Eventfirmen, Festivalveranstalter, Freizeitzentren und Kommunalverwaltungen richtet. Hierbei handelt es sich um einen umfassenden Service zur Sicherung der notwendigen, tempor\u00e4ren Geb\u00e4ude f\u00fcr die Dauer der Vorbereitung und Dauer der Veranstaltung, wie zum Beispiel: Kassen, Concierge-Schalter mit Stativen, B\u00fcro des Veranstalters, [&hellip;]<\/p>\n","protected":false},"author":3,"featured_media":0,"parent":12,"menu_order":0,"comment_status":"closed","ping_status":"closed","template":"","meta":{"footnotes":""},"class_list":["post-6049","page","type-page","status-publish","hentry","has-post-title","has-post-date","has-post-category","has-post-tag","has-post-comment","has-post-author",""],"_links":{"self":[{"href":"https:\/\/mobilbox.pl\/de\/wp-json\/wp\/v2\/pages\/6049","targetHints":{"allow":["GET"]}}],"collection":[{"href":"https:\/\/mobilbox.pl\/de\/wp-json\/wp\/v2\/pages"}],"about":[{"href":"https:\/\/mobilbox.pl\/de\/wp-json\/wp\/v2\/types\/page"}],"author":[{"embeddable":true,"href":"https:\/\/mobilbox.pl\/de\/wp-json\/wp\/v2\/users\/3"}],"replies":[{"embeddable":true,"href":"https:\/\/mobilbox.pl\/de\/wp-json\/wp\/v2\/comments?post=6049"}],"version-history":[{"count":0,"href":"https:\/\/mobilbox.pl\/de\/wp-json\/wp\/v2\/pages\/6049\/revisions"}],"up":[{"embeddable":true,"href":"https:\/\/mobilbox.pl\/de\/wp-json\/wp\/v2\/pages\/12"}],"wp:attachment":[{"href":"https:\/\/mobilbox.pl\/de\/wp-json\/wp\/v2\/media?parent=6049"}],"curies":[{"name":"wp","href":"https:\/\/api.w.org\/{rel}","templated":true}]}}