{"id":6501,"date":"2025-08-01T12:54:52","date_gmt":"2025-08-01T10:54:52","guid":{"rendered":"https:\/\/mobilbox.pl\/de\/?page_id=6501"},"modified":"2025-09-05T11:06:11","modified_gmt":"2025-09-05T09:06:11","slug":"bodenplatte","status":"publish","type":"page","link":"https:\/\/mobilbox.pl\/de\/container-ersatzteile\/bodenplatte\/","title":{"rendered":"bodenplatte"},"content":{"rendered":"<!--themify_builder_content-->\n<div id=\"themify_builder_content-6501\" data-postid=\"6501\" class=\"themify_builder_content themify_builder_content-6501 themify_builder tf_clear\">\n                    <div  data-lazy=\"1\" class=\"module_row themify_builder_row tb_nhdi194 tb_first tf_w\">\n                        <div class=\"row_inner col_align_top tb_col_count_1 tf_box tf_rel\">\n                        <div  data-lazy=\"1\" class=\"module_column tb-column col-full tb_kos4709 first\">\n                    <!-- module text -->\n<div  class=\"module module-text tb_docl707   \" data-lazy=\"1\">\n        <div  class=\"tb_text_wrap\">\n        <h1 style=\"text-align: center;\">Container Bodenplatte \u2013 Sperrholzplatten f\u00fcr Containerrenovierung<\/h1>    <\/div>\n<\/div>\n<!-- \/module text -->        <\/div>\n                        <\/div>\n        <\/div>\n                        <div  data-lazy=\"1\" class=\"module_row themify_builder_row tb_n7hb142 tf_w\">\n                        <div class=\"row_inner col_align_top tb_col_count_2 tf_box tf_rel\">\n                        <div  data-lazy=\"1\" class=\"module_column tb-column col4-2 tb_n1zh142 first\">\n                    <!-- module text -->\n<div  class=\"module module-text tb_1ovm142   \" data-lazy=\"1\">\n        <div  class=\"tb_text_wrap\">\n        <h2><span style=\"color: #ff0000;\">Robuster und langlebiger Containerboden<\/span><\/h2>\n<p>Leicht, aber dennoch stabil und einfach zu verarbeiten. Seine hohe Qualit\u00e4t und sein geringes Gewicht machen es ideal f\u00fcr Containerb\u00f6den.<\/p>\n<h3><span style=\"color: #ff0000;\">Sperrholzmaterial<\/span><\/h3>\n<p>Pappelsperrholz hat eine helle, gleichm\u00e4\u00dfige Farbe und seine glatte Oberfl\u00e4che macht es zu einem hervorragenden Material.<\/p>\n<p>Dank seiner Langlebigkeit eignet sich diese Sperrholzart f\u00fcr Wohnmobile, Van-Polsterungen oder Caravanb\u00f6den.<\/p>\n<p>Weitere Informationen zu Containern finden Sie in den Abschnitten \u201eContainer\u201c und \u201eContainerproduktion\u201c. Weitere Informationen zu Schiffscontainern finden Sie im Abschnitt \u201eSchiffscontainer\u201c.<\/p>    <\/div>\n<\/div>\n<!-- \/module text -->        <\/div>\n                    <div  data-lazy=\"1\" class=\"module_column tb-column col4-2 tb_j30t142 last\">\n                    <!-- module image -->\n<div  class=\"module module-image tb_637c142 image-top   tf_mw\" data-lazy=\"1\">\n        <div class=\"image-wrap tf_rel tf_mw\">\n            <img loading=\"lazy\" decoding=\"async\" src=\"https:\/\/mobilbox.pl\/wp-content\/uploads\/2019\/11\/sklejka-podlogowa-do-kontenerow-33.jpg\" width=\"1024\" height=\"768\" title=\"bodenplatte\" alt=\"bodenplatte\">    \n        <\/div>\n    <!-- \/image-wrap -->\n    \n        <\/div>\n<!-- \/module image -->        <\/div>\n                        <\/div>\n        <\/div>\n        <\/div>\n<!--\/themify_builder_content-->","protected":false},"excerpt":{"rendered":"<p>Container Bodenplatte \u2013 Sperrholzplatten f\u00fcr Containerrenovierung Robuster und langlebiger Containerboden Leicht, aber dennoch stabil und einfach zu verarbeiten. Seine hohe Qualit\u00e4t und sein geringes Gewicht machen es ideal f\u00fcr Containerb\u00f6den. Sperrholzmaterial Pappelsperrholz hat eine helle, gleichm\u00e4\u00dfige Farbe und seine glatte Oberfl\u00e4che macht es zu einem hervorragenden Material. Dank seiner Langlebigkeit eignet sich diese Sperrholzart f\u00fcr [&hellip;]<\/p>\n","protected":false},"author":3,"featured_media":0,"parent":22,"menu_order":0,"comment_status":"closed","ping_status":"closed","template":"","meta":{"footnotes":""},"class_list":["post-6501","page","type-page","status-publish","hentry","has-post-title","has-post-date","has-post-category","has-post-tag","has-post-comment","has-post-author",""],"_links":{"self":[{"href":"https:\/\/mobilbox.pl\/de\/wp-json\/wp\/v2\/pages\/6501","targetHints":{"allow":["GET"]}}],"collection":[{"href":"https:\/\/mobilbox.pl\/de\/wp-json\/wp\/v2\/pages"}],"about":[{"href":"https:\/\/mobilbox.pl\/de\/wp-json\/wp\/v2\/types\/page"}],"author":[{"embeddable":true,"href":"https:\/\/mobilbox.pl\/de\/wp-json\/wp\/v2\/users\/3"}],"replies":[{"embeddable":true,"href":"https:\/\/mobilbox.pl\/de\/wp-json\/wp\/v2\/comments?post=6501"}],"version-history":[{"count":0,"href":"https:\/\/mobilbox.pl\/de\/wp-json\/wp\/v2\/pages\/6501\/revisions"}],"up":[{"embeddable":true,"href":"https:\/\/mobilbox.pl\/de\/wp-json\/wp\/v2\/pages\/22"}],"wp:attachment":[{"href":"https:\/\/mobilbox.pl\/de\/wp-json\/wp\/v2\/media?parent=6501"}],"curies":[{"name":"wp","href":"https:\/\/api.w.org\/{rel}","templated":true}]}}