{"id":6609,"date":"2025-09-05T11:15:34","date_gmt":"2025-09-05T09:15:34","guid":{"rendered":"https:\/\/mobilbox.pl\/de\/?page_id=6609"},"modified":"2025-09-25T09:44:15","modified_gmt":"2025-09-25T07:44:15","slug":"zugstangen-fuer-container","status":"publish","type":"page","link":"https:\/\/mobilbox.pl\/de\/container-ersatzteile\/zugstangen-fuer-container\/","title":{"rendered":"Zugstangen f\u00fcr Container"},"content":{"rendered":"<!--themify_builder_content-->\n<div id=\"themify_builder_content-6609\" data-postid=\"6609\" class=\"themify_builder_content themify_builder_content-6609 themify_builder tf_clear\">\n                    <div  data-lazy=\"1\" class=\"module_row themify_builder_row tb_x9q0302 tb_first tf_w\">\n                        <div class=\"row_inner col_align_top tb_col_count_1 tf_box tf_rel\">\n                        <div  data-lazy=\"1\" class=\"module_column tb-column col-full tb_uzix302 first\">\n                    <!-- module fancy heading -->\n<div  class=\"module module-fancy-heading tb_jy37302 \" data-lazy=\"1\">\n        <h1 class=\"fancy-heading tf_textc\">\n    <span class=\"main-head tf_block\">\n                    Zugstangen f\u00fcr Container            <\/span>\n\n    \n    <span class=\"sub-head tf_block tf_rel\">\n                    Container-Zugstange f\u00fcr B\u00fcro-, Sanit\u00e4r- und Sozialcontainer            <\/span>\n    <\/h1>\n<\/div>\n<!-- \/module fancy heading -->\n        <\/div>\n                        <\/div>\n        <\/div>\n                        <div  data-lazy=\"1\" class=\"module_row themify_builder_row tb_ibgk302 tf_w\">\n                        <div class=\"row_inner col_align_middle tb_col_count_2 tf_box tf_rel\">\n                        <div  data-lazy=\"1\" class=\"module_column tb-column col4-2 tb_bpyz302 first\">\n                    <!-- module text -->\n<div  class=\"module module-text tb_ti15302   \" data-lazy=\"1\">\n        <div  class=\"tb_text_wrap\">\n        <h2><span style=\"color: #ff0000;\"><strong>Containerklammern<\/strong><\/span><\/h2>\n<p><strong><span dir=\"auto\">\u2013 mit M20 x 180 mm Schraube Klasse 8.8<\/span><\/strong><\/p>\n<p><strong><span dir=\"auto\">Verschraubung von Beh\u00e4ltern<\/span><\/strong><\/p>\n<p><strong><a href=\"https:\/\/mobilbox.pl\/kontenery\/\"><span dir=\"auto\">Container<\/span><\/a><span dir=\"auto\">\u00a0werden mit externen Zugstangen verbunden<\/span><\/strong><span dir=\"auto\">\u00a0, indem die Zugstange an den L\u00f6chern in<b>\u00a0den Ecken\u00a0<\/b><\/span><b><span dir=\"auto\">des<\/span><\/b><span dir=\"auto\">\u00a0Containers befestigt wird . Sobald die Zugstange richtig positioniert ist, ziehen Sie die Schraube mit einem Schraubenschl\u00fcssel fest. Die Verbindungen werden<b>\u00a0\u00fcber die oberen und unteren\u00a0<\/b><b><a href=\"https:\/\/mobilbox.pl\/czesci-do-kontenerow\/naroze-kontenera-iso-2\/\">Ecken des Containers<\/a><\/b>\u00a0hergestellt.<\/span><b><\/b><b><\/b><\/p>\n<p><span dir=\"auto\">Mehr zur Containermontage im Bereich \u2013\u00a0<\/span><a href=\"https:\/\/mobilbox.pl\/produkcja-kontenerow\/\"><strong><span dir=\"auto\">Containerservice und -montage<\/span><\/strong><\/a><\/p>    <\/div>\n<\/div>\n<!-- \/module text -->        <\/div>\n                    <div  data-lazy=\"1\" class=\"module_column tb-column col4-2 tb_607t302 last\">\n                    <!-- module image -->\n<div  class=\"module module-image tb_2a9s302 image-top   tf_mw\" data-lazy=\"1\">\n        <div class=\"image-wrap tf_rel tf_mw\">\n            <img loading=\"lazy\" decoding=\"async\" src=\"https:\/\/mobilbox.pl\/wp-content\/uploads\/2019\/12\/sciagi-zewnetrzne-do-kontenerow.jpg\" width=\"600\" height=\"300\" title=\"Zugstangen f\u00fcr Container\" alt=\"Zugstangen f\u00fcr Container\">    \n        <\/div>\n    <!-- \/image-wrap -->\n    \n        <\/div>\n<!-- \/module image -->        <\/div>\n                        <\/div>\n        <\/div>\n                        <div  data-lazy=\"1\" class=\"module_row themify_builder_row tb_0qro302 tf_w\">\n                        <div class=\"row_inner col_align_middle tb_col_count_2 tf_box tf_rel\">\n                        <div  data-lazy=\"1\" class=\"module_column tb-column col4-2 tb_8efh302 first\">\n                    <!-- module text -->\n<div  class=\"module module-text tb_fezc302   \" data-lazy=\"1\">\n        <div  class=\"tb_text_wrap\">\n        <h2><span style=\"color: #ff0000;\"><strong><span dir=\"auto\">Interne Container-Zugstange<\/span><\/strong><\/span><\/h2>\n<h3><strong><span dir=\"auto\">\u2013 mit M14 x 85 mm Schraube Klasse 8.8<\/span><\/strong><\/h3>\n<p><strong><span dir=\"auto\">Interne Zuganker\u00a0<\/span><\/strong><strong><span dir=\"auto\">dienen der\u00a0<\/span><\/strong><strong><span dir=\"auto\">Verbindung von Containern \u00fcber die Innenseite\u00a0<\/span><a href=\"https:\/\/mobilbox.pl\/czesci-do-kontenerow\/naroze-kontenera-iso-2\/\"><span dir=\"auto\">der Containerecke<\/span><\/a><\/strong><span dir=\"auto\">\u00a0. \u00c4hnlich wie externe Zuganker \u201ebefestigt\u201c\u00a0<\/span><strong><span dir=\"auto\">der interne Zuganker<\/span><\/strong><span dir=\"auto\">\u00a0die Container mit einer Schraube.<\/span><strong><br><\/strong><\/p>\n<p><strong><span dir=\"auto\">Zuganker dienen der Verbindung\u00a0<\/span><a href=\"https:\/\/mobilbox.pl\/kontenery\/kontenery-biurowe\/\"><span dir=\"auto\">von B\u00fcrocontainern<\/span><\/a><span dir=\"auto\">\u00a0,\u00a0<\/span><a href=\"https:\/\/mobilbox.pl\/kontenery\/kontenery-sanitarne\/\"><span dir=\"auto\">Sanit\u00e4rcontainern<\/span><\/a><span dir=\"auto\">\u00a0,\u00a0<\/span><a href=\"https:\/\/mobilbox.pl\/kontenery\/kontenery-socjalne\/\"><span dir=\"auto\">Sozial- und Umkleidecontainern\u00a0<\/span><\/a><span dir=\"auto\">.<\/span><\/strong><\/p>    <\/div>\n<\/div>\n<!-- \/module text -->        <\/div>\n                    <div  data-lazy=\"1\" class=\"module_column tb-column col4-2 tb_0u27302 last\">\n                    <!-- module image -->\n<div  class=\"module module-image tb_0gey302 image-top   tf_mw\" data-lazy=\"1\">\n        <div class=\"image-wrap tf_rel tf_mw\">\n            <img loading=\"lazy\" decoding=\"async\" src=\"https:\/\/mobilbox.pl\/wp-content\/uploads\/2019\/12\/\u015bci\u0105gi-wewnetrzne-do-kontenerow-mobilbox.jpg\" width=\"600\" height=\"300\" title=\"Zugstangen f\u00fcr Container\" alt=\"Zugstangen f\u00fcr Container\">    \n        <\/div>\n    <!-- \/image-wrap -->\n    \n        <\/div>\n<!-- \/module image -->        <\/div>\n                        <\/div>\n        <\/div>\n                        <div  data-lazy=\"1\" class=\"module_row themify_builder_row tb_31yg302 tf_w\">\n                        <div class=\"row_inner col_align_middle tb_col_count_2 tf_box tf_rel\">\n                        <div  data-lazy=\"1\" class=\"module_column tb-column col4-2 tb_iehr302 first\">\n                    <!-- module text -->\n<div  class=\"module module-text tb_i4to302   \" data-lazy=\"1\">\n        <div  class=\"tb_text_wrap\">\n        <h2><span style=\"color: #ff0000;\">Container Gummidichtung<\/span><\/h2>\n<p><span dir=\"auto\">Vergessen Sie beim Verbinden von Containern mit Zugstangen nicht die Containerdichtung.\u00a0<\/span><strong><span dir=\"auto\">Die Containerdichtung<\/span><\/strong><span dir=\"auto\">\u00a0l\u00e4sst sich schnell und einfach per Steckverbindung zwischen\u00a0<\/span><strong><span dir=\"auto\">den Containerrahmen<\/span><\/strong><span dir=\"auto\">\u00a0montieren . Sie\u00a0<\/span><b><span dir=\"auto\">dichtet den Raum zwischen den Containern ab und isoliert ihn<\/span><\/b><span dir=\"auto\">\u00a0. Sie isoliert die Innenw\u00e4nde des Modulgeb\u00e4udes effektiv von der Au\u00dfenwand und verbessert so die D\u00e4mmung und die akustischen Parameter der gestapelten Container. Zudem verhindert sie das Eindringen von Insekten und Nagetieren.<\/span><strong><br><\/strong><\/p>\n<p><span dir=\"auto\">Die Plombe kommt zum Einsatz, wenn beispielsweise\u00a0<\/span><b><a href=\"https:\/\/mobilbox.pl\/kontenery\/kontenery-biurowe\/\"><span dir=\"auto\">ein B\u00fcrocontainer<\/span><\/a><\/b><span dir=\"auto\">\u00a0und\u00a0<\/span><b><a href=\"https:\/\/mobilbox.pl\/kontenery\/kontenery-sanitarne\/\"><span dir=\"auto\">ein Sanit\u00e4rcontainer<\/span><\/a><\/b><span dir=\"auto\">\u00a0oder\u00a0<\/span><b><a href=\"https:\/\/mobilbox.pl\/kontenery\/kontener-mieszkalny\/\"><span dir=\"auto\">ein Wohncontainer<\/span><\/a><\/b><span dir=\"auto\">\u00a0und\u00a0<\/span><b><a href=\"https:\/\/mobilbox.pl\/kontenery\/kontenery-socjalne\/\"><span dir=\"auto\">ein Sozialcontainer<\/span><\/a><\/b><span dir=\"auto\">\u00a0miteinander verbunden werden .<\/span><\/p>    <\/div>\n<\/div>\n<!-- \/module text -->        <\/div>\n                    <div  data-lazy=\"1\" class=\"module_column tb-column col4-2 tb_qgdy302 last\">\n                    <!-- module image -->\n<div  class=\"module module-image tb_fku6302 image-top   tf_mw\" data-lazy=\"1\">\n        <div class=\"image-wrap tf_rel tf_mw\">\n            <img loading=\"lazy\" decoding=\"async\" src=\"https:\/\/mobilbox.pl\/wp-content\/uploads\/2019\/12\/sciagi-uszczelka-do-kontenera.jpg\" width=\"600\" height=\"300\" title=\"Zugstangen f\u00fcr Container\" alt=\"Zugstangen f\u00fcr Container\">    \n        <\/div>\n    <!-- \/image-wrap -->\n    \n        <\/div>\n<!-- \/module image -->        <\/div>\n                        <\/div>\n        <\/div>\n                        <div  data-css_id=\"lmjj302\" data-lazy=\"1\" class=\"module_row themify_builder_row fullwidth_row_container tb_lmjj302 tf_w\">\n                        <div class=\"row_inner col_align_middle gutter-none tb_col_count_2 tf_box tf_rel\">\n                        <div  data-lazy=\"1\" class=\"module_column tb-column col4-2 tb_ncy7302 first\">\n                    <!-- module text -->\n<div  class=\"module module-text tb_9yyv302   \" data-lazy=\"1\">\n        <div  class=\"tb_text_wrap\">\n        <h2><span dir=\"auto\">Teile f\u00fcr Versand- und Lagerbeh\u00e4lter<\/span><\/h2>\n<h2><span dir=\"auto\">Teile f\u00fcr B\u00fcro-, Bau- und Sanit\u00e4rcontainer<\/span><\/h2>    <\/div>\n<\/div>\n<!-- \/module text -->        <\/div>\n                    <div  data-lazy=\"1\" class=\"module_column tb-column col4-2 tb_be5y302 last\">\n                    <!-- module icon -->\n<div  class=\"module module-icon tb_20zg302  xlarge  icon_horizontal \" data-lazy=\"1\">\n\t\t\t<div class=\"module-icon-item\">\n\t\t\t\t\t\t\t<a href=\"tel:+48885850053\">\n\t\t\t\t\t\t\t\t\t\t\t\t\t\t\t\t\t<em class=\"tf_box\"\n\t\t\t\t\t\t\t\t\t\t\t\t\t\t\t\t\t><svg  class=\"tf_fa tf-fas-mobile-alt\" xmlns:xlink=\"http:\/\/www.w3.org\/1999\/xlink\" aria-hidden=\"true\"><use href=\"#tf-fas-mobile-alt\" xlink:href=\"#tf-fas-mobile-alt\"><\/use><\/svg><\/em>\n\t\t\t\t\t\t\t\t\t\t\t\t\t\t\t\t\t\t\t<span>Fragen Sie nach den Preisen f\u00fcr Zugstangen und Containerdichtungen! <br> +48 885 850 053<\/span>\n\t\t\t\t\t\t\t\t\t\t\t\t\t\t\t\t\t<\/a>\n\t\t\t\t\t<\/div>\n\t<\/div>\n<!-- \/module icon -->\n        <\/div>\n                        <\/div>\n        <\/div>\n                        <div  data-css_id=\"f4hj613\" data-lazy=\"1\" class=\"module_row themify_builder_row fullwidth_row_container tb_f4hj613 tf_w\">\n                        <div class=\"row_inner col_align_top tb_col_count_1 tf_box tf_rel\">\n                        <div  data-lazy=\"1\" class=\"module_column tb-column col-full tb_zbol613 first\">\n                    <!-- module template_part -->\n<div  class=\"module module-layout-part tb_4cmu221 \">\n    <div class=\"tb_layout_part_wrap tf_w\"><!--themify_builder_content-->\n    <div  class=\"themify_builder_content themify_builder_content-4978 themify_builder not_editable_builder in_the_loop\" data-postid=\"4978\">\n                        <div  data-parallax-bg=\"desktop\" data-css_id=\"mmu4350\" data-lazy=\"1\" class=\"module_row themify_builder_row fullwidth_row_container tb_mmu4350 tf_w\">\n            <span  class=\"builder_row_cover tf_abs\" data-lazy=\"1\"><\/span>            <div class=\"row_inner col_align_top tb_col_count_1 tf_box tf_rel\">\n                        <div  data-lazy=\"1\" class=\"module_column tb-column col-full tb_hhn4350 first\">\n                            <div  data-lazy=\"1\" class=\"module_subrow themify_builder_sub_row tf_w col_align_top tb_col_count_3 tb_4wcl350\">\n                <div  data-lazy=\"1\" class=\"module_column sub_column col4-1 tb_ypgc350 first\">\n                            <\/div>\n                    <div  data-lazy=\"1\" class=\"module_column sub_column col4-2 tb_5bz6350\">\n                    <!-- module fancy heading -->\n<div  class=\"module module-fancy-heading tb_xrpc350 \" data-lazy=\"1\">\n        <h2 class=\"fancy-heading tf_textc\">\n    <span class=\"main-head tf_block\">\n                    <strong>SCHREIBEN SIE UNS<\/strong>            <\/span>\n\n    \n    <span class=\"sub-head tf_block tf_rel\">\n                                <\/span>\n    <\/h2>\n<\/div>\n<!-- \/module fancy heading -->\n<!-- module text -->\n<div  class=\"module module-text tb_0h4n350   \" data-lazy=\"1\">\n        <div  class=\"tb_text_wrap\">\n        <p style=\"text-align: center;\">F\u00fcr ein individuelles Angebot f\u00fcllen sie bitte unser Kontaktformular aus<br \/><div class=\"wpforms-container wpforms-container-full\" id=\"wpforms-218\"><form id=\"wpforms-form-218\" class=\"wpforms-validate wpforms-form\" data-formid=\"218\" method=\"post\" enctype=\"multipart\/form-data\" action=\"\/de\/wp-json\/wp\/v2\/pages\/6609\" data-token=\"94996f867b6ce4d5140c0034c352afc4\" data-token-time=\"1775872593\"><noscript class=\"wpforms-error-noscript\">Bitte aktiviere JavaScript in deinem Browser, um dieses Formular fertigzustellen.<\/noscript><div class=\"wpforms-field-container\"><div id=\"wpforms-218-field_5-container\" class=\"wpforms-field wpforms-field-hidden\" data-field-id=\"5\"><input type=\"hidden\" id=\"wpforms-218-field_5\" name=\"wpforms[fields][5]\" value=\"https:\/\/mobilbox.pl\/de\/wp-json\/wp\/v2\/pages\/6609\"><\/div><div id=\"wpforms-218-field_2-container\" class=\"wpforms-field wpforms-field-text newsletter2\" data-field-id=\"2\"><label class=\"wpforms-field-label wpforms-label-hide\" for=\"wpforms-218-field_2\">Name \/ Firma\/ Kontaktperson<\/label><input type=\"text\" id=\"wpforms-218-field_2\" class=\"wpforms-field-large\" name=\"wpforms[fields][2]\" placeholder=\"Name \/ Firma\/ Kontaktperson\" ><\/div><div id=\"wpforms-218-field_1-container\" class=\"wpforms-field wpforms-field-email wpforms-one-half\" data-field-id=\"1\"><label class=\"wpforms-field-label wpforms-label-hide\" for=\"wpforms-218-field_1\">Email <span class=\"wpforms-required-label\">*<\/span><\/label><input type=\"email\" id=\"wpforms-218-field_1\" class=\"wpforms-field-large wpforms-field-required\" name=\"wpforms[fields][1]\" placeholder=\"Email\" spellcheck=\"false\" required><\/div><div id=\"wpforms-218-field_4-container\" class=\"wpforms-field wpforms-field-text wpforms-one-half\" data-field-id=\"4\"><label class=\"wpforms-field-label wpforms-label-hide\" for=\"wpforms-218-field_4\">Telefonnummer <span class=\"wpforms-required-label\">*<\/span><\/label><input type=\"text\" id=\"wpforms-218-field_4\" class=\"wpforms-field-large wpforms-field-required\" name=\"wpforms[fields][4]\" placeholder=\"Telefonnummer\" required><\/div><div id=\"wpforms-218-field_3-container\" class=\"wpforms-field wpforms-field-textarea\" data-field-id=\"3\"><label class=\"wpforms-field-label wpforms-label-hide\" for=\"wpforms-218-field_3\">Nachricht<\/label><textarea id=\"wpforms-218-field_3\" class=\"wpforms-field-small\" name=\"wpforms[fields][3]\" placeholder=\"Nachricht\" ><\/textarea><\/div><div id=\"wpforms-218-field_13-container\" class=\"wpforms-field wpforms-field-checkbox\" data-field-id=\"13\"><label class=\"wpforms-field-label\">Ich akzeptiere die Datenschutzerkl\u00e4rung <span class=\"wpforms-required-label\">*<\/span><\/label><ul id=\"wpforms-218-field_13\" class=\"wpforms-field-required\"><li class=\"choice-1 depth-1\"><input type=\"checkbox\" id=\"wpforms-218-field_13_1\" name=\"wpforms[fields][13][]\" value=\"Ich stimme der Verarbeitung personenbezogener Daten zu Marketing- und kommerziellen Zwecken zu und stimme der Verwendung der Endger\u00e4te f\u00fcr Direktmarketing zu.\" required ><label class=\"wpforms-field-label-inline\" for=\"wpforms-218-field_13_1\">Ich stimme der Verarbeitung personenbezogener Daten zu Marketing- und kommerziellen Zwecken zu und stimme der Verwendung der Endger\u00e4te f\u00fcr Direktmarketing zu.<\/label><\/li><\/ul><\/div><\/div><!-- .wpforms-field-container --><div class=\"wpforms-field wpforms-field-hp\"><label for=\"wpforms-218-field-hp\" class=\"wpforms-field-label\">Comment<\/label><input type=\"text\" name=\"wpforms[hp]\" id=\"wpforms-218-field-hp\" class=\"wpforms-field-medium\"><\/div><div class=\"wpforms-submit-container\" ><input type=\"hidden\" name=\"wpforms[id]\" value=\"218\"><input type=\"hidden\" name=\"page_title\" value=\"\"><input type=\"hidden\" name=\"page_url\" value=\"https:\/\/mobilbox.pl\/de\/wp-json\/wp\/v2\/pages\/6609\"><input type=\"hidden\" name=\"url_referer\" value=\"\"><button type=\"submit\" name=\"wpforms[submit]\" id=\"wpforms-submit-218\" class=\"wpforms-submit\" data-alt-text=\"Senden\" data-submit-text=\"Senden\" aria-live=\"assertive\" value=\"wpforms-submit\">Senden<\/button><\/div><\/form><\/div>  <!-- .wpforms-container --><\/p>    <\/div>\n<\/div>\n<!-- \/module text -->        <\/div>\n                    <div  data-lazy=\"1\" class=\"module_column sub_column col4-1 tb_a9v3350 last\">\n                            <\/div>\n                    <\/div>\n                <\/div>\n                        <\/div>\n        <\/div>\n            <\/div>\n<!--\/themify_builder_content--><\/div>\n<\/div>\n<!-- \/module template_part -->        <\/div>\n                        <\/div>\n        <\/div>\n        <\/div>\n<!--\/themify_builder_content-->","protected":false},"excerpt":{"rendered":"<p>Zugstangen f\u00fcr ContainerContainer-Zugstange f\u00fcr B\u00fcro-, Sanit\u00e4r- und Sozialcontainer Containerklammern \u2013 mit M20 x 180 mm Schraube Klasse 8.8 Verschraubung von Beh\u00e4ltern Container\u00a0werden mit externen Zugstangen verbunden\u00a0, indem die Zugstange an den L\u00f6chern in\u00a0den Ecken\u00a0des\u00a0Containers befestigt wird . Sobald die Zugstange richtig positioniert ist, ziehen Sie die Schraube mit einem Schraubenschl\u00fcssel fest. Die Verbindungen werden\u00a0\u00fcber die [&hellip;]<\/p>\n","protected":false},"author":3,"featured_media":0,"parent":22,"menu_order":0,"comment_status":"closed","ping_status":"closed","template":"","meta":{"footnotes":""},"class_list":["post-6609","page","type-page","status-publish","hentry","has-post-title","has-post-date","has-post-category","has-post-tag","has-post-comment","has-post-author",""],"_links":{"self":[{"href":"https:\/\/mobilbox.pl\/de\/wp-json\/wp\/v2\/pages\/6609","targetHints":{"allow":["GET"]}}],"collection":[{"href":"https:\/\/mobilbox.pl\/de\/wp-json\/wp\/v2\/pages"}],"about":[{"href":"https:\/\/mobilbox.pl\/de\/wp-json\/wp\/v2\/types\/page"}],"author":[{"embeddable":true,"href":"https:\/\/mobilbox.pl\/de\/wp-json\/wp\/v2\/users\/3"}],"replies":[{"embeddable":true,"href":"https:\/\/mobilbox.pl\/de\/wp-json\/wp\/v2\/comments?post=6609"}],"version-history":[{"count":0,"href":"https:\/\/mobilbox.pl\/de\/wp-json\/wp\/v2\/pages\/6609\/revisions"}],"up":[{"embeddable":true,"href":"https:\/\/mobilbox.pl\/de\/wp-json\/wp\/v2\/pages\/22"}],"wp:attachment":[{"href":"https:\/\/mobilbox.pl\/de\/wp-json\/wp\/v2\/media?parent=6609"}],"curies":[{"name":"wp","href":"https:\/\/api.w.org\/{rel}","templated":true}]}}