{"id":6621,"date":"2025-09-05T11:39:24","date_gmt":"2025-09-05T09:39:24","guid":{"rendered":"https:\/\/mobilbox.pl\/de\/?page_id=6621"},"modified":"2025-09-05T11:42:11","modified_gmt":"2025-09-05T09:42:11","slug":"belueftungsgitter-fuer-seecontainer","status":"publish","type":"page","link":"https:\/\/mobilbox.pl\/de\/container-ersatzteile\/belueftungsgitter-fuer-seecontainer\/","title":{"rendered":"Bel\u00fcftungsgitter f\u00fcr Seecontainer"},"content":{"rendered":"<!--themify_builder_content-->\n<div id=\"themify_builder_content-6621\" data-postid=\"6621\" class=\"themify_builder_content themify_builder_content-6621 themify_builder tf_clear\">\n                    <div  data-lazy=\"1\" class=\"module_row themify_builder_row tb_crlj29 tb_first tf_w\">\n                        <div class=\"row_inner col_align_top tb_col_count_1 tf_box tf_rel\">\n                        <div  data-lazy=\"1\" class=\"module_column tb-column col-full tb_tap329 first\">\n                    <!-- module fancy heading -->\n<div  class=\"module module-fancy-heading tb_69yi29 \" data-lazy=\"1\">\n        <h1 class=\"fancy-heading tf_textc\">\n    <span class=\"main-head tf_block\">\n                    BEL\u00dcFTUNGSGITTER F\u00dcR SEECOFFAINER            <\/span>\n\n    \n    <span class=\"sub-head tf_block tf_rel\">\n                                <\/span>\n    <\/h1>\n<\/div>\n<!-- \/module fancy heading -->\n        <\/div>\n                        <\/div>\n        <\/div>\n                        <div  data-lazy=\"1\" class=\"module_row themify_builder_row tb_81u929 tf_w\">\n                        <div class=\"row_inner col_align_top tb_col_count_2 tf_box tf_rel\">\n                        <div  data-lazy=\"1\" class=\"module_column tb-column col4-2 tb_rm8b29 first\">\n                    <!-- module text -->\n<div  class=\"module module-text tb_9moi29   \" data-lazy=\"1\">\n        <div  class=\"tb_text_wrap\">\n        <p><strong><em><span dir=\"auto\">Ein L\u00fcftungsgitter in einem Transport- oder Lagercontainer<\/span><\/em><span dir=\"auto\">\u00a0erm\u00f6glicht<\/span><\/strong><span dir=\"auto\">\u00a0den Luftaustausch zwischen dem Containerinneren und der Umgebung.<\/span><b><span dir=\"auto\">\u00a0Die Bel\u00fcftung<\/span><\/b><span dir=\"auto\">\u00a0ist entscheidend, wenn der Container \u00fcber l\u00e4ngere Zeit geschlossen bleibt.<\/span><\/p>\n<p><span dir=\"auto\">Bei der Lagerung von elektronischen Ger\u00e4ten und insbesondere von Lebensmitteln, die eine konstante Luftfeuchtigkeit erfordern, ist\u00a0<\/span><b><span dir=\"auto\">Frischluftzufuhr<\/span><\/b><span dir=\"auto\">\u00a0unerl\u00e4sslich . Dies ist notwendig, um\u00a0<\/span><b><span dir=\"auto\">\u00fcbersch\u00fcssige Feuchtigkeit<\/span><\/b><span dir=\"auto\">\u00a0und unangenehme Ger\u00fcche zu entfernen, die sich im Beh\u00e4lter ansammeln.\u00a0<\/span><\/p>\n<p><span dir=\"auto\">Der Einsatz von L\u00fcftungsgittern im Container verbessert\u00a0<\/span><b><span dir=\"auto\">die Luftzirkulation,<\/span><\/b><span dir=\"auto\">\u00a0die\u00a0<b>durch die Schwerkraft<\/b><\/span><b>\u00a0<\/b><span dir=\"auto\">erreicht wird\u00a0, ohne dass eine mechanische Bel\u00fcftung erforderlich ist. Die Bel\u00fcftung des Containerinnenraums mittels Schwerkraftl\u00fcftung erfordert keine zus\u00e4tzliche Ausr\u00fcstung oder Energie.<\/span><b><\/b><\/p>\n<p><b><span dir=\"auto\">Wir empfehlen Ihnen auch, sich unser Angebot an\u00a0<\/span><a href=\"https:\/\/mobilbox.pl\/kontenery\/\"><span dir=\"auto\">Containern<\/span><\/a><span dir=\"auto\">\u00a0, insbesondere\u00a0\u00a0<\/span><\/b><b><a href=\"https:\/\/mobilbox.pl\/kontenery\/kontenery-morskie\/\"><span dir=\"auto\">Seecontainern<\/span><\/a><\/b><span dir=\"auto\">\u00a0, anzusehen\u00a0.<\/span><\/p>    <\/div>\n<\/div>\n<!-- \/module text -->        <\/div>\n                    <div  data-lazy=\"1\" class=\"module_column tb-column col4-2 tb_bu0i29 last\">\n                    <!-- module image -->\n<div  class=\"module module-image tb_5n1c29 image-top   tf_mw\" data-lazy=\"1\">\n        <div class=\"image-wrap tf_rel tf_mw\">\n            <img decoding=\"async\" src=\"https:\/\/mobilbox.pl\/wp-content\/uploads\/2019\/11\/kratka-wentylacyjna-do-kontenerow.jpg\" width=\"800\" height=\"443\" title=\"Bel\u00fcftungsgitter f\u00fcr Seecontainer\" alt=\"Bel\u00fcftungsgitter f\u00fcr Seecontainer\">    \n        <\/div>\n    <!-- \/image-wrap -->\n    \n        <\/div>\n<!-- \/module image -->        <\/div>\n                        <\/div>\n        <\/div>\n                        <div  data-css_id=\"q2x2319\" data-lazy=\"1\" class=\"module_row themify_builder_row fullwidth_row_container tb_q2x2319 tf_w\">\n                        <div class=\"row_inner col_align_middle gutter-none tb_col_count_2 tf_box tf_rel\">\n                        <div  data-lazy=\"1\" class=\"module_column tb-column col4-2 tb_gnmk319 first\">\n                    <!-- module text -->\n<div  class=\"module module-text tb_6jkn319   \" data-lazy=\"1\">\n        <div  class=\"tb_text_wrap\">\n        <h2><span dir=\"auto\">Teile f\u00fcr Versand- und Lagerbeh\u00e4lter<\/span><\/h2>\n<h2><span dir=\"auto\">Teile f\u00fcr B\u00fcro-, Bau- und Sanit\u00e4rcontainer<\/span><\/h2>    <\/div>\n<\/div>\n<!-- \/module text -->        <\/div>\n                    <div  data-lazy=\"1\" class=\"module_column tb-column col4-2 tb_xeoj319 last\">\n                    <!-- module icon -->\n<div  class=\"module module-icon tb_xzkd319  xlarge  icon_horizontal \" data-lazy=\"1\">\n\t\t\t<div class=\"module-icon-item\">\n\t\t\t\t\t\t\t<a href=\"tel:+48885850053\">\n\t\t\t\t\t\t\t\t\t\t\t\t\t\t\t\t\t<em class=\"tf_box\"\n\t\t\t\t\t\t\t\t\t\t\t\t\t\t\t\t\t><svg  class=\"tf_fa tf-fas-mobile-alt\" xmlns:xlink=\"http:\/\/www.w3.org\/1999\/xlink\" aria-hidden=\"true\"><use href=\"#tf-fas-mobile-alt\" xlink:href=\"#tf-fas-mobile-alt\"><\/use><\/svg><\/em>\n\t\t\t\t\t\t\t\t\t\t\t\t\t\t\t\t\t\t\t<span>Fragen Sie nach den Preisen f\u00fcr Zugstangen und Containerdichtungen! <br> +48 885 850 053<\/span>\n\t\t\t\t\t\t\t\t\t\t\t\t\t\t\t\t\t<\/a>\n\t\t\t\t\t<\/div>\n\t<\/div>\n<!-- \/module icon -->\n        <\/div>\n                        <\/div>\n        <\/div>\n                        <div  data-lazy=\"1\" class=\"module_row themify_builder_row tb_kal927 tf_w\">\n                        <div class=\"row_inner col_align_top tb_col_count_1 tf_box tf_rel\">\n                        <div  data-lazy=\"1\" class=\"module_column tb-column col-full tb_a9qz27 first\">\n                    <!-- module text -->\n<div  class=\"module module-text tb_kdnt27   \" data-lazy=\"1\">\n        <div  class=\"tb_text_wrap\">\n        <h2><strong>GALERIE:<\/strong><\/h2>    <\/div>\n<\/div>\n<!-- \/module text -->        <\/div>\n                        <\/div>\n        <\/div>\n                        <div  data-lazy=\"1\" class=\"module_row themify_builder_row tb_b0ci27 tf_w\">\n                        <div class=\"row_inner col_align_top tb_col_count_1 tf_box tf_rel\">\n                        <div  data-lazy=\"1\" class=\"module_column tb-column col-full tb_3v7d27 first\">\n                    <div  class=\"module themify_builder_slider_wrap tf_clearfix module-slider tb_le4t27  slider-default  slide-image-fullwidth\" data-lazy=\"1\">\n        <div class=\"themify_builder_slider tf_carousel tf_swiper-container tf_rel tf_overflow\" data-lazy=\"1\"        data-visible=\"3\"\n        data-tab-visible=\"\"\n        data-mob-visible=\"1\"\n        data-scroll=\"1\"\n                            data-auto=\"2000\"\n            data-controller=\"0\"\n            data-pause_hover=\"1\"\n                data-speed=\"normal\"\n        data-wrapvar=\"0\"\n        data-slider_nav=\"0\"\n        data-pager=\"0\"\n        data-effect=\"scroll\" \n        data-height=\"variable\"\n        data-css_url=\"https:\/\/mobilbox.pl\/de\/wp-content\/themes\/themify-ultra\/themify\/themify-builder\/css\/modules\/sliders\/carousel,https:\/\/mobilbox.pl\/de\/wp-content\/themes\/themify-ultra\/themify\/themify-builder\/css\/modules\/sliders\/slider\"\n                    >\n        <div class=\"tf_swiper-wrapper tf_lazy tf_rel tf_w tf_h tf_textc\">\n                         <div class=\"tf_swiper-slide\">            <div class=\"slide-inner-wrap\" style=\"margin-left:10px;\">\n                                    <div class=\"tf_rel tf_lazy slide-image\">\n                                                                            <a href=\"https:\/\/mobilbox.pl\/wp-content\/uploads\/2019\/11\/kratka-wentylacyjna-do-kontenerow-77.jpg\"  data-rel=\"tb_le4t27\" class=\"themify_lightbox\">\n                                <img decoding=\"async\" src=\"https:\/\/mobilbox.pl\/wp-content\/uploads\/2019\/11\/kratka-wentylacyjna-do-kontenerow-77.jpg\" width=\"800\" height=\"600\" title=\"Bel\u00fcftungsgitter f\u00fcr Seecontainer\" alt=\"Bel\u00fcftungsgitter f\u00fcr Seecontainer\">                            <\/a>\n                                            <\/div>\n                \n                            <\/div>\n        <\/div>                     <div class=\"tf_swiper-slide\">            <div class=\"slide-inner-wrap\" style=\"margin-left:10px;\">\n                                    <div class=\"tf_rel tf_lazy slide-image\">\n                                                                            <a href=\"https:\/\/mobilbox.pl\/wp-content\/uploads\/2019\/11\/kratka-wentylacyjna-do-kontenerow-55.jpg\"  data-rel=\"tb_le4t27\" class=\"themify_lightbox\">\n                                <img decoding=\"async\" src=\"https:\/\/mobilbox.pl\/wp-content\/uploads\/2019\/11\/kratka-wentylacyjna-do-kontenerow-55.jpg\" width=\"800\" height=\"600\" title=\"Bel\u00fcftungsgitter f\u00fcr Seecontainer\" alt=\"Bel\u00fcftungsgitter f\u00fcr Seecontainer\">                            <\/a>\n                                            <\/div>\n                \n                            <\/div>\n        <\/div>                     <div class=\"tf_swiper-slide\">            <div class=\"slide-inner-wrap\" style=\"margin-left:10px;\">\n                                    <div class=\"tf_rel tf_lazy slide-image\">\n                                                                            <a href=\"https:\/\/mobilbox.pl\/wp-content\/uploads\/2019\/11\/kratka-wentylacyjna-do-kontenerow-33.jpg\"  data-rel=\"tb_le4t27\" class=\"themify_lightbox\">\n                                <img decoding=\"async\" src=\"https:\/\/mobilbox.pl\/wp-content\/uploads\/2019\/11\/kratka-wentylacyjna-do-kontenerow-33.jpg\" width=\"800\" height=\"600\" title=\"Bel\u00fcftungsgitter f\u00fcr Seecontainer\" alt=\"Bel\u00fcftungsgitter f\u00fcr Seecontainer\">                            <\/a>\n                                            <\/div>\n                \n                            <\/div>\n        <\/div>            <\/div>\n    <\/div>\n<\/div>\n        <\/div>\n                        <\/div>\n        <\/div>\n                        <div  data-css_id=\"nw7c384\" data-lazy=\"1\" class=\"module_row themify_builder_row fullwidth_row_container tb_nw7c384 tf_w\">\n                        <div class=\"row_inner col_align_top tb_col_count_1 tf_box tf_rel\">\n                        <div  data-lazy=\"1\" class=\"module_column tb-column col-full tb_q5f1384 first\">\n                    <!-- module template_part -->\n<div  class=\"module module-layout-part tb_yubq507 \">\n    <div class=\"tb_layout_part_wrap tf_w\"><!--themify_builder_content-->\n    <div  class=\"themify_builder_content themify_builder_content-4978 themify_builder not_editable_builder in_the_loop\" data-postid=\"4978\">\n                        <div  data-parallax-bg=\"desktop\" data-css_id=\"mmu4350\" data-lazy=\"1\" class=\"module_row themify_builder_row fullwidth_row_container tb_mmu4350 tf_w\">\n            <span  class=\"builder_row_cover tf_abs\" data-lazy=\"1\"><\/span>            <div class=\"row_inner col_align_top tb_col_count_1 tf_box tf_rel\">\n                        <div  data-lazy=\"1\" class=\"module_column tb-column col-full tb_hhn4350 first\">\n                            <div  data-lazy=\"1\" class=\"module_subrow themify_builder_sub_row tf_w col_align_top tb_col_count_3 tb_4wcl350\">\n                <div  data-lazy=\"1\" class=\"module_column sub_column col4-1 tb_ypgc350 first\">\n                            <\/div>\n                    <div  data-lazy=\"1\" class=\"module_column sub_column col4-2 tb_5bz6350\">\n                    <!-- module fancy heading -->\n<div  class=\"module module-fancy-heading tb_xrpc350 \" data-lazy=\"1\">\n        <h2 class=\"fancy-heading tf_textc\">\n    <span class=\"main-head tf_block\">\n                    <strong>SCHREIBEN SIE UNS<\/strong>            <\/span>\n\n    \n    <span class=\"sub-head tf_block tf_rel\">\n                                <\/span>\n    <\/h2>\n<\/div>\n<!-- \/module fancy heading -->\n<!-- module text -->\n<div  class=\"module module-text tb_0h4n350   \" data-lazy=\"1\">\n        <div  class=\"tb_text_wrap\">\n        <p style=\"text-align: center;\">F\u00fcr ein individuelles Angebot f\u00fcllen sie bitte unser Kontaktformular aus<br \/><div class=\"wpforms-container wpforms-container-full\" id=\"wpforms-218\"><form id=\"wpforms-form-218\" class=\"wpforms-validate wpforms-form\" data-formid=\"218\" method=\"post\" enctype=\"multipart\/form-data\" action=\"\/de\/wp-json\/wp\/v2\/pages\/6621\" data-token=\"94996f867b6ce4d5140c0034c352afc4\" data-token-time=\"1775890504\"><noscript class=\"wpforms-error-noscript\">Bitte aktiviere JavaScript in deinem Browser, um dieses Formular fertigzustellen.<\/noscript><div class=\"wpforms-field-container\"><div id=\"wpforms-218-field_5-container\" class=\"wpforms-field wpforms-field-hidden\" data-field-id=\"5\"><input type=\"hidden\" id=\"wpforms-218-field_5\" name=\"wpforms[fields][5]\" value=\"https:\/\/mobilbox.pl\/de\/wp-json\/wp\/v2\/pages\/6621\"><\/div><div id=\"wpforms-218-field_2-container\" class=\"wpforms-field wpforms-field-text newsletter2\" data-field-id=\"2\"><label class=\"wpforms-field-label wpforms-label-hide\" for=\"wpforms-218-field_2\">Name \/ Firma\/ Kontaktperson<\/label><input type=\"text\" id=\"wpforms-218-field_2\" class=\"wpforms-field-large\" name=\"wpforms[fields][2]\" placeholder=\"Name \/ Firma\/ Kontaktperson\" ><\/div><div id=\"wpforms-218-field_1-container\" class=\"wpforms-field wpforms-field-email wpforms-one-half\" data-field-id=\"1\"><label class=\"wpforms-field-label wpforms-label-hide\" for=\"wpforms-218-field_1\">Email <span class=\"wpforms-required-label\">*<\/span><\/label><input type=\"email\" id=\"wpforms-218-field_1\" class=\"wpforms-field-large wpforms-field-required\" name=\"wpforms[fields][1]\" placeholder=\"Email\" spellcheck=\"false\" required><\/div><div id=\"wpforms-218-field_4-container\" class=\"wpforms-field wpforms-field-text wpforms-one-half\" data-field-id=\"4\"><label class=\"wpforms-field-label wpforms-label-hide\" for=\"wpforms-218-field_4\">Telefonnummer <span class=\"wpforms-required-label\">*<\/span><\/label><input type=\"text\" id=\"wpforms-218-field_4\" class=\"wpforms-field-large wpforms-field-required\" name=\"wpforms[fields][4]\" placeholder=\"Telefonnummer\" required><\/div><div id=\"wpforms-218-field_3-container\" class=\"wpforms-field wpforms-field-textarea\" data-field-id=\"3\"><label class=\"wpforms-field-label wpforms-label-hide\" for=\"wpforms-218-field_3\">Nachricht<\/label><textarea id=\"wpforms-218-field_3\" class=\"wpforms-field-small\" name=\"wpforms[fields][3]\" placeholder=\"Nachricht\" ><\/textarea><\/div><div id=\"wpforms-218-field_13-container\" class=\"wpforms-field wpforms-field-checkbox\" data-field-id=\"13\"><label class=\"wpforms-field-label\">Ich akzeptiere die Datenschutzerkl\u00e4rung <span class=\"wpforms-required-label\">*<\/span><\/label><ul id=\"wpforms-218-field_13\" class=\"wpforms-field-required\"><li class=\"choice-1 depth-1\"><input type=\"checkbox\" id=\"wpforms-218-field_13_1\" name=\"wpforms[fields][13][]\" value=\"Ich stimme der Verarbeitung personenbezogener Daten zu Marketing- und kommerziellen Zwecken zu und stimme der Verwendung der Endger\u00e4te f\u00fcr Direktmarketing zu.\" required ><label class=\"wpforms-field-label-inline\" for=\"wpforms-218-field_13_1\">Ich stimme der Verarbeitung personenbezogener Daten zu Marketing- und kommerziellen Zwecken zu und stimme der Verwendung der Endger\u00e4te f\u00fcr Direktmarketing zu.<\/label><\/li><\/ul><\/div><\/div><!-- .wpforms-field-container --><div class=\"wpforms-field wpforms-field-hp\"><label for=\"wpforms-218-field-hp\" class=\"wpforms-field-label\">Website<\/label><input type=\"text\" name=\"wpforms[hp]\" id=\"wpforms-218-field-hp\" class=\"wpforms-field-medium\"><\/div><div class=\"wpforms-submit-container\" ><input type=\"hidden\" name=\"wpforms[id]\" value=\"218\"><input type=\"hidden\" name=\"page_title\" value=\"\"><input type=\"hidden\" name=\"page_url\" value=\"https:\/\/mobilbox.pl\/de\/wp-json\/wp\/v2\/pages\/6621\"><input type=\"hidden\" name=\"url_referer\" value=\"\"><button type=\"submit\" name=\"wpforms[submit]\" id=\"wpforms-submit-218\" class=\"wpforms-submit\" data-alt-text=\"Senden\" data-submit-text=\"Senden\" aria-live=\"assertive\" value=\"wpforms-submit\">Senden<\/button><\/div><\/form><\/div>  <!-- .wpforms-container --><\/p>    <\/div>\n<\/div>\n<!-- \/module text -->        <\/div>\n                    <div  data-lazy=\"1\" class=\"module_column sub_column col4-1 tb_a9v3350 last\">\n                            <\/div>\n                    <\/div>\n                <\/div>\n                        <\/div>\n        <\/div>\n            <\/div>\n<!--\/themify_builder_content--><\/div>\n<\/div>\n<!-- \/module template_part -->        <\/div>\n                        <\/div>\n        <\/div>\n        <\/div>\n<!--\/themify_builder_content-->","protected":false},"excerpt":{"rendered":"<p>BEL\u00dcFTUNGSGITTER F\u00dcR SEECOFFAINER Ein L\u00fcftungsgitter in einem Transport- oder Lagercontainer\u00a0erm\u00f6glicht\u00a0den Luftaustausch zwischen dem Containerinneren und der Umgebung.\u00a0Die Bel\u00fcftung\u00a0ist entscheidend, wenn der Container \u00fcber l\u00e4ngere Zeit geschlossen bleibt. Bei der Lagerung von elektronischen Ger\u00e4ten und insbesondere von Lebensmitteln, die eine konstante Luftfeuchtigkeit erfordern, ist\u00a0Frischluftzufuhr\u00a0unerl\u00e4sslich . Dies ist notwendig, um\u00a0\u00fcbersch\u00fcssige Feuchtigkeit\u00a0und unangenehme Ger\u00fcche zu entfernen, die sich [&hellip;]<\/p>\n","protected":false},"author":3,"featured_media":0,"parent":22,"menu_order":0,"comment_status":"closed","ping_status":"closed","template":"","meta":{"footnotes":""},"class_list":["post-6621","page","type-page","status-publish","hentry","has-post-title","has-post-date","has-post-category","has-post-tag","has-post-comment","has-post-author",""],"_links":{"self":[{"href":"https:\/\/mobilbox.pl\/de\/wp-json\/wp\/v2\/pages\/6621","targetHints":{"allow":["GET"]}}],"collection":[{"href":"https:\/\/mobilbox.pl\/de\/wp-json\/wp\/v2\/pages"}],"about":[{"href":"https:\/\/mobilbox.pl\/de\/wp-json\/wp\/v2\/types\/page"}],"author":[{"embeddable":true,"href":"https:\/\/mobilbox.pl\/de\/wp-json\/wp\/v2\/users\/3"}],"replies":[{"embeddable":true,"href":"https:\/\/mobilbox.pl\/de\/wp-json\/wp\/v2\/comments?post=6621"}],"version-history":[{"count":0,"href":"https:\/\/mobilbox.pl\/de\/wp-json\/wp\/v2\/pages\/6621\/revisions"}],"up":[{"embeddable":true,"href":"https:\/\/mobilbox.pl\/de\/wp-json\/wp\/v2\/pages\/22"}],"wp:attachment":[{"href":"https:\/\/mobilbox.pl\/de\/wp-json\/wp\/v2\/media?parent=6621"}],"curies":[{"name":"wp","href":"https:\/\/api.w.org\/{rel}","templated":true}]}}