{"id":6652,"date":"2025-09-05T11:55:09","date_gmt":"2025-09-05T09:55:09","guid":{"rendered":"https:\/\/mobilbox.pl\/de\/?page_id=6652"},"modified":"2025-09-23T08:57:05","modified_gmt":"2025-09-23T06:57:05","slug":"dichtung-zum-verbinden-von-behaeltern","status":"publish","type":"page","link":"https:\/\/mobilbox.pl\/de\/container-ersatzteile\/dichtung-zum-verbinden-von-behaeltern\/","title":{"rendered":"Dichtung zum Verbinden von Beh\u00e4ltern"},"content":{"rendered":"<!--themify_builder_content-->\n<div id=\"themify_builder_content-6652\" data-postid=\"6652\" class=\"themify_builder_content themify_builder_content-6652 themify_builder tf_clear\">\n                    <div  data-lazy=\"1\" class=\"module_row themify_builder_row tb_t87k538 tb_first tf_w\">\n                        <div class=\"row_inner col_align_top tb_col_count_1 tf_box tf_rel\">\n                        <div  data-lazy=\"1\" class=\"module_column tb-column col-full tb_9is3538 first\">\n                    <!-- module fancy heading -->\n<div  class=\"module module-fancy-heading tb_gd5i538 \" data-lazy=\"1\">\n        <h1 class=\"fancy-heading tf_textc\">\n    <span class=\"main-head tf_block\">\n                    Container Gummidichtung            <\/span>\n\n    \n    <span class=\"sub-head tf_block tf_rel\">\n                                <\/span>\n    <\/h1>\n<\/div>\n<!-- \/module fancy heading -->\n        <\/div>\n                        <\/div>\n        <\/div>\n                        <div  data-lazy=\"1\" class=\"module_row themify_builder_row tb_wkor538 tf_w\">\n                        <div class=\"row_inner col_align_middle tb_col_count_2 tf_box tf_rel\">\n                        <div  data-lazy=\"1\" class=\"module_column tb-column col4-2 tb_3si6538 first\">\n                    <!-- module text -->\n<div  class=\"module module-text tb_wiih538   \" data-lazy=\"1\">\n        <div  class=\"tb_text_wrap\">\n        <h2><span style=\"color: #ff0000;\"><strong><span dir=\"auto\">Beh\u00e4lterplombe 32 x 38 x 25 mm<\/span><\/strong><\/span><\/h2>\n<p><b><a href=\"https:\/\/mobilbox.pl\/kontenery\/\"><span dir=\"auto\">Bei der Anordnung von Containern<\/span><\/a><span dir=\"auto\">\u00a0muss der Raum zwischen den Rahmen ausgef\u00fcllt werden. Die Containerdichtung wird\u00a0<\/span><\/b><b><span dir=\"auto\">zwischen die Containerrahmen<\/span><\/b><span dir=\"auto\">\u00a0gepresst. Ihr Zweck: Die Abdichtung des Raumes zwischen den Containern von der Umgebung.\u00a0\u00a0den Raum zwischen<b>\u00a0den Containerw\u00e4nden\u00a0<\/b><\/span><b><span dir=\"auto\">effektiv<\/span><\/b><span dir=\"auto\">\u00a0von den \u00e4u\u00dferen Bedingungen<b>\u00a0der modularen Anlage<\/b>\u00a0und sorgt so f\u00fcr<b> eine verbesserte Schall- <\/b>und<b>\u00a0W\u00e4rmed\u00e4mmung<\/b>\u00a0.<b>\u00a0Die Abdichtung von Containern und\u00a0<\/b><b>Mehrmodulanlagen<\/b>\u00a0ist eine der wichtigsten Voraussetzungen f\u00fcr den Nutzerkomfort der Anlage.<\/span><\/p>    <\/div>\n<\/div>\n<!-- \/module text -->        <\/div>\n                    <div  data-lazy=\"1\" class=\"module_column tb-column col4-2 tb_17ad538 last\">\n                    <!-- module image -->\n<div  class=\"module module-image tb_co57538 image-top rounded  tf_mw\" data-lazy=\"1\">\n        <div class=\"image-wrap tf_rel tf_mw\">\n            <img loading=\"lazy\" decoding=\"async\" src=\"https:\/\/mobilbox.pl\/wp-content\/uploads\/2019\/12\/sciagi-uszczelka-do-kontenera.jpg\" width=\"600\" height=\"300\" title=\"Dichtung zum Verbinden von Beh\u00e4ltern\" alt=\"Dichtung zum Verbinden von Beh\u00e4ltern\">    \n        <\/div>\n    <!-- \/image-wrap -->\n    \n        <\/div>\n<!-- \/module image -->        <\/div>\n                        <\/div>\n        <\/div>\n                        <div  data-css_id=\"13hu61\" data-lazy=\"1\" class=\"module_row themify_builder_row fullwidth_row_container tb_13hu61 tf_w\">\n                        <div class=\"row_inner col_align_middle gutter-none tb_col_count_2 tf_box tf_rel\">\n                        <div  data-lazy=\"1\" class=\"module_column tb-column col4-2 tb_ggz462 first\">\n                    <!-- module text -->\n<div  class=\"module module-text tb_i2wk62   \" data-lazy=\"1\">\n        <div  class=\"tb_text_wrap\">\n        <h2><span dir=\"auto\">Teile f\u00fcr Versand- und Lagerbeh\u00e4lter<\/span><\/h2>\n<h2><span dir=\"auto\">Teile f\u00fcr B\u00fcro-, Bau- und Sanit\u00e4rcontainer<\/span><\/h2>    <\/div>\n<\/div>\n<!-- \/module text -->        <\/div>\n                    <div  data-lazy=\"1\" class=\"module_column tb-column col4-2 tb_of3g62 last\">\n                    <!-- module icon -->\n<div  class=\"module module-icon tb_nbgr62  xlarge  icon_horizontal \" data-lazy=\"1\">\n\t\t\t<div class=\"module-icon-item\">\n\t\t\t\t\t\t\t<a href=\"tel:+48885850053\">\n\t\t\t\t\t\t\t\t\t\t\t\t\t\t\t\t\t<em class=\"tf_box\"\n\t\t\t\t\t\t\t\t\t\t\t\t\t\t\t\t\t><svg  class=\"tf_fa tf-fas-mobile-alt\" xmlns:xlink=\"http:\/\/www.w3.org\/1999\/xlink\" aria-hidden=\"true\"><use href=\"#tf-fas-mobile-alt\" xlink:href=\"#tf-fas-mobile-alt\"><\/use><\/svg><\/em>\n\t\t\t\t\t\t\t\t\t\t\t\t\t\t\t\t\t\t\t<span>Fragen Sie nach den Preisen f\u00fcr Zugstangen und Containerdichtungen! <br> +48 885 850 053<\/span>\n\t\t\t\t\t\t\t\t\t\t\t\t\t\t\t\t\t<\/a>\n\t\t\t\t\t<\/div>\n\t<\/div>\n<!-- \/module icon -->\n        <\/div>\n                        <\/div>\n        <\/div>\n                        <div  data-css_id=\"mno2630\" data-lazy=\"1\" class=\"module_row themify_builder_row fullwidth_row_container tb_mno2630 tf_w\">\n                        <div class=\"row_inner col_align_top tb_col_count_1 tf_box tf_rel\">\n                        <div  data-lazy=\"1\" class=\"module_column tb-column col-full tb_ugog630 first\">\n                    <!-- module template_part -->\n<div  class=\"module module-layout-part tb_w5ay782 \">\n    <div class=\"tb_layout_part_wrap tf_w\"><!--themify_builder_content-->\n    <div  class=\"themify_builder_content themify_builder_content-4978 themify_builder not_editable_builder in_the_loop\" data-postid=\"4978\">\n                        <div  data-parallax-bg=\"desktop\" data-css_id=\"mmu4350\" data-lazy=\"1\" class=\"module_row themify_builder_row fullwidth_row_container tb_mmu4350 tf_w\">\n            <span  class=\"builder_row_cover tf_abs\" data-lazy=\"1\"><\/span>            <div class=\"row_inner col_align_top tb_col_count_1 tf_box tf_rel\">\n                        <div  data-lazy=\"1\" class=\"module_column tb-column col-full tb_hhn4350 first\">\n                            <div  data-lazy=\"1\" class=\"module_subrow themify_builder_sub_row tf_w col_align_top tb_col_count_3 tb_4wcl350\">\n                <div  data-lazy=\"1\" class=\"module_column sub_column col4-1 tb_ypgc350 first\">\n                            <\/div>\n                    <div  data-lazy=\"1\" class=\"module_column sub_column col4-2 tb_5bz6350\">\n                    <!-- module fancy heading -->\n<div  class=\"module module-fancy-heading tb_xrpc350 \" data-lazy=\"1\">\n        <h2 class=\"fancy-heading tf_textc\">\n    <span class=\"main-head tf_block\">\n                    <strong>SCHREIBEN SIE UNS<\/strong>            <\/span>\n\n    \n    <span class=\"sub-head tf_block tf_rel\">\n                                <\/span>\n    <\/h2>\n<\/div>\n<!-- \/module fancy heading -->\n<!-- module text -->\n<div  class=\"module module-text tb_0h4n350   \" data-lazy=\"1\">\n        <div  class=\"tb_text_wrap\">\n        <p style=\"text-align: center;\">F\u00fcr ein individuelles Angebot f\u00fcllen sie bitte unser Kontaktformular aus<br \/><div class=\"wpforms-container wpforms-container-full\" id=\"wpforms-218\"><form id=\"wpforms-form-218\" class=\"wpforms-validate wpforms-form\" data-formid=\"218\" method=\"post\" enctype=\"multipart\/form-data\" action=\"\/de\/wp-json\/wp\/v2\/pages\/6652\" data-token=\"f643de21ffc15b690882870816ee227d\" data-token-time=\"1775855499\"><noscript class=\"wpforms-error-noscript\">Bitte aktiviere JavaScript in deinem Browser, um dieses Formular fertigzustellen.<\/noscript><div class=\"wpforms-field-container\"><div id=\"wpforms-218-field_5-container\" class=\"wpforms-field wpforms-field-hidden\" data-field-id=\"5\"><input type=\"hidden\" id=\"wpforms-218-field_5\" name=\"wpforms[fields][5]\" value=\"https:\/\/mobilbox.pl\/de\/wp-json\/wp\/v2\/pages\/6652\"><\/div><div id=\"wpforms-218-field_2-container\" class=\"wpforms-field wpforms-field-text newsletter2\" data-field-id=\"2\"><label class=\"wpforms-field-label wpforms-label-hide\" for=\"wpforms-218-field_2\">Name \/ Firma\/ Kontaktperson<\/label><input type=\"text\" id=\"wpforms-218-field_2\" class=\"wpforms-field-large\" name=\"wpforms[fields][2]\" placeholder=\"Name \/ Firma\/ Kontaktperson\" ><\/div><div id=\"wpforms-218-field_1-container\" class=\"wpforms-field wpforms-field-email wpforms-one-half\" data-field-id=\"1\"><label class=\"wpforms-field-label wpforms-label-hide\" for=\"wpforms-218-field_1\">Email <span class=\"wpforms-required-label\">*<\/span><\/label><input type=\"email\" id=\"wpforms-218-field_1\" class=\"wpforms-field-large wpforms-field-required\" name=\"wpforms[fields][1]\" placeholder=\"Email\" spellcheck=\"false\" required><\/div><div id=\"wpforms-218-field_4-container\" class=\"wpforms-field wpforms-field-text wpforms-one-half\" data-field-id=\"4\"><label class=\"wpforms-field-label wpforms-label-hide\" for=\"wpforms-218-field_4\">Telefonnummer <span class=\"wpforms-required-label\">*<\/span><\/label><input type=\"text\" id=\"wpforms-218-field_4\" class=\"wpforms-field-large wpforms-field-required\" name=\"wpforms[fields][4]\" placeholder=\"Telefonnummer\" required><\/div><div id=\"wpforms-218-field_3-container\" class=\"wpforms-field wpforms-field-textarea\" data-field-id=\"3\"><label class=\"wpforms-field-label wpforms-label-hide\" for=\"wpforms-218-field_3\">Nachricht<\/label><textarea id=\"wpforms-218-field_3\" class=\"wpforms-field-small\" name=\"wpforms[fields][3]\" placeholder=\"Nachricht\" ><\/textarea><\/div><div id=\"wpforms-218-field_13-container\" class=\"wpforms-field wpforms-field-checkbox\" data-field-id=\"13\"><label class=\"wpforms-field-label\">Ich akzeptiere die Datenschutzerkl\u00e4rung <span class=\"wpforms-required-label\">*<\/span><\/label><ul id=\"wpforms-218-field_13\" class=\"wpforms-field-required\"><li class=\"choice-1 depth-1\"><input type=\"checkbox\" id=\"wpforms-218-field_13_1\" name=\"wpforms[fields][13][]\" value=\"Ich stimme der Verarbeitung personenbezogener Daten zu Marketing- und kommerziellen Zwecken zu und stimme der Verwendung der Endger\u00e4te f\u00fcr Direktmarketing zu.\" required ><label class=\"wpforms-field-label-inline\" for=\"wpforms-218-field_13_1\">Ich stimme der Verarbeitung personenbezogener Daten zu Marketing- und kommerziellen Zwecken zu und stimme der Verwendung der Endger\u00e4te f\u00fcr Direktmarketing zu.<\/label><\/li><\/ul><\/div><\/div><!-- .wpforms-field-container --><div class=\"wpforms-field wpforms-field-hp\"><label for=\"wpforms-218-field-hp\" class=\"wpforms-field-label\">Message<\/label><input type=\"text\" name=\"wpforms[hp]\" id=\"wpforms-218-field-hp\" class=\"wpforms-field-medium\"><\/div><div class=\"wpforms-submit-container\" ><input type=\"hidden\" name=\"wpforms[id]\" value=\"218\"><input type=\"hidden\" name=\"page_title\" value=\"\"><input type=\"hidden\" name=\"page_url\" value=\"https:\/\/mobilbox.pl\/de\/wp-json\/wp\/v2\/pages\/6652\"><input type=\"hidden\" name=\"url_referer\" value=\"\"><button type=\"submit\" name=\"wpforms[submit]\" id=\"wpforms-submit-218\" class=\"wpforms-submit\" data-alt-text=\"Senden\" data-submit-text=\"Senden\" aria-live=\"assertive\" value=\"wpforms-submit\">Senden<\/button><\/div><\/form><\/div>  <!-- .wpforms-container --><\/p>    <\/div>\n<\/div>\n<!-- \/module text -->        <\/div>\n                    <div  data-lazy=\"1\" class=\"module_column sub_column col4-1 tb_a9v3350 last\">\n                            <\/div>\n                    <\/div>\n                <\/div>\n                        <\/div>\n        <\/div>\n            <\/div>\n<!--\/themify_builder_content--><\/div>\n<\/div>\n<!-- \/module template_part -->        <\/div>\n                        <\/div>\n        <\/div>\n        <\/div>\n<!--\/themify_builder_content-->","protected":false},"excerpt":{"rendered":"<p>Container Gummidichtung Beh\u00e4lterplombe 32 x 38 x 25 mm Bei der Anordnung von Containern\u00a0muss der Raum zwischen den Rahmen ausgef\u00fcllt werden. Die Containerdichtung wird\u00a0zwischen die Containerrahmen\u00a0gepresst. Ihr Zweck: Die Abdichtung des Raumes zwischen den Containern von der Umgebung.\u00a0\u00a0den Raum zwischen\u00a0den Containerw\u00e4nden\u00a0effektiv\u00a0von den \u00e4u\u00dferen Bedingungen\u00a0der modularen Anlage\u00a0und sorgt so f\u00fcr eine verbesserte Schall- und\u00a0W\u00e4rmed\u00e4mmung\u00a0.\u00a0Die Abdichtung von [&hellip;]<\/p>\n","protected":false},"author":3,"featured_media":0,"parent":22,"menu_order":0,"comment_status":"closed","ping_status":"closed","template":"","meta":{"footnotes":""},"class_list":["post-6652","page","type-page","status-publish","hentry","has-post-title","has-post-date","has-post-category","has-post-tag","has-post-comment","has-post-author",""],"_links":{"self":[{"href":"https:\/\/mobilbox.pl\/de\/wp-json\/wp\/v2\/pages\/6652","targetHints":{"allow":["GET"]}}],"collection":[{"href":"https:\/\/mobilbox.pl\/de\/wp-json\/wp\/v2\/pages"}],"about":[{"href":"https:\/\/mobilbox.pl\/de\/wp-json\/wp\/v2\/types\/page"}],"author":[{"embeddable":true,"href":"https:\/\/mobilbox.pl\/de\/wp-json\/wp\/v2\/users\/3"}],"replies":[{"embeddable":true,"href":"https:\/\/mobilbox.pl\/de\/wp-json\/wp\/v2\/comments?post=6652"}],"version-history":[{"count":0,"href":"https:\/\/mobilbox.pl\/de\/wp-json\/wp\/v2\/pages\/6652\/revisions"}],"up":[{"embeddable":true,"href":"https:\/\/mobilbox.pl\/de\/wp-json\/wp\/v2\/pages\/22"}],"wp:attachment":[{"href":"https:\/\/mobilbox.pl\/de\/wp-json\/wp\/v2\/media?parent=6652"}],"curies":[{"name":"wp","href":"https:\/\/api.w.org\/{rel}","templated":true}]}}