{"id":6675,"date":"2025-09-05T12:33:03","date_gmt":"2025-09-05T10:33:03","guid":{"rendered":"https:\/\/mobilbox.pl\/de\/?page_id=6675"},"modified":"2025-09-05T12:45:56","modified_gmt":"2025-09-05T10:45:56","slug":"vollstaendige-platte-buero-sozial-baucontainer","status":"publish","type":"page","link":"https:\/\/mobilbox.pl\/de\/container-ersatzteile\/vollstaendige-platte-buero-sozial-baucontainer\/","title":{"rendered":"Vollst\u00e4ndige Platte f\u00fcr B\u00fcro-, Sozial- &#038; Baucontainer \u2013 robust &#038; langlebig"},"content":{"rendered":"<!--themify_builder_content-->\n<div id=\"themify_builder_content-6675\" data-postid=\"6675\" class=\"themify_builder_content themify_builder_content-6675 themify_builder tf_clear\">\n                    <div  data-lazy=\"1\" class=\"module_row themify_builder_row tb_id1n63 tb_first tf_w\">\n                        <div class=\"row_inner col_align_top tb_col_count_1 tf_box tf_rel\">\n                        <div  data-lazy=\"1\" class=\"module_column tb-column col-full tb_1ex863 first\">\n                    <!-- module fancy heading -->\n<div  class=\"module module-fancy-heading tb_f2o563 \" data-lazy=\"1\">\n        <h1 class=\"fancy-heading tf_textc\">\n    <span class=\"main-head tf_block\">\n                    VOLLST\u00c4NDIGE PLATTE B\u00dcRO-\/SOZIAL-\/BAUCONTAINER            <\/span>\n\n    \n    <span class=\"sub-head tf_block tf_rel\">\n                    VOLLE CONTAINERWAND            <\/span>\n    <\/h1>\n<\/div>\n<!-- \/module fancy heading -->\n        <\/div>\n                        <\/div>\n        <\/div>\n                        <div  data-lazy=\"1\" class=\"module_row themify_builder_row tb_kbl463 tf_w\">\n                        <div class=\"row_inner col_align_top tb_col_count_2 tf_box tf_rel\">\n                        <div  data-lazy=\"1\" class=\"module_column tb-column col4-2 tb_372q63 first\">\n                    <!-- module text -->\n<div  class=\"module module-text tb_6qej63   \" data-lazy=\"1\">\n        <div  class=\"tb_text_wrap\">\n        <h2><span dir=\"auto\" style=\"color: #ff0000;\">Komplettes Panel aus B\u00fcro-, Bau- und Sozialcontainern<\/span><\/h2>\n<p><strong><span dir=\"auto\">Vollst\u00e4ndige Plattenabmessungen<\/span><\/strong><\/p>\n<p><span dir=\"auto\">Abmessungen 1.150 mm x 2.500 mm<\/span><\/p>\n<p><strong><span dir=\"auto\">Das Vollpaneel<\/span><\/strong><span dir=\"auto\">\u00a0kommt bei\u00a0<\/span><strong><span dir=\"auto\">der Reparatur<\/span><\/strong><span dir=\"auto\">\u00a0oder\u00a0<\/span><strong><span dir=\"auto\">Umnutzung\u00a0<\/span><\/strong><a href=\"https:\/\/mobilbox.pl\/kontenery\/kontenery-biurowe\/\"><span dir=\"auto\">eines B\u00fcrocontainers<\/span><\/a><span dir=\"auto\">\u00a0,\u00a0<\/span><a href=\"https:\/\/mobilbox.pl\/kontenery\/kontenery-budowlane\/\"><span dir=\"auto\">Baucontainers<\/span><\/a><span dir=\"auto\">\u00a0oder\u00a0<\/span><a href=\"https:\/\/mobilbox.pl\/kontenery\/kontenery-socjalne\/\"><span dir=\"auto\">Sozialcontainers<\/span><\/a><span dir=\"auto\">\u00a0zur Nutzungsumstellung zum Einsatz\u00a0.<\/span><\/p>    <\/div>\n<\/div>\n<!-- \/module text -->        <\/div>\n                    <div  data-lazy=\"1\" class=\"module_column tb-column col4-2 tb_uf9g63 last\">\n                    <!-- module image -->\n<div  class=\"module module-image tb_esd563 image-full-overlay   tf_mw\" data-lazy=\"1\">\n        <div class=\"image-wrap tf_rel tf_mw\">\n            <img loading=\"lazy\" decoding=\"async\" src=\"https:\/\/mobilbox.pl\/wp-content\/uploads\/2025\/08\/kontener-self-storage-warszawa-60m2-4.jpg\" width=\"561\" height=\"281\" title=\"Vollst\u00e4ndige Platte f\u00fcr B\u00fcro-, Sozial- &#038; Baucontainer \u2013 robust &#038; langlebig\" alt=\"Vollst\u00e4ndige Platte f\u00fcr B\u00fcro-, Sozial- &#038; Baucontainer \u2013 robust &#038; langlebig\">    \n        <\/div>\n    <!-- \/image-wrap -->\n    \n        <\/div>\n<!-- \/module image -->        <\/div>\n                        <\/div>\n        <\/div>\n                        <div  data-css_id=\"tcnp352\" data-lazy=\"1\" class=\"module_row themify_builder_row fullwidth_row_container tb_tcnp352 tf_w\">\n                        <div class=\"row_inner col_align_middle gutter-none tb_col_count_2 tf_box tf_rel\">\n                        <div  data-lazy=\"1\" class=\"module_column tb-column col4-2 tb_8ssl352 first\">\n                    <!-- module text -->\n<div  class=\"module module-text tb_z07y352   \" data-lazy=\"1\">\n        <div  class=\"tb_text_wrap\">\n        <h2><span dir=\"auto\">Teile f\u00fcr Versand- und Lagerbeh\u00e4lter<\/span><\/h2>\n<h2><span dir=\"auto\">Teile f\u00fcr B\u00fcro-, Bau- und Sanit\u00e4rcontainer<\/span><\/h2>    <\/div>\n<\/div>\n<!-- \/module text -->        <\/div>\n                    <div  data-lazy=\"1\" class=\"module_column tb-column col4-2 tb_nn3q352 last\">\n                    <!-- module icon -->\n<div  class=\"module module-icon tb_dvrs352  xlarge  icon_horizontal \" data-lazy=\"1\">\n\t\t\t<div class=\"module-icon-item\">\n\t\t\t\t\t\t\t<a href=\"tel:+48885850053\">\n\t\t\t\t\t\t\t\t\t\t\t\t\t\t\t\t\t<em class=\"tf_box\"\n\t\t\t\t\t\t\t\t\t\t\t\t\t\t\t\t\t><svg  class=\"tf_fa tf-fas-mobile-alt\" xmlns:xlink=\"http:\/\/www.w3.org\/1999\/xlink\" aria-hidden=\"true\"><use href=\"#tf-fas-mobile-alt\" xlink:href=\"#tf-fas-mobile-alt\"><\/use><\/svg><\/em>\n\t\t\t\t\t\t\t\t\t\t\t\t\t\t\t\t\t\t\t<span>Fragen Sie nach den Preisen f\u00fcr Zugstangen und Containerdichtungen! <br> +48 885 850 053<\/span>\n\t\t\t\t\t\t\t\t\t\t\t\t\t\t\t\t\t<\/a>\n\t\t\t\t\t<\/div>\n\t<\/div>\n<!-- \/module icon -->\n        <\/div>\n                        <\/div>\n        <\/div>\n                        <div  data-lazy=\"1\" class=\"module_row themify_builder_row tb_wcpi125 tf_w\">\n                        <div class=\"row_inner col_align_top tb_col_count_1 tf_box tf_rel\">\n                        <div  data-lazy=\"1\" class=\"module_column tb-column col-full tb_3bde125 first\">\n                    <!-- module template_part -->\n<div  class=\"module module-layout-part tb_bcej607 \">\n    <div class=\"tb_layout_part_wrap tf_w\"><!--themify_builder_content-->\n    <div  class=\"themify_builder_content themify_builder_content-4978 themify_builder not_editable_builder in_the_loop\" data-postid=\"4978\">\n                        <div  data-parallax-bg=\"desktop\" data-css_id=\"mmu4350\" data-lazy=\"1\" class=\"module_row themify_builder_row fullwidth_row_container tb_mmu4350 tf_w\">\n            <span  class=\"builder_row_cover tf_abs\" data-lazy=\"1\"><\/span>            <div class=\"row_inner col_align_top tb_col_count_1 tf_box tf_rel\">\n                        <div  data-lazy=\"1\" class=\"module_column tb-column col-full tb_hhn4350 first\">\n                            <div  data-lazy=\"1\" class=\"module_subrow themify_builder_sub_row tf_w col_align_top tb_col_count_3 tb_4wcl350\">\n                <div  data-lazy=\"1\" class=\"module_column sub_column col4-1 tb_ypgc350 first\">\n                            <\/div>\n                    <div  data-lazy=\"1\" class=\"module_column sub_column col4-2 tb_5bz6350\">\n                    <!-- module fancy heading -->\n<div  class=\"module module-fancy-heading tb_xrpc350 \" data-lazy=\"1\">\n        <h2 class=\"fancy-heading tf_textc\">\n    <span class=\"main-head tf_block\">\n                    <strong>SCHREIBEN SIE UNS<\/strong>            <\/span>\n\n    \n    <span class=\"sub-head tf_block tf_rel\">\n                                <\/span>\n    <\/h2>\n<\/div>\n<!-- \/module fancy heading -->\n<!-- module text -->\n<div  class=\"module module-text tb_0h4n350   \" data-lazy=\"1\">\n        <div  class=\"tb_text_wrap\">\n        <p style=\"text-align: center;\">F\u00fcr ein individuelles Angebot f\u00fcllen sie bitte unser Kontaktformular aus<br \/><div class=\"wpforms-container wpforms-container-full\" id=\"wpforms-218\"><form id=\"wpforms-form-218\" class=\"wpforms-validate wpforms-form\" data-formid=\"218\" method=\"post\" enctype=\"multipart\/form-data\" action=\"\/de\/wp-json\/wp\/v2\/pages\/6675\" data-token=\"94996f867b6ce4d5140c0034c352afc4\" data-token-time=\"1775886745\"><noscript class=\"wpforms-error-noscript\">Bitte aktiviere JavaScript in deinem Browser, um dieses Formular fertigzustellen.<\/noscript><div class=\"wpforms-field-container\"><div id=\"wpforms-218-field_5-container\" class=\"wpforms-field wpforms-field-hidden\" data-field-id=\"5\"><input type=\"hidden\" id=\"wpforms-218-field_5\" name=\"wpforms[fields][5]\" value=\"https:\/\/mobilbox.pl\/de\/wp-json\/wp\/v2\/pages\/6675\"><\/div><div id=\"wpforms-218-field_2-container\" class=\"wpforms-field wpforms-field-text newsletter2\" data-field-id=\"2\"><label class=\"wpforms-field-label wpforms-label-hide\" for=\"wpforms-218-field_2\">Name \/ Firma\/ Kontaktperson<\/label><input type=\"text\" id=\"wpforms-218-field_2\" class=\"wpforms-field-large\" name=\"wpforms[fields][2]\" placeholder=\"Name \/ Firma\/ Kontaktperson\" ><\/div><div id=\"wpforms-218-field_1-container\" class=\"wpforms-field wpforms-field-email wpforms-one-half\" data-field-id=\"1\"><label class=\"wpforms-field-label wpforms-label-hide\" for=\"wpforms-218-field_1\">Email <span class=\"wpforms-required-label\">*<\/span><\/label><input type=\"email\" id=\"wpforms-218-field_1\" class=\"wpforms-field-large wpforms-field-required\" name=\"wpforms[fields][1]\" placeholder=\"Email\" spellcheck=\"false\" required><\/div><div id=\"wpforms-218-field_4-container\" class=\"wpforms-field wpforms-field-text wpforms-one-half\" data-field-id=\"4\"><label class=\"wpforms-field-label wpforms-label-hide\" for=\"wpforms-218-field_4\">Telefonnummer <span class=\"wpforms-required-label\">*<\/span><\/label><input type=\"text\" id=\"wpforms-218-field_4\" class=\"wpforms-field-large wpforms-field-required\" name=\"wpforms[fields][4]\" placeholder=\"Telefonnummer\" required><\/div><div id=\"wpforms-218-field_3-container\" class=\"wpforms-field wpforms-field-textarea\" data-field-id=\"3\"><label class=\"wpforms-field-label wpforms-label-hide\" for=\"wpforms-218-field_3\">Nachricht<\/label><textarea id=\"wpforms-218-field_3\" class=\"wpforms-field-small\" name=\"wpforms[fields][3]\" placeholder=\"Nachricht\" ><\/textarea><\/div><div id=\"wpforms-218-field_13-container\" class=\"wpforms-field wpforms-field-checkbox\" data-field-id=\"13\"><label class=\"wpforms-field-label\">Ich akzeptiere die Datenschutzerkl\u00e4rung <span class=\"wpforms-required-label\">*<\/span><\/label><ul id=\"wpforms-218-field_13\" class=\"wpforms-field-required\"><li class=\"choice-1 depth-1\"><input type=\"checkbox\" id=\"wpforms-218-field_13_1\" name=\"wpforms[fields][13][]\" value=\"Ich stimme der Verarbeitung personenbezogener Daten zu Marketing- und kommerziellen Zwecken zu und stimme der Verwendung der Endger\u00e4te f\u00fcr Direktmarketing zu.\" required ><label class=\"wpforms-field-label-inline\" for=\"wpforms-218-field_13_1\">Ich stimme der Verarbeitung personenbezogener Daten zu Marketing- und kommerziellen Zwecken zu und stimme der Verwendung der Endger\u00e4te f\u00fcr Direktmarketing zu.<\/label><\/li><\/ul><\/div><\/div><!-- .wpforms-field-container --><div class=\"wpforms-field wpforms-field-hp\"><label for=\"wpforms-218-field-hp\" class=\"wpforms-field-label\">Website<\/label><input type=\"text\" name=\"wpforms[hp]\" id=\"wpforms-218-field-hp\" class=\"wpforms-field-medium\"><\/div><div class=\"wpforms-submit-container\" ><input type=\"hidden\" name=\"wpforms[id]\" value=\"218\"><input type=\"hidden\" name=\"page_title\" value=\"\"><input type=\"hidden\" name=\"page_url\" value=\"https:\/\/mobilbox.pl\/de\/wp-json\/wp\/v2\/pages\/6675\"><input type=\"hidden\" name=\"url_referer\" value=\"\"><button type=\"submit\" name=\"wpforms[submit]\" id=\"wpforms-submit-218\" class=\"wpforms-submit\" data-alt-text=\"Senden\" data-submit-text=\"Senden\" aria-live=\"assertive\" value=\"wpforms-submit\">Senden<\/button><\/div><\/form><\/div>  <!-- .wpforms-container --><\/p>    <\/div>\n<\/div>\n<!-- \/module text -->        <\/div>\n                    <div  data-lazy=\"1\" class=\"module_column sub_column col4-1 tb_a9v3350 last\">\n                            <\/div>\n                    <\/div>\n                <\/div>\n                        <\/div>\n        <\/div>\n            <\/div>\n<!--\/themify_builder_content--><\/div>\n<\/div>\n<!-- \/module template_part -->        <\/div>\n                        <\/div>\n        <\/div>\n        <\/div>\n<!--\/themify_builder_content-->","protected":false},"excerpt":{"rendered":"<p>VOLLST\u00c4NDIGE PLATTE B\u00dcRO-\/SOZIAL-\/BAUCONTAINERVOLLE CONTAINERWAND Komplettes Panel aus B\u00fcro-, Bau- und Sozialcontainern Vollst\u00e4ndige Plattenabmessungen Abmessungen 1.150 mm x 2.500 mm Das Vollpaneel\u00a0kommt bei\u00a0der Reparatur\u00a0oder\u00a0Umnutzung\u00a0eines B\u00fcrocontainers\u00a0,\u00a0Baucontainers\u00a0oder\u00a0Sozialcontainers\u00a0zur Nutzungsumstellung zum Einsatz\u00a0. Teile f\u00fcr Versand- und Lagerbeh\u00e4lter Teile f\u00fcr B\u00fcro-, Bau- und Sanit\u00e4rcontainer Fragen Sie nach den Preisen f\u00fcr Zugstangen und Containerdichtungen! +48 885 850 053<\/p>\n","protected":false},"author":3,"featured_media":0,"parent":22,"menu_order":0,"comment_status":"closed","ping_status":"closed","template":"","meta":{"footnotes":""},"class_list":["post-6675","page","type-page","status-publish","hentry","has-post-title","has-post-date","has-post-category","has-post-tag","has-post-comment","has-post-author",""],"_links":{"self":[{"href":"https:\/\/mobilbox.pl\/de\/wp-json\/wp\/v2\/pages\/6675","targetHints":{"allow":["GET"]}}],"collection":[{"href":"https:\/\/mobilbox.pl\/de\/wp-json\/wp\/v2\/pages"}],"about":[{"href":"https:\/\/mobilbox.pl\/de\/wp-json\/wp\/v2\/types\/page"}],"author":[{"embeddable":true,"href":"https:\/\/mobilbox.pl\/de\/wp-json\/wp\/v2\/users\/3"}],"replies":[{"embeddable":true,"href":"https:\/\/mobilbox.pl\/de\/wp-json\/wp\/v2\/comments?post=6675"}],"version-history":[{"count":0,"href":"https:\/\/mobilbox.pl\/de\/wp-json\/wp\/v2\/pages\/6675\/revisions"}],"up":[{"embeddable":true,"href":"https:\/\/mobilbox.pl\/de\/wp-json\/wp\/v2\/pages\/22"}],"wp:attachment":[{"href":"https:\/\/mobilbox.pl\/de\/wp-json\/wp\/v2\/media?parent=6675"}],"curies":[{"name":"wp","href":"https:\/\/api.w.org\/{rel}","templated":true}]}}