{"id":6698,"date":"2025-09-05T13:13:51","date_gmt":"2025-09-05T11:13:51","guid":{"rendered":"https:\/\/mobilbox.pl\/de\/?page_id=6698"},"modified":"2025-09-05T13:13:51","modified_gmt":"2025-09-05T11:13:51","slug":"behaelterbearbeitungen","status":"publish","type":"page","link":"https:\/\/mobilbox.pl\/de\/container-ersatzteile\/behaelterbearbeitungen\/","title":{"rendered":"Beh\u00e4lterbearbeitungen \u2013 professionelle Containerarbeiten"},"content":{"rendered":"<!--themify_builder_content-->\n<div id=\"themify_builder_content-6698\" data-postid=\"6698\" class=\"themify_builder_content themify_builder_content-6698 themify_builder tf_clear\">\n                    <div  data-lazy=\"1\" class=\"module_row themify_builder_row tb_tzgy745 tb_first tf_w\">\n                        <div class=\"row_inner col_align_top tb_col_count_1 tf_box tf_rel\">\n                        <div  data-lazy=\"1\" class=\"module_column tb-column col-full tb_lxq2745 first\">\n                    <!-- module fancy heading -->\n<div  class=\"module module-fancy-heading tb_5ujk745 \" data-lazy=\"1\">\n        <h1 class=\"fancy-heading tf_textc\">\n    <span class=\"main-head tf_block\">\n                    BEH\u00c4LTERBEARBEITUNGEN            <\/span>\n\n    \n    <span class=\"sub-head tf_block tf_rel\">\n                                <\/span>\n    <\/h1>\n<\/div>\n<!-- \/module fancy heading -->\n        <\/div>\n                        <\/div>\n        <\/div>\n                        <div  data-lazy=\"1\" class=\"module_row themify_builder_row tb_gial745 tf_w\">\n                        <div class=\"row_inner col_align_top tb_col_count_2 tf_box tf_rel\">\n                        <div  data-lazy=\"1\" class=\"module_column tb-column col4-2 tb_c2va745 first\">\n                    <!-- module text -->\n<div  class=\"module module-text tb_nfi5745   \" data-lazy=\"1\">\n        <div  class=\"tb_text_wrap\">\n        <h2><span dir=\"auto\">Beh\u00e4lterveredelung &#8211; innen<\/span><\/h2>\n<p><b><span dir=\"auto\">Angebot an Blechverkleidungen f\u00fcr Container<\/span><\/b><span dir=\"auto\">\u00a0:<\/span><\/p>\n<div class=\"su-list\">\n<ul>\n<li><i class=\"sui sui-check-square-o\"><\/i>\n<h3><strong><span dir=\"auto\">Bearbeitung der Verbindung zweier Containers\u00e4ulen<\/span><\/strong><\/h3>\n<\/li>\n<\/ul>\n<p><span dir=\"auto\">Material: RAL 9010 lackiertes Blech, Dicke: 0,7 mm, L\u00e4nge: 2000 mm<\/span><\/p>\n<ul>\n<li><i class=\"sui sui-check-square-o\"><\/i>\n<h3><strong><span dir=\"auto\">Bearbeitung der Verbindung zweier Containers\u00e4ulen<\/span><\/strong><\/h3>\n<\/li>\n<\/ul>\n<p><span dir=\"auto\">Material: RAL 9010 lackiertes Blech, Dicke: 0,7 mm, L\u00e4nge: 500 mm<\/span><\/p>\n<ul>\n<li><i class=\"sui sui-check-square-o\"><\/i>\n<h3><strong><span dir=\"auto\">Verarbeitung der Verbindung zweier Etagen ohne W\u00e4nde an der l\u00e4ngeren Seite des Containers<\/span><\/strong><\/h3>\n<\/li>\n<\/ul>\n<p><span dir=\"auto\">Material: Aluminium, Dicke: 2 mm, L\u00e4nge: 3000 mm<\/span><\/p>\n<ul>\n<li><i class=\"sui sui-check-square-o\"><\/i>\n<h3><strong><span dir=\"auto\">Abdeckbleche zur Abdeckung der Verbindung zweier Container ohne L\u00e4ngsw\u00e4nde<\/span><\/strong><\/h3>\n<\/li>\n<\/ul>\n<p><span dir=\"auto\">Es besteht aus Decken- (horizontal), S\u00e4ulen- (vertikal) und Boden- (horizontal) Abdeckungen.<\/span><\/p>\n<ul>\n<li><i class=\"sui sui-check-square-o\"><\/i>\n<h3><strong><span dir=\"auto\">Bearbeitung von T\u00fcr\u00f6ffnungen zwischen zwei Containern<\/span><\/strong><\/h3>\n<\/li>\n<li><i class=\"sui sui-check-square-o\"><\/i>\n<h3><strong><span dir=\"auto\">Untere Verkleidung der T\u00fcr\u00f6ffnung<\/span><\/strong><\/h3>\n<\/li>\n<\/ul>\n<p><span dir=\"auto\">Material: Aluminium, Dicke: 2 mm, L\u00e4nge: 1025 mm<\/span><\/p>\n<ul>\n<li><i class=\"sui sui-check-square-o\"><\/i>\n<h3><strong><span dir=\"auto\">Vertikale Bearbeitung der T\u00fcr\u00f6ffnung<\/span><\/strong><\/h3>\n<\/li>\n<\/ul>\n<p><span dir=\"auto\">Material: Laminierte Platte, Dicke: 12 mm, L\u00e4nge: 1990 mm<\/span><\/p>\n<ul>\n<li><i class=\"sui sui-check-square-o\"><\/i>\n<h3><strong><span dir=\"auto\">Obere T\u00fcrverkleidung<\/span><\/strong>\u00a0<\/h3>\n<\/li>\n<\/ul>\n<p><span dir=\"auto\">Material: Laminierte Platte, Dicke: 12 mm, L\u00e4nge: 925 mm<\/span><\/p>\n<\/div>    <\/div>\n<\/div>\n<!-- \/module text -->        <\/div>\n                    <div  data-lazy=\"1\" class=\"module_column tb-column col4-2 tb_rl06745 last\">\n                    <!-- module image -->\n<div  class=\"module module-image tb_tx6r745 image-top   tf_mw\" data-lazy=\"1\">\n        <div class=\"image-wrap tf_rel tf_mw\">\n            <img loading=\"lazy\" decoding=\"async\" src=\"https:\/\/mobilbox.pl\/wp-content\/uploads\/2022\/01\/Obrobki-do-kontenerow-oborbka-do-kontenera-1.jpg\" width=\"600\" height=\"334\" title=\"Beh\u00e4lterbearbeitungen \u2013 professionelle Containerarbeiten\" alt=\"Beh\u00e4lterbearbeitungen \u2013 professionelle Containerarbeiten\">    \n        <\/div>\n    <!-- \/image-wrap -->\n    \n        <\/div>\n<!-- \/module image --><!-- module text -->\n<div  class=\"module module-text tb_4gr2745   \" data-lazy=\"1\">\n        <div  class=\"tb_text_wrap\">\n        <h2><strong><span dir=\"auto\" style=\"color: #ff0000;\">Hersteller von Containerverkleidungen<\/span><br><\/strong><\/h2>\n<p><b><span dir=\"auto\">Zur Verdeckung von Containerfugen fertigen wir Containerabdeckungen<\/span><\/b><span dir=\"auto\">\u00a0. Diese werden nach der Errichtung der Anlage und vor der Inbetriebnahme montiert.<\/span><\/p>\n<p><span dir=\"auto\">Einige Informationen zur\u00a0<\/span><strong><span dir=\"auto\">Montage von Abdeckungen an Beh\u00e4ltern<\/span><\/strong><span dir=\"auto\">\u00a0.<\/span><\/p>\n<p><span dir=\"auto\">1.\u00a0Nach dem Zusammenbau\u00a0<\/span><a href=\"https:\/\/mobilbox.pl\/kontenery\/\"><strong><span dir=\"auto\">der Beh\u00e4lter<\/span><\/strong><\/a><strong><span dir=\"auto\">\u00a0m\u00fcssen die Fugen mit Mineralwolle abgedichtet werden<\/span><\/strong><span dir=\"auto\">\u00a0.<\/span><br><span dir=\"auto\">2.\u00a0<\/span><strong><span dir=\"auto\">Durch Anbringen von Abdeckblechen<\/span><\/strong><span dir=\"auto\">\u00a0werden die Bauteil- und\u00a0<\/span><strong><span dir=\"auto\">Beh\u00e4lterfugen<\/span><\/strong><span dir=\"auto\">\u00a0optisch ansprechend abgedeckt.<\/span><br><span dir=\"auto\">3. Die Abdeckbleche werden den Fugen angepasst und sorgen f\u00fcr ein \u00e4sthetisches Erscheinungsbild.<\/span><\/p>    <\/div>\n<\/div>\n<!-- \/module text -->        <\/div>\n                        <\/div>\n        <\/div>\n                        <div  data-lazy=\"1\" class=\"module_row themify_builder_row tb_jm12745 tf_w\">\n                        <div class=\"row_inner col_align_top tb_col_count_1 tf_box tf_rel\">\n                        <div  data-lazy=\"1\" class=\"module_column tb-column col-full tb_fqxu745 first\">\n                    <!-- module text -->\n<div  class=\"module module-text tb_wy8v745   \" data-lazy=\"1\">\n        <div  class=\"tb_text_wrap\">\n        <h2><strong><span dir=\"auto\" style=\"color: #ff0000;\">Beh\u00e4lterbearbeitung &#8211; Verwendungszweck\u00a0<\/span><br><\/strong><\/h2>\n<p><strong><span dir=\"auto\">Containereinfassungen<\/span><\/strong><span dir=\"auto\">\u00a0werden sowohl f\u00fcr die Montage eines einzelnen\u00a0<\/span><strong><span dir=\"auto\">Containers<\/span><\/strong><span dir=\"auto\">\u00a0als auch vor allem f\u00fcr\u00a0<\/span><strong><span dir=\"auto\">die Verbindung mehrerer Container verwendet. Der Zweck der Einfassungen besteht darin, die Containerverbindungen optisch zu verdecken.<\/span><\/strong><span dir=\"auto\">\u00a0F\u00fcr die Verbindungen wird h\u00e4ufig Mineralwolle verwendet und unter die Einfassung gelegt.\u00a0<\/span><span dir=\"auto\">Dadurch werden die richtigen thermischen Parameter des montierten Objekts gew\u00e4hrleistet. Einfassungen bestehen meist aus Blech oder laminierter Platte.<\/span><strong><br><\/strong><\/p>\n<p><strong><span dir=\"auto\">Die Behandlungen<\/span><\/strong><span dir=\"auto\">\u00a0finden Anwendung bei\u00a0<strong><a href=\"https:\/\/mobilbox.pl\/kontenery\/kontenery-biurowe\/\">B\u00fcrocontainern<\/a><\/strong><strong>\u00a0,\u00a0<\/strong><strong><a href=\"https:\/\/mobilbox.pl\/kontenery\/kontenery-sanitarne\/\">Sanit\u00e4rcontainern<\/a><\/strong><strong>\u00a0,\u00a0<\/strong><strong><a href=\"https:\/\/mobilbox.pl\/kontenery\/kontenery-budowlane\/\">Baucontainern<\/a><\/strong><strong>\u00a0und\u00a0<\/strong><strong><a href=\"https:\/\/mobilbox.pl\/kontenery\/kontenery-socjalne\/\">Sozialcontainern<\/a><\/strong><strong>\u00a0.<\/strong><\/span><\/p>    <\/div>\n<\/div>\n<!-- \/module text -->        <\/div>\n                        <\/div>\n        <\/div>\n                        <div  data-css_id=\"4ca685\" data-lazy=\"1\" class=\"module_row themify_builder_row fullwidth_row_container tb_4ca685 tf_w\">\n                        <div class=\"row_inner col_align_middle gutter-none tb_col_count_2 tf_box tf_rel\">\n                        <div  data-lazy=\"1\" class=\"module_column tb-column col4-2 tb_pgpb85 first\">\n                    <!-- module text -->\n<div  class=\"module module-text tb_u6qk85   \" data-lazy=\"1\">\n        <div  class=\"tb_text_wrap\">\n        <h2><span dir=\"auto\">Teile f\u00fcr Versand- und Lagerbeh\u00e4lter<\/span><\/h2>\n<h2><span dir=\"auto\">Teile f\u00fcr B\u00fcro-, Bau- und Sanit\u00e4rcontainer<\/span><\/h2>    <\/div>\n<\/div>\n<!-- \/module text -->        <\/div>\n                    <div  data-lazy=\"1\" class=\"module_column tb-column col4-2 tb_i0ku85 last\">\n                    <!-- module icon -->\n<div  class=\"module module-icon tb_gjbb85  xlarge  icon_horizontal \" data-lazy=\"1\">\n\t\t\t<div class=\"module-icon-item\">\n\t\t\t\t\t\t\t<a href=\"tel:+48885850053\">\n\t\t\t\t\t\t\t\t\t\t\t\t\t\t\t\t\t<em class=\"tf_box\"\n\t\t\t\t\t\t\t\t\t\t\t\t\t\t\t\t\t><svg  class=\"tf_fa tf-fas-mobile-alt\" xmlns:xlink=\"http:\/\/www.w3.org\/1999\/xlink\" aria-hidden=\"true\"><use href=\"#tf-fas-mobile-alt\" xlink:href=\"#tf-fas-mobile-alt\"><\/use><\/svg><\/em>\n\t\t\t\t\t\t\t\t\t\t\t\t\t\t\t\t\t\t\t<span>Fragen Sie nach den Preisen f\u00fcr Zugstangen und Containerdichtungen! <br> +48 885 850 053<\/span>\n\t\t\t\t\t\t\t\t\t\t\t\t\t\t\t\t\t<\/a>\n\t\t\t\t\t<\/div>\n\t<\/div>\n<!-- \/module icon -->\n        <\/div>\n                        <\/div>\n        <\/div>\n                        <div  data-lazy=\"1\" class=\"module_row themify_builder_row tb_5jlt745 tf_w\">\n                        <div class=\"row_inner col_align_top tb_col_count_1 tf_box tf_rel\">\n                        <div  data-lazy=\"1\" class=\"module_column tb-column col-full tb_drob745 first\">\n                    <!-- module text -->\n<div  class=\"module module-text tb_jwf1745   \" data-lazy=\"1\">\n        <div  class=\"tb_text_wrap\">\n            <\/div>\n<\/div>\n<!-- \/module text --><!-- module gallery -->\n<div  class=\"module gallery module-gallery tb_yhpx745 layout-grid  \" data-lazy=\"1\">\n    <\/div>\n<!-- \/module gallery -->        <\/div>\n                        <\/div>\n        <\/div>\n                        <div  data-css_id=\"2urp202\" data-lazy=\"1\" class=\"module_row themify_builder_row fullwidth_row_container tb_2urp202 tf_w\">\n                        <div class=\"row_inner col_align_top tb_col_count_1 tf_box tf_rel\">\n                        <div  data-lazy=\"1\" class=\"module_column tb-column col-full tb_3lok202 first\">\n                    <!-- module template_part -->\n<div  class=\"module module-layout-part tb_b3rb935 \">\n    <div class=\"tb_layout_part_wrap tf_w\"><!--themify_builder_content-->\n    <div  class=\"themify_builder_content themify_builder_content-4978 themify_builder not_editable_builder in_the_loop\" data-postid=\"4978\">\n                        <div  data-parallax-bg=\"desktop\" data-css_id=\"mmu4350\" data-lazy=\"1\" class=\"module_row themify_builder_row fullwidth_row_container tb_mmu4350 tf_w\">\n            <span  class=\"builder_row_cover tf_abs\" data-lazy=\"1\"><\/span>            <div class=\"row_inner col_align_top tb_col_count_1 tf_box tf_rel\">\n                        <div  data-lazy=\"1\" class=\"module_column tb-column col-full tb_hhn4350 first\">\n                            <div  data-lazy=\"1\" class=\"module_subrow themify_builder_sub_row tf_w col_align_top tb_col_count_3 tb_4wcl350\">\n                <div  data-lazy=\"1\" class=\"module_column sub_column col4-1 tb_ypgc350 first\">\n                            <\/div>\n                    <div  data-lazy=\"1\" class=\"module_column sub_column col4-2 tb_5bz6350\">\n                    <!-- module fancy heading -->\n<div  class=\"module module-fancy-heading tb_xrpc350 \" data-lazy=\"1\">\n        <h2 class=\"fancy-heading tf_textc\">\n    <span class=\"main-head tf_block\">\n                    <strong>SCHREIBEN SIE UNS<\/strong>            <\/span>\n\n    \n    <span class=\"sub-head tf_block tf_rel\">\n                                <\/span>\n    <\/h2>\n<\/div>\n<!-- \/module fancy heading -->\n<!-- module text -->\n<div  class=\"module module-text tb_0h4n350   \" data-lazy=\"1\">\n        <div  class=\"tb_text_wrap\">\n        <p style=\"text-align: center;\">F\u00fcr ein individuelles Angebot f\u00fcllen sie bitte unser Kontaktformular aus<br \/><div class=\"wpforms-container wpforms-container-full\" id=\"wpforms-218\"><form id=\"wpforms-form-218\" class=\"wpforms-validate wpforms-form\" data-formid=\"218\" method=\"post\" enctype=\"multipart\/form-data\" action=\"\/de\/wp-json\/wp\/v2\/pages\/6698\" data-token=\"f643de21ffc15b690882870816ee227d\" data-token-time=\"1775854478\"><noscript class=\"wpforms-error-noscript\">Bitte aktiviere JavaScript in deinem Browser, um dieses Formular fertigzustellen.<\/noscript><div class=\"wpforms-field-container\"><div id=\"wpforms-218-field_5-container\" class=\"wpforms-field wpforms-field-hidden\" data-field-id=\"5\"><input type=\"hidden\" id=\"wpforms-218-field_5\" name=\"wpforms[fields][5]\" value=\"https:\/\/mobilbox.pl\/de\/wp-json\/wp\/v2\/pages\/6698\"><\/div><div id=\"wpforms-218-field_2-container\" class=\"wpforms-field wpforms-field-text newsletter2\" data-field-id=\"2\"><label class=\"wpforms-field-label wpforms-label-hide\" for=\"wpforms-218-field_2\">Name \/ Firma\/ Kontaktperson<\/label><input type=\"text\" id=\"wpforms-218-field_2\" class=\"wpforms-field-large\" name=\"wpforms[fields][2]\" placeholder=\"Name \/ Firma\/ Kontaktperson\" ><\/div><div id=\"wpforms-218-field_1-container\" class=\"wpforms-field wpforms-field-email wpforms-one-half\" data-field-id=\"1\"><label class=\"wpforms-field-label wpforms-label-hide\" for=\"wpforms-218-field_1\">Email <span class=\"wpforms-required-label\">*<\/span><\/label><input type=\"email\" id=\"wpforms-218-field_1\" class=\"wpforms-field-large wpforms-field-required\" name=\"wpforms[fields][1]\" placeholder=\"Email\" spellcheck=\"false\" required><\/div><div id=\"wpforms-218-field_4-container\" class=\"wpforms-field wpforms-field-text wpforms-one-half\" data-field-id=\"4\"><label class=\"wpforms-field-label wpforms-label-hide\" for=\"wpforms-218-field_4\">Telefonnummer <span class=\"wpforms-required-label\">*<\/span><\/label><input type=\"text\" id=\"wpforms-218-field_4\" class=\"wpforms-field-large wpforms-field-required\" name=\"wpforms[fields][4]\" placeholder=\"Telefonnummer\" required><\/div><div id=\"wpforms-218-field_3-container\" class=\"wpforms-field wpforms-field-textarea\" data-field-id=\"3\"><label class=\"wpforms-field-label wpforms-label-hide\" for=\"wpforms-218-field_3\">Nachricht<\/label><textarea id=\"wpforms-218-field_3\" class=\"wpforms-field-small\" name=\"wpforms[fields][3]\" placeholder=\"Nachricht\" ><\/textarea><\/div><div id=\"wpforms-218-field_13-container\" class=\"wpforms-field wpforms-field-checkbox\" data-field-id=\"13\"><label class=\"wpforms-field-label\">Ich akzeptiere die Datenschutzerkl\u00e4rung <span class=\"wpforms-required-label\">*<\/span><\/label><ul id=\"wpforms-218-field_13\" class=\"wpforms-field-required\"><li class=\"choice-1 depth-1\"><input type=\"checkbox\" id=\"wpforms-218-field_13_1\" name=\"wpforms[fields][13][]\" value=\"Ich stimme der Verarbeitung personenbezogener Daten zu Marketing- und kommerziellen Zwecken zu und stimme der Verwendung der Endger\u00e4te f\u00fcr Direktmarketing zu.\" required ><label class=\"wpforms-field-label-inline\" for=\"wpforms-218-field_13_1\">Ich stimme der Verarbeitung personenbezogener Daten zu Marketing- und kommerziellen Zwecken zu und stimme der Verwendung der Endger\u00e4te f\u00fcr Direktmarketing zu.<\/label><\/li><\/ul><\/div><\/div><!-- .wpforms-field-container --><div class=\"wpforms-field wpforms-field-hp\"><label for=\"wpforms-218-field-hp\" class=\"wpforms-field-label\">Name<\/label><input type=\"text\" name=\"wpforms[hp]\" id=\"wpforms-218-field-hp\" class=\"wpforms-field-medium\"><\/div><div class=\"wpforms-submit-container\" ><input type=\"hidden\" name=\"wpforms[id]\" value=\"218\"><input type=\"hidden\" name=\"page_title\" value=\"\"><input type=\"hidden\" name=\"page_url\" value=\"https:\/\/mobilbox.pl\/de\/wp-json\/wp\/v2\/pages\/6698\"><input type=\"hidden\" name=\"url_referer\" value=\"\"><button type=\"submit\" name=\"wpforms[submit]\" id=\"wpforms-submit-218\" class=\"wpforms-submit\" data-alt-text=\"Senden\" data-submit-text=\"Senden\" aria-live=\"assertive\" value=\"wpforms-submit\">Senden<\/button><\/div><\/form><\/div>  <!-- .wpforms-container --><\/p>    <\/div>\n<\/div>\n<!-- \/module text -->        <\/div>\n                    <div  data-lazy=\"1\" class=\"module_column sub_column col4-1 tb_a9v3350 last\">\n                            <\/div>\n                    <\/div>\n                <\/div>\n                        <\/div>\n        <\/div>\n            <\/div>\n<!--\/themify_builder_content--><\/div>\n<\/div>\n<!-- \/module template_part -->        <\/div>\n                        <\/div>\n        <\/div>\n        <\/div>\n<!--\/themify_builder_content-->\n<p>&nbsp;<\/p>","protected":false},"excerpt":{"rendered":"<p>BEH\u00c4LTERBEARBEITUNGEN Beh\u00e4lterveredelung &#8211; innen Angebot an Blechverkleidungen f\u00fcr Container\u00a0: Bearbeitung der Verbindung zweier Containers\u00e4ulen Material: RAL 9010 lackiertes Blech, Dicke: 0,7 mm, L\u00e4nge: 2000 mm Bearbeitung der Verbindung zweier Containers\u00e4ulen Material: RAL 9010 lackiertes Blech, Dicke: 0,7 mm, L\u00e4nge: 500 mm Verarbeitung der Verbindung zweier Etagen ohne W\u00e4nde an der l\u00e4ngeren Seite des Containers Material: [&hellip;]<\/p>\n","protected":false},"author":3,"featured_media":0,"parent":22,"menu_order":0,"comment_status":"closed","ping_status":"closed","template":"","meta":{"footnotes":""},"class_list":["post-6698","page","type-page","status-publish","hentry","has-post-title","has-post-date","has-post-category","has-post-tag","has-post-comment","has-post-author",""],"_links":{"self":[{"href":"https:\/\/mobilbox.pl\/de\/wp-json\/wp\/v2\/pages\/6698","targetHints":{"allow":["GET"]}}],"collection":[{"href":"https:\/\/mobilbox.pl\/de\/wp-json\/wp\/v2\/pages"}],"about":[{"href":"https:\/\/mobilbox.pl\/de\/wp-json\/wp\/v2\/types\/page"}],"author":[{"embeddable":true,"href":"https:\/\/mobilbox.pl\/de\/wp-json\/wp\/v2\/users\/3"}],"replies":[{"embeddable":true,"href":"https:\/\/mobilbox.pl\/de\/wp-json\/wp\/v2\/comments?post=6698"}],"version-history":[{"count":0,"href":"https:\/\/mobilbox.pl\/de\/wp-json\/wp\/v2\/pages\/6698\/revisions"}],"up":[{"embeddable":true,"href":"https:\/\/mobilbox.pl\/de\/wp-json\/wp\/v2\/pages\/22"}],"wp:attachment":[{"href":"https:\/\/mobilbox.pl\/de\/wp-json\/wp\/v2\/media?parent=6698"}],"curies":[{"name":"wp","href":"https:\/\/api.w.org\/{rel}","templated":true}]}}