{"id":865,"date":"2018-06-15T10:04:07","date_gmt":"2018-06-15T10:04:07","guid":{"rendered":"http:\/\/mytrejka.nazwa.pl\/mobilbox\/wynajem-kontenerow\/wynajem-kontenerow-chlodniczych-copy\/"},"modified":"2024-10-02T08:56:58","modified_gmt":"2024-10-02T06:56:58","slug":"zu-verkaufende-technologiecontainer","status":"publish","type":"page","link":"https:\/\/mobilbox.pl\/de\/containerverkauf\/zu-verkaufende-technologiecontainer\/","title":{"rendered":"Technologiecontainer zu kaufen"},"content":{"rendered":"<p>&nbsp;<\/p>\n<!--themify_builder_content-->\n<div id=\"themify_builder_content-865\" data-postid=\"865\" class=\"themify_builder_content themify_builder_content-865 themify_builder tf_clear\">\n                    <div  data-lazy=\"1\" class=\"module_row themify_builder_row tb_pk8r694 tb_first tf_w\">\n                        <div class=\"row_inner col_align_top tb_col_count_1 tf_box tf_rel\">\n                        <div  data-lazy=\"1\" class=\"module_column tb-column col-full tb_wv3a694 first\">\n                    <!-- module fancy heading -->\n<div  class=\"module module-fancy-heading tb_ihjc694 \" data-lazy=\"1\">\n        <h1 class=\"fancy-heading tf_textc\">\n    <span class=\"main-head tf_block\">\n                    TECHNOLOGIECONTAINER ZU KAUFEN            <\/span>\n\n    \n    <span class=\"sub-head tf_block tf_rel\">\n                                <\/span>\n    <\/h1>\n<\/div>\n<!-- \/module fancy heading -->\n        <\/div>\n                        <\/div>\n        <\/div>\n                        <div  data-lazy=\"1\" class=\"module_row themify_builder_row tb_801i73 tf_w\">\n                        <div class=\"row_inner col_align_top tb_col_count_1 tf_box tf_rel\">\n                        <div  data-lazy=\"1\" class=\"module_column tb-column col-full tb_j1os73 first\">\n                    <!-- module text -->\n<div  class=\"module module-text tb_qpap73   \" data-lazy=\"1\">\n        <div  class=\"tb_text_wrap\">\n        <div class=\"su-list\" style=\"margin-left:0px\"><\/p>\n<ul>\n<li><i class=\"sui sui-check-square-o\" style=\"color:#ed1c24\"><\/i> erw\u00fcnschte Einrichtungen k\u00f6nnen in den Container unter den besten Voraussetzungen eingebaut werden\u00a0<\/li>\n<li><i class=\"sui sui-check-square-o\" style=\"color:#ed1c24\"><\/i> gew\u00e4hrt Ihren techn. Einrichtungen einen hervorragenden Schutz\u00a0<\/li>\n<li><i class=\"sui sui-check-square-o\" style=\"color:#ed1c24\"><\/i> stellt geeignete Betriebsumst\u00e4nde sicher<\/li>\n<li><i class=\"sui sui-check-square-o\" style=\"color:#ed1c24\"><\/i> die Technologie ist durch den Container leicht lieferbar und mobil<\/li>\n<li><i class=\"sui sui-check-square-o\" style=\"color:#ed1c24\"><\/i> Abmessungen und Gestaltung nach Bedarf<\/li>\n<\/ul>\n<p><\/div>    <\/div>\n<\/div>\n<!-- \/module text -->        <\/div>\n                        <\/div>\n        <\/div>\n                        <div  data-css_id=\"hmhe590\" data-lazy=\"1\" class=\"module_row themify_builder_row fullwidth_row_container tb_hmhe590 tf_w\">\n                        <div class=\"row_inner col_align_top tb_col_count_2 tf_box tf_rel\">\n                        <div  data-lazy=\"1\" class=\"module_column tb-column col4-2 tb_jzc6697 first\">\n                    <!-- module text -->\n<div  class=\"module module-text tb_x487907   \" data-lazy=\"1\">\n    <h3 class=\"module-title\">Kaufen Sie Mobilbox-Technologiecontainer !<\/h3>    <div  class=\"tb_text_wrap\">\n        <p>F\u00fcr die Einrichtung und Lieferung von verschiedensten industriellen Anlagen, Ger\u00e4ten, \u00d6fen, Elektroschaltschr\u00e4nken geeignete Container. Abmessungen den Einzelanspr\u00fcchen entsprechend, in isolierter und nicht isolierter Ausf\u00fchrung, mit verst\u00e4rktem Holz- oder rutschfreiem Metallboden. Es besteht die M\u00f6glichkeit zum heizen und k\u00fchlen und der Vorbereitung von wunschgem\u00e4\u00dfen Dach-, Seitenwand- oder Bodendurchbr\u00fcchen.<\/p>    <\/div>\n<\/div>\n<!-- \/module text -->        <\/div>\n                    <div  data-lazy=\"1\" class=\"module_column tb-column col4-2 tb_bzk4970 last\">\n                    <!-- module text -->\n<div  class=\"module module-text tb_bk1m770   \" data-lazy=\"1\">\n    <h3 class=\"module-title\">Warum einen Mobilbox-Technologiecontainer kaufen ?<\/h3>    <div  class=\"tb_text_wrap\">\n        <ul>\n<li>technische Anlagen k\u00f6nnen unter besten Verh\u00e4ltnissen eingebaut werden<\/li>\n<li>ein hervorragender Schutz Ihrer Technik<\/li>\n<li>ihre Technik wird einfach lieferbar und bleibt mobil<\/li>\n<li>Container mit individuellen Abmessungen und Gestaltungsm\u00f6glichkeiten<\/li>\n<\/ul>    <\/div>\n<\/div>\n<!-- \/module text -->        <\/div>\n                        <\/div>\n        <\/div>\n                        <div  data-css_id=\"etce110\" data-lazy=\"1\" class=\"module_row themify_builder_row fullwidth_row_container tb_etce110 tf_w\">\n                        <div class=\"row_inner col_align_top tb_col_count_2 tf_box tf_rel\">\n                        <div  data-lazy=\"1\" class=\"module_column tb-column col4-2 tb_558c970 first\">\n                    <!-- module text -->\n<div  class=\"module module-text tb_y7z8779   \" data-lazy=\"1\">\n    <h3 class=\"module-title\">Einsatzm\u00f6glichkeiten<\/h3>    <div  class=\"tb_text_wrap\">\n        <ul>\n<li>\u00a0<span style=\"font-size: 1em;\">Transformatorstation<\/span><\/li>\n<li>Sprinklersystem<\/li>\n<li>Gaskompressor<\/li>\n<li>Schaltschr\u00e4nke f\u00fcr verschiedene Industrieanwendungen<\/li>\n<li>Pellet- oder Gasofen<\/li>\n<\/ul>\n<p>\u00a0<\/p>    <\/div>\n<\/div>\n<!-- \/module text -->        <\/div>\n                    <div  data-lazy=\"1\" class=\"module_column tb-column col4-2 tb_i75h900 last\">\n                    <!-- module text -->\n<div  class=\"module module-text tb_gmb9800   \" data-lazy=\"1\">\n    <h3 class=\"module-title\">Ihre Vorteile<\/h3>    <div  class=\"tb_text_wrap\">\n        <ul>\n<li>rasche Angebotslegung und schnelle Lieferung<\/li>\n<li>flexible Anpassung an Ihre Bed\u00fcrfnisse<\/li>\n<li>individuelle Zahlungsmodalit\u00e4ten<\/li>\n<li>Planung, Lieferung, Montage und Service &#8211; Alles in einer Hand<\/li>\n<\/ul>    <\/div>\n<\/div>\n<!-- \/module text -->        <\/div>\n                        <\/div>\n        <\/div>\n                        <div  data-parallax-bg=\"desktop\" data-css_id=\"w3jf809\" data-lazy=\"1\" class=\"module_row themify_builder_row fullwidth_row_container tb_w3jf809 tf_w\">\n            <span  class=\"builder_row_cover tf_abs\" data-lazy=\"1\"><\/span>            <div class=\"row_inner col_align_top tb_col_count_1 tf_box tf_rel\">\n                        <div  data-lazy=\"1\" class=\"module_column tb-column col-full tb_e1x2070 first\">\n                            <div  data-lazy=\"1\" class=\"module_subrow themify_builder_sub_row tf_w col_align_top tb_col_count_3 tb_ufuy099\">\n                <div  data-lazy=\"1\" class=\"module_column sub_column col4-1 tb_g286007 first\">\n                            <\/div>\n                    <div  data-lazy=\"1\" class=\"module_column sub_column col4-2 tb_cgt5990\">\n                    <!-- module fancy heading -->\n<div  class=\"module module-fancy-heading tb_xkf9970 \" data-lazy=\"1\">\n        <h2 class=\"fancy-heading tf_textc\">\n    <span class=\"main-head tf_block\">\n                    <strong>SCHREIBEN SIE UNS<\/strong>            <\/span>\n\n    \n    <span class=\"sub-head tf_block tf_rel\">\n                                <\/span>\n    <\/h2>\n<\/div>\n<!-- \/module fancy heading -->\n<!-- module text -->\n<div  class=\"module module-text tb_bheg998   \" data-lazy=\"1\">\n        <div  class=\"tb_text_wrap\">\n        <div class=\"s2\" style=\"text-align: center;\">\n<div class=\"s2\">F\u00fcr ein individuelles Angebot f\u00fcllen sie bitte unser Kontaktformular aus.<\/div>\n<\/div>\n<div>\u00a0<\/div>\n<p style=\"text-align: center;\"><div class=\"wpforms-container wpforms-container-full\" id=\"wpforms-218\"><form id=\"wpforms-form-218\" class=\"wpforms-validate wpforms-form\" data-formid=\"218\" method=\"post\" enctype=\"multipart\/form-data\" action=\"\/de\/wp-json\/wp\/v2\/pages\/865\" data-token=\"2fc181e5b19ff2fd38b2eaa0ba860608\" data-token-time=\"1777636092\"><noscript class=\"wpforms-error-noscript\">Bitte aktiviere JavaScript in deinem Browser, um dieses Formular fertigzustellen.<\/noscript><div class=\"wpforms-field-container\"><div id=\"wpforms-218-field_5-container\" class=\"wpforms-field wpforms-field-hidden\" data-field-id=\"5\"><input type=\"hidden\" id=\"wpforms-218-field_5\" name=\"wpforms[fields][5]\" value=\"https:\/\/mobilbox.pl\/de\/wp-json\/wp\/v2\/pages\/865\"><\/div><div id=\"wpforms-218-field_2-container\" class=\"wpforms-field wpforms-field-text newsletter2\" data-field-id=\"2\"><label class=\"wpforms-field-label wpforms-label-hide\" for=\"wpforms-218-field_2\">Name \/ Firma\/ Kontaktperson<\/label><input type=\"text\" id=\"wpforms-218-field_2\" class=\"wpforms-field-large\" name=\"wpforms[fields][2]\" placeholder=\"Name \/ Firma\/ Kontaktperson\" ><\/div><div id=\"wpforms-218-field_1-container\" class=\"wpforms-field wpforms-field-email wpforms-one-half\" data-field-id=\"1\"><label class=\"wpforms-field-label wpforms-label-hide\" for=\"wpforms-218-field_1\">Email <span class=\"wpforms-required-label\">*<\/span><\/label><input type=\"email\" id=\"wpforms-218-field_1\" class=\"wpforms-field-large wpforms-field-required\" name=\"wpforms[fields][1]\" placeholder=\"Email\" spellcheck=\"false\" required><\/div><div id=\"wpforms-218-field_4-container\" class=\"wpforms-field wpforms-field-text wpforms-one-half\" data-field-id=\"4\"><label class=\"wpforms-field-label wpforms-label-hide\" for=\"wpforms-218-field_4\">Telefonnummer <span class=\"wpforms-required-label\">*<\/span><\/label><input type=\"text\" id=\"wpforms-218-field_4\" class=\"wpforms-field-large wpforms-field-required\" name=\"wpforms[fields][4]\" placeholder=\"Telefonnummer\" required><\/div><div id=\"wpforms-218-field_3-container\" class=\"wpforms-field wpforms-field-textarea\" data-field-id=\"3\"><label class=\"wpforms-field-label wpforms-label-hide\" for=\"wpforms-218-field_3\">Nachricht<\/label><textarea id=\"wpforms-218-field_3\" class=\"wpforms-field-small\" name=\"wpforms[fields][3]\" placeholder=\"Nachricht\" ><\/textarea><\/div><div id=\"wpforms-218-field_13-container\" class=\"wpforms-field wpforms-field-checkbox\" data-field-id=\"13\"><label class=\"wpforms-field-label\">Ich akzeptiere die Datenschutzerkl\u00e4rung <span class=\"wpforms-required-label\">*<\/span><\/label><ul id=\"wpforms-218-field_13\" class=\"wpforms-field-required\"><li class=\"choice-1 depth-1\"><input type=\"checkbox\" id=\"wpforms-218-field_13_1\" name=\"wpforms[fields][13][]\" value=\"Ich stimme der Verarbeitung personenbezogener Daten zu Marketing- und kommerziellen Zwecken zu und stimme der Verwendung der Endger\u00e4te f\u00fcr Direktmarketing zu.\" required ><label class=\"wpforms-field-label-inline\" for=\"wpforms-218-field_13_1\">Ich stimme der Verarbeitung personenbezogener Daten zu Marketing- und kommerziellen Zwecken zu und stimme der Verwendung der Endger\u00e4te f\u00fcr Direktmarketing zu.<\/label><\/li><\/ul><\/div><\/div><!-- .wpforms-field-container --><div class=\"wpforms-field wpforms-field-hp\"><label for=\"wpforms-218-field-hp\" class=\"wpforms-field-label\">Phone<\/label><input type=\"text\" name=\"wpforms[hp]\" id=\"wpforms-218-field-hp\" class=\"wpforms-field-medium\"><\/div><div class=\"wpforms-submit-container\" ><input type=\"hidden\" name=\"wpforms[id]\" value=\"218\"><input type=\"hidden\" name=\"page_title\" value=\"\"><input type=\"hidden\" name=\"page_url\" value=\"https:\/\/mobilbox.pl\/de\/wp-json\/wp\/v2\/pages\/865\"><input type=\"hidden\" name=\"url_referer\" value=\"\"><button type=\"submit\" name=\"wpforms[submit]\" id=\"wpforms-submit-218\" class=\"wpforms-submit\" data-alt-text=\"Senden\" data-submit-text=\"Senden\" aria-live=\"assertive\" value=\"wpforms-submit\">Senden<\/button><\/div><\/form><\/div>  <!-- .wpforms-container --><\/p>    <\/div>\n<\/div>\n<!-- \/module text -->        <\/div>\n                    <div  data-lazy=\"1\" class=\"module_column sub_column col4-1 tb_nh5o098 last\">\n                            <\/div>\n                    <\/div>\n                <\/div>\n                        <\/div>\n        <\/div>\n                        <div  data-css_id=\"1i0v900\" data-lazy=\"1\" class=\"module_row themify_builder_row fullwidth_row_container tb_1i0v900 tf_w\">\n                        <div class=\"row_inner col_align_top tb_col_count_2 tf_box tf_rel\">\n                        <div  data-lazy=\"1\" class=\"module_column tb-column col4-2 tb_qkz9090 first\">\n                    <!-- module text -->\n<div  class=\"module module-text tb_k6u8002   \" data-lazy=\"1\">\n    <h3 class=\"module-title\">Unsere Dienstleistungen<\/h3>    <div  class=\"tb_text_wrap\">\n        <div class=\"su-list\" style=\"margin-left:0px\"><\/p>\n<ul>\n<li><i class=\"sui sui-check-square-o\" style=\"color:#ed1c24\"><\/i> Containervermietung<\/li>\n<li><i class=\"sui sui-check-square-o\" style=\"color:#ed1c24\"><\/i> Containerverkauf<\/li>\n<li><i class=\"sui sui-check-square-o\" style=\"color:#ed1c24\"><\/i> Containerleasing<\/li>\n<li><i class=\"sui sui-check-square-o\" style=\"color:#ed1c24\"><\/i> Beratung<\/li>\n<li><i class=\"sui sui-check-square-o\" style=\"color:#ed1c24\"><\/i> Containerplanung<\/li>\n<li><i class=\"sui sui-check-square-o\" style=\"color:#ed1c24\"><\/i> Containerherstellung<\/li>\n<li><i class=\"sui sui-check-square-o\" style=\"color:#ed1c24\"><\/i> Containerlieferung (Verkranung, Montage)<\/li>\n<li><i class=\"sui sui-check-square-o\" style=\"color:#ed1c24\"><\/i> Containertransport<\/li>\n<li><i class=\"sui sui-check-square-o\" style=\"color:#ed1c24\"><\/i> Containerwartung, Reparatur<\/li>\n<li><i class=\"sui sui-check-square-o\" style=\"color:#ed1c24\"><\/i> Bedienung von individuellen Anspr\u00fcchen<\/li>\n<li><i class=\"sui sui-check-square-o\" style=\"color:#ed1c24\"><\/i> Verkauf von Containerzubeh\u00f6r<\/li>\n<li><i class=\"sui sui-check-square-o\" style=\"color:#ed1c24\"><\/i> Verkauf von Plomben<\/li>\n<\/ul>\n<p><\/div>    <\/div>\n<\/div>\n<!-- \/module text -->        <\/div>\n                    <div  data-lazy=\"1\" class=\"module_column tb-column col4-2 tb_q541041 last\">\n                    <!-- module text -->\n<div  class=\"module module-text tb_hwqc887   \" data-lazy=\"1\">\n    <h3 class=\"module-title\">Verwendung von B\u00fcrocontainern<\/h3>    <div  class=\"tb_text_wrap\">\n        <div class=\"su-list\" style=\"margin-left:0px\"><\/p>\n<ul>\n<li><i class=\"sui sui-check-square-o\" style=\"color:#ed1c24\"><\/i> Projektb\u00fcro<\/li>\n<li><i class=\"sui sui-check-square-o\" style=\"color:#ed1c24\"><\/i> Bauleiterb\u00fcro<\/li>\n<li><i class=\"sui sui-check-square-o\" style=\"color:#ed1c24\"><\/i> Umkleideraum<\/li>\n<li><i class=\"sui sui-check-square-o\" style=\"color:#ed1c24\"><\/i> Mannschaftsraum<\/li>\n<li><i class=\"sui sui-check-square-o\" style=\"color:#ed1c24\"><\/i> Unterkunft<\/li>\n<li><i class=\"sui sui-check-square-o\" style=\"color:#ed1c24\"><\/i> Aufenthaltsraum<\/li>\n<li><i class=\"sui sui-check-square-o\" style=\"color:#ed1c24\"><\/i> Werkst\u00e4tte<\/li>\n<li><i class=\"sui sui-check-square-o\" style=\"color:#ed1c24\"><\/i> Portierdienst<\/li>\n<li><i class=\"sui sui-check-square-o\" style=\"color:#ed1c24\"><\/i> Verkaufsfl\u00e4che, Verkaufsraum<\/li>\n<\/ul>\n<p><\/div>    <\/div>\n<\/div>\n<!-- \/module text -->        <\/div>\n                        <\/div>\n        <\/div>\n        <\/div>\n<!--\/themify_builder_content-->","protected":false},"excerpt":{"rendered":"<p>&nbsp; TECHNOLOGIECONTAINER ZU KAUFEN Kaufen Sie Mobilbox-Technologiecontainer ! F\u00fcr die Einrichtung und Lieferung von verschiedensten industriellen Anlagen, Ger\u00e4ten, \u00d6fen, Elektroschaltschr\u00e4nken geeignete Container. Abmessungen den Einzelanspr\u00fcchen entsprechend, in isolierter und nicht isolierter Ausf\u00fchrung, mit verst\u00e4rktem Holz- oder rutschfreiem Metallboden. Es besteht die M\u00f6glichkeit zum heizen und k\u00fchlen und der Vorbereitung von wunschgem\u00e4\u00dfen Dach-, Seitenwand- oder Bodendurchbr\u00fcchen. [&hellip;]<\/p>\n","protected":false},"author":3,"featured_media":0,"parent":14,"menu_order":0,"comment_status":"closed","ping_status":"closed","template":"","meta":{"footnotes":""},"class_list":["post-865","page","type-page","status-publish","hentry","has-post-title","has-post-date","has-post-category","has-post-tag","has-post-comment","has-post-author",""],"_links":{"self":[{"href":"https:\/\/mobilbox.pl\/de\/wp-json\/wp\/v2\/pages\/865","targetHints":{"allow":["GET"]}}],"collection":[{"href":"https:\/\/mobilbox.pl\/de\/wp-json\/wp\/v2\/pages"}],"about":[{"href":"https:\/\/mobilbox.pl\/de\/wp-json\/wp\/v2\/types\/page"}],"author":[{"embeddable":true,"href":"https:\/\/mobilbox.pl\/de\/wp-json\/wp\/v2\/users\/3"}],"replies":[{"embeddable":true,"href":"https:\/\/mobilbox.pl\/de\/wp-json\/wp\/v2\/comments?post=865"}],"version-history":[{"count":0,"href":"https:\/\/mobilbox.pl\/de\/wp-json\/wp\/v2\/pages\/865\/revisions"}],"up":[{"embeddable":true,"href":"https:\/\/mobilbox.pl\/de\/wp-json\/wp\/v2\/pages\/14"}],"wp:attachment":[{"href":"https:\/\/mobilbox.pl\/de\/wp-json\/wp\/v2\/media?parent=865"}],"curies":[{"name":"wp","href":"https:\/\/api.w.org\/{rel}","templated":true}]}}