{"id":1497,"date":"2018-06-25T09:08:21","date_gmt":"2018-06-25T09:08:21","guid":{"rendered":"http:\/\/mytrejka.nazwa.pl\/mobilbox\/?page_id=1497"},"modified":"2018-11-22T14:23:06","modified_gmt":"2018-11-22T14:23:06","slug":"electric-heater","status":"publish","type":"page","link":"https:\/\/mobilbox.pl\/en\/accessories\/electric-heater\/","title":{"rendered":"Electric heater"},"content":{"rendered":"<!--themify_builder_content-->\n<div id=\"themify_builder_content-1497\" data-postid=\"1497\" class=\"themify_builder_content themify_builder_content-1497 themify_builder tf_clear\">\n                    <div  data-lazy=\"1\" class=\"module_row themify_builder_row tb_85773f0 tb_first tf_w\">\n                        <div class=\"row_inner col_align_top tb_col_count_2 tf_box tf_rel\">\n                        <div  data-lazy=\"1\" class=\"module_column tb-column col4-2 tb_910ee4b first\">\n                    <!-- module text -->\n<div  class=\"module module-text tb_929f713  repeat \" data-lazy=\"1\">\n        <div  class=\"tb_text_wrap\">\n        <p>Przy zakupie lub wynajmie naszych kontener\u00f3w biurowych, mieszkalnych i kontener\u00f3w-szatni oferujemy klientom szeroki wachlarz dodatk\u00f3w do wyposa\u017cenie pomieszczenia.<\/p>\n<p>W przypadku wynajmu b\u0105d\u017a zakupu kontenera\u00a0dostarczamy 2kW\u00a0 grzejnik elektryczny montowany w dowolnym miejscu w s\u0105siedztwie gniazda elektrycznego.<\/p>\n<p>W zale\u017cno\u015bci od wielko\u015bci pomieszczenia , grzejniki maj\u0105 dopasowan\u0105 moc grzewcz\u0105.<\/p>    <\/div>\n<\/div>\n<!-- \/module text -->        <\/div>\n                    <div  data-lazy=\"1\" class=\"module_column tb-column col4-2 tb_f630ce6 last\">\n                    <!-- module image -->\n<div  class=\"module module-image tb_bc49aa9 image-top   tf_mw\" data-lazy=\"1\">\n        <div class=\"image-wrap tf_rel tf_mw\">\n            <img loading=\"lazy\" decoding=\"async\" src=\"http:\/\/mobilbox.pl\/en\/wp-content\/uploads\/2018\/08\/grzejnik-elektryczny-do-kontenera-6.jpg\" width=\"800\" height=\"600\" title=\"Electric heater\" alt=\"Electric heater\">    \n        <\/div>\n    <!-- \/image-wrap -->\n    \n        <\/div>\n<!-- \/module image -->        <\/div>\n                        <\/div>\n        <\/div>\n                        <div  data-lazy=\"1\" class=\"module_row themify_builder_row tb_30e9fa9 tf_w\">\n                        <div class=\"row_inner col_align_top tb_col_count_1 tf_box tf_rel\">\n                        <div  data-lazy=\"1\" class=\"module_column tb-column col-full tb_a407706 first\">\n                    <!-- module gallery -->\n<div  class=\"module gallery module-gallery tb_3feaba3 layout-grid bordered \" data-lazy=\"1\">\n    <h3 class=\"module-title\">Zdj\u0119cia z realizacji<\/h3><div class=\"module-gallery-grid\" style=\"--gald:4;--galt:4;--galm:4\">\n            <dl class=\"gallery-item\">\n            <dt class=\"gallery-icon\">\n            <a data-title=\"\" title=\"\" href=\"https:\/\/mobilbox.pl\/en\/wp-content\/uploads\/2018\/08\/grzejnik-elektryczny-do-kontenera-9.jpg\" data-rel=\"tb_3feaba3\" class=\"themify_lightbox\"><img loading=\"lazy\" decoding=\"async\" src=\"https:\/\/mobilbox.pl\/en\/wp-content\/uploads\/2018\/08\/grzejnik-elektryczny-do-kontenera-9-300x200.jpg\" width=\"300\" height=\"200\" class=\"wp-post-image wp-image-2220\" title=\"grzejnik-elektryczny-do-kontenera-9\" alt=\"Wyposa\u017cenie kontener\u00f3w\"><\/a>            <\/dt>\n                    <\/dl>\n            <dl class=\"gallery-item\">\n            <dt class=\"gallery-icon\">\n            <a data-title=\"\" title=\"\" href=\"https:\/\/mobilbox.pl\/en\/wp-content\/uploads\/2018\/08\/grzejnik-elektryczny-do-kontenera-8.jpg\" data-rel=\"tb_3feaba3\" class=\"themify_lightbox\"><img loading=\"lazy\" decoding=\"async\" src=\"https:\/\/mobilbox.pl\/en\/wp-content\/uploads\/2018\/08\/grzejnik-elektryczny-do-kontenera-8-300x200.jpg\" width=\"300\" height=\"200\" class=\"wp-post-image wp-image-2219\" title=\"grzejnik-elektryczny-do-kontenera-8\" alt=\"Wyposa\u017cenie kontener\u00f3w\"><\/a>            <\/dt>\n                    <\/dl>\n            <dl class=\"gallery-item\">\n            <dt class=\"gallery-icon\">\n            <a data-title=\"\" title=\"\" href=\"https:\/\/mobilbox.pl\/en\/wp-content\/uploads\/2018\/08\/grzejnik-elektryczny-do-kontenera-7.jpg\" data-rel=\"tb_3feaba3\" class=\"themify_lightbox\"><img loading=\"lazy\" decoding=\"async\" src=\"https:\/\/mobilbox.pl\/en\/wp-content\/uploads\/2018\/08\/grzejnik-elektryczny-do-kontenera-7-300x200.jpg\" width=\"300\" height=\"200\" class=\"wp-post-image wp-image-2218\" title=\"grzejnik-elektryczny-do-kontenera-7\" alt=\"Wyposa\u017cenie kontener\u00f3w\"><\/a>            <\/dt>\n                    <\/dl>\n            <dl class=\"gallery-item\">\n            <dt class=\"gallery-icon\">\n            <a data-title=\"\" title=\"\" href=\"https:\/\/mobilbox.pl\/en\/wp-content\/uploads\/2018\/08\/grzejnik-elektryczny-do-kontenera-6-1.jpg\" data-rel=\"tb_3feaba3\" class=\"themify_lightbox\"><img loading=\"lazy\" decoding=\"async\" src=\"https:\/\/mobilbox.pl\/en\/wp-content\/uploads\/2018\/08\/grzejnik-elektryczny-do-kontenera-6-1-300x200.jpg\" width=\"300\" height=\"200\" class=\"wp-post-image wp-image-2217\" title=\"grzejnik-elektryczny-do-kontenera-6\" alt=\"Wyposa\u017cenie kontener\u00f3w\"><\/a>            <\/dt>\n                    <\/dl>\n            <dl class=\"gallery-item\">\n            <dt class=\"gallery-icon\">\n            <a data-title=\"\" title=\"\" href=\"https:\/\/mobilbox.pl\/en\/wp-content\/uploads\/2018\/08\/grzejnik-elektryczny-do-kontenera-5.jpg\" data-rel=\"tb_3feaba3\" class=\"themify_lightbox\"><img loading=\"lazy\" decoding=\"async\" src=\"https:\/\/mobilbox.pl\/en\/wp-content\/uploads\/2018\/08\/grzejnik-elektryczny-do-kontenera-5-300x200.jpg\" width=\"300\" height=\"200\" class=\"wp-post-image wp-image-2216\" title=\"grzejnik-elektryczny-do-kontenera-5\" alt=\"Wyposa\u017cenie kontener\u00f3w\"><\/a>            <\/dt>\n                    <\/dl>\n            <dl class=\"gallery-item\">\n            <dt class=\"gallery-icon\">\n            <a data-title=\"\" title=\"\" href=\"https:\/\/mobilbox.pl\/en\/wp-content\/uploads\/2018\/08\/grzejnik-elektryczny-do-kontenera-4.jpg\" data-rel=\"tb_3feaba3\" class=\"themify_lightbox\"><img loading=\"lazy\" decoding=\"async\" src=\"https:\/\/mobilbox.pl\/en\/wp-content\/uploads\/2018\/08\/grzejnik-elektryczny-do-kontenera-4-300x200.jpg\" width=\"300\" height=\"200\" class=\"wp-post-image wp-image-2215\" title=\"grzejnik-elektryczny-do-kontenera-4\" alt=\"Wyposa\u017cenie kontener\u00f3w\"><\/a>            <\/dt>\n                    <\/dl>\n            <dl class=\"gallery-item\">\n            <dt class=\"gallery-icon\">\n            <a data-title=\"\" title=\"\" href=\"https:\/\/mobilbox.pl\/en\/wp-content\/uploads\/2018\/08\/grzejnik-elektryczny-do-kontenera-3.jpg\" data-rel=\"tb_3feaba3\" class=\"themify_lightbox\"><img loading=\"lazy\" decoding=\"async\" src=\"https:\/\/mobilbox.pl\/en\/wp-content\/uploads\/2018\/08\/grzejnik-elektryczny-do-kontenera-3-300x200.jpg\" width=\"300\" height=\"200\" class=\"wp-post-image wp-image-2214\" title=\"grzejnik-elektryczny-do-kontenera-3\" alt=\"Wyposa\u017cenie kontener\u00f3w\"><\/a>            <\/dt>\n                    <\/dl>\n            <dl class=\"gallery-item\">\n            <dt class=\"gallery-icon\">\n            <a data-title=\"\" title=\"\" href=\"https:\/\/mobilbox.pl\/en\/wp-content\/uploads\/2018\/08\/grzejnik-elektryczny-do-kontenera-2.jpg\" data-rel=\"tb_3feaba3\" class=\"themify_lightbox\"><img loading=\"lazy\" decoding=\"async\" src=\"https:\/\/mobilbox.pl\/en\/wp-content\/uploads\/2018\/08\/grzejnik-elektryczny-do-kontenera-2-300x200.jpg\" width=\"300\" height=\"200\" class=\"wp-post-image wp-image-2213\" title=\"grzejnik-elektryczny-do-kontenera-2\" alt=\"Wyposa\u017cenie kontener\u00f3w\"><\/a>            <\/dt>\n                    <\/dl>\n    <\/div>\n<\/div>\n<!-- \/module gallery -->        <\/div>\n                        <\/div>\n        <\/div>\n        <\/div>\n<!--\/themify_builder_content-->\n<p>&nbsp;<\/p>","protected":false},"excerpt":{"rendered":"<p>Przy zakupie lub wynajmie naszych kontener\u00f3w biurowych, mieszkalnych i kontener\u00f3w-szatni oferujemy klientom szeroki wachlarz dodatk\u00f3w do wyposa\u017cenie pomieszczenia. W przypadku wynajmu b\u0105d\u017a zakupu kontenera\u00a0dostarczamy 2kW\u00a0 grzejnik elektryczny montowany w dowolnym miejscu w s\u0105siedztwie gniazda elektrycznego. W zale\u017cno\u015bci od wielko\u015bci pomieszczenia , grzejniki maj\u0105 dopasowan\u0105 moc grzewcz\u0105. Zdj\u0119cia z realizacji &nbsp;<\/p>\n","protected":false},"author":3,"featured_media":0,"parent":18,"menu_order":0,"comment_status":"closed","ping_status":"closed","template":"","meta":{"footnotes":""},"class_list":["post-1497","page","type-page","status-publish","hentry","has-post-title","has-post-date","has-post-category","has-post-tag","has-post-comment","has-post-author",""],"builder_content":"<p>Przy zakupie lub wynajmie naszych kontener\u00f3w biurowych, mieszkalnych i kontener\u00f3w-szatni oferujemy klientom szeroki wachlarz dodatk\u00f3w do wyposa\u017cenie pomieszczenia.<\/p> <p>W przypadku wynajmu b\u0105d\u017a zakupu kontenera\u00a0dostarczamy 2kW\u00a0 grzejnik elektryczny montowany w dowolnym miejscu w s\u0105siedztwie gniazda elektrycznego.<\/p> <p>W zale\u017cno\u015bci od wielko\u015bci pomieszczenia , grzejniki maj\u0105 dopasowan\u0105 moc grzewcz\u0105.<\/p>\n<img src=\"http:\/\/mobilbox.pl\/en\/wp-content\/uploads\/2018\/08\/grzejnik-elektryczny-do-kontenera-6.jpg\" width=\"800\" height=\"600\" title=\"Electric heater\" alt=\"Electric heater\">\n<h3>Zdj\u0119cia z realizacji<\/h3>[gallery ids=\\\"2220,2219,2218,2217,2216,2215,2214,2213\\\"]","_links":{"self":[{"href":"https:\/\/mobilbox.pl\/en\/wp-json\/wp\/v2\/pages\/1497","targetHints":{"allow":["GET"]}}],"collection":[{"href":"https:\/\/mobilbox.pl\/en\/wp-json\/wp\/v2\/pages"}],"about":[{"href":"https:\/\/mobilbox.pl\/en\/wp-json\/wp\/v2\/types\/page"}],"author":[{"embeddable":true,"href":"https:\/\/mobilbox.pl\/en\/wp-json\/wp\/v2\/users\/3"}],"replies":[{"embeddable":true,"href":"https:\/\/mobilbox.pl\/en\/wp-json\/wp\/v2\/comments?post=1497"}],"version-history":[{"count":0,"href":"https:\/\/mobilbox.pl\/en\/wp-json\/wp\/v2\/pages\/1497\/revisions"}],"up":[{"embeddable":true,"href":"https:\/\/mobilbox.pl\/en\/wp-json\/wp\/v2\/pages\/18"}],"wp:attachment":[{"href":"https:\/\/mobilbox.pl\/en\/wp-json\/wp\/v2\/media?parent=1497"}],"curies":[{"name":"wp","href":"https:\/\/api.w.org\/{rel}","templated":true}]}}