{"id":20,"date":"2018-03-14T08:11:15","date_gmt":"2018-03-14T08:11:15","guid":{"rendered":"http:\/\/mytrejka.nazwa.pl\/mobilbox\/?page_id=20"},"modified":"2024-07-25T08:19:04","modified_gmt":"2024-07-25T06:19:04","slug":"seals","status":"publish","type":"page","link":"https:\/\/mobilbox.pl\/en\/seals\/","title":{"rendered":"Seals"},"content":{"rendered":"<!--themify_builder_content-->\n<div id=\"themify_builder_content-20\" data-postid=\"20\" class=\"themify_builder_content themify_builder_content-20 themify_builder tf_clear\">\n                    <div  data-lazy=\"1\" class=\"module_row themify_builder_row tb_52526fb tb_first tf_w\">\n                        <div class=\"row_inner col_align_top tb_col_count_3 tf_box tf_rel\">\n                        <div  data-lazy=\"1\" class=\"module_column tb-column col3-1 tb_1995e5c first\">\n                    <!-- module image -->\n<div  class=\"module module-image tb_57c4430 image-center bordered  tf_mw\" data-lazy=\"1\">\n        <div class=\"image-wrap tf_rel tf_mw\">\n            <a href=\"http:\/\/mobilbox.pl\/en\/seals\/plastic-seals\/\">\n                   <img loading=\"lazy\" decoding=\"async\" src=\"http:\/\/mobilbox.pl\/en\/wp-content\/uploads\/2018\/06\/kontenery-plomby-plastikowe.jpg\" width=\"482\" height=\"362\" title=\"Plastic seals\" alt=\"Plastic seals\">        <\/a>\n    \n        <\/div>\n    <!-- \/image-wrap -->\n    \n        <div class=\"image-content\">\n                    <h3 class=\"image-title\">\n                                    <a href=\"http:\/\/mobilbox.pl\/en\/seals\/plastic-seals\/\">\n                        Plastic seals                    <\/a>\n                            <\/h3>\n                    <\/div>\n    <!-- \/image-content -->\n        <\/div>\n<!-- \/module image -->        <\/div>\n                    <div  data-lazy=\"1\" class=\"module_column tb-column col3-1 tb_e275444\">\n                    <!-- module image -->\n<div  class=\"module module-image tb_0f329ee image-center bordered  tf_mw\" data-lazy=\"1\">\n        <div class=\"image-wrap tf_rel tf_mw\">\n            <a href=\"http:\/\/mobilbox.pl\/en\/seals\/metal-seals\/\">\n                   <img loading=\"lazy\" decoding=\"async\" src=\"http:\/\/mobilbox.pl\/en\/wp-content\/uploads\/2018\/06\/kontenery-plomby-metalowe.jpg\" width=\"482\" height=\"362\" title=\"Metal seals\" alt=\"Metal seals\">        <\/a>\n    \n        <\/div>\n    <!-- \/image-wrap -->\n    \n        <div class=\"image-content\">\n                    <h3 class=\"image-title\">\n                                    <a href=\"http:\/\/mobilbox.pl\/en\/seals\/metal-seals\/\">\n                        Metal seals                    <\/a>\n                            <\/h3>\n                    <\/div>\n    <!-- \/image-content -->\n        <\/div>\n<!-- \/module image -->        <\/div>\n                    <div  data-lazy=\"1\" class=\"module_column tb-column col3-1 tb_9028a33 last\">\n                    <!-- module image -->\n<div  class=\"module module-image tb_1d960eb image-center bordered  tf_mw\" data-lazy=\"1\">\n        <div class=\"image-wrap tf_rel tf_mw\">\n            <a href=\"http:\/\/mobilbox.pl\/en\/seals\/imo-labels-and-secure-tapes\/\">\n                   <img loading=\"lazy\" decoding=\"async\" src=\"http:\/\/mobilbox.pl\/en\/wp-content\/uploads\/2018\/06\/kontenery-nalepki-ostrzegawcze.jpg\" width=\"482\" height=\"362\" title=\"IMO labels and secure tapes\" alt=\"IMO labels and secure tapes\">        <\/a>\n    \n        <\/div>\n    <!-- \/image-wrap -->\n    \n        <div class=\"image-content\">\n                    <h3 class=\"image-title\">\n                                    <a href=\"http:\/\/mobilbox.pl\/en\/seals\/imo-labels-and-secure-tapes\/\">\n                        IMO labels and secure tapes                    <\/a>\n                            <\/h3>\n                    <\/div>\n    <!-- \/image-content -->\n        <\/div>\n<!-- \/module image -->        <\/div>\n                        <\/div>\n        <\/div>\n                        <div  data-parallax-bg=\"desktop\" data-css_id=\"954db0e\" data-lazy=\"1\" class=\"module_row themify_builder_row fullwidth_row_container tb_954db0e tf_w\">\n            <span  class=\"builder_row_cover tf_abs\" data-lazy=\"1\"><\/span>            <div class=\"row_inner col_align_top tb_col_count_1 tf_box tf_rel\">\n                        <div  data-lazy=\"1\" class=\"module_column tb-column col-full tb_72ce1e6 first\">\n                            <div  data-lazy=\"1\" class=\"module_subrow themify_builder_sub_row tf_w col_align_top tb_col_count_3 tb_e535d5a\">\n                <div  data-lazy=\"1\" class=\"module_column sub_column col4-1 tb_d6ff275 first\">\n                            <\/div>\n                    <div  data-lazy=\"1\" class=\"module_column sub_column col4-2 tb_529f46c\">\n                    <!-- module fancy heading -->\n<div  class=\"module module-fancy-heading tb_cfaf205 \" data-lazy=\"1\">\n        <h2 class=\"fancy-heading tf_textc\">\n    <span class=\"main-head tf_block\">\n                    <strong>WRITE TO US<\/strong>            <\/span>\n\n    \n    <span class=\"sub-head tf_block tf_rel\">\n                                <\/span>\n    <\/h2>\n<\/div>\n<!-- \/module fancy heading -->\n<!-- module text -->\n<div  class=\"module module-text tb_8d9d061   \" data-lazy=\"1\">\n        <div  class=\"tb_text_wrap\">\n        <p>For the container and accessory prices, please complete this inquiry form!<\/p>\n<div class=\"wpforms-container wpforms-container-full\" id=\"wpforms-218\"><form id=\"wpforms-form-218\" class=\"wpforms-validate wpforms-form\" data-formid=\"218\" method=\"post\" enctype=\"multipart\/form-data\" action=\"\/en\/wp-json\/wp\/v2\/pages\/20\" data-token=\"5eaf069dabd1d11d8bed11f5ec142dce\" data-token-time=\"1775835348\"><noscript class=\"wpforms-error-noscript\">Aby wype\u0142ni\u0107 ten formularz, w\u0142\u0105cz obs\u0142ug\u0119 JavaScript w przegl\u0105darce.<\/noscript><div class=\"wpforms-field-container\"><div id=\"wpforms-218-field_5-container\" class=\"wpforms-field wpforms-field-hidden\" data-field-id=\"5\"><input type=\"hidden\" id=\"wpforms-218-field_5\" name=\"wpforms[fields][5]\" value=\"https:\/\/mobilbox.pl\/en\/wp-json\/wp\/v2\/pages\/20\"><\/div><div id=\"wpforms-218-field_2-container\" class=\"wpforms-field wpforms-field-text newsletter2\" data-field-id=\"2\"><label class=\"wpforms-field-label wpforms-label-hide\" for=\"wpforms-218-field_2\">Imi\u0119 i nazwisko<\/label><input type=\"text\" id=\"wpforms-218-field_2\" class=\"wpforms-field-large\" name=\"wpforms[fields][2]\" placeholder=\"Name \/ Company name\" ><\/div><div id=\"wpforms-218-field_1-container\" class=\"wpforms-field wpforms-field-email wpforms-one-half\" data-field-id=\"1\"><label class=\"wpforms-field-label wpforms-label-hide\" for=\"wpforms-218-field_1\">Email <span class=\"wpforms-required-label\">*<\/span><\/label><input type=\"email\" id=\"wpforms-218-field_1\" class=\"wpforms-field-large wpforms-field-required\" name=\"wpforms[fields][1]\" placeholder=\"Email\" spellcheck=\"false\" required><\/div><div id=\"wpforms-218-field_4-container\" class=\"wpforms-field wpforms-field-text wpforms-one-half\" data-field-id=\"4\"><label class=\"wpforms-field-label wpforms-label-hide\" for=\"wpforms-218-field_4\">Phone <span class=\"wpforms-required-label\">*<\/span><\/label><input type=\"text\" id=\"wpforms-218-field_4\" class=\"wpforms-field-large wpforms-field-required\" name=\"wpforms[fields][4]\" placeholder=\"Phone\" required><\/div><div id=\"wpforms-218-field_3-container\" class=\"wpforms-field wpforms-field-textarea\" data-field-id=\"3\"><label class=\"wpforms-field-label wpforms-label-hide\" for=\"wpforms-218-field_3\">Message<\/label><textarea id=\"wpforms-218-field_3\" class=\"wpforms-field-small\" name=\"wpforms[fields][3]\" placeholder=\"message\" ><\/textarea><\/div><div id=\"wpforms-218-field_13-container\" class=\"wpforms-field wpforms-field-checkbox\" data-field-id=\"13\"><label class=\"wpforms-field-label wpforms-label-hide\">Privacy Policy <span class=\"wpforms-required-label\">*<\/span><\/label><ul id=\"wpforms-218-field_13\" class=\"wpforms-field-required\"><li class=\"choice-1 depth-1\"><input type=\"checkbox\" id=\"wpforms-218-field_13_1\" name=\"wpforms[fields][13][]\" value=\"I consent to the processing of my personal data for marketing and commercial purposes and I agree to the use of terminal equipment for direct marketing purposes.&lt;a href=&quot;https:\/\/www.mobilbox.pl\/polityka-prywatnosci\/&quot;&gt;See more&lt;\/a&gt;\" required ><label class=\"wpforms-field-label-inline\" for=\"wpforms-218-field_13_1\">I consent to the processing of my personal data for marketing and commercial purposes and I agree to the use of terminal equipment for direct marketing purposes.<a href=\"https:\/\/www.mobilbox.pl\/polityka-prywatnosci\/\">See more<\/a><\/label><\/li><\/ul><\/div><\/div><!-- .wpforms-field-container --><div class=\"wpforms-field wpforms-field-hp\"><label for=\"wpforms-218-field-hp\" class=\"wpforms-field-label\">Email<\/label><input type=\"text\" name=\"wpforms[hp]\" id=\"wpforms-218-field-hp\" class=\"wpforms-field-medium\"><\/div><div class=\"wpforms-submit-container\" ><input type=\"hidden\" name=\"wpforms[id]\" value=\"218\"><input type=\"hidden\" name=\"page_title\" value=\"\"><input type=\"hidden\" name=\"page_url\" value=\"https:\/\/mobilbox.pl\/en\/wp-json\/wp\/v2\/pages\/20\"><input type=\"hidden\" name=\"url_referer\" value=\"\"><button type=\"submit\" name=\"wpforms[submit]\" id=\"wpforms-submit-218\" class=\"wpforms-submit\" data-alt-text=\"Sending\" data-submit-text=\"Send\" aria-live=\"assertive\" value=\"wpforms-submit\">Send<\/button><\/div><\/form><\/div>  <!-- .wpforms-container -->    <\/div>\n<\/div>\n<!-- \/module text -->        <\/div>\n                    <div  data-lazy=\"1\" class=\"module_column sub_column col4-1 tb_75fc40c last\">\n                            <\/div>\n                    <\/div>\n                <\/div>\n                        <\/div>\n        <\/div>\n        <\/div>\n<!--\/themify_builder_content-->","protected":false},"excerpt":{"rendered":"<p>Plastic seals Metal seals IMO labels and secure tapes WRITE TO US For the container and accessory prices, please complete this inquiry form!<\/p>\n","protected":false},"author":1,"featured_media":0,"parent":0,"menu_order":0,"comment_status":"closed","ping_status":"closed","template":"","meta":{"footnotes":""},"class_list":["post-20","page","type-page","status-publish","hentry","has-post-title","has-post-date","has-post-category","has-post-tag","has-post-comment","has-post-author",""],"builder_content":"<a href=\"http:\/\/mobilbox.pl\/en\/seals\/plastic-seals\/\"> <img src=\"http:\/\/mobilbox.pl\/en\/wp-content\/uploads\/2018\/06\/kontenery-plomby-plastikowe.jpg\" width=\"482\" height=\"362\" title=\"Plastic seals\" alt=\"Plastic seals\"> <\/a> <h3> <a href=\"http:\/\/mobilbox.pl\/en\/seals\/plastic-seals\/\"> Plastic seals <\/a> <\/h3>\n<a href=\"http:\/\/mobilbox.pl\/en\/seals\/metal-seals\/\"> <img src=\"http:\/\/mobilbox.pl\/en\/wp-content\/uploads\/2018\/06\/kontenery-plomby-metalowe.jpg\" width=\"482\" height=\"362\" title=\"Metal seals\" alt=\"Metal seals\"> <\/a> <h3> <a href=\"http:\/\/mobilbox.pl\/en\/seals\/metal-seals\/\"> Metal seals <\/a> <\/h3>\n<a href=\"http:\/\/mobilbox.pl\/en\/seals\/imo-labels-and-secure-tapes\/\"> <img src=\"http:\/\/mobilbox.pl\/en\/wp-content\/uploads\/2018\/06\/kontenery-nalepki-ostrzegawcze.jpg\" width=\"482\" height=\"362\" title=\"IMO labels and secure tapes\" alt=\"IMO labels and secure tapes\"> <\/a> <h3> <a href=\"http:\/\/mobilbox.pl\/en\/seals\/imo-labels-and-secure-tapes\/\"> IMO labels and secure tapes <\/a> <\/h3>\n<h2><strong>WRITE TO US<\/strong><br\/><\/h2>\n<p>For the container and accessory prices, please complete this inquiry form!<\/p> <p>[wpforms id=\"218\" title=\"false\" description=\"false\"]<\/p>","_links":{"self":[{"href":"https:\/\/mobilbox.pl\/en\/wp-json\/wp\/v2\/pages\/20","targetHints":{"allow":["GET"]}}],"collection":[{"href":"https:\/\/mobilbox.pl\/en\/wp-json\/wp\/v2\/pages"}],"about":[{"href":"https:\/\/mobilbox.pl\/en\/wp-json\/wp\/v2\/types\/page"}],"author":[{"embeddable":true,"href":"https:\/\/mobilbox.pl\/en\/wp-json\/wp\/v2\/users\/1"}],"replies":[{"embeddable":true,"href":"https:\/\/mobilbox.pl\/en\/wp-json\/wp\/v2\/comments?post=20"}],"version-history":[{"count":0,"href":"https:\/\/mobilbox.pl\/en\/wp-json\/wp\/v2\/pages\/20\/revisions"}],"wp:attachment":[{"href":"https:\/\/mobilbox.pl\/en\/wp-json\/wp\/v2\/media?parent=20"}],"curies":[{"name":"wp","href":"https:\/\/api.w.org\/{rel}","templated":true}]}}