{"id":26,"date":"2018-03-14T08:11:57","date_gmt":"2018-03-14T08:11:57","guid":{"rendered":"http:\/\/mytrejka.nazwa.pl\/mobilbox\/?page_id=26"},"modified":"2024-02-29T12:11:20","modified_gmt":"2024-02-29T11:11:20","slug":"contact","status":"publish","type":"page","link":"https:\/\/mobilbox.pl\/en\/contact\/","title":{"rendered":"Mobilbox"},"content":{"rendered":"<p><\/p>\n<!--themify_builder_content-->\n<div id=\"themify_builder_content-26\" data-postid=\"26\" class=\"themify_builder_content themify_builder_content-26 themify_builder tf_clear\">\n                    <div  data-desktop-padding=\",6px\" data-css_id=\"0qn2725\" data-lazy=\"1\" class=\"module_row themify_builder_row fullwidth_row_container tb_0qn2725 tb_first tf_w\">\n                        <div class=\"row_inner col_align_top tb_col_count_3 tf_box tf_rel\">\n                        <div  data-lazy=\"1\" class=\"module_column tb-column col3-1 tb_p3af725 first\">\n                    <!-- module text -->\n<div  class=\"module module-text tb_azb9937   \" data-lazy=\"1\">\n        <div  class=\"tb_text_wrap\">\n        <p style=\"text-align: justify;\">\u00a0Are you interested in <span style=\"font-weight: bold;\">containers<\/span>?<\/p>\n<p style=\"text-align: justify;\">Do you need to buy <span style=\"font-weight: bold;\">military containers<\/span>?<\/p>\n<p style=\"text-align: justify;\">Are you planning to build a campus for <span style=\"font-weight: bold;\">military units?<\/span><\/p>\n<p style=\"text-align: justify;\">Are you planning to rent <span style=\"font-weight: bold;\">furniture<\/span> ?<\/p>\n<p style=\"text-align: justify;\">Do you need <span style=\"font-weight: bold;\">space or room<\/span>\u00a0 in a production hall?<\/p>\n<p style=\"text-align: justify;\">Are you looking for <span style=\"font-weight: bold;\">sanitary facility<\/span>?<\/p>    <\/div>\n<\/div>\n<!-- \/module text --><!-- module text -->\n<div  class=\"module module-text tb_460c726   \" data-lazy=\"1\">\n        <div  class=\"tb_text_wrap\">\n            <\/div>\n<\/div>\n<!-- \/module text -->        <\/div>\n                    <div  data-lazy=\"1\" class=\"module_column tb-column col3-1 tb_lj46726\">\n                    <!-- module fancy heading -->\n<div  class=\"module module-fancy-heading tb_s1xc726  tb_hide_divider\" data-lazy=\"1\">\n        <h1 class=\"fancy-heading tf_textc\">\n    <span class=\"main-head tf_block\">\n                    CUSTOMER CONTACT            <\/span>\n\n    \n    <span class=\"sub-head tf_block tf_rel\">\n                                <\/span>\n    <\/h1>\n<\/div>\n<!-- \/module fancy heading -->\n<!-- module text -->\n<div  class=\"module module-text tb_oq4s726   \" data-lazy=\"1\">\n        <div  class=\"tb_text_wrap\">\n        <div class=\"module module-text tb_hj7z246 repeat\">\n<div class=\"tb_text_wrap\">\n<p style=\"text-align: center;\"><strong><span style=\"color: #ed1c24;\">Agnieszka Starzyk\u00a0<\/span><\/strong><br><span style=\"color: #000000;\">Sales of Containers and Modular Buildings\u00a0\u00a0\u00a0 <span style=\"font-weight: bold;\">Polish \/ English<\/span><\/span><\/p>\n<p style=\"text-align: center;\"><span style=\"color: #ed1c24;\"><strong>t<\/strong><\/span><a href=\"tel:+48885451885\"><span style=\"color: #ed1c24;\"><strong>el: <\/strong><\/span>+48 885 451 885<\/a> <strong><img loading=\"lazy\" decoding=\"async\" class=\"alignnone wp-image-14564 tb_selected_img\" contenteditable=\"false\" src=\"https:\/\/mobilbox.pl\/wp-content\/uploads\/2024\/01\/whatsapp-logo.png\" alt=\"\" width=\"96\" height=\"19\"><\/strong><br><a href=\"mailto:starzyk@mobilboxcontainer.pl\"><span style=\"color: #ed1c24;\"><strong>e-mail: <\/strong><\/span>a.starzyk@mobilbox.pl<\/a><\/p>\n<\/div>\n<\/div>\n<p>\u00a0<\/p>    <\/div>\n<\/div>\n<!-- \/module text -->        <\/div>\n                    <div  data-lazy=\"1\" class=\"module_column tb-column col3-1 tb_asea726 last\">\n                    <!-- module fancy heading -->\n<div  class=\"module module-fancy-heading tb_bwbh846  tb_hide_divider\" data-lazy=\"1\">\n        <h1 class=\"fancy-heading tf_textc\">\n    <span class=\"main-head tf_block\">\n                    MOBILBOX POLAND            <\/span>\n\n    \n    <span class=\"sub-head tf_block tf_rel\">\n                                <\/span>\n    <\/h1>\n<\/div>\n<!-- \/module fancy heading -->\n<!-- module text -->\n<div  class=\"module module-text tb_skcu280   \" data-lazy=\"1\">\n        <div  class=\"tb_text_wrap\">\n        <p style=\"text-align: center;\"><strong><span style=\"color: #ff0000;\">WARSAW CENTRAL OFFICE<\/span> <br><\/strong><\/p>\n<div style=\"text-align: center;\">al. Krakowska 1, Wola Mrokowska<\/div>\n<div style=\"text-align: center;\">\u00a005-552 W\u00f3lka Kosowska<\/div>\n<div style=\"text-align: center;\"><a href=\"mailto:starzyk@mobilboxcontainer.pl\">e-mail:<\/a> <span style=\"color: #ed1c24;\"><strong>\u00a0 <\/strong><\/span><a href=\"mailto:info@mobilbox.pl\">info@mobilbox.pl<\/a><\/div>\n<div style=\"text-align: center;\">\n<p><span style=\"font-weight: bold;\">Web:\u00a0<\/span> \u00a0 <a href=\"https:\/\/mobilbox.pl\/de\">www.mobilbox.pl\/en<\/a><\/p>\n<\/div>\n<p><span style=\"font-weight: bold;\">KRS <\/span>0000453488 , <span style=\"font-weight: bold;\">NIP<\/span> 1231276004, REGON\u00a0 146561805 BDO:000173266,<\/p>\n<p><span style=\"font-weight: bold;\">Kapita\u0142 zak\u0142adowy<\/span> 100 000,00 PLN<br><strong>Bank Pekao<\/strong> 15 1240 6351 1111 0010 4995 7942<\/p>    <\/div>\n<\/div>\n<!-- \/module text -->        <\/div>\n                        <\/div>\n        <\/div>\n                        <div  data-css_id=\"sq3y165\" data-lazy=\"1\" class=\"module_row themify_builder_row fullwidth tb_sq3y165 tf_w\">\n                        <div class=\"row_inner col_align_top tb_col_count_1 tf_box tf_rel\">\n                        <div  data-lazy=\"1\" class=\"module_column tb-column col-full tb_le5w166 first\">\n                    <!-- module text -->\n<div  class=\"module module-text tb_36cd166   \" data-lazy=\"1\">\n        <div  class=\"tb_text_wrap\">\n        <p><iframe loading=\"lazy\" src=\"https:\/\/www.google.com\/maps\/d\/u\/0\/embed?mid=1GtxwgkI2VthTjFeHWh-FQCnnNDW6GZTN\" width=\"1920\" height=\"500\"><\/iframe><\/p>\n    <\/div>\n<\/div>\n<!-- \/module text -->        <\/div>\n                        <\/div>\n        <\/div>\n                        <div  data-parallax-bg=\"desktop\" data-css_id=\"954db0e\" data-lazy=\"1\" class=\"module_row themify_builder_row fullwidth_row_container tb_954db0e tf_w\">\n            <span  class=\"builder_row_cover tf_abs\" data-lazy=\"1\"><\/span>            <div class=\"row_inner col_align_top tb_col_count_1 tf_box tf_rel\">\n                        <div  data-lazy=\"1\" class=\"module_column tb-column col-full tb_72ce1e6 first\">\n                            <div  data-lazy=\"1\" class=\"module_subrow themify_builder_sub_row tf_w col_align_top tb_col_count_3 tb_e535d5a\">\n                <div  data-lazy=\"1\" class=\"module_column sub_column col4-1 tb_d6ff275 first\">\n                            <\/div>\n                    <div  data-lazy=\"1\" class=\"module_column sub_column col4-2 tb_529f46c\">\n                    <!-- module fancy heading -->\n<div  class=\"module module-fancy-heading tb_cfaf205 \" data-lazy=\"1\">\n        <h2 class=\"fancy-heading tf_textc\">\n    <span class=\"main-head tf_block\">\n                    <strong>WRITE TO US<\/strong>            <\/span>\n\n    \n    <span class=\"sub-head tf_block tf_rel\">\n                                <\/span>\n    <\/h2>\n<\/div>\n<!-- \/module fancy heading -->\n<!-- module text -->\n<div  class=\"module module-text tb_8d9d061   \" data-lazy=\"1\">\n        <div  class=\"tb_text_wrap\">\n        <p style=\"text-align: center;\">For the container and accessory prices, please complete this inquiry form!<\/p>\n<p style=\"text-align: left;\"><div class=\"wpforms-container wpforms-container-full\" id=\"wpforms-218\"><form id=\"wpforms-form-218\" class=\"wpforms-validate wpforms-form\" data-formid=\"218\" method=\"post\" enctype=\"multipart\/form-data\" action=\"\/en\/wp-json\/wp\/v2\/pages\/26\" data-token=\"5eaf069dabd1d11d8bed11f5ec142dce\" data-token-time=\"1775834938\"><noscript class=\"wpforms-error-noscript\">Aby wype\u0142ni\u0107 ten formularz, w\u0142\u0105cz obs\u0142ug\u0119 JavaScript w przegl\u0105darce.<\/noscript><div class=\"wpforms-field-container\"><div id=\"wpforms-218-field_5-container\" class=\"wpforms-field wpforms-field-hidden\" data-field-id=\"5\"><input type=\"hidden\" id=\"wpforms-218-field_5\" name=\"wpforms[fields][5]\" value=\"https:\/\/mobilbox.pl\/en\/wp-json\/wp\/v2\/pages\/26\"><\/div><div id=\"wpforms-218-field_2-container\" class=\"wpforms-field wpforms-field-text newsletter2\" data-field-id=\"2\"><label class=\"wpforms-field-label wpforms-label-hide\" for=\"wpforms-218-field_2\">Imi\u0119 i nazwisko<\/label><input type=\"text\" id=\"wpforms-218-field_2\" class=\"wpforms-field-large\" name=\"wpforms[fields][2]\" placeholder=\"Name \/ Company name\" ><\/div><div id=\"wpforms-218-field_1-container\" class=\"wpforms-field wpforms-field-email wpforms-one-half\" data-field-id=\"1\"><label class=\"wpforms-field-label wpforms-label-hide\" for=\"wpforms-218-field_1\">Email <span class=\"wpforms-required-label\">*<\/span><\/label><input type=\"email\" id=\"wpforms-218-field_1\" class=\"wpforms-field-large wpforms-field-required\" name=\"wpforms[fields][1]\" placeholder=\"Email\" spellcheck=\"false\" required><\/div><div id=\"wpforms-218-field_4-container\" class=\"wpforms-field wpforms-field-text wpforms-one-half\" data-field-id=\"4\"><label class=\"wpforms-field-label wpforms-label-hide\" for=\"wpforms-218-field_4\">Phone <span class=\"wpforms-required-label\">*<\/span><\/label><input type=\"text\" id=\"wpforms-218-field_4\" class=\"wpforms-field-large wpforms-field-required\" name=\"wpforms[fields][4]\" placeholder=\"Phone\" required><\/div><div id=\"wpforms-218-field_3-container\" class=\"wpforms-field wpforms-field-textarea\" data-field-id=\"3\"><label class=\"wpforms-field-label wpforms-label-hide\" for=\"wpforms-218-field_3\">Message<\/label><textarea id=\"wpforms-218-field_3\" class=\"wpforms-field-small\" name=\"wpforms[fields][3]\" placeholder=\"message\" ><\/textarea><\/div><div id=\"wpforms-218-field_13-container\" class=\"wpforms-field wpforms-field-checkbox\" data-field-id=\"13\"><label class=\"wpforms-field-label wpforms-label-hide\">Privacy Policy <span class=\"wpforms-required-label\">*<\/span><\/label><ul id=\"wpforms-218-field_13\" class=\"wpforms-field-required\"><li class=\"choice-1 depth-1\"><input type=\"checkbox\" id=\"wpforms-218-field_13_1\" name=\"wpforms[fields][13][]\" value=\"I consent to the processing of my personal data for marketing and commercial purposes and I agree to the use of terminal equipment for direct marketing purposes.&lt;a href=&quot;https:\/\/www.mobilbox.pl\/polityka-prywatnosci\/&quot;&gt;See more&lt;\/a&gt;\" required ><label class=\"wpforms-field-label-inline\" for=\"wpforms-218-field_13_1\">I consent to the processing of my personal data for marketing and commercial purposes and I agree to the use of terminal equipment for direct marketing purposes.<a href=\"https:\/\/www.mobilbox.pl\/polityka-prywatnosci\/\">See more<\/a><\/label><\/li><\/ul><\/div><\/div><!-- .wpforms-field-container --><div class=\"wpforms-field wpforms-field-hp\"><label for=\"wpforms-218-field-hp\" class=\"wpforms-field-label\">Comment<\/label><input type=\"text\" name=\"wpforms[hp]\" id=\"wpforms-218-field-hp\" class=\"wpforms-field-medium\"><\/div><div class=\"wpforms-submit-container\" ><input type=\"hidden\" name=\"wpforms[id]\" value=\"218\"><input type=\"hidden\" name=\"page_title\" value=\"\"><input type=\"hidden\" name=\"page_url\" value=\"https:\/\/mobilbox.pl\/en\/wp-json\/wp\/v2\/pages\/26\"><input type=\"hidden\" name=\"url_referer\" value=\"\"><button type=\"submit\" name=\"wpforms[submit]\" id=\"wpforms-submit-218\" class=\"wpforms-submit\" data-alt-text=\"Sending\" data-submit-text=\"Send\" aria-live=\"assertive\" value=\"wpforms-submit\">Send<\/button><\/div><\/form><\/div>  <!-- .wpforms-container --><\/p>    <\/div>\n<\/div>\n<!-- \/module text -->        <\/div>\n                    <div  data-lazy=\"1\" class=\"module_column sub_column col4-1 tb_75fc40c last\">\n                            <\/div>\n                    <\/div>\n                <\/div>\n                        <\/div>\n        <\/div>\n        <\/div>\n<!--\/themify_builder_content-->","protected":false},"excerpt":{"rendered":"","protected":false},"author":1,"featured_media":0,"parent":0,"menu_order":0,"comment_status":"closed","ping_status":"closed","template":"","meta":{"footnotes":""},"class_list":["post-26","page","type-page","status-publish","hentry","has-post-title","has-post-date","has-post-category","has-post-tag","has-post-comment","has-post-author",""],"builder_content":"<p style=\"text-align: justify;\">\u00a0Are you interested in containers?<\/p> <p style=\"text-align: justify;\">Do you need to buy military containers?<\/p> <p style=\"text-align: justify;\">Are you planning to build a campus for military units?<\/p> <p style=\"text-align: justify;\">Are you planning to rent furniture ?<\/p> <p style=\"text-align: justify;\">Do you need space or room\u00a0 in a production hall?<\/p> <p style=\"text-align: justify;\">Are you looking for sanitary facility?<\/p>\n\n<h1>CUSTOMER CONTACT<br\/><\/h1>\n<p style=\"text-align: center;\"><strong>Agnieszka Starzyk\u00a0<\/strong><br>Sales of Containers and Modular Buildings\u00a0\u00a0\u00a0 Polish \/ English<\/p> <p style=\"text-align: center;\"><strong>t<\/strong><a href=\"tel:+48885451885\"><strong>el: <\/strong>+48 885 451 885<\/a> <strong><img loading=\"lazy\" decoding=\"async\" contenteditable=\"false\" src=\"https:\/\/mobilbox.pl\/wp-content\/uploads\/2024\/01\/whatsapp-logo.png\" alt=\"\" width=\"96\" height=\"19\"><\/strong><br><a href=\"mailto:starzyk@mobilboxcontainer.pl\"><strong>e-mail: <\/strong>a.starzyk@mobilbox.pl<\/a><\/p>\n<p>\u00a0<\/p>\n<h1>MOBILBOX POLAND<br\/><\/h1>\n<p style=\"text-align: center;\"><strong>WARSAW CENTRAL OFFICE <br><\/strong><\/p> al. Krakowska 1, Wola Mrokowska \u00a005-552 W\u00f3lka Kosowska <a href=\"mailto:starzyk@mobilboxcontainer.pl\">e-mail:<\/a> <strong>\u00a0 <\/strong><a href=\"mailto:info@mobilbox.pl\">info@mobilbox.pl<\/a>\n<p>Web:\u00a0 \u00a0 <a href=\"https:\/\/mobilbox.pl\/de\">www.mobilbox.pl\/en<\/a><\/p>\n<p>KRS 0000453488 , NIP 1231276004, REGON\u00a0 146561805 BDO:000173266,<\/p> <p>Kapita\u0142 zak\u0142adowy 100 000,00 PLN<br><strong>Bank Pekao<\/strong> 15 1240 6351 1111 0010 4995 7942<\/p>\n<p><iframe loading=\"lazy\" src=\"https:\/\/www.google.com\/maps\/d\/u\/0\/embed?mid=1GtxwgkI2VthTjFeHWh-FQCnnNDW6GZTN\" width=\"1920\" height=\"500\"><\/iframe><\/p>\n<h2><strong>WRITE TO US<\/strong><br\/><\/h2>\n<p style=\"text-align: center;\">For the container and accessory prices, please complete this inquiry form!<\/p> <p style=\"text-align: left;\">[wpforms id=\"218\" title=\"false\" description=\"false\"]<\/p>","_links":{"self":[{"href":"https:\/\/mobilbox.pl\/en\/wp-json\/wp\/v2\/pages\/26","targetHints":{"allow":["GET"]}}],"collection":[{"href":"https:\/\/mobilbox.pl\/en\/wp-json\/wp\/v2\/pages"}],"about":[{"href":"https:\/\/mobilbox.pl\/en\/wp-json\/wp\/v2\/types\/page"}],"author":[{"embeddable":true,"href":"https:\/\/mobilbox.pl\/en\/wp-json\/wp\/v2\/users\/1"}],"replies":[{"embeddable":true,"href":"https:\/\/mobilbox.pl\/en\/wp-json\/wp\/v2\/comments?post=26"}],"version-history":[{"count":0,"href":"https:\/\/mobilbox.pl\/en\/wp-json\/wp\/v2\/pages\/26\/revisions"}],"wp:attachment":[{"href":"https:\/\/mobilbox.pl\/en\/wp-json\/wp\/v2\/media?parent=26"}],"curies":[{"name":"wp","href":"https:\/\/api.w.org\/{rel}","templated":true}]}}