{"id":4263,"date":"2022-08-12T13:53:17","date_gmt":"2022-08-12T11:53:17","guid":{"rendered":"https:\/\/mobilbox.pl\/en\/?page_id=4263"},"modified":"2025-05-22T12:05:26","modified_gmt":"2025-05-22T10:05:26","slug":"modular-building","status":"publish","type":"page","link":"https:\/\/mobilbox.pl\/en\/modular-building\/","title":{"rendered":"Modular Building"},"content":{"rendered":"<!--themify_builder_content-->\n<div id=\"themify_builder_content-4263\" data-postid=\"4263\" class=\"themify_builder_content themify_builder_content-4263 themify_builder tf_clear\">\n                    <div  data-lazy=\"1\" class=\"module_row themify_builder_row tb_czwa545 tb_first tf_w\">\n                        <div class=\"row_inner col_align_top tb_col_count_1 tf_box tf_rel\">\n                        <div  data-lazy=\"1\" class=\"module_column tb-column col-full tb_onap548 first\">\n                    <!-- module fancy heading -->\n<div  class=\"module module-fancy-heading tb_eoo5550 \" data-lazy=\"1\">\n        <h1 class=\"fancy-heading tf_textc\">\n    <span class=\"main-head tf_block\">\n                    MODULAR BULDING            <\/span>\n\n    \n    <span class=\"sub-head tf_block tf_rel\">\n                    CONSTRUCTION FACILITIES \/ CONTAINERS SETS \/ MULITIMODE CONTAINERS            <\/span>\n    <\/h1>\n<\/div>\n<!-- \/module fancy heading -->\n        <\/div>\n                        <\/div>\n        <\/div>\n                        <div  data-css_id=\"8wun545\" data-lazy=\"1\" class=\"module_row themify_builder_row fullwidth_row_container tb_8wun545 tf_w\">\n                        <div class=\"row_inner col_align_top tb_col_count_1 tf_box tf_rel\">\n                        <div  data-lazy=\"1\" class=\"module_column tb-column col-full tb_kk4b555 first\">\n                    <!-- module text -->\n<div  class=\"module module-text tb_8s55556   \" data-lazy=\"1\">\n        <div  class=\"tb_text_wrap\">\n        <h2><span style=\"background-color: initial; font-size: 1em; color: #ff0000;\">Modular buildings<\/span><\/h2>\n<p><b>Modular construction<\/b> is a solution based on the idea of compiling and <b>connecting container modules<\/b>, made on the basis of <b>steel frames<\/b> and charactarized by compatible dimensions. <b>Modules placed<\/b> on a properly prepared base, are bolted with ties, and then aesthetically finished with sheet metal work.<\/p>\n<h3><span style=\"color: #ff0000; letter-spacing: 0px; background-color: initial;\">Modular technology<\/span><\/h3>\n<div><span style=\"background-color: initial; font-size: 1em;\"><b>Modular technology<\/b> gives a wide range of possibilities to create objects for various purposes. <b>Frames equipped<\/b> with <b>special container corners<\/b> \/ <b>container bones<\/b> with <b>special holes<\/b>, prepared for fixing slings for lifting and <b>transporting the container by crane<\/b>, and then for securely connecting the modules to each other.<\/span><\/div>\n<div><strong style=\"background-color: initial; font-family: 'Roboto Condensed'; font-size: 18px; letter-spacing: 0px;\"><span style=\"color: #ff0000;\">Save time and money<\/span><\/strong><\/div>\n<p>Quick connection of individual <b>modules<\/b>, easy configuration of rooms, <b>assembly and disassembly<\/b> of walls, all this allows for <b>quick adaptation<\/b> of a <b>modular facility<\/b> to individual needs.<\/p>\n<p><span style=\"background-color: initial; color: #ff0000; font-family: 'Roboto Condensed'; font-size: 18px; font-weight: 600; letter-spacing: 0px;\">Modular construction \u2013 options<\/span><\/p>\n<p><span style=\"background-color: initial; font-size: 1em;\">A wide range of technical possibilities, a variety of finishing materials and creativity make it possible to make a non-standard, original, functional and aesthetic object from a <b>single container<\/b>, especially from a large container set. <b>Modular facilitie<\/b>s are most often used as workplaces for construction staff as a field branch of a company or a service facility.<\/span><\/p>\n<h3><span style=\"color: #ff0000;\">Modular offices<\/span><\/h3>\n<p><b>Container offices<\/b> are aesthetic <b>workplaces<\/b> for administrative employees and management staff, but also <b>rooms<\/b> for rest and changing clothes for workers (e.g. construction workers). An example of this type of solution are buildings addapted for construction corporations that carry out complex <b>construction<\/b> investments. The internal space of the facility is made up of various containers. Most often these are office and sanitary containers.<\/p>\n<h3><span style=\"color: #ff0000;\">Modular two and three-level buildings<\/span><\/h3>\n<p><b>Containers can be combined<\/b> with each other into two-level and three-level facilities of any length and configuration.<br>In order to ensure safe and efficient communication of the personnel working in the facility, it is equipped with professional <b>staircases<\/b>, <b>external container stairs<\/b> with landings and corridor containers.<\/p>\n<h3><span style=\"color: #ff0000;\"><strong>Arrangement of a modular building<\/strong><\/span><\/h3>\n<p><b>Office modules<\/b> allow for any interior arrangement through the use of modern materials and the latest trends in interior design. Depending on the needs and purpose, <b>modular objects<\/b> can be set up as temporary and permanent objects.<\/p>\n<h3><span style=\"color: #ff0000;\"><strong>Windows in a container and a modular building<\/strong><\/span><\/h3>\n<p>Better illumination of the interior, rooms and offices is ensured by <b>special panoramic windows <\/b>and lighting, mounted in the container frame, on the longer or shorter side.<\/p>\n<h3><strong><span style=\"color: #ff0000;\">Terrace and balcony in the container and modular building<\/span><\/strong><\/h3>\n<p>In order to provide better comfort to people staying in the modular facility,<b> balcony doors<\/b> and a steel balcony are installed, solidly attached to the container frame. <b>Container terraces<\/b> have a surface many times larger than the balcony, so they can be mounted on the ground or on the <b>roof of the container<\/b>.<\/p>\n<h3><strong><span style=\"color: #ff0000;\">Container facade<\/span><\/strong><\/h3>\n<p>The rich choice of <b>facade<\/b> materials, varnishes, decorative materials in combination with modern design, allows you to create an original shape and distinguish the object in its surroundings.<\/p>\n<p><b>Our specialists, together with you, will be happy to plan any modular facility, prepare its arrangement for final production<\/b>.<\/p>    <\/div>\n<\/div>\n<!-- \/module text --><!-- module gallery -->\n<div  class=\"module gallery module-gallery tb_2gqs560 layout-grid  \" data-lazy=\"1\">\n    <\/div>\n<!-- \/module gallery -->        <\/div>\n                        <\/div>\n        <\/div>\n                        <div  data-lazy=\"1\" class=\"module_row themify_builder_row tb_ve3o197 tf_w\">\n                        <div class=\"row_inner col_align_middle tb_col_count_2 tf_box tf_rel\">\n                        <div  data-lazy=\"1\" class=\"module_column tb-column col4-2 tb_dy2w197 first\">\n                    <!-- module text -->\n<div  class=\"module module-text tb_onmk197   \" data-lazy=\"1\">\n        <div  class=\"tb_text_wrap\">\n        <h3>Modular office building made of 90 containers \u2013 modernity and mobility<\/h3>    <\/div>\n<\/div>\n<!-- \/module text --><!-- module text -->\n<div  class=\"module module-text tb_jwfx197   \" data-lazy=\"1\">\n        <div  class=\"tb_text_wrap\">\n        <p>See how we create fully functional and aesthetic modular buildings from office containers. Quick assembly, flexible layout and ready to work.Zobacz, jak z kontener\u00f3w biurowych tworzymy w pe\u0142ni funkcjonalne i estetyczne budynki modu\u0142owe. Szybki monta\u017c, elastyczny uk\u0142ad i gotowo\u015b\u0107 do pracy.<\/p>    <\/div>\n<\/div>\n<!-- \/module text --><!-- module buttons -->\n<div  class=\"module module-buttons tb_rpfa197 buttons-horizontal solid   circle\" data-lazy=\"1\">\n        <div class=\"module-buttons-item tf_in_flx\">\n                        <a href=\"tel:+48885451885\" class=\"ui builder_button tf_in_flx red\" >\n                                                Call                                        <\/a>\n                <\/div>\n            <\/div>\n<!-- \/module buttons -->\n        <\/div>\n                    <div  data-lazy=\"1\" class=\"module_column tb-column col4-2 tb_9tas197 last\">\n                    <!-- module video -->\n<div  class=\"module module-video tb_pdcg197 video-overlay  \" data-lazy=\"1\">\n                    <div class=\"video-wrap-outer\">\n            <div class=\"video-wrap tf_rel tf_overflow\">\n                                    <noscript><iframe data-no-script src=\"https:\/\/www.youtube.com\/embed\/zgOg3X66jUI?pip=1&#038;playsinline=1&#038;si=eiThVAF01CsDGVhG\" allow=\"accelerometer;encrypted-media;gyroscope;picture-in-picture;fullscreen\" class=\"tf_abs tf_w tf_h\"><\/iframe><\/noscript>\n                                <\/div>\n            <!-- \/video-wrap -->\n        <\/div>\n        <!-- \/video-wrap-outer -->\n            <\/div>\n        <\/div>\n                        <\/div>\n        <\/div>\n                        <div  data-lazy=\"1\" class=\"module_row themify_builder_row tb_31ce645 tf_w\">\n                        <div class=\"row_inner col_align_top tb_col_count_2 tf_box tf_rel\">\n                        <div  data-lazy=\"1\" class=\"module_column tb-column tb_j4wm645 first\">\n                    <!-- module text -->\n<div  class=\"module module-text tb_9vuc645   \" data-lazy=\"1\">\n        <div  class=\"tb_text_wrap\">\n        <h3><strong><span style=\"color: #ff0000;\">Modular facilities can be used as:<\/span><\/strong><\/h3>\n<ul>\n<li><b>Commercial pavilions<\/b><\/li>\n<li><b>Service modular objects<\/b><\/li>\n<li><b>Modular schools and kindergartens<\/b><\/li>\n<li><b>Modular hotels<\/b><\/li>\n<li><b>Construction site<\/b><\/li>\n<li><b>Multi-module sanitary facilities<\/b><\/li>\n<li><b>Sports locker rooms<\/b><\/li>\n<li><b>Service pavilions<\/b><\/li>\n<li><b>Employee cloakrooms<\/b><\/li>\n<li><b>Sports facilities<\/b><\/li>\n<li><b>Modular stations<\/b><\/li>\n<li><b>Educational clubs<\/b><\/li>\n<li><b>Residential facilities<\/b><\/li>\n<\/ul>    <\/div>\n<\/div>\n<!-- \/module text -->        <\/div>\n                    <div  data-lazy=\"1\" class=\"module_column tb-column tb_ptvq645 last\">\n                    <!-- module text -->\n<div  class=\"module module-text tb_8thj645   \" data-lazy=\"1\">\n        <div  class=\"tb_text_wrap\">\n        <ul>\n<li><strong>Social space<\/strong><\/li>\n<li><strong>Construction site<\/strong><\/li>\n<li><strong>Sales offices<\/strong><\/li>\n<li><strong>Modular coffee shops<\/strong><\/li>\n<li><strong>Storage space<\/strong><\/li>\n<li><strong>Technical containers &#8211; server rooms<\/strong><\/li>\n<li><strong>Vaccination points<\/strong><\/li>\n<li><strong>Container clinics<\/strong><\/li>\n<li><strong>Office buildings<\/strong><\/li>\n<li><strong>Construction offices<\/strong><\/li>\n<li><strong>Social buildings<\/strong><\/li>\n<li><strong>Public offices<\/strong><\/li>\n<\/ul>    <\/div>\n<\/div>\n<!-- \/module text -->        <\/div>\n                        <\/div>\n        <\/div>\n                        <div  data-lazy=\"1\" class=\"module_row themify_builder_row tb_1pfq545 tf_w\">\n                        <div class=\"row_inner col_align_top tb_col_count_1 tf_box tf_rel\">\n                        <div  data-lazy=\"1\" class=\"module_column tb-column col-full tb_ogpg568 first\">\n                    <!-- module text -->\n<div  class=\"module module-text tb_x68h569   \" data-lazy=\"1\">\n        <div  class=\"tb_text_wrap\">\n            <\/div>\n<\/div>\n<!-- \/module text --><!-- module gallery -->\n<div  class=\"module gallery module-gallery tb_nnyz569 layout-grid  \" data-lazy=\"1\">\n    <div class=\"module-gallery-grid\" style=\"--gald:4;--galt:4;--galm:4\">\n            <dl class=\"gallery-item\">\n            <dt class=\"gallery-icon\">\n            <a data-title=\"\" title=\"\" href=\"https:\/\/mobilbox.pl\/en\/wp-content\/uploads\/2022\/08\/Pawilon_Handlowy_OPEN-Space-1.jpg\" data-rel=\"tb_nnyz569\" class=\"themify_lightbox\"><img loading=\"lazy\" decoding=\"async\" src=\"https:\/\/mobilbox.pl\/en\/wp-content\/uploads\/2022\/08\/Pawilon_Handlowy_OPEN-Space-1-1024x576-300x200.jpg\" width=\"300\" height=\"200\" class=\"wp-post-image wp-image-4264\" title=\"Pawilon_Handlowy_OPEN-Space-1\" alt=\"Pawilon_Handlowy_OPEN-Space-1\"><\/a>            <\/dt>\n                    <\/dl>\n            <dl class=\"gallery-item\">\n            <dt class=\"gallery-icon\">\n            <a data-title=\"\" title=\"\" href=\"https:\/\/mobilbox.pl\/en\/wp-content\/uploads\/2022\/08\/Pawilon-Handlowy-_BiurowyAneks-kuchanny-WC.jpg\" data-rel=\"tb_nnyz569\" class=\"themify_lightbox\"><img loading=\"lazy\" decoding=\"async\" src=\"https:\/\/mobilbox.pl\/en\/wp-content\/uploads\/2022\/08\/Pawilon-Handlowy-_BiurowyAneks-kuchanny-WC-1024x576-300x200.jpg\" width=\"300\" height=\"200\" class=\"wp-post-image wp-image-4265\" title=\"Pawilon-Handlowy-_BiurowyAneks-kuchanny-WC\" alt=\"Pawilon-Handlowy-_BiurowyAneks-kuchanny-WC\"><\/a>            <\/dt>\n                    <\/dl>\n            <dl class=\"gallery-item\">\n            <dt class=\"gallery-icon\">\n            <a data-title=\"\" title=\"\" href=\"https:\/\/mobilbox.pl\/en\/wp-content\/uploads\/2022\/08\/Pawilon_Handlowy_DUO-open-space-1.jpg\" data-rel=\"tb_nnyz569\" class=\"themify_lightbox\"><img loading=\"lazy\" decoding=\"async\" src=\"https:\/\/mobilbox.pl\/en\/wp-content\/uploads\/2022\/08\/Pawilon_Handlowy_DUO-open-space-1-1024x576-300x200.jpg\" width=\"300\" height=\"200\" class=\"wp-post-image wp-image-4266\" title=\"Pawilon_Handlowy_DUO-open-space-1\" alt=\"Pawilon_Handlowy_DUO-open-space-1\"><\/a>            <\/dt>\n                    <\/dl>\n    <\/div>\n<\/div>\n<!-- \/module gallery -->        <\/div>\n                        <\/div>\n        <\/div>\n        <\/div>\n<!--\/themify_builder_content-->","protected":false},"excerpt":{"rendered":"<p>Modular buildings Modular construction is a solution based on the idea of compiling and connecting container modules, made on the basis of steel frames and charactarized by compatible dimensions. Modules placed on a properly prepared base, are bolted with ties, and then aesthetically finished with sheet metal work. Modular technology Modular technology gives a wide [&hellip;]<\/p>\n","protected":false},"author":7,"featured_media":0,"parent":0,"menu_order":0,"comment_status":"closed","ping_status":"closed","template":"","meta":{"footnotes":""},"class_list":["post-4263","page","type-page","status-publish","hentry","has-post-title","has-post-date","has-post-category","has-post-tag","has-post-comment","has-post-author",""],"builder_content":"<h1>MODULAR BULDING<br\/>CONSTRUCTION FACILITIES \/ CONTAINERS SETS \/ MULITIMODE CONTAINERS<\/h1>\n<h2>Modular buildings<\/h2> <p><b>Modular construction<\/b> is a solution based on the idea of compiling and <b>connecting container modules<\/b>, made on the basis of <b>steel frames<\/b> and charactarized by compatible dimensions. <b>Modules placed<\/b> on a properly prepared base, are bolted with ties, and then aesthetically finished with sheet metal work.<\/p> <h3>Modular technology<\/h3> <b>Modular technology<\/b> gives a wide range of possibilities to create objects for various purposes. <b>Frames equipped<\/b> with <b>special container corners<\/b> \/ <b>container bones<\/b> with <b>special holes<\/b>, prepared for fixing slings for lifting and <b>transporting the container by crane<\/b>, and then for securely connecting the modules to each other. <strong style=\"background-color: initial; font-family: 'Roboto Condensed'; font-size: 18px; letter-spacing: 0px;\">Save time and money<\/strong> <p>Quick connection of individual <b>modules<\/b>, easy configuration of rooms, <b>assembly and disassembly<\/b> of walls, all this allows for <b>quick adaptation<\/b> of a <b>modular facility<\/b> to individual needs.<\/p> <p>Modular construction \u2013 options<\/p> <p>A wide range of technical possibilities, a variety of finishing materials and creativity make it possible to make a non-standard, original, functional and aesthetic object from a <b>single container<\/b>, especially from a large container set. <b>Modular facilitie<\/b>s are most often used as workplaces for construction staff as a field branch of a company or a service facility.<\/p> <h3>Modular offices<\/h3> <p><b>Container offices<\/b> are aesthetic <b>workplaces<\/b> for administrative employees and management staff, but also <b>rooms<\/b> for rest and changing clothes for workers (e.g. construction workers). An example of this type of solution are buildings addapted for construction corporations that carry out complex <b>construction<\/b> investments. The internal space of the facility is made up of various containers. Most often these are office and sanitary containers.<\/p> <h3>Modular two and three-level buildings<\/h3> <p><b>Containers can be combined<\/b> with each other into two-level and three-level facilities of any length and configuration.<br>In order to ensure safe and efficient communication of the personnel working in the facility, it is equipped with professional <b>staircases<\/b>, <b>external container stairs<\/b> with landings and corridor containers.<\/p> <h3><strong>Arrangement of a modular building<\/strong><\/h3> <p><b>Office modules<\/b> allow for any interior arrangement through the use of modern materials and the latest trends in interior design. Depending on the needs and purpose, <b>modular objects<\/b> can be set up as temporary and permanent objects.<\/p> <h3><strong>Windows in a container and a modular building<\/strong><\/h3> <p>Better illumination of the interior, rooms and offices is ensured by <b>special panoramic windows <\/b>and lighting, mounted in the container frame, on the longer or shorter side.<\/p> <h3><strong>Terrace and balcony in the container and modular building<\/strong><\/h3> <p>In order to provide better comfort to people staying in the modular facility,<b> balcony doors<\/b> and a steel balcony are installed, solidly attached to the container frame. <b>Container terraces<\/b> have a surface many times larger than the balcony, so they can be mounted on the ground or on the <b>roof of the container<\/b>.<\/p> <h3><strong>Container facade<\/strong><\/h3> <p>The rich choice of <b>facade<\/b> materials, varnishes, decorative materials in combination with modern design, allows you to create an original shape and distinguish the object in its surroundings.<\/p> <p><b>Our specialists, together with you, will be happy to plan any modular facility, prepare its arrangement for final production<\/b>.<\/p>\n<h3>Modular office building made of 90 containers \u2013 modernity and mobility<\/h3>\n<p>See how we create fully functional and aesthetic modular buildings from office containers. Quick assembly, flexible layout and ready to work.Zobacz, jak z kontener\u00f3w biurowych tworzymy w pe\u0142ni funkcjonalne i estetyczne budynki modu\u0142owe. Szybki monta\u017c, elastyczny uk\u0142ad i gotowo\u015b\u0107 do pracy.<\/p>\n<a href=\"tel:+48885451885\" > Call <\/a>\n[embed]https:\/\/youtu.be\/zgOg3X66jUI?si=eiThVAF01CsDGVhG[\/embed]\n<h3><strong>Modular facilities can be used as:<\/strong><\/h3> <ul> <li><b>Commercial pavilions<\/b><\/li> <li><b>Service modular objects<\/b><\/li> <li><b>Modular schools and kindergartens<\/b><\/li> <li><b>Modular hotels<\/b><\/li> <li><b>Construction site<\/b><\/li> <li><b>Multi-module sanitary facilities<\/b><\/li> <li><b>Sports locker rooms<\/b><\/li> <li><b>Service pavilions<\/b><\/li> <li><b>Employee cloakrooms<\/b><\/li> <li><b>Sports facilities<\/b><\/li> <li><b>Modular stations<\/b><\/li> <li><b>Educational clubs<\/b><\/li> <li><b>Residential facilities<\/b><\/li> <\/ul>\n<ul> <li><strong>Social space<\/strong><\/li> <li><strong>Construction site<\/strong><\/li> <li><strong>Sales offices<\/strong><\/li> <li><strong>Modular coffee shops<\/strong><\/li> <li><strong>Storage space<\/strong><\/li> <li><strong>Technical containers - server rooms<\/strong><\/li> <li><strong>Vaccination points<\/strong><\/li> <li><strong>Container clinics<\/strong><\/li> <li><strong>Office buildings<\/strong><\/li> <li><strong>Construction offices<\/strong><\/li> <li><strong>Social buildings<\/strong><\/li> <li><strong>Public offices<\/strong><\/li> <\/ul>\n\n[gallery ids=\"4264,4265,4266\"]","_links":{"self":[{"href":"https:\/\/mobilbox.pl\/en\/wp-json\/wp\/v2\/pages\/4263","targetHints":{"allow":["GET"]}}],"collection":[{"href":"https:\/\/mobilbox.pl\/en\/wp-json\/wp\/v2\/pages"}],"about":[{"href":"https:\/\/mobilbox.pl\/en\/wp-json\/wp\/v2\/types\/page"}],"author":[{"embeddable":true,"href":"https:\/\/mobilbox.pl\/en\/wp-json\/wp\/v2\/users\/7"}],"replies":[{"embeddable":true,"href":"https:\/\/mobilbox.pl\/en\/wp-json\/wp\/v2\/comments?post=4263"}],"version-history":[{"count":0,"href":"https:\/\/mobilbox.pl\/en\/wp-json\/wp\/v2\/pages\/4263\/revisions"}],"wp:attachment":[{"href":"https:\/\/mobilbox.pl\/en\/wp-json\/wp\/v2\/media?parent=4263"}],"curies":[{"name":"wp","href":"https:\/\/api.w.org\/{rel}","templated":true}]}}