{"id":4896,"date":"2024-07-22T13:30:37","date_gmt":"2024-07-22T11:30:37","guid":{"rendered":"https:\/\/mobilbox.pl\/en\/container-rental\/petrol-station-containers-for-rent-copy\/"},"modified":"2025-05-19T12:54:23","modified_gmt":"2025-05-19T10:54:23","slug":"container-with-a-water-tank-for-rent","status":"publish","type":"page","link":"https:\/\/mobilbox.pl\/en\/container-rental\/container-with-a-water-tank-for-rent\/","title":{"rendered":"Container with a water tank for rent"},"content":{"rendered":"<!--themify_builder_content-->\n<div id=\"themify_builder_content-4896\" data-postid=\"4896\" class=\"themify_builder_content themify_builder_content-4896 themify_builder tf_clear\">\n                    <div  data-lazy=\"1\" class=\"module_row themify_builder_row tb_5q56504 tb_first tf_w\">\n                        <div class=\"row_inner col_align_top tb_col_count_1 tf_box tf_rel\">\n                        <div  data-lazy=\"1\" class=\"module_column tb-column col-full tb_grw2101 first\">\n                    <!-- module fancy heading -->\n<div  class=\"module module-fancy-heading tb_mpzf960 \" data-lazy=\"1\">\n        <h1 class=\"fancy-heading tf_textc\">\n    <span class=\"main-head tf_block\">\n                    CONTAINER WITH A WATER TANK            <\/span>\n\n    \n    <span class=\"sub-head tf_block tf_rel\">\n                    DOR RENT            <\/span>\n    <\/h1>\n<\/div>\n<!-- \/module fancy heading -->\n        <\/div>\n                        <\/div>\n        <\/div>\n                        <div  data-css_id=\"3rdr077\" data-lazy=\"1\" class=\"module_row themify_builder_row fullwidth_row_container tb_3rdr077 tf_w\">\n                        <div class=\"row_inner col_align_top tb_col_count_1 tf_box tf_rel\">\n                        <div  data-lazy=\"1\" class=\"module_column tb-column col-full tb_8q71741 first\">\n                            <div  data-lazy=\"1\" class=\"module_subrow themify_builder_sub_row tf_w col_align_bottom tb_col_count_2 tb_9kdf669\">\n                <div  data-lazy=\"1\" class=\"module_column sub_column col4-2 tb_i2ip800 first\">\n                    <!-- module image -->\n<div  class=\"module module-image tb_6d66949 image-top   tf_mw\" data-lazy=\"1\">\n        <div class=\"image-wrap tf_rel tf_mw\">\n            <img loading=\"lazy\" decoding=\"async\" src=\"http:\/\/mobilbox.pl\/en\/wp-content\/uploads\/2024\/07\/container-with-a-water-tank.jpg\" width=\"482\" height=\"362\" title=\"Container with a water tank for rent\" alt=\"Container with a water tank for rent\">    \n        <\/div>\n    <!-- \/image-wrap -->\n    \n        <\/div>\n<!-- \/module image -->        <\/div>\n                    <div  data-lazy=\"1\" class=\"module_column sub_column col4-2 tb_zgpj100 last\">\n                    <!-- module text -->\n<div  class=\"module module-text tb_s7iy050   \" data-lazy=\"1\">\n        <div  class=\"tb_text_wrap\">\n        <h2 style=\"text-align: center;\"><strong><span style=\"color: #ed1c24;\">CONTAINER MX 20 behind the water tank<\/span><\/strong><\/h2>\n<div>\u00a0<\/div>\n<div style=\"text-align: justify;\"><strong>A container equipped with a water tank<\/strong> is a solution that allows you to store water in places where there is no access to the water supply network. Thanks to its large tank capacity, the container ensures independence and self-sufficiency in access to clean water, regardless of whether it is a remote plot of land, a recreational area or a place affected by a natural disaster. Thanks to its mobility and durable structure, the container can be easily transported and installed in various places according to the user&#8217;s needs. A container with a water tank can also be used as permanent infrastructure in places where the construction of a traditional water supply network is unprofitable or impossible to implement. It is possible to install a tank with a different capacity and with a PZH certificate for storing drinking water.<\/div>    <\/div>\n<\/div>\n<!-- \/module text -->        <\/div>\n                    <\/div>\n                <\/div>\n                        <\/div>\n        <\/div>\n                        <div  data-css_id=\"ti40890\" data-lazy=\"1\" class=\"module_row themify_builder_row fullwidth_row_container tb_ti40890 tf_w\">\n                        <div class=\"row_inner col_align_top tb_col_count_1 tf_box tf_rel\">\n                        <div  data-lazy=\"1\" class=\"module_column tb-column col-full tb_cpdr090 first\">\n                            <div  data-lazy=\"1\" class=\"module_subrow themify_builder_sub_row tf_w col_align_top tb_col_count_2 tb_6vp8144\">\n                <div  data-lazy=\"1\" class=\"module_column sub_column col4-2 tb_9ur8104 first\">\n                    <!-- module text -->\n<div  class=\"module module-text tb_sghh009   \" data-lazy=\"1\">\n        <div  class=\"tb_text_wrap\">\n        <div id=\"gallery-1\" class=\"gallery galleryid-0 gallery-columns-2 gallery-size-full\">\u00a0<\/div>\n<h2 align=\"center\"><span style=\"color: #ed1c24;\"><strong>TECHNICAL SPECIFICATIONS<\/strong><\/span><\/h2>\n<div>\u00a0<\/div>\n<p><span style=\"color: #ed1c24;\"><strong>CONSTRUCTION:<\/strong><\/span><\/p>\n<p>Double-leaf doors open in the middle, locked from the outside with a bolt lock.<\/p>\n<p>The container is insulated from the inside with a thin, multi-reflective, multi-layer insulation system, equipped with a tank with a hydrophore pump.<\/p>\n<p><span style=\"color: #ed1c24;\"><strong>ELECTRICAL INSTALLATION:<\/strong><\/span><\/p>\n<ul>\n<li>installation connection based on a 5 x 32 A power socket,<\/li>\n<li>lighting installation 2 x 18 W LED fluorescent lamp, switch,<\/li>\n<li>4 x 230 V socket, sockets: 32 A, 16 A.<\/li>\n<\/ul>\n<p><strong><span style=\"color: #ed1c24;\">HEATING SYSTEM:<\/span><\/strong><\/p>\n<p>electric heater 2000 W<\/p>\n<p>* Tank intended for rainwater and process water.<\/p>    <\/div>\n<\/div>\n<!-- \/module text -->        <\/div>\n                    <div  data-lazy=\"1\" class=\"module_column sub_column col4-2 tb_bfcu401 last\">\n                    <!-- module image -->\n<div  class=\"module module-image tb_oizh110 image-top   tf_mw\" data-lazy=\"1\">\n        <div class=\"image-wrap tf_rel tf_mw\">\n            <a href=\"https:\/\/mobilbox.pl\/wp-content\/uploads\/2024\/05\/kontener-ze-zbiornikiem-na-wode-2.jpg\" class=\"lightbox-builder themify_lightbox\">\n                   <img loading=\"lazy\" decoding=\"async\" src=\"http:\/\/mobilbox.pl\/en\/wp-content\/uploads\/2024\/07\/Container-with-a-water-tank-1.jpg\" width=\"852\" height=\"388\" title=\"Container with a water tank for rent\" alt=\"Container with a water tank for rent\">        <\/a>\n    \n        <\/div>\n    <!-- \/image-wrap -->\n    \n        <\/div>\n<!-- \/module image -->        <\/div>\n                    <\/div>\n                <\/div>\n                        <\/div>\n        <\/div>\n                        <div  data-css_id=\"k6iw005\" data-lazy=\"1\" class=\"module_row themify_builder_row fullwidth_row_container tb_k6iw005 tf_w\">\n                        <div class=\"row_inner col_align_top gutter-none tb_col_count_2 tf_box tf_rel\">\n                        <div  data-lazy=\"1\" class=\"module_column tb-column col3-2 tb_nlw3000 first\">\n                    <!-- module text -->\n<div  class=\"module module-text tb_q1rg119   \" data-lazy=\"1\">\n        <div  class=\"tb_text_wrap\">\n        <p style=\"text-align: center;\" align=\"justify\">CONTAINER WITH WATER TANK<\/p>    <\/div>\n<\/div>\n<!-- \/module text -->        <\/div>\n                    <div  data-lazy=\"1\" class=\"module_column tb-column col3-1 tb_44rk001 last\">\n                    <!-- module icon -->\n<div  class=\"module module-icon tb_ig0d911  xlarge  icon_horizontal \" data-lazy=\"1\">\n\t\t\t<div class=\"module-icon-item\">\n\t\t\t\t\t\t\t<a href=\"tel:+48691549335\">\n\t\t\t\t\t\t\t\t\t\t\t\t\t\t\t\t\t<em class=\"tf_box\"\n\t\t\t\t\t\t\t\t\t\t\t\t\t\t\t\t\t><svg  class=\"tf_fa tf-fas-mobile-alt\" xmlns:xlink=\"http:\/\/www.w3.org\/1999\/xlink\" aria-hidden=\"true\"><use href=\"#tf-fas-mobile-alt\" xlink:href=\"#tf-fas-mobile-alt\"><\/use><\/svg><\/em>\n\t\t\t\t\t\t\t\t\t\t\t\t\t\t\t\t\t\t\t<span>CONTAINER with tank: 691 549 335<\/span>\n\t\t\t\t\t\t\t\t\t\t\t\t\t\t\t\t\t<\/a>\n\t\t\t\t\t<\/div>\n\t<\/div>\n<!-- \/module icon -->\n        <\/div>\n                        <\/div>\n        <\/div>\n                        <div  data-css_id=\"sjy2141\" data-lazy=\"1\" class=\"module_row themify_builder_row fullwidth_row_container tb_sjy2141 tf_w\">\n                        <div class=\"row_inner col_align_top tb_col_count_1 tf_box tf_rel\">\n                        <div  data-lazy=\"1\" class=\"module_column tb-column col-full tb_3edo144 first\">\n                    <!-- module text -->\n<div  class=\"module module-text tb_cvd8004   \" data-lazy=\"1\">\n        <div  class=\"tb_text_wrap\">\n        <h2><span style=\"color: #ed1c24;\">Container with a water tank<\/span><\/h2>    <\/div>\n<\/div>\n<!-- \/module text --><!-- module gallery -->\n<div  class=\"module gallery module-gallery tb_n2sz717 layout-grid  \" data-lazy=\"1\">\n    <div class=\"module-gallery-grid\" style=\"--gald:4;--galt:4;--galm:4\">\n            <dl class=\"gallery-item\">\n            <dt class=\"gallery-icon\">\n            <a data-title=\"no\" title=\"\" href=\"https:\/\/mobilbox.pl\/en\/wp-content\/uploads\/2024\/07\/container-with-a-water-tank-3.jpg\" data-rel=\"tb_n2sz717\" class=\"themify_lightbox\"><img loading=\"lazy\" decoding=\"async\" src=\"https:\/\/mobilbox.pl\/en\/wp-content\/uploads\/2024\/07\/container-with-a-water-tank-3-1024x768-350x250.jpg\" width=\"350\" height=\"250\" class=\"wp-post-image wp-image-4804\" title=\"container-with-a-water-tank-3\" alt=\"Container with a water tank\"><\/a>            <\/dt>\n                    <\/dl>\n            <dl class=\"gallery-item\">\n            <dt class=\"gallery-icon\">\n            <a data-title=\"no\" title=\"\" href=\"https:\/\/mobilbox.pl\/en\/wp-content\/uploads\/2024\/07\/container-with-a-water-tank-2.jpg\" data-rel=\"tb_n2sz717\" class=\"themify_lightbox\"><img loading=\"lazy\" decoding=\"async\" src=\"https:\/\/mobilbox.pl\/en\/wp-content\/uploads\/2024\/07\/container-with-a-water-tank-2-768x1024-350x250.jpg\" width=\"350\" height=\"250\" class=\"wp-post-image wp-image-4803\" title=\"container-with-a-water-tank-2\" alt=\"Container with a water tank\"><\/a>            <\/dt>\n                    <\/dl>\n            <dl class=\"gallery-item\">\n            <dt class=\"gallery-icon\">\n            <a data-title=\"no\" title=\"\" href=\"https:\/\/mobilbox.pl\/en\/wp-content\/uploads\/2024\/07\/container-with-a-water-tank-1-1.jpg\" data-rel=\"tb_n2sz717\" class=\"themify_lightbox\"><img loading=\"lazy\" decoding=\"async\" src=\"https:\/\/mobilbox.pl\/en\/wp-content\/uploads\/2024\/07\/container-with-a-water-tank-1-1-768x1024-350x250.jpg\" width=\"350\" height=\"250\" class=\"wp-post-image wp-image-4802\" title=\"container-with-a-water-tank-1\" alt=\"Container with a water tank\"><\/a>            <\/dt>\n                    <\/dl>\n            <dl class=\"gallery-item\">\n            <dt class=\"gallery-icon\">\n            <a data-title=\"no\" title=\"\" href=\"https:\/\/mobilbox.pl\/en\/wp-content\/uploads\/2024\/07\/container-with-a-water-tank-4.jpg\" data-rel=\"tb_n2sz717\" class=\"themify_lightbox\"><img loading=\"lazy\" decoding=\"async\" src=\"https:\/\/mobilbox.pl\/en\/wp-content\/uploads\/2024\/07\/container-with-a-water-tank-4-846x1024-350x250.jpg\" width=\"350\" height=\"250\" class=\"wp-post-image wp-image-4805\" title=\"container-with-a-water-tank-4\" alt=\"Container with a water tank\"><\/a>            <\/dt>\n                    <\/dl>\n    <\/div>\n<\/div>\n<!-- \/module gallery -->        <\/div>\n                        <\/div>\n        <\/div>\n                        <div  data-parallax-bg=\"desktop\" data-css_id=\"uduu181\" data-lazy=\"1\" class=\"module_row themify_builder_row fullwidth tb_uduu181 tf_w\">\n            <span  class=\"builder_row_cover tf_abs\" data-lazy=\"1\"><\/span>            <div class=\"row_inner col_align_top tb_col_count_1 tf_box tf_rel\">\n                        <div  data-lazy=\"1\" class=\"module_column tb-column col-full tb_xivm181 first\">\n                            <div  data-lazy=\"1\" class=\"module_subrow themify_builder_sub_row tf_w col_align_top tb_col_count_3 tb_ujvq181\">\n                <div  data-lazy=\"1\" class=\"module_column sub_column col4-1 tb_tq5g181 first\">\n                            <\/div>\n                    <div  data-lazy=\"1\" class=\"module_column sub_column col4-2 tb_vlx9181\">\n                    <!-- module fancy heading -->\n<div  class=\"module module-fancy-heading tb_zkyg181 \" data-lazy=\"1\">\n        <h2 class=\"fancy-heading tf_textc\">\n    <span class=\"main-head tf_block\">\n                    <strong>WRITE TO US<\/strong>            <\/span>\n\n    \n    <span class=\"sub-head tf_block tf_rel\">\n                                <\/span>\n    <\/h2>\n<\/div>\n<!-- \/module fancy heading -->\n<!-- module text -->\n<div  class=\"module module-text tb_rngk181   \" data-lazy=\"1\">\n        <div  class=\"tb_text_wrap\">\n        <p style=\"text-align: center;\">For the container and accessory prices, please complete this inquiry form!<\/p>\n<div class=\"wpforms-container wpforms-container-full\" id=\"wpforms-218\"><form id=\"wpforms-form-218\" class=\"wpforms-validate wpforms-form\" data-formid=\"218\" method=\"post\" enctype=\"multipart\/form-data\" action=\"\/en\/wp-json\/wp\/v2\/pages\/4896\" data-token=\"5eaf069dabd1d11d8bed11f5ec142dce\" data-token-time=\"1775861365\"><noscript class=\"wpforms-error-noscript\">Aby wype\u0142ni\u0107 ten formularz, w\u0142\u0105cz obs\u0142ug\u0119 JavaScript w przegl\u0105darce.<\/noscript><div class=\"wpforms-field-container\"><div id=\"wpforms-218-field_5-container\" class=\"wpforms-field wpforms-field-hidden\" data-field-id=\"5\"><input type=\"hidden\" id=\"wpforms-218-field_5\" name=\"wpforms[fields][5]\" value=\"https:\/\/mobilbox.pl\/en\/wp-json\/wp\/v2\/pages\/4896\"><\/div><div id=\"wpforms-218-field_2-container\" class=\"wpforms-field wpforms-field-text newsletter2\" data-field-id=\"2\"><label class=\"wpforms-field-label wpforms-label-hide\" for=\"wpforms-218-field_2\">Imi\u0119 i nazwisko<\/label><input type=\"text\" id=\"wpforms-218-field_2\" class=\"wpforms-field-large\" name=\"wpforms[fields][2]\" placeholder=\"Name \/ Company name\" ><\/div><div id=\"wpforms-218-field_1-container\" class=\"wpforms-field wpforms-field-email wpforms-one-half\" data-field-id=\"1\"><label class=\"wpforms-field-label wpforms-label-hide\" for=\"wpforms-218-field_1\">Email <span class=\"wpforms-required-label\">*<\/span><\/label><input type=\"email\" id=\"wpforms-218-field_1\" class=\"wpforms-field-large wpforms-field-required\" name=\"wpforms[fields][1]\" placeholder=\"Email\" spellcheck=\"false\" required><\/div><div id=\"wpforms-218-field_4-container\" class=\"wpforms-field wpforms-field-text wpforms-one-half\" data-field-id=\"4\"><label class=\"wpforms-field-label wpforms-label-hide\" for=\"wpforms-218-field_4\">Phone <span class=\"wpforms-required-label\">*<\/span><\/label><input type=\"text\" id=\"wpforms-218-field_4\" class=\"wpforms-field-large wpforms-field-required\" name=\"wpforms[fields][4]\" placeholder=\"Phone\" required><\/div><div id=\"wpforms-218-field_3-container\" class=\"wpforms-field wpforms-field-textarea\" data-field-id=\"3\"><label class=\"wpforms-field-label wpforms-label-hide\" for=\"wpforms-218-field_3\">Message<\/label><textarea id=\"wpforms-218-field_3\" class=\"wpforms-field-small\" name=\"wpforms[fields][3]\" placeholder=\"message\" ><\/textarea><\/div><div id=\"wpforms-218-field_13-container\" class=\"wpforms-field wpforms-field-checkbox\" data-field-id=\"13\"><label class=\"wpforms-field-label wpforms-label-hide\">Privacy Policy <span class=\"wpforms-required-label\">*<\/span><\/label><ul id=\"wpforms-218-field_13\" class=\"wpforms-field-required\"><li class=\"choice-1 depth-1\"><input type=\"checkbox\" id=\"wpforms-218-field_13_1\" name=\"wpforms[fields][13][]\" value=\"I consent to the processing of my personal data for marketing and commercial purposes and I agree to the use of terminal equipment for direct marketing purposes.&lt;a href=&quot;https:\/\/www.mobilbox.pl\/polityka-prywatnosci\/&quot;&gt;See more&lt;\/a&gt;\" required ><label class=\"wpforms-field-label-inline\" for=\"wpforms-218-field_13_1\">I consent to the processing of my personal data for marketing and commercial purposes and I agree to the use of terminal equipment for direct marketing purposes.<a href=\"https:\/\/www.mobilbox.pl\/polityka-prywatnosci\/\">See more<\/a><\/label><\/li><\/ul><\/div><\/div><!-- .wpforms-field-container --><div class=\"wpforms-field wpforms-field-hp\"><label for=\"wpforms-218-field-hp\" class=\"wpforms-field-label\">Website<\/label><input type=\"text\" name=\"wpforms[hp]\" id=\"wpforms-218-field-hp\" class=\"wpforms-field-medium\"><\/div><div class=\"wpforms-submit-container\" ><input type=\"hidden\" name=\"wpforms[id]\" value=\"218\"><input type=\"hidden\" name=\"page_title\" value=\"\"><input type=\"hidden\" name=\"page_url\" value=\"https:\/\/mobilbox.pl\/en\/wp-json\/wp\/v2\/pages\/4896\"><input type=\"hidden\" name=\"url_referer\" value=\"\"><button type=\"submit\" name=\"wpforms[submit]\" id=\"wpforms-submit-218\" class=\"wpforms-submit\" data-alt-text=\"Sending\" data-submit-text=\"Send\" aria-live=\"assertive\" value=\"wpforms-submit\">Send<\/button><\/div><\/form><\/div>  <!-- .wpforms-container -->    <\/div>\n<\/div>\n<!-- \/module text -->        <\/div>\n                    <div  data-lazy=\"1\" class=\"module_column sub_column col4-1 tb_a6jq181 last\">\n                            <\/div>\n                    <\/div>\n                <\/div>\n                        <\/div>\n        <\/div>\n                        <div  data-css_id=\"xxr4551\" data-lazy=\"1\" class=\"module_row themify_builder_row fullwidth_row_container tb_xxr4551 tf_w\">\n                        <div class=\"row_inner col_align_top tb_col_count_1 tf_box tf_rel\">\n                        <div  data-lazy=\"1\" class=\"module_column tb-column col-full tb_vvjc094 first\">\n                    <!-- module template_part -->\n<div  class=\"module module-layout-part tb_iwh5099 \">\n    <\/div>\n<!-- \/module template_part -->        <\/div>\n                        <\/div>\n        <\/div>\n        <\/div>\n<!--\/themify_builder_content-->","protected":false},"excerpt":{"rendered":"<p>CONTAINER MX 20 behind the water tank \u00a0 A container equipped with a water tank is a solution that allows you to store water in places where there is no access to the water supply network. Thanks to its large tank capacity, the container ensures independence and self-sufficiency in access to clean water, regardless of [&hellip;]<\/p>\n","protected":false},"author":3,"featured_media":0,"parent":12,"menu_order":0,"comment_status":"closed","ping_status":"closed","template":"","meta":{"footnotes":""},"class_list":["post-4896","page","type-page","status-publish","hentry","has-post-title","has-post-date","has-post-category","has-post-tag","has-post-comment","has-post-author",""],"builder_content":"<h1>CONTAINER WITH A WATER TANK<br\/>DOR RENT<\/h1>\n<img src=\"http:\/\/mobilbox.pl\/en\/wp-content\/uploads\/2024\/07\/container-with-a-water-tank.jpg\" width=\"482\" height=\"362\" title=\"Container with a water tank for rent\" alt=\"Container with a water tank for rent\">\n<h2 style=\"text-align: center;\"><strong>CONTAINER MX 20 behind the water tank<\/strong><\/h2> \u00a0 <strong>A container equipped with a water tank<\/strong> is a solution that allows you to store water in places where there is no access to the water supply network. Thanks to its large tank capacity, the container ensures independence and self-sufficiency in access to clean water, regardless of whether it is a remote plot of land, a recreational area or a place affected by a natural disaster. Thanks to its mobility and durable structure, the container can be easily transported and installed in various places according to the user's needs. A container with a water tank can also be used as permanent infrastructure in places where the construction of a traditional water supply network is unprofitable or impossible to implement. It is possible to install a tank with a different capacity and with a PZH certificate for storing drinking water.\n\u00a0 <h2 align=\"center\"><strong>TECHNICAL SPECIFICATIONS<\/strong><\/h2> \u00a0 <p><strong>CONSTRUCTION:<\/strong><\/p> <p>Double-leaf doors open in the middle, locked from the outside with a bolt lock.<\/p> <p>The container is insulated from the inside with a thin, multi-reflective, multi-layer insulation system, equipped with a tank with a hydrophore pump.<\/p> <p><strong>ELECTRICAL INSTALLATION:<\/strong><\/p> <ul> <li>installation connection based on a 5 x 32 A power socket,<\/li> <li>lighting installation 2 x 18 W LED fluorescent lamp, switch,<\/li> <li>4 x 230 V socket, sockets: 32 A, 16 A.<\/li> <\/ul> <p><strong>HEATING SYSTEM:<\/strong><\/p> <p>electric heater 2000 W<\/p> <p>* Tank intended for rainwater and process water.<\/p>\n<a href=\"https:\/\/mobilbox.pl\/wp-content\/uploads\/2024\/05\/kontener-ze-zbiornikiem-na-wode-2.jpg\"> <img src=\"http:\/\/mobilbox.pl\/en\/wp-content\/uploads\/2024\/07\/Container-with-a-water-tank-1.jpg\" width=\"852\" height=\"388\" title=\"Container with a water tank for rent\" alt=\"Container with a water tank for rent\"> <\/a>\n<p style=\"text-align: center;\" align=\"justify\">CONTAINER WITH WATER TANK<\/p>\n<a href=\"tel:+48691549335\"> <em ><svg xmlns:xlink=\"http:\/\/www.w3.org\/1999\/xlink\" aria-hidden=\"true\"><use href=\"#tf-fas-mobile-alt\" xlink:href=\"#tf-fas-mobile-alt\"><\/use><\/svg><\/em> CONTAINER with tank: 691 549 335 <\/a>\n<h2>Container with a water tank<\/h2>\n[gallery ids=\"4804,4803,4802,4805\"]\n<h2><strong>WRITE TO US<\/strong><br\/><\/h2>\n<p style=\"text-align: center;\">For the container and accessory prices, please complete this inquiry form!<\/p> <p>[wpforms id=\"218\" title=\"false\" description=\"false\"]<\/p>","_links":{"self":[{"href":"https:\/\/mobilbox.pl\/en\/wp-json\/wp\/v2\/pages\/4896","targetHints":{"allow":["GET"]}}],"collection":[{"href":"https:\/\/mobilbox.pl\/en\/wp-json\/wp\/v2\/pages"}],"about":[{"href":"https:\/\/mobilbox.pl\/en\/wp-json\/wp\/v2\/types\/page"}],"author":[{"embeddable":true,"href":"https:\/\/mobilbox.pl\/en\/wp-json\/wp\/v2\/users\/3"}],"replies":[{"embeddable":true,"href":"https:\/\/mobilbox.pl\/en\/wp-json\/wp\/v2\/comments?post=4896"}],"version-history":[{"count":0,"href":"https:\/\/mobilbox.pl\/en\/wp-json\/wp\/v2\/pages\/4896\/revisions"}],"up":[{"embeddable":true,"href":"https:\/\/mobilbox.pl\/en\/wp-json\/wp\/v2\/pages\/12"}],"wp:attachment":[{"href":"https:\/\/mobilbox.pl\/en\/wp-json\/wp\/v2\/media?parent=4896"}],"curies":[{"name":"wp","href":"https:\/\/api.w.org\/{rel}","templated":true}]}}