{"id":5691,"date":"2025-05-20T13:41:21","date_gmt":"2025-05-20T11:41:21","guid":{"rendered":"https:\/\/mobilbox.pl\/en\/?page_id=5691"},"modified":"2025-05-21T10:20:47","modified_gmt":"2025-05-21T08:20:47","slug":"container-kitchen","status":"publish","type":"page","link":"https:\/\/mobilbox.pl\/en\/modular-building\/container-kitchen\/","title":{"rendered":"CONTAINER KITCHEN"},"content":{"rendered":"<!--themify_builder_content-->\n<div id=\"themify_builder_content-5691\" data-postid=\"5691\" class=\"themify_builder_content themify_builder_content-5691 themify_builder tf_clear\">\n                    <div  data-lazy=\"1\" class=\"module_row themify_builder_row tb_uasi914 tb_first tf_w\">\n                        <div class=\"row_inner col_align_top tb_col_count_1 tf_box tf_rel\">\n                        <div  data-lazy=\"1\" class=\"module_column tb-column col-full tb_a2s2914 first\">\n                    <!-- module fancy heading -->\n<div  class=\"module module-fancy-heading tb_n9wo914 \" data-lazy=\"1\">\n        <h1 class=\"fancy-heading tf_textc\">\n    <span class=\"main-head tf_block\">\n                    CONTAINER KITCHEN            <\/span>\n\n    \n    <span class=\"sub-head tf_block tf_rel\">\n                                <\/span>\n    <\/h1>\n<\/div>\n<!-- \/module fancy heading -->\n        <\/div>\n                        <\/div>\n        <\/div>\n                        <div  data-css_id=\"nk70914\" data-lazy=\"1\" class=\"module_row themify_builder_row fullwidth_row_container tb_nk70914 tf_w\">\n                        <div class=\"row_inner col_align_top tb_col_count_2 tf_box tf_rel\">\n                        <div  data-lazy=\"1\" class=\"module_column tb-column col4-2 tb_qy1k914 first\">\n                    <!-- module text -->\n<div  class=\"module module-text tb_zyh7914   \" data-lazy=\"1\">\n        <div  class=\"tb_text_wrap\">\n        <h2><span style=\"color: #ff0000;\">Container kitchen<\/span><\/h2>\n<p><strong>Container kitchen \u2013 a facility made of container modules designed for use in workplaces, tourist resorts or camping sites.<\/strong> It is often the only place where you can heat up or eat a meal. Below in the photos is an example of a container kitchen, made of DUO containers, i.e. two containers connected by long sides, equipped with several stations for preparing and heating a meal.<\/p>\n<h3><span style=\"color: #ff0000;\">Kitchen equipment from containers<\/span><\/h3>\n<ul>\n<li>sink cabinet<\/li>\n<li>kitchen worktop<\/li>\n<li>electric stove<\/li>\n<li>cooker hood<\/li>\n<\/ul>\n<p><strong>The container kitchen<\/strong> is equipped with electric heaters, electrical installation and windows with roller shutters. The container flashings mask the place where the containers connect. Exhaust grilles are installed on the external wall of the container.<\/p>    <\/div>\n<\/div>\n<!-- \/module text -->        <\/div>\n                    <div  data-lazy=\"1\" class=\"module_column tb-column col4-2 tb_bhvt914 last\">\n                    <!-- module image -->\n<div  class=\"module module-image tb_itwj914 image-top   tf_mw\" data-lazy=\"1\">\n        <div class=\"image-wrap tf_rel tf_mw\">\n            <img loading=\"lazy\" decoding=\"async\" src=\"http:\/\/mobilbox.pl\/en\/wp-content\/uploads\/2025\/05\/kitchen-container.jpg\" width=\"561\" height=\"292\" title=\"CONTAINER KITCHEN\" alt=\"CONTAINER KITCHEN\">    \n        <\/div>\n    <!-- \/image-wrap -->\n    \n        <\/div>\n<!-- \/module image --><!-- module text -->\n<div  class=\"module module-text tb_93k5914   \" data-lazy=\"1\">\n        <div  class=\"tb_text_wrap\">\n        <ul>\n<li>KITCHEN made of containers<\/li>\n<li><span style=\"font-weight: bold;\">Equipment adapted to the number of users<\/span><\/li>\n<li>Space adapted to your needs<\/li>\n<li><span style=\"font-weight: bold;\">Sale or rental of a container kitchen<\/span><\/li>\n<li>Comfortable social space<\/li>\n<\/ul>    <\/div>\n<\/div>\n<!-- \/module text -->        <\/div>\n                        <\/div>\n        <\/div>\n                        <div  data-lazy=\"1\" class=\"module_row themify_builder_row tb_rwqj914 tf_w\">\n                        <div class=\"row_inner col_align_top tb_col_count_1 tf_box tf_rel\">\n                        <div  data-lazy=\"1\" class=\"module_column tb-column col-full tb_b3uu914 first\">\n                    <!-- module text -->\n<div  class=\"module module-text tb_9giy473   \" data-lazy=\"1\">\n        <div  class=\"tb_text_wrap\">\n        <h2><span style=\"color: #ff0000;\">GALLERY<\/span><\/h2>    <\/div>\n<\/div>\n<!-- \/module text --><!-- module gallery -->\n<div  class=\"module gallery module-gallery tb_3p5f542 layout-grid  \" data-lazy=\"1\">\n    <div class=\"module-gallery-grid\" style=\"--gald:4;--galt:4;--galm:1\">\n            <dl class=\"gallery-item\">\n            <dt class=\"gallery-icon\">\n            <a data-title=\"no\" title=\"\" href=\"https:\/\/mobilbox.pl\/en\/wp-content\/uploads\/2025\/05\/kitchen-container-1.jpg\" data-rel=\"tb_3p5f542\" class=\"themify_lightbox\"><img loading=\"lazy\" decoding=\"async\" src=\"https:\/\/mobilbox.pl\/en\/wp-content\/uploads\/2025\/05\/kitchen-container-1-300x200.jpg\" width=\"300\" height=\"200\" class=\"wp-post-image wp-image-5706\" title=\"kitchen-container-1\" alt=\"kitchen-container-1\"><\/a>            <\/dt>\n                    <\/dl>\n            <dl class=\"gallery-item\">\n            <dt class=\"gallery-icon\">\n            <a data-title=\"no\" title=\"\" href=\"https:\/\/mobilbox.pl\/en\/wp-content\/uploads\/2025\/05\/kitchen-container-2.jpeg\" data-rel=\"tb_3p5f542\" class=\"themify_lightbox\"><img loading=\"lazy\" decoding=\"async\" src=\"https:\/\/mobilbox.pl\/en\/wp-content\/uploads\/2025\/05\/kitchen-container-2-300x200.jpeg\" width=\"300\" height=\"200\" class=\"wp-post-image wp-image-5707\" title=\"kitchen-container-2\" alt=\"kitchen-container-2\"><\/a>            <\/dt>\n                    <\/dl>\n            <dl class=\"gallery-item\">\n            <dt class=\"gallery-icon\">\n            <a data-title=\"no\" title=\"\" href=\"https:\/\/mobilbox.pl\/en\/wp-content\/uploads\/2025\/05\/kitchen-container-3.jpeg\" data-rel=\"tb_3p5f542\" class=\"themify_lightbox\"><img loading=\"lazy\" decoding=\"async\" src=\"https:\/\/mobilbox.pl\/en\/wp-content\/uploads\/2025\/05\/kitchen-container-3-300x200.jpeg\" width=\"300\" height=\"200\" class=\"wp-post-image wp-image-5708\" title=\"kitchen-container-3\" alt=\"kitchen-container-3\"><\/a>            <\/dt>\n                    <\/dl>\n            <dl class=\"gallery-item\">\n            <dt class=\"gallery-icon\">\n            <a data-title=\"no\" title=\"\" href=\"https:\/\/mobilbox.pl\/en\/wp-content\/uploads\/2025\/05\/kitchen-container.jpg\" data-rel=\"tb_3p5f542\" class=\"themify_lightbox\"><img loading=\"lazy\" decoding=\"async\" src=\"https:\/\/mobilbox.pl\/en\/wp-content\/uploads\/2025\/05\/kitchen-container-300x200.jpg\" width=\"300\" height=\"200\" class=\"wp-post-image wp-image-5698\" title=\"kitchen-container\" alt=\"kitchen-container\"><\/a>            <\/dt>\n                    <\/dl>\n    <\/div>\n<\/div>\n<!-- \/module gallery -->        <\/div>\n                        <\/div>\n        <\/div>\n                        <div  data-css_id=\"ok9u914\" data-lazy=\"1\" class=\"module_row themify_builder_row fullwidth_row_container tb_ok9u914 tf_w\">\n                        <div class=\"row_inner col_align_top gutter-none tb_col_count_2 tf_box tf_rel\">\n                        <div  data-lazy=\"1\" class=\"module_column tb-column col4-2 tb_gz3a914 first\">\n                    <!-- module text -->\n<div  class=\"module module-text tb_d0k2914   \" data-lazy=\"1\">\n        <div  class=\"tb_text_wrap\">\n        <p style=\"text-align: left;\">Looking for a container kitchen? Check out our offer \u2013 modern, functional, ready to use!<\/p>    <\/div>\n<\/div>\n<!-- \/module text -->        <\/div>\n                    <div  data-lazy=\"1\" class=\"module_column tb-column col4-2 tb_i9cs914 last\">\n                    <!-- module icon -->\n<div  class=\"module module-icon tb_hd5h914  xlarge  icon_horizontal \" data-lazy=\"1\">\n\t\t\t<div class=\"module-icon-item\">\n\t\t\t\t\t\t\t<a href=\"tel:+48885451885\">\n\t\t\t\t\t\t\t\t\t\t\t\t\t\t\t\t\t\t\t\t\t\t\t\t\t\t\t<span>Ask about the price of a container kitchen: <br>+48 885 451 885<\/span>\n\t\t\t\t\t\t\t\t\t\t\t\t\t\t\t\t\t<\/a>\n\t\t\t\t\t<\/div>\n\t<\/div>\n<!-- \/module icon -->\n        <\/div>\n                        <\/div>\n        <\/div>\n                        <div  data-css_id=\"c07i914\" data-lazy=\"1\" class=\"module_row themify_builder_row fullwidth_row_container tb_c07i914 tf_w\">\n                        <div class=\"row_inner col_align_top tb_col_count_1 tf_box tf_rel\">\n                        <div  data-lazy=\"1\" class=\"module_column tb-column col-full tb_hwmm914 first\">\n                    <!-- module text -->\n<div  class=\"module module-text tb_at4w914   \" data-lazy=\"1\">\n        <div  class=\"tb_text_wrap\">\n        <h2><span style=\"color: #ff0000;\">Modular kitchen<\/span><\/h2>    <\/div>\n<\/div>\n<!-- \/module text -->        <\/div>\n                        <\/div>\n        <\/div>\n                        <div  data-css_id=\"um8q914\" data-lazy=\"1\" class=\"module_row themify_builder_row fullwidth_row_container tb_um8q914 tf_w\">\n                        <div class=\"row_inner col_align_top tb_col_count_1 tf_box tf_rel\">\n                        <div  data-lazy=\"1\" class=\"module_column tb-column col-full tb_udjs914 first\">\n                    <!-- module text -->\n<div  class=\"module module-text tb_i25j914   \" data-lazy=\"1\">\n        <div  class=\"tb_text_wrap\">\n        <h3><span style=\"color: #ff0000;\">How to equip a container kitchen?<\/span><\/h3>\n<p><span style=\"font-weight: bold;\">A social room such as a container kitchen<\/span> should always be planned and adapted in terms of size and type of equipment for a specific number of people. Such a kitchen can be made of one or several containers connected to each other.<\/p>\n<h3><span style=\"color: #ff0000;\">Suggested kitchen equipment from containers<\/span><\/h3>\n<ul>\n<li>Electric cookers<\/li>\n<li>Cabinets<\/li>\n<li>Coffee machine<\/li>\n<li>Water dispenser<\/li>\n<\/ul>\n<p>More in the <strong>furniture for rent section<\/strong><\/p>    <\/div>\n<\/div>\n<!-- \/module text -->        <\/div>\n                        <\/div>\n        <\/div>\n                        <div  data-css_id=\"qznk111\" data-lazy=\"1\" class=\"module_row themify_builder_row fullwidth tb_qznk111 tf_w\">\n                        <div class=\"row_inner col_align_top tb_col_count_1 tf_box tf_rel\">\n                        <div  data-lazy=\"1\" class=\"module_column tb-column col-full tb_x7mj111 first\">\n                    <!-- module template_part -->\n<div  class=\"module module-layout-part tb_4lj4557 \">\n    <div class=\"tb_layout_part_wrap tf_w\"><!--themify_builder_content-->\n    <div  class=\"themify_builder_content themify_builder_content-3434 themify_builder not_editable_builder in_the_loop\" data-postid=\"3434\">\n                        <div  data-parallax-bg=\"desktop\" data-css_id=\"954db0e\" data-lazy=\"1\" class=\"module_row themify_builder_row fullwidth_row_container tb_954db0e tf_w\">\n            <span  class=\"builder_row_cover tf_abs\" data-lazy=\"1\"><\/span>            <div class=\"row_inner col_align_top tb_col_count_1 tf_box tf_rel\">\n                        <div  data-lazy=\"1\" class=\"module_column tb-column col-full tb_72ce1e6 first\">\n                            <div  data-lazy=\"1\" class=\"module_subrow themify_builder_sub_row tf_w col_align_top tb_col_count_3 tb_e535d5a\">\n                <div  data-lazy=\"1\" class=\"module_column sub_column col4-1 tb_d6ff275 first\">\n                            <\/div>\n                    <div  data-lazy=\"1\" class=\"module_column sub_column col4-2 tb_529f46c\">\n                    <!-- module fancy heading -->\n<div  class=\"module module-fancy-heading tb_cfaf205 \" data-lazy=\"1\">\n        <h2 class=\"fancy-heading tf_textc\">\n    <span class=\"main-head tf_block\">\n                    <strong>WRITE TO US<\/strong>            <\/span>\n\n    \n    <span class=\"sub-head tf_block tf_rel\">\n                                <\/span>\n    <\/h2>\n<\/div>\n<!-- \/module fancy heading -->\n<!-- module text -->\n<div  class=\"module module-text tb_8d9d061   \" data-lazy=\"1\">\n        <div  class=\"tb_text_wrap\">\n        <p>For the container and accessory prices, please complete this inquiry form!!<\/p><div class=\"wpforms-container wpforms-container-full\" id=\"wpforms-218\"><form id=\"wpforms-form-218\" class=\"wpforms-validate wpforms-form\" data-formid=\"218\" method=\"post\" enctype=\"multipart\/form-data\" action=\"\/en\/wp-json\/wp\/v2\/pages\/5691\" data-token=\"5eaf069dabd1d11d8bed11f5ec142dce\" data-token-time=\"1775831869\"><noscript class=\"wpforms-error-noscript\">Aby wype\u0142ni\u0107 ten formularz, w\u0142\u0105cz obs\u0142ug\u0119 JavaScript w przegl\u0105darce.<\/noscript><div class=\"wpforms-field-container\"><div id=\"wpforms-218-field_5-container\" class=\"wpforms-field wpforms-field-hidden\" data-field-id=\"5\"><input type=\"hidden\" id=\"wpforms-218-field_5\" name=\"wpforms[fields][5]\" value=\"https:\/\/mobilbox.pl\/en\/wp-json\/wp\/v2\/pages\/5691\"><\/div><div id=\"wpforms-218-field_2-container\" class=\"wpforms-field wpforms-field-text newsletter2\" data-field-id=\"2\"><label class=\"wpforms-field-label wpforms-label-hide\" for=\"wpforms-218-field_2\">Imi\u0119 i nazwisko<\/label><input type=\"text\" id=\"wpforms-218-field_2\" class=\"wpforms-field-large\" name=\"wpforms[fields][2]\" placeholder=\"Name \/ Company name\" ><\/div><div id=\"wpforms-218-field_1-container\" class=\"wpforms-field wpforms-field-email wpforms-one-half\" data-field-id=\"1\"><label class=\"wpforms-field-label wpforms-label-hide\" for=\"wpforms-218-field_1\">Email <span class=\"wpforms-required-label\">*<\/span><\/label><input type=\"email\" id=\"wpforms-218-field_1\" class=\"wpforms-field-large wpforms-field-required\" name=\"wpforms[fields][1]\" placeholder=\"Email\" spellcheck=\"false\" required><\/div><div id=\"wpforms-218-field_4-container\" class=\"wpforms-field wpforms-field-text wpforms-one-half\" data-field-id=\"4\"><label class=\"wpforms-field-label wpforms-label-hide\" for=\"wpforms-218-field_4\">Phone <span class=\"wpforms-required-label\">*<\/span><\/label><input type=\"text\" id=\"wpforms-218-field_4\" class=\"wpforms-field-large wpforms-field-required\" name=\"wpforms[fields][4]\" placeholder=\"Phone\" required><\/div><div id=\"wpforms-218-field_3-container\" class=\"wpforms-field wpforms-field-textarea\" data-field-id=\"3\"><label class=\"wpforms-field-label wpforms-label-hide\" for=\"wpforms-218-field_3\">Message<\/label><textarea id=\"wpforms-218-field_3\" class=\"wpforms-field-small\" name=\"wpforms[fields][3]\" placeholder=\"message\" ><\/textarea><\/div><div id=\"wpforms-218-field_13-container\" class=\"wpforms-field wpforms-field-checkbox\" data-field-id=\"13\"><label class=\"wpforms-field-label wpforms-label-hide\">Privacy Policy <span class=\"wpforms-required-label\">*<\/span><\/label><ul id=\"wpforms-218-field_13\" class=\"wpforms-field-required\"><li class=\"choice-1 depth-1\"><input type=\"checkbox\" id=\"wpforms-218-field_13_1\" name=\"wpforms[fields][13][]\" value=\"I consent to the processing of my personal data for marketing and commercial purposes and I agree to the use of terminal equipment for direct marketing purposes.&lt;a href=&quot;https:\/\/www.mobilbox.pl\/polityka-prywatnosci\/&quot;&gt;See more&lt;\/a&gt;\" required ><label class=\"wpforms-field-label-inline\" for=\"wpforms-218-field_13_1\">I consent to the processing of my personal data for marketing and commercial purposes and I agree to the use of terminal equipment for direct marketing purposes.<a href=\"https:\/\/www.mobilbox.pl\/polityka-prywatnosci\/\">See more<\/a><\/label><\/li><\/ul><\/div><\/div><!-- .wpforms-field-container --><div class=\"wpforms-field wpforms-field-hp\"><label for=\"wpforms-218-field-hp\" class=\"wpforms-field-label\">Email<\/label><input type=\"text\" name=\"wpforms[hp]\" id=\"wpforms-218-field-hp\" class=\"wpforms-field-medium\"><\/div><div class=\"wpforms-submit-container\" ><input type=\"hidden\" name=\"wpforms[id]\" value=\"218\"><input type=\"hidden\" name=\"page_title\" value=\"\"><input type=\"hidden\" name=\"page_url\" value=\"https:\/\/mobilbox.pl\/en\/wp-json\/wp\/v2\/pages\/5691\"><input type=\"hidden\" name=\"url_referer\" value=\"\"><button type=\"submit\" name=\"wpforms[submit]\" id=\"wpforms-submit-218\" class=\"wpforms-submit\" data-alt-text=\"Sending\" data-submit-text=\"Send\" aria-live=\"assertive\" value=\"wpforms-submit\">Send<\/button><\/div><\/form><\/div>  <!-- .wpforms-container -->    <\/div>\n<\/div>\n<!-- \/module text -->        <\/div>\n                    <div  data-lazy=\"1\" class=\"module_column sub_column col4-1 tb_75fc40c last\">\n                            <\/div>\n                    <\/div>\n                <\/div>\n                        <\/div>\n        <\/div>\n            <\/div>\n<!--\/themify_builder_content--><\/div>\n<\/div>\n<!-- \/module template_part -->        <\/div>\n                        <\/div>\n        <\/div>\n        <\/div>\n<!--\/themify_builder_content-->","protected":false},"excerpt":{"rendered":"<p>Container kitchen Container kitchen \u2013 a facility made of container modules designed for use in workplaces, tourist resorts or camping sites. It is often the only place where you can heat up or eat a meal. Below in the photos is an example of a container kitchen, made of DUO containers, i.e. two containers connected [&hellip;]<\/p>\n","protected":false},"author":3,"featured_media":0,"parent":4263,"menu_order":0,"comment_status":"closed","ping_status":"closed","template":"","meta":{"footnotes":""},"class_list":["post-5691","page","type-page","status-publish","hentry","has-post-title","has-post-date","has-post-category","has-post-tag","has-post-comment","has-post-author",""],"builder_content":"<h1>CONTAINER KITCHEN<br\/><\/h1>\n<h2>Container kitchen<\/h2> <p><strong>Container kitchen \u2013 a facility made of container modules designed for use in workplaces, tourist resorts or camping sites.<\/strong> It is often the only place where you can heat up or eat a meal. Below in the photos is an example of a container kitchen, made of DUO containers, i.e. two containers connected by long sides, equipped with several stations for preparing and heating a meal.<\/p> <h3>Kitchen equipment from containers<\/h3> <ul> <li>sink cabinet<\/li> <li>kitchen worktop<\/li> <li>electric stove<\/li> <li>cooker hood<\/li> <\/ul> <p><strong>The container kitchen<\/strong> is equipped with electric heaters, electrical installation and windows with roller shutters. The container flashings mask the place where the containers connect. Exhaust grilles are installed on the external wall of the container.<\/p>\n<img src=\"http:\/\/mobilbox.pl\/en\/wp-content\/uploads\/2025\/05\/kitchen-container.jpg\" width=\"561\" height=\"292\" title=\"CONTAINER KITCHEN\" alt=\"CONTAINER KITCHEN\">\n<ul> <li>KITCHEN made of containers<\/li> <li>Equipment adapted to the number of users<\/li> <li>Space adapted to your needs<\/li> <li>Sale or rental of a container kitchen<\/li> <li>Comfortable social space<\/li> <\/ul>\n<h2>GALLERY<\/h2>\n[gallery path=\"https:\/\/mobilbox.pl\/wp-content\/uploads\/2023\/02\/Pomieszczenie_socjalne_kuchnia_pawilon_handlowy.jpg,https:\/\/mobilbox.pl\/wp-content\/uploads\/2022\/08\/kuchnia-kontenerowa-4.jpeg,https:\/\/mobilbox.pl\/wp-content\/uploads\/2022\/08\/kuchnia-kontenerowa-2.jpg\" display=\"masonry\" wpmf_folder_id=\"0\" ids=\"5706,5707,5708,5698\"]\n<p style=\"text-align: left;\">Looking for a container kitchen? Check out our offer \u2013 modern, functional, ready to use!<\/p>\n<a href=\"tel:+48885451885\"> Ask about the price of a container kitchen: <br>+48 885 451 885 <\/a>\n<h2>Modular kitchen<\/h2>\n<h3>How to equip a container kitchen?<\/h3> <p>A social room such as a container kitchen should always be planned and adapted in terms of size and type of equipment for a specific number of people. Such a kitchen can be made of one or several containers connected to each other.<\/p> <h3>Suggested kitchen equipment from containers<\/h3> <ul> <li>Electric cookers<\/li> <li>Cabinets<\/li> <li>Coffee machine<\/li> <li>Water dispenser<\/li> <\/ul> <p>More in the <strong>furniture for rent section<\/strong><\/p>","_links":{"self":[{"href":"https:\/\/mobilbox.pl\/en\/wp-json\/wp\/v2\/pages\/5691","targetHints":{"allow":["GET"]}}],"collection":[{"href":"https:\/\/mobilbox.pl\/en\/wp-json\/wp\/v2\/pages"}],"about":[{"href":"https:\/\/mobilbox.pl\/en\/wp-json\/wp\/v2\/types\/page"}],"author":[{"embeddable":true,"href":"https:\/\/mobilbox.pl\/en\/wp-json\/wp\/v2\/users\/3"}],"replies":[{"embeddable":true,"href":"https:\/\/mobilbox.pl\/en\/wp-json\/wp\/v2\/comments?post=5691"}],"version-history":[{"count":0,"href":"https:\/\/mobilbox.pl\/en\/wp-json\/wp\/v2\/pages\/5691\/revisions"}],"up":[{"embeddable":true,"href":"https:\/\/mobilbox.pl\/en\/wp-json\/wp\/v2\/pages\/4263"}],"wp:attachment":[{"href":"https:\/\/mobilbox.pl\/en\/wp-json\/wp\/v2\/media?parent=5691"}],"curies":[{"name":"wp","href":"https:\/\/api.w.org\/{rel}","templated":true}]}}