{"id":5730,"date":"2025-05-21T09:26:52","date_gmt":"2025-05-21T07:26:52","guid":{"rendered":"https:\/\/mobilbox.pl\/en\/?page_id=5730"},"modified":"2025-05-21T10:19:48","modified_gmt":"2025-05-21T08:19:48","slug":"employee-cloakroom","status":"publish","type":"page","link":"https:\/\/mobilbox.pl\/en\/modular-building\/employee-cloakroom\/","title":{"rendered":"EMPLOYEE CLOAKROOM"},"content":{"rendered":"<!--themify_builder_content-->\n<div id=\"themify_builder_content-5730\" data-postid=\"5730\" class=\"themify_builder_content themify_builder_content-5730 themify_builder tf_clear\">\n                    <div  data-lazy=\"1\" class=\"module_row themify_builder_row tb_922q290 tb_first tf_w\">\n                        <div class=\"row_inner col_align_top tb_col_count_1 tf_box tf_rel\">\n                        <div  data-lazy=\"1\" class=\"module_column tb-column col-full tb_7qgc290 first\">\n                    <!-- module fancy heading -->\n<div  class=\"module module-fancy-heading tb_fndz290 \" data-lazy=\"1\">\n        <h1 class=\"fancy-heading tf_textc\">\n    <span class=\"main-head tf_block\">\n                    EMPLOYEE CLOAKROOM            <\/span>\n\n    \n    <span class=\"sub-head tf_block tf_rel\">\n                    container locker room            <\/span>\n    <\/h1>\n<\/div>\n<!-- \/module fancy heading -->\n        <\/div>\n                        <\/div>\n        <\/div>\n                        <div  data-css_id=\"4fzh290\" data-lazy=\"1\" class=\"module_row themify_builder_row fullwidth_row_container tb_4fzh290 tf_w\">\n                        <div class=\"row_inner col_align_middle tb_col_count_2 tf_box tf_rel\">\n                        <div  data-lazy=\"1\" class=\"module_column tb-column col4-2 tb_r4ub290 first\">\n                    <!-- module text -->\n<div  class=\"module module-text tb_0q60290   \" data-lazy=\"1\">\n        <div  class=\"tb_text_wrap\">\n        <h2><span style=\"color: #ff0000;\">Container employee cloakroom<\/span><\/h2>\n<p><strong>A cloakroom<\/strong> is a place that is supposed to provide <span style=\"font-weight: bold;\">safe storage for clothing, personal items, and often food.<\/span> Its size and equipment should be adapted to the number of people using it.<\/p>\n<p><span style=\"font-weight: bold;\">A worker&#8217;s changing room made of container modules<\/span> is placed on the premises <span style=\"font-weight: bold;\">of a production plant, factory<\/span> or in the vicinity of <span style=\"font-weight: bold;\">a construction investment<\/span>. It is often the first place where employees meet, talk in a group, immediately before starting work, and after changing, go to their workstations. Such a place should guarantee comfortable and free conditions for changing clothes and communication and protect things left in it. A modular changing room facility is only part of the planned implementation . It is required to equip the facility with appropriate changing room equipment.<\/p>    <\/div>\n<\/div>\n<!-- \/module text -->        <\/div>\n                    <div  data-lazy=\"1\" class=\"module_column tb-column col4-2 tb_s89t290 last\">\n                    <!-- module text -->\n<div  class=\"module module-text tb_yqxr290   \" data-lazy=\"1\">\n        <div  class=\"tb_text_wrap\">\n        <ul>\n<li><strong>EMPLOYEE CLOAKROOM made of containers<\/strong><\/li>\n<li>Locker room furniture matched to the number of employees<\/li>\n<li>LOCKER ROOM area adapted to your needs<\/li>\n<li><strong>Sale or rental of EMPLOYEE CLOAKROOM<\/strong><\/li>\n<li>Comfortable space for changing clothes<\/li>\n<\/ul>    <\/div>\n<\/div>\n<!-- \/module text -->        <\/div>\n                        <\/div>\n        <\/div>\n                        <div  data-lazy=\"1\" class=\"module_row themify_builder_row tb_0gw2290 tf_w\">\n                        <div class=\"row_inner col_align_top tb_col_count_1 tf_box tf_rel\">\n                        <div  data-lazy=\"1\" class=\"module_column tb-column col-full tb_h4en290 first\">\n                    <!-- module text -->\n<div  class=\"module module-text tb_oiye821   \" data-lazy=\"1\">\n        <div  class=\"tb_text_wrap\">\n        <h2><span style=\"color: #ff0000;\">Gallery<\/span><\/h2>    <\/div>\n<\/div>\n<!-- \/module text --><!-- module gallery -->\n<div  class=\"module gallery module-gallery tb_yxln702 layout-grid  \" data-lazy=\"1\">\n    <div class=\"module-gallery-grid\" style=\"--gald:2;--galt:1;--galm:1\">\n            <dl class=\"gallery-item\">\n            <dt class=\"gallery-icon\">\n            <a data-title=\"no\" title=\"\" href=\"https:\/\/mobilbox.pl\/en\/wp-content\/uploads\/2025\/05\/Container-employee-cloakroom.jpg\" data-rel=\"tb_yxln702\" class=\"themify_lightbox\"><img loading=\"lazy\" decoding=\"async\" width=\"1200\" height=\"675\" src=\"https:\/\/mobilbox.pl\/en\/wp-content\/uploads\/2025\/05\/Container-employee-cloakroom.jpg\" class=\"wp-post-image wp-image-5735\" title=\"Container-employee-cloakroom\" alt=\"Container-employee-cloakroom\" srcset=\"https:\/\/mobilbox.pl\/en\/wp-content\/uploads\/2025\/05\/Container-employee-cloakroom.jpg 1200w, https:\/\/mobilbox.pl\/en\/wp-content\/uploads\/2025\/05\/Container-employee-cloakroom-300x169.jpg 300w, https:\/\/mobilbox.pl\/en\/wp-content\/uploads\/2025\/05\/Container-employee-cloakroom-1024x576.jpg 1024w, https:\/\/mobilbox.pl\/en\/wp-content\/uploads\/2025\/05\/Container-employee-cloakroom-768x432.jpg 768w\" sizes=\"auto, (max-width: 1200px) 100vw, 1200px\" \/><\/a>            <\/dt>\n                    <\/dl>\n            <dl class=\"gallery-item\">\n            <dt class=\"gallery-icon\">\n            <a data-title=\"no\" title=\"\" href=\"https:\/\/mobilbox.pl\/en\/wp-content\/uploads\/2025\/05\/Container-employee.jpg\" data-rel=\"tb_yxln702\" class=\"themify_lightbox\"><img loading=\"lazy\" decoding=\"async\" width=\"1200\" height=\"675\" src=\"https:\/\/mobilbox.pl\/en\/wp-content\/uploads\/2025\/05\/Container-employee.jpg\" class=\"wp-post-image wp-image-5736\" title=\"Container-employee\" alt=\"Container-employee\" srcset=\"https:\/\/mobilbox.pl\/en\/wp-content\/uploads\/2025\/05\/Container-employee.jpg 1200w, https:\/\/mobilbox.pl\/en\/wp-content\/uploads\/2025\/05\/Container-employee-300x169.jpg 300w, https:\/\/mobilbox.pl\/en\/wp-content\/uploads\/2025\/05\/Container-employee-1024x576.jpg 1024w, https:\/\/mobilbox.pl\/en\/wp-content\/uploads\/2025\/05\/Container-employee-768x432.jpg 768w\" sizes=\"auto, (max-width: 1200px) 100vw, 1200px\" \/><\/a>            <\/dt>\n                    <\/dl>\n    <\/div>\n<\/div>\n<!-- \/module gallery -->        <\/div>\n                        <\/div>\n        <\/div>\n                        <div  data-css_id=\"51s3290\" data-lazy=\"1\" class=\"module_row themify_builder_row fullwidth_row_container tb_51s3290 tf_w\">\n                        <div class=\"row_inner col_align_top gutter-none tb_col_count_2 tf_box tf_rel\">\n                        <div  data-lazy=\"1\" class=\"module_column tb-column col4-2 tb_o6gm290 first\">\n                    <!-- module text -->\n<div  class=\"module module-text tb_hrv0290   \" data-lazy=\"1\">\n        <div  class=\"tb_text_wrap\">\n        <h2 style=\"text-align: center;\">We sell and rent container changing rooms \u2013 comfortable facilities for your employees.<\/h2>    <\/div>\n<\/div>\n<!-- \/module text -->        <\/div>\n                    <div  data-lazy=\"1\" class=\"module_column tb-column col4-2 tb_6dtj290 last\">\n                    <!-- module icon -->\n<div  class=\"module module-icon tb_y4l9290  xlarge  icon_horizontal \" data-lazy=\"1\">\n\t\t\t<div class=\"module-icon-item\">\n\t\t\t\t\t\t\t<a href=\"tel:+48885451885\">\n\t\t\t\t\t\t\t\t\t\t\t\t\t\t\t\t\t\t\t\t\t\t\t\t\t\t\t<span>Ask about the price of the cloakroom: <br>+48 885 451 885<\/span>\n\t\t\t\t\t\t\t\t\t\t\t\t\t\t\t\t\t<\/a>\n\t\t\t\t\t<\/div>\n\t<\/div>\n<!-- \/module icon -->\n        <\/div>\n                        <\/div>\n        <\/div>\n                        <div  data-css_id=\"lra7290\" data-lazy=\"1\" class=\"module_row themify_builder_row fullwidth_row_container tb_lra7290 tf_w\">\n                        <div class=\"row_inner col_align_top tb_col_count_1 tf_box tf_rel\">\n                        <div  data-lazy=\"1\" class=\"module_column tb-column col-full tb_zwi4290 first\">\n                    <!-- module text -->\n<div  class=\"module module-text tb_wzn0290   \" data-lazy=\"1\">\n        <div  class=\"tb_text_wrap\">\n        <h2><span style=\"color: #ff0000;\">Modular Employee Cloakroom<\/span><\/h2>\n<h2>How to equip an employee cloakroom?<\/h2>\n<p><span style=\"font-weight: bold;\">A room such as an employee cloakroom<\/span> should be adapted both in terms of size and equipment, and adapted to the number of employees. Often, additionally inserted furniture will be used by employees during breaks or in bad weather conditions.<span style=\"font-weight: bold;\"> A metal BHP wardrobe equipped with a shelf, a bar with hooks and a door perforated at the bottom and top, properly protects the items left in it.<\/span> Any other accessories such as <span style=\"font-weight: bold;\">a bench, table, chairs increase the functionality and comfort of employees. Changing room containers<\/span> with furniture equipment are recommended as changing room sets for workplaces and modular construction facilities. Furniture and other equipment should be adjusted so that they co-create a comfortable space for changing clothes. The equipment of a container cloakroom should be adapted to the number of people employed.<\/p>\n<h2><span style=\"color: #ff0000;\">Example of employee cloakroom equipment<\/span><\/h2>\n<ul>\n<li><strong>Occupational Health and Safety Wardrobe<\/strong><\/li>\n<li><strong>Large tables<\/strong><\/li>\n<li><strong>Chairs<\/strong><\/li>\n<li><strong>Water dispenser<\/strong><\/li>\n<\/ul>\n<p><strong>More about employee cloakroom equipment in the section furniture and accessories .<\/strong><\/p>    <\/div>\n<\/div>\n<!-- \/module text -->        <\/div>\n                        <\/div>\n        <\/div>\n                        <div  data-css_id=\"sqmy942\" data-lazy=\"1\" class=\"module_row themify_builder_row fullwidth_row_container tb_sqmy942 tf_w\">\n                        <div class=\"row_inner col_align_top tb_col_count_1 tf_box tf_rel\">\n                        <div  data-lazy=\"1\" class=\"module_column tb-column col-full tb_zt8r943 first\">\n                    <!-- module template_part -->\n<div  class=\"module module-layout-part tb_zbhg255 \">\n    <div class=\"tb_layout_part_wrap tf_w\"><!--themify_builder_content-->\n    <div  class=\"themify_builder_content themify_builder_content-3434 themify_builder not_editable_builder in_the_loop\" data-postid=\"3434\">\n                        <div  data-parallax-bg=\"desktop\" data-css_id=\"954db0e\" data-lazy=\"1\" class=\"module_row themify_builder_row fullwidth_row_container tb_954db0e tf_w\">\n            <span  class=\"builder_row_cover tf_abs\" data-lazy=\"1\"><\/span>            <div class=\"row_inner col_align_top tb_col_count_1 tf_box tf_rel\">\n                        <div  data-lazy=\"1\" class=\"module_column tb-column col-full tb_72ce1e6 first\">\n                            <div  data-lazy=\"1\" class=\"module_subrow themify_builder_sub_row tf_w col_align_top tb_col_count_3 tb_e535d5a\">\n                <div  data-lazy=\"1\" class=\"module_column sub_column col4-1 tb_d6ff275 first\">\n                            <\/div>\n                    <div  data-lazy=\"1\" class=\"module_column sub_column col4-2 tb_529f46c\">\n                    <!-- module fancy heading -->\n<div  class=\"module module-fancy-heading tb_cfaf205 \" data-lazy=\"1\">\n        <h2 class=\"fancy-heading tf_textc\">\n    <span class=\"main-head tf_block\">\n                    <strong>WRITE TO US<\/strong>            <\/span>\n\n    \n    <span class=\"sub-head tf_block tf_rel\">\n                                <\/span>\n    <\/h2>\n<\/div>\n<!-- \/module fancy heading -->\n<!-- module text -->\n<div  class=\"module module-text tb_8d9d061   \" data-lazy=\"1\">\n        <div  class=\"tb_text_wrap\">\n        <p>For the container and accessory prices, please complete this inquiry form!!<\/p><div class=\"wpforms-container wpforms-container-full\" id=\"wpforms-218\"><form id=\"wpforms-form-218\" class=\"wpforms-validate wpforms-form\" data-formid=\"218\" method=\"post\" enctype=\"multipart\/form-data\" action=\"\/en\/wp-json\/wp\/v2\/pages\/5730\" data-token=\"5177c7c7f228381fe0d12955a25f5459\" data-token-time=\"1775879113\"><noscript class=\"wpforms-error-noscript\">Aby wype\u0142ni\u0107 ten formularz, w\u0142\u0105cz obs\u0142ug\u0119 JavaScript w przegl\u0105darce.<\/noscript><div class=\"wpforms-field-container\"><div id=\"wpforms-218-field_5-container\" class=\"wpforms-field wpforms-field-hidden\" data-field-id=\"5\"><input type=\"hidden\" id=\"wpforms-218-field_5\" name=\"wpforms[fields][5]\" value=\"https:\/\/mobilbox.pl\/en\/wp-json\/wp\/v2\/pages\/5730\"><\/div><div id=\"wpforms-218-field_2-container\" class=\"wpforms-field wpforms-field-text newsletter2\" data-field-id=\"2\"><label class=\"wpforms-field-label wpforms-label-hide\" for=\"wpforms-218-field_2\">Imi\u0119 i nazwisko<\/label><input type=\"text\" id=\"wpforms-218-field_2\" class=\"wpforms-field-large\" name=\"wpforms[fields][2]\" placeholder=\"Name \/ Company name\" ><\/div><div id=\"wpforms-218-field_1-container\" class=\"wpforms-field wpforms-field-email wpforms-one-half\" data-field-id=\"1\"><label class=\"wpforms-field-label wpforms-label-hide\" for=\"wpforms-218-field_1\">Email <span class=\"wpforms-required-label\">*<\/span><\/label><input type=\"email\" id=\"wpforms-218-field_1\" class=\"wpforms-field-large wpforms-field-required\" name=\"wpforms[fields][1]\" placeholder=\"Email\" spellcheck=\"false\" required><\/div><div id=\"wpforms-218-field_4-container\" class=\"wpforms-field wpforms-field-text wpforms-one-half\" data-field-id=\"4\"><label class=\"wpforms-field-label wpforms-label-hide\" for=\"wpforms-218-field_4\">Phone <span class=\"wpforms-required-label\">*<\/span><\/label><input type=\"text\" id=\"wpforms-218-field_4\" class=\"wpforms-field-large wpforms-field-required\" name=\"wpforms[fields][4]\" placeholder=\"Phone\" required><\/div><div id=\"wpforms-218-field_3-container\" class=\"wpforms-field wpforms-field-textarea\" data-field-id=\"3\"><label class=\"wpforms-field-label wpforms-label-hide\" for=\"wpforms-218-field_3\">Message<\/label><textarea id=\"wpforms-218-field_3\" class=\"wpforms-field-small\" name=\"wpforms[fields][3]\" placeholder=\"message\" ><\/textarea><\/div><div id=\"wpforms-218-field_13-container\" class=\"wpforms-field wpforms-field-checkbox\" data-field-id=\"13\"><label class=\"wpforms-field-label wpforms-label-hide\">Privacy Policy <span class=\"wpforms-required-label\">*<\/span><\/label><ul id=\"wpforms-218-field_13\" class=\"wpforms-field-required\"><li class=\"choice-1 depth-1\"><input type=\"checkbox\" id=\"wpforms-218-field_13_1\" name=\"wpforms[fields][13][]\" value=\"I consent to the processing of my personal data for marketing and commercial purposes and I agree to the use of terminal equipment for direct marketing purposes.&lt;a href=&quot;https:\/\/www.mobilbox.pl\/polityka-prywatnosci\/&quot;&gt;See more&lt;\/a&gt;\" required ><label class=\"wpforms-field-label-inline\" for=\"wpforms-218-field_13_1\">I consent to the processing of my personal data for marketing and commercial purposes and I agree to the use of terminal equipment for direct marketing purposes.<a href=\"https:\/\/www.mobilbox.pl\/polityka-prywatnosci\/\">See more<\/a><\/label><\/li><\/ul><\/div><\/div><!-- .wpforms-field-container --><div class=\"wpforms-field wpforms-field-hp\"><label for=\"wpforms-218-field-hp\" class=\"wpforms-field-label\">Email<\/label><input type=\"text\" name=\"wpforms[hp]\" id=\"wpforms-218-field-hp\" class=\"wpforms-field-medium\"><\/div><div class=\"wpforms-submit-container\" ><input type=\"hidden\" name=\"wpforms[id]\" value=\"218\"><input type=\"hidden\" name=\"page_title\" value=\"\"><input type=\"hidden\" name=\"page_url\" value=\"https:\/\/mobilbox.pl\/en\/wp-json\/wp\/v2\/pages\/5730\"><input type=\"hidden\" name=\"url_referer\" value=\"\"><button type=\"submit\" name=\"wpforms[submit]\" id=\"wpforms-submit-218\" class=\"wpforms-submit\" data-alt-text=\"Sending\" data-submit-text=\"Send\" aria-live=\"assertive\" value=\"wpforms-submit\">Send<\/button><\/div><\/form><\/div>  <!-- .wpforms-container -->    <\/div>\n<\/div>\n<!-- \/module text -->        <\/div>\n                    <div  data-lazy=\"1\" class=\"module_column sub_column col4-1 tb_75fc40c last\">\n                            <\/div>\n                    <\/div>\n                <\/div>\n                        <\/div>\n        <\/div>\n            <\/div>\n<!--\/themify_builder_content--><\/div>\n<\/div>\n<!-- \/module template_part -->        <\/div>\n                        <\/div>\n        <\/div>\n        <\/div>\n<!--\/themify_builder_content-->","protected":false},"excerpt":{"rendered":"<p>Container employee cloakroom A cloakroom is a place that is supposed to provide safe storage for clothing, personal items, and often food. Its size and equipment should be adapted to the number of people using it. A worker&#8217;s changing room made of container modules is placed on the premises of a production plant, factory or [&hellip;]<\/p>\n","protected":false},"author":3,"featured_media":0,"parent":4263,"menu_order":0,"comment_status":"closed","ping_status":"closed","template":"","meta":{"footnotes":""},"class_list":["post-5730","page","type-page","status-publish","hentry","has-post-title","has-post-date","has-post-category","has-post-tag","has-post-comment","has-post-author",""],"builder_content":"<h1>EMPLOYEE CLOAKROOM<br\/>container locker room<\/h1>\n<h2>Container employee cloakroom<\/h2> <p><strong>A cloakroom<\/strong> is a place that is supposed to provide safe storage for clothing, personal items, and often food. Its size and equipment should be adapted to the number of people using it.<\/p> <p>A worker's changing room made of container modules is placed on the premises of a production plant, factory or in the vicinity of a construction investment. It is often the first place where employees meet, talk in a group, immediately before starting work, and after changing, go to their workstations. Such a place should guarantee comfortable and free conditions for changing clothes and communication and protect things left in it. A modular changing room facility is only part of the planned implementation . It is required to equip the facility with appropriate changing room equipment.<\/p>\n<ul> <li><strong>EMPLOYEE CLOAKROOM made of containers<\/strong><\/li> <li>Locker room furniture matched to the number of employees<\/li> <li>LOCKER ROOM area adapted to your needs<\/li> <li><strong>Sale or rental of EMPLOYEE CLOAKROOM<\/strong><\/li> <li>Comfortable space for changing clothes<\/li> <\/ul>\n<h2>Gallery<\/h2>\n[gallery path=\"https:\/\/mobilbox.pl\/wp-content\/uploads\/2022\/10\/szatnia_kontenerowa_dla_pracownikow.jpg,https:\/\/mobilbox.pl\/wp-content\/uploads\/2022\/10\/szatnia_pracownicza_z_kontenerow.jpg\" display=\"masonry\" wpmf_folder_id=\"0\" ids=\"5735,5736\"]\n<h2 style=\"text-align: center;\">We sell and rent container changing rooms \u2013 comfortable facilities for your employees.<\/h2>\n<a href=\"tel:+48885451885\"> Ask about the price of the cloakroom: <br>+48 885 451 885 <\/a>\n<h2>Modular Employee Cloakroom<\/h2> <h2>How to equip an employee cloakroom?<\/h2> <p>A room such as an employee cloakroom should be adapted both in terms of size and equipment, and adapted to the number of employees. Often, additionally inserted furniture will be used by employees during breaks or in bad weather conditions. A metal BHP wardrobe equipped with a shelf, a bar with hooks and a door perforated at the bottom and top, properly protects the items left in it. Any other accessories such as a bench, table, chairs increase the functionality and comfort of employees. Changing room containers with furniture equipment are recommended as changing room sets for workplaces and modular construction facilities. Furniture and other equipment should be adjusted so that they co-create a comfortable space for changing clothes. The equipment of a container cloakroom should be adapted to the number of people employed.<\/p> <h2>Example of employee cloakroom equipment<\/h2> <ul> <li><strong>Occupational Health and Safety Wardrobe<\/strong><\/li> <li><strong>Large tables<\/strong><\/li> <li><strong>Chairs<\/strong><\/li> <li><strong>Water dispenser<\/strong><\/li> <\/ul> <p><strong>More about employee cloakroom equipment in the section furniture and accessories .<\/strong><\/p>","_links":{"self":[{"href":"https:\/\/mobilbox.pl\/en\/wp-json\/wp\/v2\/pages\/5730","targetHints":{"allow":["GET"]}}],"collection":[{"href":"https:\/\/mobilbox.pl\/en\/wp-json\/wp\/v2\/pages"}],"about":[{"href":"https:\/\/mobilbox.pl\/en\/wp-json\/wp\/v2\/types\/page"}],"author":[{"embeddable":true,"href":"https:\/\/mobilbox.pl\/en\/wp-json\/wp\/v2\/users\/3"}],"replies":[{"embeddable":true,"href":"https:\/\/mobilbox.pl\/en\/wp-json\/wp\/v2\/comments?post=5730"}],"version-history":[{"count":0,"href":"https:\/\/mobilbox.pl\/en\/wp-json\/wp\/v2\/pages\/5730\/revisions"}],"up":[{"embeddable":true,"href":"https:\/\/mobilbox.pl\/en\/wp-json\/wp\/v2\/pages\/4263"}],"wp:attachment":[{"href":"https:\/\/mobilbox.pl\/en\/wp-json\/wp\/v2\/media?parent=5730"}],"curies":[{"name":"wp","href":"https:\/\/api.w.org\/{rel}","templated":true}]}}