{"id":5807,"date":"2025-05-21T10:26:02","date_gmt":"2025-05-21T08:26:02","guid":{"rendered":"https:\/\/mobilbox.pl\/en\/?page_id=5807"},"modified":"2025-05-22T12:09:28","modified_gmt":"2025-05-22T10:09:28","slug":"conference-room","status":"publish","type":"page","link":"https:\/\/mobilbox.pl\/en\/modular-building\/conference-room\/","title":{"rendered":"CONFERENCE ROOM"},"content":{"rendered":"<!--themify_builder_content-->\n<div id=\"themify_builder_content-5807\" data-postid=\"5807\" class=\"themify_builder_content themify_builder_content-5807 themify_builder tf_clear\">\n                    <div  data-lazy=\"1\" class=\"module_row themify_builder_row tb_96bj773 tb_first tf_w\">\n                        <div class=\"row_inner col_align_top tb_col_count_1 tf_box tf_rel\">\n                        <div  data-lazy=\"1\" class=\"module_column tb-column col-full tb_u4lq773 first\">\n                    <!-- module fancy heading -->\n<div  class=\"module module-fancy-heading tb_rt5e773 \" data-lazy=\"1\">\n        <h1 class=\"fancy-heading tf_textc\">\n    <span class=\"main-head tf_block\">\n                    CONFERENCE ROOM            <\/span>\n\n    \n    <span class=\"sub-head tf_block tf_rel\">\n                                <\/span>\n    <\/h1>\n<\/div>\n<!-- \/module fancy heading -->\n        <\/div>\n                        <\/div>\n        <\/div>\n                        <div  data-css_id=\"wg82773\" data-lazy=\"1\" class=\"module_row themify_builder_row fullwidth_row_container tb_wg82773 tf_w\">\n                        <div class=\"row_inner col_align_middle tb_col_count_2 tf_box tf_rel\">\n                        <div  data-lazy=\"1\" class=\"module_column tb-column col4-2 tb_q84u773 first\">\n                    <!-- module text -->\n<div  class=\"module module-text tb_wd3m773   \" data-lazy=\"1\">\n        <div  class=\"tb_text_wrap\">\n        <h2><span style=\"color: #ff0000;\">Conference room made of container modules<\/span><\/h2>\n<p>A conference room is a place used by company employees , business partners , guests and potential customers . These types of meetings require comfortable conditions to encourage work and build trust. Meetings , conferences , meetings , client meetings and the increasingly popular video conferences, the so-called Tims, require spacious and comfortable conditions and a well-lit room.<\/p>\n<p>The conference space is created by combining container modules without internal walls. In this way, the connected containers can create a lower, open space.<\/p>    <\/div>\n<\/div>\n<!-- \/module text -->        <\/div>\n                    <div  data-lazy=\"1\" class=\"module_column tb-column col4-2 tb_r8q0773 last\">\n                    <!-- module text -->\n<div  class=\"module module-text tb_nsdz773   \" data-lazy=\"1\">\n        <div  class=\"tb_text_wrap\">\n        <ul>\n<li><strong>CONFERENCE ROOM of various sizes<\/strong><\/li>\n<li><strong>Proven comfortable FURNITURE<\/strong><\/li>\n<li><strong>High quality MULTIMEDIA EQUIPMENT<\/strong><\/li>\n<li><strong>Option: CONFERENCE ROOM RENTAL AND SALE<\/strong><\/li>\n<li><strong>Spacious and comfortable SPACE<\/strong><\/li>\n<li><strong>In the GLAZING option : a well-lit meeting place<\/strong><\/li>\n<\/ul>    <\/div>\n<\/div>\n<!-- \/module text -->        <\/div>\n                        <\/div>\n        <\/div>\n                        <div  data-lazy=\"1\" class=\"module_row themify_builder_row tb_9ijl773 tf_w\">\n                        <div class=\"row_inner col_align_top tb_col_count_1 tf_box tf_rel\">\n                        <div  data-lazy=\"1\" class=\"module_column tb-column col-full tb_iebp773 first\">\n                    <!-- module text -->\n<div  class=\"module module-text tb_vst3317   \" data-lazy=\"1\">\n        <div  class=\"tb_text_wrap\">\n        <h2><span style=\"color: #ff0000;\">GALLERY<\/span><\/h2>    <\/div>\n<\/div>\n<!-- \/module text --><!-- module gallery -->\n<div  class=\"module gallery module-gallery tb_pfgr915 layout-grid  \" data-lazy=\"1\">\n    <div class=\"module-gallery-grid\" style=\"--gald:3;--galt:3;--galm:1\">\n            <dl class=\"gallery-item\">\n            <dt class=\"gallery-icon\">\n            <a data-title=\"no\" title=\"\" href=\"https:\/\/mobilbox.pl\/en\/wp-content\/uploads\/2025\/05\/conference-room-1.jpg\" data-rel=\"tb_pfgr915\" class=\"themify_lightbox\"><img loading=\"lazy\" decoding=\"async\" src=\"https:\/\/mobilbox.pl\/en\/wp-content\/uploads\/2025\/05\/conference-room-1-1024x576-400x300.jpg\" width=\"400\" height=\"300\" class=\"wp-post-image wp-image-5818\" title=\"conference-room-1\" alt=\"conference-room-1\"><\/a>            <\/dt>\n                    <\/dl>\n            <dl class=\"gallery-item\">\n            <dt class=\"gallery-icon\">\n            <a data-title=\"no\" title=\"\" href=\"https:\/\/mobilbox.pl\/en\/wp-content\/uploads\/2025\/05\/conference-room-2.jpg\" data-rel=\"tb_pfgr915\" class=\"themify_lightbox\"><img loading=\"lazy\" decoding=\"async\" src=\"https:\/\/mobilbox.pl\/en\/wp-content\/uploads\/2025\/05\/conference-room-2-1024x576-400x300.jpg\" width=\"400\" height=\"300\" class=\"wp-post-image wp-image-5819\" title=\"conference-room-2\" alt=\"conference-room-2\"><\/a>            <\/dt>\n                    <\/dl>\n            <dl class=\"gallery-item\">\n            <dt class=\"gallery-icon\">\n            <a data-title=\"no\" title=\"\" href=\"https:\/\/mobilbox.pl\/en\/wp-content\/uploads\/2025\/05\/conference-room-3.jpg\" data-rel=\"tb_pfgr915\" class=\"themify_lightbox\"><img loading=\"lazy\" decoding=\"async\" src=\"https:\/\/mobilbox.pl\/en\/wp-content\/uploads\/2025\/05\/conference-room-3-400x300.jpg\" width=\"400\" height=\"300\" class=\"wp-post-image wp-image-5820\" title=\"conference-room-3\" alt=\"conference-room-3\"><\/a>            <\/dt>\n                    <\/dl>\n    <\/div>\n<\/div>\n<!-- \/module gallery -->        <\/div>\n                        <\/div>\n        <\/div>\n                        <div  data-css_id=\"qct5773\" data-lazy=\"1\" class=\"module_row themify_builder_row fullwidth_row_container tb_qct5773 tf_w\">\n                        <div class=\"row_inner col_align_top gutter-none tb_col_count_2 tf_box tf_rel\">\n                        <div  data-lazy=\"1\" class=\"module_column tb-column col4-2 tb_ya11773 first\">\n                    <!-- module text -->\n<div  class=\"module module-text tb_4tpg773   \" data-lazy=\"1\">\n        <div  class=\"tb_text_wrap\">\n        <p style=\"text-align: center;\">Create a modern conference room <br>with mobile containers<\/p>\n    <\/div>\n<\/div>\n<!-- \/module text -->        <\/div>\n                    <div  data-lazy=\"1\" class=\"module_column tb-column col4-2 tb_792t773 last\">\n                    <!-- module icon -->\n<div  class=\"module module-icon tb_1gbf773  xlarge  icon_horizontal \" data-lazy=\"1\">\n\t\t\t<div class=\"module-icon-item\">\n\t\t\t\t\t\t\t<a href=\"tel:+48885451885\">\n\t\t\t\t\t\t\t\t\t\t\t\t\t\t\t\t\t\t\t\t\t\t\t\t\t\t\t<span>Contact us: <br>+48 885 451 885<\/span>\n\t\t\t\t\t\t\t\t\t\t\t\t\t\t\t\t\t<\/a>\n\t\t\t\t\t<\/div>\n\t<\/div>\n<!-- \/module icon -->\n        <\/div>\n                        <\/div>\n        <\/div>\n                        <div  data-css_id=\"kjtg773\" data-lazy=\"1\" class=\"module_row themify_builder_row fullwidth_row_container tb_kjtg773 tf_w\">\n                        <div class=\"row_inner col_align_top tb_col_count_1 tf_box tf_rel\">\n                        <div  data-lazy=\"1\" class=\"module_column tb-column col-full tb_qufb773 first\">\n                    <!-- module text -->\n<div  class=\"module module-text tb_z7q4773   \" data-lazy=\"1\">\n        <div  class=\"tb_text_wrap\">\n        <h2><span style=\"color: #ff0000;\">Conference room made of containers<\/span><\/h2>\n<h3>How to equip a modular conference room?<\/h3>\n<p><strong>The conference room<\/strong> should be prepared in terms of size and equipment for the number of people who will work in it. The need to conduct a presentation or the need to hold a special meeting must be taken into account. The furniture offered is ideal for a conference room, it is durable and comfortable. Additional equipment is necessary, such as a board, multimedia projector, screen, large TV and internet connection.<\/p>\n<h3><span style=\"color: #ff0000;\">Examples of conference room equipment<\/span><\/h3>\n<ul>\n<li>Large table &#8211; conference<\/li>\n<li>ISO conference chair<\/li>\n<li>Multimedia screen<\/li>\n<li>Projector<\/li>\n<li>TV set<\/li>\n<\/ul>\n<p><strong>More about conference room equipment<\/strong><\/p>\n<h2><span style=\"color: #ff0000;\">We assemble on individual request<\/span><\/h2>\n<ul>\n<li>floor panels<\/li>\n<li>additional display panel<\/li>\n<li><strong>air conditioning 2.6 kW or 3.6 kW<\/strong><\/li>\n<li>any interior configuration<\/li>\n<li><strong>any configuration of windows and doors in wall panels<\/strong><\/li>\n<\/ul>    <\/div>\n<\/div>\n<!-- \/module text -->        <\/div>\n                        <\/div>\n        <\/div>\n                        <div  data-lazy=\"1\" class=\"module_row themify_builder_row tb_atj6145 tf_w\">\n                        <div class=\"row_inner col_align_top tb_col_count_1 tf_box tf_rel\">\n                        <div  data-lazy=\"1\" class=\"module_column tb-column col-full tb_9tez146 first\">\n                    <!-- module template_part -->\n<div  class=\"module module-layout-part tb_gl97483 \">\n    <div class=\"tb_layout_part_wrap tf_w\"><!--themify_builder_content-->\n    <div  class=\"themify_builder_content themify_builder_content-3434 themify_builder not_editable_builder in_the_loop\" data-postid=\"3434\">\n                        <div  data-parallax-bg=\"desktop\" data-css_id=\"954db0e\" data-lazy=\"1\" class=\"module_row themify_builder_row fullwidth_row_container tb_954db0e tf_w\">\n            <span  class=\"builder_row_cover tf_abs\" data-lazy=\"1\"><\/span>            <div class=\"row_inner col_align_top tb_col_count_1 tf_box tf_rel\">\n                        <div  data-lazy=\"1\" class=\"module_column tb-column col-full tb_72ce1e6 first\">\n                            <div  data-lazy=\"1\" class=\"module_subrow themify_builder_sub_row tf_w col_align_top tb_col_count_3 tb_e535d5a\">\n                <div  data-lazy=\"1\" class=\"module_column sub_column col4-1 tb_d6ff275 first\">\n                            <\/div>\n                    <div  data-lazy=\"1\" class=\"module_column sub_column col4-2 tb_529f46c\">\n                    <!-- module fancy heading -->\n<div  class=\"module module-fancy-heading tb_cfaf205 \" data-lazy=\"1\">\n        <h2 class=\"fancy-heading tf_textc\">\n    <span class=\"main-head tf_block\">\n                    <strong>WRITE TO US<\/strong>            <\/span>\n\n    \n    <span class=\"sub-head tf_block tf_rel\">\n                                <\/span>\n    <\/h2>\n<\/div>\n<!-- \/module fancy heading -->\n<!-- module text -->\n<div  class=\"module module-text tb_8d9d061   \" data-lazy=\"1\">\n        <div  class=\"tb_text_wrap\">\n        <p>For the container and accessory prices, please complete this inquiry form!!<\/p><div class=\"wpforms-container wpforms-container-full\" id=\"wpforms-218\"><form id=\"wpforms-form-218\" class=\"wpforms-validate wpforms-form\" data-formid=\"218\" method=\"post\" enctype=\"multipart\/form-data\" action=\"\/en\/wp-json\/wp\/v2\/pages\/5807\" data-token=\"5eaf069dabd1d11d8bed11f5ec142dce\" data-token-time=\"1775847715\"><noscript class=\"wpforms-error-noscript\">Aby wype\u0142ni\u0107 ten formularz, w\u0142\u0105cz obs\u0142ug\u0119 JavaScript w przegl\u0105darce.<\/noscript><div class=\"wpforms-field-container\"><div id=\"wpforms-218-field_5-container\" class=\"wpforms-field wpforms-field-hidden\" data-field-id=\"5\"><input type=\"hidden\" id=\"wpforms-218-field_5\" name=\"wpforms[fields][5]\" value=\"https:\/\/mobilbox.pl\/en\/wp-json\/wp\/v2\/pages\/5807\"><\/div><div id=\"wpforms-218-field_2-container\" class=\"wpforms-field wpforms-field-text newsletter2\" data-field-id=\"2\"><label class=\"wpforms-field-label wpforms-label-hide\" for=\"wpforms-218-field_2\">Imi\u0119 i nazwisko<\/label><input type=\"text\" id=\"wpforms-218-field_2\" class=\"wpforms-field-large\" name=\"wpforms[fields][2]\" placeholder=\"Name \/ Company name\" ><\/div><div id=\"wpforms-218-field_1-container\" class=\"wpforms-field wpforms-field-email wpforms-one-half\" data-field-id=\"1\"><label class=\"wpforms-field-label wpforms-label-hide\" for=\"wpforms-218-field_1\">Email <span class=\"wpforms-required-label\">*<\/span><\/label><input type=\"email\" id=\"wpforms-218-field_1\" class=\"wpforms-field-large wpforms-field-required\" name=\"wpforms[fields][1]\" placeholder=\"Email\" spellcheck=\"false\" required><\/div><div id=\"wpforms-218-field_4-container\" class=\"wpforms-field wpforms-field-text wpforms-one-half\" data-field-id=\"4\"><label class=\"wpforms-field-label wpforms-label-hide\" for=\"wpforms-218-field_4\">Phone <span class=\"wpforms-required-label\">*<\/span><\/label><input type=\"text\" id=\"wpforms-218-field_4\" class=\"wpforms-field-large wpforms-field-required\" name=\"wpforms[fields][4]\" placeholder=\"Phone\" required><\/div><div id=\"wpforms-218-field_3-container\" class=\"wpforms-field wpforms-field-textarea\" data-field-id=\"3\"><label class=\"wpforms-field-label wpforms-label-hide\" for=\"wpforms-218-field_3\">Message<\/label><textarea id=\"wpforms-218-field_3\" class=\"wpforms-field-small\" name=\"wpforms[fields][3]\" placeholder=\"message\" ><\/textarea><\/div><div id=\"wpforms-218-field_13-container\" class=\"wpforms-field wpforms-field-checkbox\" data-field-id=\"13\"><label class=\"wpforms-field-label wpforms-label-hide\">Privacy Policy <span class=\"wpforms-required-label\">*<\/span><\/label><ul id=\"wpforms-218-field_13\" class=\"wpforms-field-required\"><li class=\"choice-1 depth-1\"><input type=\"checkbox\" id=\"wpforms-218-field_13_1\" name=\"wpforms[fields][13][]\" value=\"I consent to the processing of my personal data for marketing and commercial purposes and I agree to the use of terminal equipment for direct marketing purposes.&lt;a href=&quot;https:\/\/www.mobilbox.pl\/polityka-prywatnosci\/&quot;&gt;See more&lt;\/a&gt;\" required ><label class=\"wpforms-field-label-inline\" for=\"wpforms-218-field_13_1\">I consent to the processing of my personal data for marketing and commercial purposes and I agree to the use of terminal equipment for direct marketing purposes.<a href=\"https:\/\/www.mobilbox.pl\/polityka-prywatnosci\/\">See more<\/a><\/label><\/li><\/ul><\/div><\/div><!-- .wpforms-field-container --><div class=\"wpforms-field wpforms-field-hp\"><label for=\"wpforms-218-field-hp\" class=\"wpforms-field-label\">Phone<\/label><input type=\"text\" name=\"wpforms[hp]\" id=\"wpforms-218-field-hp\" class=\"wpforms-field-medium\"><\/div><div class=\"wpforms-submit-container\" ><input type=\"hidden\" name=\"wpforms[id]\" value=\"218\"><input type=\"hidden\" name=\"page_title\" value=\"\"><input type=\"hidden\" name=\"page_url\" value=\"https:\/\/mobilbox.pl\/en\/wp-json\/wp\/v2\/pages\/5807\"><input type=\"hidden\" name=\"url_referer\" value=\"\"><button type=\"submit\" name=\"wpforms[submit]\" id=\"wpforms-submit-218\" class=\"wpforms-submit\" data-alt-text=\"Sending\" data-submit-text=\"Send\" aria-live=\"assertive\" value=\"wpforms-submit\">Send<\/button><\/div><\/form><\/div>  <!-- .wpforms-container -->    <\/div>\n<\/div>\n<!-- \/module text -->        <\/div>\n                    <div  data-lazy=\"1\" class=\"module_column sub_column col4-1 tb_75fc40c last\">\n                            <\/div>\n                    <\/div>\n                <\/div>\n                        <\/div>\n        <\/div>\n            <\/div>\n<!--\/themify_builder_content--><\/div>\n<\/div>\n<!-- \/module template_part -->        <\/div>\n                        <\/div>\n        <\/div>\n        <\/div>\n<!--\/themify_builder_content-->","protected":false},"excerpt":{"rendered":"<p>Conference room made of container modules A conference room is a place used by company employees , business partners , guests and potential customers . These types of meetings require comfortable conditions to encourage work and build trust. Meetings , conferences , meetings , client meetings and the increasingly popular video conferences, the so-called Tims, [&hellip;]<\/p>\n","protected":false},"author":3,"featured_media":0,"parent":4263,"menu_order":0,"comment_status":"closed","ping_status":"closed","template":"","meta":{"footnotes":""},"class_list":["post-5807","page","type-page","status-publish","hentry","has-post-title","has-post-date","has-post-category","has-post-tag","has-post-comment","has-post-author",""],"builder_content":"<h1>CONFERENCE ROOM<br\/><\/h1>\n<h2>Conference room made of container modules<\/h2> <p>A conference room is a place used by company employees , business partners , guests and potential customers . These types of meetings require comfortable conditions to encourage work and build trust. Meetings , conferences , meetings , client meetings and the increasingly popular video conferences, the so-called Tims, require spacious and comfortable conditions and a well-lit room.<\/p> <p>The conference space is created by combining container modules without internal walls. In this way, the connected containers can create a lower, open space.<\/p>\n<ul> <li><strong>CONFERENCE ROOM of various sizes<\/strong><\/li> <li><strong>Proven comfortable FURNITURE<\/strong><\/li> <li><strong>High quality MULTIMEDIA EQUIPMENT<\/strong><\/li> <li><strong>Option: CONFERENCE ROOM RENTAL AND SALE<\/strong><\/li> <li><strong>Spacious and comfortable SPACE<\/strong><\/li> <li><strong>In the GLAZING option : a well-lit meeting place<\/strong><\/li> <\/ul>\n<h2>GALLERY<\/h2>\n[gallery path=\"https:\/\/mobilbox.pl\/wp-content\/uploads\/2022\/06\/sala-konferencyjna.jpg,https:\/\/mobilbox.pl\/wp-content\/uploads\/2022\/06\/sala-konferencyjna-z-meblami.jpg,https:\/\/mobilbox.pl\/wp-content\/uploads\/2024\/10\/sala-konferencyjna-8.jpg\" wpmf_folder_id=\"0\" link=\"file\" ids=\"5818,5819,5820\"]\n<p style=\"text-align: center;\">Create a modern conference room <br>with mobile containers<\/p>\n<a href=\"tel:+48885451885\"> Contact us: <br>+48 885 451 885 <\/a>\n<h2>Conference room made of containers<\/h2> <h3>How to equip a modular conference room?<\/h3> <p><strong>The conference room<\/strong> should be prepared in terms of size and equipment for the number of people who will work in it. The need to conduct a presentation or the need to hold a special meeting must be taken into account. The furniture offered is ideal for a conference room, it is durable and comfortable. Additional equipment is necessary, such as a board, multimedia projector, screen, large TV and internet connection.<\/p> <h3>Examples of conference room equipment<\/h3> <ul> <li>Large table - conference<\/li> <li>ISO conference chair<\/li> <li>Multimedia screen<\/li> <li>Projector<\/li> <li>TV set<\/li> <\/ul> <p><strong>More about conference room equipment<\/strong><\/p> <h2>We assemble on individual request<\/h2> <ul> <li>floor panels<\/li> <li>additional display panel<\/li> <li><strong>air conditioning 2.6 kW or 3.6 kW<\/strong><\/li> <li>any interior configuration<\/li> <li><strong>any configuration of windows and doors in wall panels<\/strong><\/li> <\/ul>","_links":{"self":[{"href":"https:\/\/mobilbox.pl\/en\/wp-json\/wp\/v2\/pages\/5807","targetHints":{"allow":["GET"]}}],"collection":[{"href":"https:\/\/mobilbox.pl\/en\/wp-json\/wp\/v2\/pages"}],"about":[{"href":"https:\/\/mobilbox.pl\/en\/wp-json\/wp\/v2\/types\/page"}],"author":[{"embeddable":true,"href":"https:\/\/mobilbox.pl\/en\/wp-json\/wp\/v2\/users\/3"}],"replies":[{"embeddable":true,"href":"https:\/\/mobilbox.pl\/en\/wp-json\/wp\/v2\/comments?post=5807"}],"version-history":[{"count":0,"href":"https:\/\/mobilbox.pl\/en\/wp-json\/wp\/v2\/pages\/5807\/revisions"}],"up":[{"embeddable":true,"href":"https:\/\/mobilbox.pl\/en\/wp-json\/wp\/v2\/pages\/4263"}],"wp:attachment":[{"href":"https:\/\/mobilbox.pl\/en\/wp-json\/wp\/v2\/media?parent=5807"}],"curies":[{"name":"wp","href":"https:\/\/api.w.org\/{rel}","templated":true}]}}