{"id":5852,"date":"2025-05-22T13:02:16","date_gmt":"2025-05-22T11:02:16","guid":{"rendered":"https:\/\/mobilbox.pl\/en\/?page_id=5852"},"modified":"2025-05-22T13:25:50","modified_gmt":"2025-05-22T11:25:50","slug":"employee-dining-room","status":"publish","type":"page","link":"https:\/\/mobilbox.pl\/en\/modular-building\/employee-dining-room\/","title":{"rendered":"EMPLOYEE DINING ROOM"},"content":{"rendered":"<!--themify_builder_content-->\n<div id=\"themify_builder_content-5852\" data-postid=\"5852\" class=\"themify_builder_content themify_builder_content-5852 themify_builder tf_clear\">\n                    <div  data-lazy=\"1\" class=\"module_row themify_builder_row tb_9nzs286 tb_first tf_w\">\n                        <div class=\"row_inner col_align_top tb_col_count_1 tf_box tf_rel\">\n                        <div  data-lazy=\"1\" class=\"module_column tb-column col-full tb_bqju286 first\">\n                    <!-- module fancy heading -->\n<div  class=\"module module-fancy-heading tb_wskb286 \" data-lazy=\"1\">\n        <h1 class=\"fancy-heading tf_textc\">\n    <span class=\"main-head tf_block\">\n                    EMPLOYEE DINING ROOM made of CONTAINERS            <\/span>\n\n    \n    <span class=\"sub-head tf_block tf_rel\">\n                    Container Canteen             <\/span>\n    <\/h1>\n<\/div>\n<!-- \/module fancy heading -->\n        <\/div>\n                        <\/div>\n        <\/div>\n                        <div  data-css_id=\"838k286\" data-lazy=\"1\" class=\"module_row themify_builder_row fullwidth_row_container tb_838k286 tf_w\">\n                        <div class=\"row_inner col_align_top tb_col_count_2 tf_box tf_rel\">\n                        <div  data-lazy=\"1\" class=\"module_column tb-column col4-2 tb_k6bj286 first\">\n                    <!-- module text -->\n<div  class=\"module module-text tb_xqsk286   \" data-lazy=\"1\">\n        <div  class=\"tb_text_wrap\">\n        <h2><span style=\"color: #ff0000;\">Container Canteen \/ Employee Dining Area<\/span><\/h2>\n<p><strong>A container canteen<\/strong> or <strong>modular employee dining area<\/strong>, installed near a construction project or within an industrial site, often serves as the only place where workers can gather, take a break, or seek shelter in unfavorable weather conditions. This type of <strong>portable social space<\/strong> provides employees with a momentary escape from their tasks, allowing them to discuss ongoing issues, responsibilities, or even repurpose the area as a <strong>conference room.<\/strong><\/p>\n<p>The <strong>canteen\u2019s interior furnishings,<\/strong> including<strong> tables, chairs,<\/strong> and other essential items, should be arranged to create a <strong>comfortable and functional dining environment.<\/strong> The setup must be adapted to accommodate the number of workers, ensuring <strong>employee satisfaction and productivity<\/strong>. A well-equipped <strong>worksite lunchroom<\/strong> improves workplace morale while offering a practical and flexible dining solution for teams on site.<\/p>    <\/div>\n<\/div>\n<!-- \/module text -->        <\/div>\n                    <div  data-lazy=\"1\" class=\"module_column tb-column col4-2 tb_asix286 last\">\n                    <!-- module text -->\n<div  class=\"module module-text tb_up8j286   \" data-lazy=\"1\">\n        <div  class=\"tb_text_wrap\">\n        <h2><span style=\"color: #ff0000;\">Container dining room &#8211; employee dining room<\/span><\/h2>    <\/div>\n<\/div>\n<!-- \/module text --><!-- module image -->\n<div  class=\"module module-image tb_qaj9259 image-top   tf_mw\" data-lazy=\"1\">\n        <div class=\"image-wrap tf_rel tf_mw\">\n            <img loading=\"lazy\" decoding=\"async\" src=\"http:\/\/mobilbox.pl\/en\/wp-content\/uploads\/2025\/05\/Container-Cantee3.jpg\" width=\"1200\" height=\"675\" title=\"EMPLOYEE DINING ROOM\" alt=\"EMPLOYEE DINING ROOM\">    \n        <\/div>\n    <!-- \/image-wrap -->\n    \n        <\/div>\n<!-- \/module image -->        <\/div>\n                        <\/div>\n        <\/div>\n                        <div  data-css_id=\"l11f286\" data-lazy=\"1\" class=\"module_row themify_builder_row fullwidth_row_container tb_l11f286 tf_w\">\n                        <div class=\"row_inner col_align_middle tb_col_count_2 tf_box tf_rel\">\n                        <div  data-lazy=\"1\" class=\"module_column tb-column col4-2 tb_on9a286 first\">\n                    <!-- module image -->\n<div  class=\"module module-image tb_7vgf531 image-top   tf_mw\" data-lazy=\"1\">\n        <div class=\"image-wrap tf_rel tf_mw\">\n            <img loading=\"lazy\" decoding=\"async\" src=\"http:\/\/mobilbox.pl\/en\/wp-content\/uploads\/2025\/05\/Container-Canteen-table-chair.jpg\" width=\"1200\" height=\"675\" title=\"EMPLOYEE DINING ROOM\" alt=\"EMPLOYEE DINING ROOM\">    \n        <\/div>\n    <!-- \/image-wrap -->\n    \n        <\/div>\n<!-- \/module image -->        <\/div>\n                    <div  data-lazy=\"1\" class=\"module_column tb-column col4-2 tb_2xwp286 last\">\n                    <!-- module text -->\n<div  class=\"module module-text tb_r6id286   \" data-lazy=\"1\">\n        <div  class=\"tb_text_wrap\">\n        <h2><span style=\"color: #ff0000;\">Container Canteen<\/span><\/h2>\n<ul>\n<li><strong>Furniture tailored to workforce size<\/strong><\/li>\n<li><strong>Space adapted to operational needs<\/strong><\/li>\n<li><strong>Employee canteen for sale or rental<\/strong><\/li>\n<li><strong>Comfortable social and break area<\/strong><\/li>\n<li><strong>Flexible adaptation for business use<\/strong><\/li>\n<\/ul>    <\/div>\n<\/div>\n<!-- \/module text -->        <\/div>\n                        <\/div>\n        <\/div>\n                        <div  data-lazy=\"1\" class=\"module_row themify_builder_row tb_i5xm286 tf_w\">\n                        <div class=\"row_inner col_align_top tb_col_count_1 tf_box tf_rel\">\n                        <div  data-lazy=\"1\" class=\"module_column tb-column col-full tb_ku14286 first\">\n                    <!-- module text -->\n<div  class=\"module module-text tb_nz3f231   \" data-lazy=\"1\">\n        <div  class=\"tb_text_wrap\">\n        <h2><span style=\"color: #ff0000;\">DINING ROOM FOR EMPLOYEES &#8211; REALIZATIONS<\/span><\/h2>    <\/div>\n<\/div>\n<!-- \/module text --><!-- module gallery -->\n<div  class=\"module gallery module-gallery tb_48c1626 layout-grid  \" data-lazy=\"1\">\n    <div class=\"module-gallery-grid\" style=\"--gald:3;--galt:3;--galm:1\">\n            <dl class=\"gallery-item\">\n            <dt class=\"gallery-icon\">\n            <a data-title=\"no\" title=\"\" href=\"https:\/\/mobilbox.pl\/en\/wp-content\/uploads\/2025\/05\/Container-Canteen-2.jpg\" data-rel=\"tb_48c1626\" class=\"themify_lightbox\"><img loading=\"lazy\" decoding=\"async\" width=\"800\" height=\"600\" src=\"https:\/\/mobilbox.pl\/en\/wp-content\/uploads\/2025\/05\/Container-Canteen-2.jpg\" class=\"wp-post-image wp-image-5867\" title=\"Container-Canteen-2\" alt=\"Container-Canteen-2\" srcset=\"https:\/\/mobilbox.pl\/en\/wp-content\/uploads\/2025\/05\/Container-Canteen-2.jpg 800w, https:\/\/mobilbox.pl\/en\/wp-content\/uploads\/2025\/05\/Container-Canteen-2-300x225.jpg 300w, https:\/\/mobilbox.pl\/en\/wp-content\/uploads\/2025\/05\/Container-Canteen-2-768x576.jpg 768w\" sizes=\"auto, (max-width: 800px) 100vw, 800px\" \/><\/a>            <\/dt>\n                    <\/dl>\n            <dl class=\"gallery-item\">\n            <dt class=\"gallery-icon\">\n            <a data-title=\"no\" title=\"\" href=\"https:\/\/mobilbox.pl\/en\/wp-content\/uploads\/2025\/05\/Container-Canteen-4.jpg\" data-rel=\"tb_48c1626\" class=\"themify_lightbox\"><img loading=\"lazy\" decoding=\"async\" width=\"800\" height=\"600\" src=\"https:\/\/mobilbox.pl\/en\/wp-content\/uploads\/2025\/05\/Container-Canteen-4.jpg\" class=\"wp-post-image wp-image-5868\" title=\"Container-Canteen-4\" alt=\"Container-Canteen-4\" srcset=\"https:\/\/mobilbox.pl\/en\/wp-content\/uploads\/2025\/05\/Container-Canteen-4.jpg 800w, https:\/\/mobilbox.pl\/en\/wp-content\/uploads\/2025\/05\/Container-Canteen-4-300x225.jpg 300w, https:\/\/mobilbox.pl\/en\/wp-content\/uploads\/2025\/05\/Container-Canteen-4-768x576.jpg 768w\" sizes=\"auto, (max-width: 800px) 100vw, 800px\" \/><\/a>            <\/dt>\n                    <\/dl>\n            <dl class=\"gallery-item\">\n            <dt class=\"gallery-icon\">\n            <a data-title=\"no\" title=\"\" href=\"https:\/\/mobilbox.pl\/en\/wp-content\/uploads\/2025\/05\/Container-Canteen-kitchen.jpg\" data-rel=\"tb_48c1626\" class=\"themify_lightbox\"><img loading=\"lazy\" decoding=\"async\" width=\"800\" height=\"600\" src=\"https:\/\/mobilbox.pl\/en\/wp-content\/uploads\/2025\/05\/Container-Canteen-kitchen.jpg\" class=\"wp-post-image wp-image-5869\" title=\"Container-Canteen-kitchen\" alt=\"Container-Canteen-kitchen\" srcset=\"https:\/\/mobilbox.pl\/en\/wp-content\/uploads\/2025\/05\/Container-Canteen-kitchen.jpg 800w, https:\/\/mobilbox.pl\/en\/wp-content\/uploads\/2025\/05\/Container-Canteen-kitchen-300x225.jpg 300w, https:\/\/mobilbox.pl\/en\/wp-content\/uploads\/2025\/05\/Container-Canteen-kitchen-768x576.jpg 768w\" sizes=\"auto, (max-width: 800px) 100vw, 800px\" \/><\/a>            <\/dt>\n                    <\/dl>\n    <\/div>\n<\/div>\n<!-- \/module gallery -->        <\/div>\n                        <\/div>\n        <\/div>\n                        <div  data-css_id=\"l4p2286\" data-lazy=\"1\" class=\"module_row themify_builder_row fullwidth_row_container tb_l4p2286 tf_w\">\n                        <div class=\"row_inner col_align_middle tb_col_count_2 tf_box tf_rel\">\n                        <div  data-lazy=\"1\" class=\"module_column tb-column col4-2 tb_owyw286 first\">\n                    <!-- module text -->\n<div  class=\"module module-text tb_2fjq286   \" data-lazy=\"1\">\n        <div  class=\"tb_text_wrap\">\n        <p>Looking for a modern and functional employee dining solution? We offer container canteens that provide comfortable and well-equipped spaces for meals and relaxation. You can purchase or rent them, tailoring the solution to your business needs.<\/p>    <\/div>\n<\/div>\n<!-- \/module text -->        <\/div>\n                    <div  data-lazy=\"1\" class=\"module_column tb-column col4-2 tb_254k286 last\">\n                    <!-- module icon -->\n<div  class=\"module module-icon tb_vd6k286  xlarge  icon_horizontal \" data-lazy=\"1\">\n\t\t\t<div class=\"module-icon-item\">\n\t\t\t\t\t\t\t<a href=\"tel:+48885451885\">\n\t\t\t\t\t\t\t\t\t\t\t\t\t\t\t\t\t\t\t\t\t\t\t\t\t\t\t<span>Ask about the employee dining room:<br> 885 451 885<\/span>\n\t\t\t\t\t\t\t\t\t\t\t\t\t\t\t\t\t<\/a>\n\t\t\t\t\t<\/div>\n\t<\/div>\n<!-- \/module icon -->\n        <\/div>\n                        <\/div>\n        <\/div>\n                        <div  data-css_id=\"2lr2286\" data-lazy=\"1\" class=\"module_row themify_builder_row fullwidth_row_container tb_2lr2286 tf_w\">\n                        <div class=\"row_inner col_align_top tb_col_count_1 tf_box tf_rel\">\n                        <div  data-lazy=\"1\" class=\"module_column tb-column col-full tb_xxqj286 first\">\n                    <!-- module text -->\n<div  class=\"module module-text tb_qz91286   \" data-lazy=\"1\">\n        <div  class=\"tb_text_wrap\">\n        <h2><span style=\"color: #ff0000;\">Modular Employee Dining Room<\/span><\/h2>\n<h3><strong>How to equip a staff dining room?<\/strong><\/h3>\n<p><strong>A social room such as a staff dining room should be<\/strong> prepared both in terms of size and equipment, adapted to the number of people. It may be necessary to take into account the area, for example, for a buffet or a water dispenser.<\/p>\n<p>The proposed furniture will serve employees well during breaks for daily meals as well as during meetings and conferences. There may be a situation in which it will be necessary to install a TV or multimedia projector, which will not be a major problem.<\/p>\n<h3>Example of equipment for the employee dining room<\/h3>\n<ul>\n<li>Large tables<\/li>\n<li>Chairs<\/li>\n<li>Coffee machine<\/li>\n<li>Water dispenser<\/li>\n<li>Multimedia screen<\/li>\n<li>TV set<\/li>\n<\/ul>\n<p>More in the<strong> furniture section<\/strong><\/p>    <\/div>\n<\/div>\n<!-- \/module text -->        <\/div>\n                        <\/div>\n        <\/div>\n                        <div  data-lazy=\"1\" class=\"module_row themify_builder_row tb_iusi540 tf_w\">\n                        <div class=\"row_inner col_align_top tb_col_count_1 tf_box tf_rel\">\n                        <div  data-lazy=\"1\" class=\"module_column tb-column col-full tb_m3ms541 first\">\n                    <!-- module template_part -->\n<div  class=\"module module-layout-part tb_k91o650 \">\n    <div class=\"tb_layout_part_wrap tf_w\"><!--themify_builder_content-->\n    <div  class=\"themify_builder_content themify_builder_content-3434 themify_builder not_editable_builder in_the_loop\" data-postid=\"3434\">\n                        <div  data-parallax-bg=\"desktop\" data-css_id=\"954db0e\" data-lazy=\"1\" class=\"module_row themify_builder_row fullwidth_row_container tb_954db0e tf_w\">\n            <span  class=\"builder_row_cover tf_abs\" data-lazy=\"1\"><\/span>            <div class=\"row_inner col_align_top tb_col_count_1 tf_box tf_rel\">\n                        <div  data-lazy=\"1\" class=\"module_column tb-column col-full tb_72ce1e6 first\">\n                            <div  data-lazy=\"1\" class=\"module_subrow themify_builder_sub_row tf_w col_align_top tb_col_count_3 tb_e535d5a\">\n                <div  data-lazy=\"1\" class=\"module_column sub_column col4-1 tb_d6ff275 first\">\n                            <\/div>\n                    <div  data-lazy=\"1\" class=\"module_column sub_column col4-2 tb_529f46c\">\n                    <!-- module fancy heading -->\n<div  class=\"module module-fancy-heading tb_cfaf205 \" data-lazy=\"1\">\n        <h2 class=\"fancy-heading tf_textc\">\n    <span class=\"main-head tf_block\">\n                    <strong>WRITE TO US<\/strong>            <\/span>\n\n    \n    <span class=\"sub-head tf_block tf_rel\">\n                                <\/span>\n    <\/h2>\n<\/div>\n<!-- \/module fancy heading -->\n<!-- module text -->\n<div  class=\"module module-text tb_8d9d061   \" data-lazy=\"1\">\n        <div  class=\"tb_text_wrap\">\n        <p>For the container and accessory prices, please complete this inquiry form!!<\/p><div class=\"wpforms-container wpforms-container-full\" id=\"wpforms-218\"><form id=\"wpforms-form-218\" class=\"wpforms-validate wpforms-form\" data-formid=\"218\" method=\"post\" enctype=\"multipart\/form-data\" action=\"\/en\/wp-json\/wp\/v2\/pages\/5852\" data-token=\"5eaf069dabd1d11d8bed11f5ec142dce\" data-token-time=\"1775831776\"><noscript class=\"wpforms-error-noscript\">Aby wype\u0142ni\u0107 ten formularz, w\u0142\u0105cz obs\u0142ug\u0119 JavaScript w przegl\u0105darce.<\/noscript><div class=\"wpforms-field-container\"><div id=\"wpforms-218-field_5-container\" class=\"wpforms-field wpforms-field-hidden\" data-field-id=\"5\"><input type=\"hidden\" id=\"wpforms-218-field_5\" name=\"wpforms[fields][5]\" value=\"https:\/\/mobilbox.pl\/en\/wp-json\/wp\/v2\/pages\/5852\"><\/div><div id=\"wpforms-218-field_2-container\" class=\"wpforms-field wpforms-field-text newsletter2\" data-field-id=\"2\"><label class=\"wpforms-field-label wpforms-label-hide\" for=\"wpforms-218-field_2\">Imi\u0119 i nazwisko<\/label><input type=\"text\" id=\"wpforms-218-field_2\" class=\"wpforms-field-large\" name=\"wpforms[fields][2]\" placeholder=\"Name \/ Company name\" ><\/div><div id=\"wpforms-218-field_1-container\" class=\"wpforms-field wpforms-field-email wpforms-one-half\" data-field-id=\"1\"><label class=\"wpforms-field-label wpforms-label-hide\" for=\"wpforms-218-field_1\">Email <span class=\"wpforms-required-label\">*<\/span><\/label><input type=\"email\" id=\"wpforms-218-field_1\" class=\"wpforms-field-large wpforms-field-required\" name=\"wpforms[fields][1]\" placeholder=\"Email\" spellcheck=\"false\" required><\/div><div id=\"wpforms-218-field_4-container\" class=\"wpforms-field wpforms-field-text wpforms-one-half\" data-field-id=\"4\"><label class=\"wpforms-field-label wpforms-label-hide\" for=\"wpforms-218-field_4\">Phone <span class=\"wpforms-required-label\">*<\/span><\/label><input type=\"text\" id=\"wpforms-218-field_4\" class=\"wpforms-field-large wpforms-field-required\" name=\"wpforms[fields][4]\" placeholder=\"Phone\" required><\/div><div id=\"wpforms-218-field_3-container\" class=\"wpforms-field wpforms-field-textarea\" data-field-id=\"3\"><label class=\"wpforms-field-label wpforms-label-hide\" for=\"wpforms-218-field_3\">Message<\/label><textarea id=\"wpforms-218-field_3\" class=\"wpforms-field-small\" name=\"wpforms[fields][3]\" placeholder=\"message\" ><\/textarea><\/div><div id=\"wpforms-218-field_13-container\" class=\"wpforms-field wpforms-field-checkbox\" data-field-id=\"13\"><label class=\"wpforms-field-label wpforms-label-hide\">Privacy Policy <span class=\"wpforms-required-label\">*<\/span><\/label><ul id=\"wpforms-218-field_13\" class=\"wpforms-field-required\"><li class=\"choice-1 depth-1\"><input type=\"checkbox\" id=\"wpforms-218-field_13_1\" name=\"wpforms[fields][13][]\" value=\"I consent to the processing of my personal data for marketing and commercial purposes and I agree to the use of terminal equipment for direct marketing purposes.&lt;a href=&quot;https:\/\/www.mobilbox.pl\/polityka-prywatnosci\/&quot;&gt;See more&lt;\/a&gt;\" required ><label class=\"wpforms-field-label-inline\" for=\"wpforms-218-field_13_1\">I consent to the processing of my personal data for marketing and commercial purposes and I agree to the use of terminal equipment for direct marketing purposes.<a href=\"https:\/\/www.mobilbox.pl\/polityka-prywatnosci\/\">See more<\/a><\/label><\/li><\/ul><\/div><\/div><!-- .wpforms-field-container --><div class=\"wpforms-field wpforms-field-hp\"><label for=\"wpforms-218-field-hp\" class=\"wpforms-field-label\">Message<\/label><input type=\"text\" name=\"wpforms[hp]\" id=\"wpforms-218-field-hp\" class=\"wpforms-field-medium\"><\/div><div class=\"wpforms-submit-container\" ><input type=\"hidden\" name=\"wpforms[id]\" value=\"218\"><input type=\"hidden\" name=\"page_title\" value=\"\"><input type=\"hidden\" name=\"page_url\" value=\"https:\/\/mobilbox.pl\/en\/wp-json\/wp\/v2\/pages\/5852\"><input type=\"hidden\" name=\"url_referer\" value=\"\"><button type=\"submit\" name=\"wpforms[submit]\" id=\"wpforms-submit-218\" class=\"wpforms-submit\" data-alt-text=\"Sending\" data-submit-text=\"Send\" aria-live=\"assertive\" value=\"wpforms-submit\">Send<\/button><\/div><\/form><\/div>  <!-- .wpforms-container -->    <\/div>\n<\/div>\n<!-- \/module text -->        <\/div>\n                    <div  data-lazy=\"1\" class=\"module_column sub_column col4-1 tb_75fc40c last\">\n                            <\/div>\n                    <\/div>\n                <\/div>\n                        <\/div>\n        <\/div>\n            <\/div>\n<!--\/themify_builder_content--><\/div>\n<\/div>\n<!-- \/module template_part -->        <\/div>\n                        <\/div>\n        <\/div>\n        <\/div>\n<!--\/themify_builder_content-->","protected":false},"excerpt":{"rendered":"<p>Container Canteen \/ Employee Dining Area A container canteen or modular employee dining area, installed near a construction project or within an industrial site, often serves as the only place where workers can gather, take a break, or seek shelter in unfavorable weather conditions. This type of portable social space provides employees with a momentary [&hellip;]<\/p>\n","protected":false},"author":3,"featured_media":0,"parent":4263,"menu_order":0,"comment_status":"closed","ping_status":"closed","template":"","meta":{"footnotes":""},"class_list":["post-5852","page","type-page","status-publish","hentry","has-post-title","has-post-date","has-post-category","has-post-tag","has-post-comment","has-post-author",""],"builder_content":"<h1>EMPLOYEE DINING ROOM made of CONTAINERS<br\/>Container Canteen <\/h1>\n<h2>Container Canteen \/ Employee Dining Area<\/h2> <p><strong>A container canteen<\/strong> or <strong>modular employee dining area<\/strong>, installed near a construction project or within an industrial site, often serves as the only place where workers can gather, take a break, or seek shelter in unfavorable weather conditions. This type of <strong>portable social space<\/strong> provides employees with a momentary escape from their tasks, allowing them to discuss ongoing issues, responsibilities, or even repurpose the area as a <strong>conference room.<\/strong><\/p> <p>The <strong>canteen\u2019s interior furnishings,<\/strong> including<strong> tables, chairs,<\/strong> and other essential items, should be arranged to create a <strong>comfortable and functional dining environment.<\/strong> The setup must be adapted to accommodate the number of workers, ensuring <strong>employee satisfaction and productivity<\/strong>. A well-equipped <strong>worksite lunchroom<\/strong> improves workplace morale while offering a practical and flexible dining solution for teams on site.<\/p>\n<h2>Container dining room - employee dining room<\/h2>\n<img src=\"http:\/\/mobilbox.pl\/en\/wp-content\/uploads\/2025\/05\/Container-Cantee3.jpg\" width=\"1200\" height=\"675\" title=\"EMPLOYEE DINING ROOM\" alt=\"EMPLOYEE DINING ROOM\">\n<img src=\"http:\/\/mobilbox.pl\/en\/wp-content\/uploads\/2025\/05\/Container-Canteen-table-chair.jpg\" width=\"1200\" height=\"675\" title=\"EMPLOYEE DINING ROOM\" alt=\"EMPLOYEE DINING ROOM\">\n<h2>Container Canteen<\/h2> <ul> <li><strong>Furniture tailored to workforce size<\/strong><\/li> <li><strong>Space adapted to operational needs<\/strong><\/li> <li><strong>Employee canteen for sale or rental<\/strong><\/li> <li><strong>Comfortable social and break area<\/strong><\/li> <li><strong>Flexible adaptation for business use<\/strong><\/li> <\/ul>\n<h2>DINING ROOM FOR EMPLOYEES - REALIZATIONS<\/h2>\n[gallery ids=\"5867,5868,5869\"]\n<p>Looking for a modern and functional employee dining solution? We offer container canteens that provide comfortable and well-equipped spaces for meals and relaxation. You can purchase or rent them, tailoring the solution to your business needs.<\/p>\n<a href=\"tel:+48885451885\"> Ask about the employee dining room:<br> 885 451 885 <\/a>\n<h2>Modular Employee Dining Room<\/h2> <h3><strong>How to equip a staff dining room?<\/strong><\/h3> <p><strong>A social room such as a staff dining room should be<\/strong> prepared both in terms of size and equipment, adapted to the number of people. It may be necessary to take into account the area, for example, for a buffet or a water dispenser.<\/p> <p>The proposed furniture will serve employees well during breaks for daily meals as well as during meetings and conferences. There may be a situation in which it will be necessary to install a TV or multimedia projector, which will not be a major problem.<\/p> <h3>Example of equipment for the employee dining room<\/h3> <ul> <li>Large tables<\/li> <li>Chairs<\/li> <li>Coffee machine<\/li> <li>Water dispenser<\/li> <li>Multimedia screen<\/li> <li>TV set<\/li> <\/ul> <p>More in the<strong> furniture section<\/strong><\/p>","_links":{"self":[{"href":"https:\/\/mobilbox.pl\/en\/wp-json\/wp\/v2\/pages\/5852","targetHints":{"allow":["GET"]}}],"collection":[{"href":"https:\/\/mobilbox.pl\/en\/wp-json\/wp\/v2\/pages"}],"about":[{"href":"https:\/\/mobilbox.pl\/en\/wp-json\/wp\/v2\/types\/page"}],"author":[{"embeddable":true,"href":"https:\/\/mobilbox.pl\/en\/wp-json\/wp\/v2\/users\/3"}],"replies":[{"embeddable":true,"href":"https:\/\/mobilbox.pl\/en\/wp-json\/wp\/v2\/comments?post=5852"}],"version-history":[{"count":0,"href":"https:\/\/mobilbox.pl\/en\/wp-json\/wp\/v2\/pages\/5852\/revisions"}],"up":[{"embeddable":true,"href":"https:\/\/mobilbox.pl\/en\/wp-json\/wp\/v2\/pages\/4263"}],"wp:attachment":[{"href":"https:\/\/mobilbox.pl\/en\/wp-json\/wp\/v2\/media?parent=5852"}],"curies":[{"name":"wp","href":"https:\/\/api.w.org\/{rel}","templated":true}]}}